{"id":18,"date":"2021-09-19T13:20:55","date_gmt":"2021-09-19T13:20:55","guid":{"rendered":"https:\/\/remchelangson.com.vn\/?page_id=18"},"modified":"2021-09-19T13:20:55","modified_gmt":"2021-09-19T13:20:55","slug":"danh-muc-san-pham","status":"publish","type":"page","link":"https:\/\/remchelangson.com.vn\/?page_id=18","title":{"rendered":"DANH M\u1ee4C S\u1ea2N PH\u1ea8M"},"content":{"rendered":"","protected":false},"excerpt":{"rendered":"","protected":false},"author":1,"featured_media":0,"parent":0,"menu_order":0,"comment_status":"closed","ping_status":"closed","template":"","meta":{"spay_email":"","footnotes":""},"class_list":["post-18","page","type-page","status-publish","hentry"],"jetpack-related-posts":[{"id":196,"url":"https:\/\/remchelangson.com.vn\/?page_id=196","url_meta":{"origin":18,"position":0},"title":"CH\u00cdNH S\u00c1CH B\u00c1N H\u00c0NG","date":"28 Th\u00e1ng 10, 2021","format":false,"excerpt":"CH\u00cdNH S\u00c1CH V\u00c0 QUY \u0110\u1ecaNH Ch\u00ednh s\u00e1ch thanh to\u00e1n: C\u00f3 3 h\u00ecnh th\u1ee9c thanh to\u00e1n, kh\u00e1ch h\u00e0ng c\u00f3 th\u1ec3 l\u1ef1a ch\u1ecdn h\u00ecnh th\u1ee9c thu\u1eadn ti\u1ec7n v\u00e0 ph\u00f9 h\u1ee3p v\u1edbi m\u00ecnh nh\u1ea5t: C\u00e1ch 1:\u00a0Thanh to\u00e1n ti\u1ec1n m\u1eb7t tr\u1ef1c ti\u1ebfp \u0111\u1ecba ch\u1ec9 c\u1ee7a ch\u00fang t\u00f4i C\u00e1ch 2:\u00a0Thanh to\u00e1n khi nh\u1eadn h\u00e0ng (COD),\u2026","rel":"","context":"Similar post","img":{"alt_text":"","src":"https:\/\/i1.wp.com\/remchelangson.com.vn\/wp-content\/uploads\/2022\/10\/huong-dan-mua-hang.jpg?resize=350%2C200&ssl=1","width":350,"height":200},"classes":[]}],"_links":{"self":[{"href":"https:\/\/remchelangson.com.vn\/index.php?rest_route=\/wp\/v2\/pages\/18","targetHints":{"allow":["GET"]}}],"collection":[{"href":"https:\/\/remchelangson.com.vn\/index.php?rest_route=\/wp\/v2\/pages"}],"about":[{"href":"https:\/\/remchelangson.com.vn\/index.php?rest_route=\/wp\/v2\/types\/page"}],"author":[{"embeddable":true,"href":"https:\/\/remchelangson.com.vn\/index.php?rest_route=\/wp\/v2\/users\/1"}],"replies":[{"embeddable":true,"href":"https:\/\/remchelangson.com.vn\/index.php?rest_route=%2Fwp%2Fv2%2Fcomments&post=18"}],"version-history":[{"count":1,"href":"https:\/\/remchelangson.com.vn\/index.php?rest_route=\/wp\/v2\/pages\/18\/revisions"}],"predecessor-version":[{"id":20,"href":"https:\/\/remchelangson.com.vn\/index.php?rest_route=\/wp\/v2\/pages\/18\/revisions\/20"}],"wp:attachment":[{"href":"https:\/\/remchelangson.com.vn\/index.php?rest_route=%2Fwp%2Fv2%2Fmedia&parent=18"}],"curies":[{"name":"wp","href":"https:\/\/api.w.org\/{rel}","templated":true}]}}