{"id":5,"date":"2021-09-17T08:21:19","date_gmt":"2021-09-17T08:21:19","guid":{"rendered":"https:\/\/remchelangson.com.vn\/?page_id=5"},"modified":"2021-10-29T14:01:08","modified_gmt":"2021-10-29T14:01:08","slug":"gioi-thieu","status":"publish","type":"page","link":"https:\/\/remchelangson.com.vn\/?page_id=5","title":{"rendered":"Gi\u1edbi thi\u1ec7u"},"content":{"rendered":"\n<p class=\"has-vivid-cyan-blue-color has-text-color\" style=\"font-size:28px\"><strong>C\u00f4ng ty TNHH Tr\u01b0\u1eddng Th\u00e0nh 68 &#8211; \u0110\u01a1n v\u1ecb chuy\u00ean cung c\u1ea5p thi c\u00f4ng l\u1eafp \u0111\u1eb7t:<\/strong><\/p>\n\n\n\n<ul class=\"wp-block-list\"><li>Gi\u00e0n ph\u01a1i qu\u1ea7n \u00e1o th\u00f4ng minh<\/li><\/ul>\n\n\n\n<ul class=\"wp-block-list\"><li>L\u01b0\u1edbi an to\u00e0n ban c\u00f4ng, c\u1ea7u thang<\/li><\/ul>\n\n\n\n<ul class=\"wp-block-list\"><li>C\u1eeda l\u01b0\u1edbi ch\u1ed1ng mu\u1ed7i, c\u00f4n tr\u00f9ng<\/li><\/ul>\n\n\n\n<ul class=\"wp-block-list\"><li>B\u1ea1t che n\u1eafng m\u01b0a t\u1ef1 cu\u1ed1n, b\u1ea1t m\u00e1i hi\u00ean, m\u00e1i x\u1ebfp, b\u1ea1t quay tay<\/li><\/ul>\n\n\n\n<ul class=\"wp-block-list\"><li>M\u00e0nh r\u00e8m: R\u00e8m g\u1ed7, r\u00e8m c\u1ea7u v\u1ed3ng, r\u00e8m cu\u1ed1n v\u0103n ph\u00f2ng, r\u00e8m s\u00e1o nh\u00f4m&#8230;<\/li><\/ul>\n\n\n\n<ul class=\"wp-block-list\"><li>M\u00e0nh tre tr\u00fac<\/li><\/ul>\n\n\n\n<ul class=\"wp-block-list\"><li>\u00d4 d\u00f9 che n\u1eafng m\u01b0a l\u1ec7ch t\u00e2m<\/li><\/ul>\n\n\n\n<div class=\"wp-block-image\"><figure class=\"aligncenter size-full is-resized\"><img loading=\"lazy\" decoding=\"async\" src=\"https:\/\/i1.wp.com\/remchelangson.com.vn\/wp-content\/uploads\/2021\/10\/gian-phoi-thong-minh-tai-lang-son.jpg?resize=600%2C600&#038;ssl=1\" alt=\"\" class=\"wp-image-181\" width=\"600\" height=\"600\" title=\"\" srcset=\"https:\/\/i1.wp.com\/remchelangson.com.vn\/wp-content\/uploads\/2021\/10\/gian-phoi-thong-minh-tai-lang-son.jpg?w=600&amp;ssl=1 600w, https:\/\/i1.wp.com\/remchelangson.com.vn\/wp-content\/uploads\/2021\/10\/gian-phoi-thong-minh-tai-lang-son.jpg?resize=300%2C300&amp;ssl=1 300w, https:\/\/i1.wp.com\/remchelangson.com.vn\/wp-content\/uploads\/2021\/10\/gian-phoi-thong-minh-tai-lang-son.jpg?resize=150%2C150&amp;ssl=1 150w, https:\/\/i1.wp.com\/remchelangson.com.vn\/wp-content\/uploads\/2021\/10\/gian-phoi-thong-minh-tai-lang-son.jpg?resize=200%2C200&amp;ssl=1 200w, https:\/\/i1.wp.com\/remchelangson.com.vn\/wp-content\/uploads\/2021\/10\/gian-phoi-thong-minh-tai-lang-son.jpg?resize=100%2C100&amp;ssl=1 100w\" sizes=\"auto, (max-width: 600px) 100vw, 600px\" data-recalc-dims=\"1\" \/><figcaption>Gi\u00e0n ph\u01a1i qu\u1ea7n \u00e1o th\u00f4ng minh<\/figcaption><\/figure><\/div>\n\n\n\n<div class=\"wp-block-image\"><figure class=\"aligncenter size-full is-resized\"><img loading=\"lazy\" decoding=\"async\" src=\"https:\/\/i1.wp.com\/remchelangson.com.vn\/wp-content\/uploads\/2021\/10\/bat-mai-xep-bat-tu-cuon-dai-yen-ha-long.jpg?resize=590%2C442&#038;ssl=1\" alt=\"\" class=\"wp-image-204\" width=\"590\" height=\"442\" title=\"\" srcset=\"https:\/\/i1.wp.com\/remchelangson.com.vn\/wp-content\/uploads\/2021\/10\/bat-mai-xep-bat-tu-cuon-dai-yen-ha-long.jpg?w=960&amp;ssl=1 960w, https:\/\/i1.wp.com\/remchelangson.com.vn\/wp-content\/uploads\/2021\/10\/bat-mai-xep-bat-tu-cuon-dai-yen-ha-long.jpg?resize=300%2C225&amp;ssl=1 300w, https:\/\/i1.wp.com\/remchelangson.com.vn\/wp-content\/uploads\/2021\/10\/bat-mai-xep-bat-tu-cuon-dai-yen-ha-long.jpg?resize=768%2C576&amp;ssl=1 768w, https:\/\/i1.wp.com\/remchelangson.com.vn\/wp-content\/uploads\/2021\/10\/bat-mai-xep-bat-tu-cuon-dai-yen-ha-long.jpg?resize=200%2C150&amp;ssl=1 200w, https:\/\/i1.wp.com\/remchelangson.com.vn\/wp-content\/uploads\/2021\/10\/bat-mai-xep-bat-tu-cuon-dai-yen-ha-long.jpg?resize=600%2C450&amp;ssl=1 600w\" sizes=\"auto, (max-width: 590px) 100vw, 590px\" data-recalc-dims=\"1\" \/><figcaption>B\u1ea1t m\u00e1i x\u1ebfp &#8211; M\u00e1i v\u00f2m l\u01b0\u1ee3n s\u00f3ng<\/figcaption><\/figure><\/div>\n\n\n\n<div class=\"wp-block-image\"><figure class=\"aligncenter size-full\"><img loading=\"lazy\" decoding=\"async\" width=\"600\" height=\"600\" src=\"https:\/\/i1.wp.com\/remchelangson.com.vn\/wp-content\/uploads\/2021\/10\/don-vi-thi-cong-bat-che-nang-mua-tu-cuon-tai-thanh-pho-lang-son.jpg?resize=600%2C600&#038;ssl=1\" alt=\"\" class=\"wp-image-205\" title=\"\" srcset=\"https:\/\/i1.wp.com\/remchelangson.com.vn\/wp-content\/uploads\/2021\/10\/don-vi-thi-cong-bat-che-nang-mua-tu-cuon-tai-thanh-pho-lang-son.jpg?w=600&amp;ssl=1 600w, https:\/\/i1.wp.com\/remchelangson.com.vn\/wp-content\/uploads\/2021\/10\/don-vi-thi-cong-bat-che-nang-mua-tu-cuon-tai-thanh-pho-lang-son.jpg?resize=300%2C300&amp;ssl=1 300w, https:\/\/i1.wp.com\/remchelangson.com.vn\/wp-content\/uploads\/2021\/10\/don-vi-thi-cong-bat-che-nang-mua-tu-cuon-tai-thanh-pho-lang-son.jpg?resize=150%2C150&amp;ssl=1 150w, https:\/\/i1.wp.com\/remchelangson.com.vn\/wp-content\/uploads\/2021\/10\/don-vi-thi-cong-bat-che-nang-mua-tu-cuon-tai-thanh-pho-lang-son.jpg?resize=200%2C200&amp;ssl=1 200w, https:\/\/i1.wp.com\/remchelangson.com.vn\/wp-content\/uploads\/2021\/10\/don-vi-thi-cong-bat-che-nang-mua-tu-cuon-tai-thanh-pho-lang-son.jpg?resize=100%2C100&amp;ssl=1 100w\" sizes=\"auto, (max-width: 600px) 100vw, 600px\" data-recalc-dims=\"1\" \/><figcaption>B\u1ea1t che n\u1eafng m\u01b0a t\u1ef1 cu\u1ed1n<\/figcaption><\/figure><\/div>\n\n\n\n<div class=\"wp-block-image\"><figure class=\"aligncenter size-full\"><img loading=\"lazy\" decoding=\"async\" width=\"600\" height=\"600\" src=\"https:\/\/i2.wp.com\/remchelangson.com.vn\/wp-content\/uploads\/2021\/10\/rem-cau-vong-tai-lang-son.jpg?resize=600%2C600&#038;ssl=1\" alt=\"\" class=\"wp-image-206\" title=\"\" srcset=\"https:\/\/i2.wp.com\/remchelangson.com.vn\/wp-content\/uploads\/2021\/10\/rem-cau-vong-tai-lang-son.jpg?w=600&amp;ssl=1 600w, https:\/\/i2.wp.com\/remchelangson.com.vn\/wp-content\/uploads\/2021\/10\/rem-cau-vong-tai-lang-son.jpg?resize=300%2C300&amp;ssl=1 300w, https:\/\/i2.wp.com\/remchelangson.com.vn\/wp-content\/uploads\/2021\/10\/rem-cau-vong-tai-lang-son.jpg?resize=150%2C150&amp;ssl=1 150w, https:\/\/i2.wp.com\/remchelangson.com.vn\/wp-content\/uploads\/2021\/10\/rem-cau-vong-tai-lang-son.jpg?resize=200%2C200&amp;ssl=1 200w, https:\/\/i2.wp.com\/remchelangson.com.vn\/wp-content\/uploads\/2021\/10\/rem-cau-vong-tai-lang-son.jpg?resize=100%2C100&amp;ssl=1 100w\" sizes=\"auto, (max-width: 600px) 100vw, 600px\" data-recalc-dims=\"1\" \/><figcaption>R\u00e8m c\u1ea7u v\u1ed3ng<\/figcaption><\/figure><\/div>\n\n\n\n<div class=\"wp-block-image\"><figure class=\"aligncenter size-full is-resized\"><img loading=\"lazy\" decoding=\"async\" src=\"https:\/\/i2.wp.com\/remchelangson.com.vn\/wp-content\/uploads\/2021\/10\/rem-sao-go-phong-ngu.jpg?resize=607%2C423&#038;ssl=1\" alt=\"\" class=\"wp-image-207\" width=\"607\" height=\"423\" title=\"\" srcset=\"https:\/\/i2.wp.com\/remchelangson.com.vn\/wp-content\/uploads\/2021\/10\/rem-sao-go-phong-ngu.jpg?w=800&amp;ssl=1 800w, https:\/\/i2.wp.com\/remchelangson.com.vn\/wp-content\/uploads\/2021\/10\/rem-sao-go-phong-ngu.jpg?resize=300%2C209&amp;ssl=1 300w, https:\/\/i2.wp.com\/remchelangson.com.vn\/wp-content\/uploads\/2021\/10\/rem-sao-go-phong-ngu.jpg?resize=768%2C536&amp;ssl=1 768w, https:\/\/i2.wp.com\/remchelangson.com.vn\/wp-content\/uploads\/2021\/10\/rem-sao-go-phong-ngu.jpg?resize=220%2C154&amp;ssl=1 220w, https:\/\/i2.wp.com\/remchelangson.com.vn\/wp-content\/uploads\/2021\/10\/rem-sao-go-phong-ngu.jpg?resize=200%2C140&amp;ssl=1 200w, https:\/\/i2.wp.com\/remchelangson.com.vn\/wp-content\/uploads\/2021\/10\/rem-sao-go-phong-ngu.jpg?resize=600%2C419&amp;ssl=1 600w\" sizes=\"auto, (max-width: 607px) 100vw, 607px\" data-recalc-dims=\"1\" \/><figcaption>R\u00e8m g\u1ed7<\/figcaption><\/figure><\/div>\n\n\n\n<div class=\"wp-block-image\"><figure class=\"aligncenter size-full is-resized\"><img loading=\"lazy\" decoding=\"async\" src=\"https:\/\/i0.wp.com\/remchelangson.com.vn\/wp-content\/uploads\/2021\/10\/rem-la-doc-khi-dong-rem.jpg?resize=615%2C500&#038;ssl=1\" alt=\"\" class=\"wp-image-208\" width=\"615\" height=\"500\" title=\"\" srcset=\"https:\/\/i0.wp.com\/remchelangson.com.vn\/wp-content\/uploads\/2021\/10\/rem-la-doc-khi-dong-rem.jpg?w=800&amp;ssl=1 800w, https:\/\/i0.wp.com\/remchelangson.com.vn\/wp-content\/uploads\/2021\/10\/rem-la-doc-khi-dong-rem.jpg?resize=300%2C244&amp;ssl=1 300w, https:\/\/i0.wp.com\/remchelangson.com.vn\/wp-content\/uploads\/2021\/10\/rem-la-doc-khi-dong-rem.jpg?resize=768%2C624&amp;ssl=1 768w, https:\/\/i0.wp.com\/remchelangson.com.vn\/wp-content\/uploads\/2021\/10\/rem-la-doc-khi-dong-rem.jpg?resize=200%2C163&amp;ssl=1 200w, https:\/\/i0.wp.com\/remchelangson.com.vn\/wp-content\/uploads\/2021\/10\/rem-la-doc-khi-dong-rem.jpg?resize=600%2C488&amp;ssl=1 600w\" sizes=\"auto, (max-width: 615px) 100vw, 615px\" data-recalc-dims=\"1\" \/><figcaption>R\u00e8m l\u00e1 v\u0103n ph\u00f2ng<\/figcaption><\/figure><\/div>\n\n\n\n<p><\/p>\n","protected":false},"excerpt":{"rendered":"<p>C\u00f4ng ty TNHH Tr\u01b0\u1eddng Th\u00e0nh 68 &#8211; \u0110\u01a1n v\u1ecb chuy\u00ean cung c\u1ea5p thi c\u00f4ng l\u1eafp \u0111\u1eb7t: Gi\u00e0n ph\u01a1i qu\u1ea7n \u00e1o th\u00f4ng minh L\u01b0\u1edbi an to\u00e0n ban c\u00f4ng, c\u1ea7u thang C\u1eeda l\u01b0\u1edbi ch\u1ed1ng mu\u1ed7i, c\u00f4n tr\u00f9ng B\u1ea1t che n\u1eafng m\u01b0a t\u1ef1 cu\u1ed1n, b\u1ea1t m\u00e1i hi\u00ean, m\u00e1i x\u1ebfp, b\u1ea1t quay tay M\u00e0nh r\u00e8m: R\u00e8m g\u1ed7, r\u00e8m c\u1ea7u &hellip; <\/p>\n<p class=\"link-more\"><a href=\"https:\/\/remchelangson.com.vn\/?page_id=5\" class=\"more-link\">Continue reading<span class=\"screen-reader-text\"> &#8220;Gi\u1edbi thi\u1ec7u&#8221;<\/span><\/a><\/p>\n","protected":false},"author":1,"featured_media":0,"parent":0,"menu_order":0,"comment_status":"closed","ping_status":"closed","template":"","meta":{"spay_email":"","footnotes":""},"class_list":["post-5","page","type-page","status-publish","hentry"],"jetpack-related-posts":[{"id":196,"url":"https:\/\/remchelangson.com.vn\/?page_id=196","url_meta":{"origin":5,"position":0},"title":"CH\u00cdNH S\u00c1CH B\u00c1N H\u00c0NG","date":"28 Th\u00e1ng 10, 2021","format":false,"excerpt":"CH\u00cdNH S\u00c1CH V\u00c0 QUY \u0110\u1ecaNH Ch\u00ednh s\u00e1ch thanh to\u00e1n: C\u00f3 3 h\u00ecnh th\u1ee9c thanh to\u00e1n, kh\u00e1ch h\u00e0ng c\u00f3 th\u1ec3 l\u1ef1a ch\u1ecdn h\u00ecnh th\u1ee9c thu\u1eadn ti\u1ec7n v\u00e0 ph\u00f9 h\u1ee3p v\u1edbi m\u00ecnh nh\u1ea5t: C\u00e1ch 1:\u00a0Thanh to\u00e1n ti\u1ec1n m\u1eb7t tr\u1ef1c ti\u1ebfp \u0111\u1ecba ch\u1ec9 c\u1ee7a ch\u00fang t\u00f4i C\u00e1ch 2:\u00a0Thanh to\u00e1n khi nh\u1eadn h\u00e0ng (COD),\u2026","rel":"","context":"Similar post","img":{"alt_text":"","src":"https:\/\/i1.wp.com\/remchelangson.com.vn\/wp-content\/uploads\/2022\/10\/huong-dan-mua-hang.jpg?resize=350%2C200&ssl=1","width":350,"height":200},"classes":[]}],"_links":{"self":[{"href":"https:\/\/remchelangson.com.vn\/index.php?rest_route=\/wp\/v2\/pages\/5","targetHints":{"allow":["GET"]}}],"collection":[{"href":"https:\/\/remchelangson.com.vn\/index.php?rest_route=\/wp\/v2\/pages"}],"about":[{"href":"https:\/\/remchelangson.com.vn\/index.php?rest_route=\/wp\/v2\/types\/page"}],"author":[{"embeddable":true,"href":"https:\/\/remchelangson.com.vn\/index.php?rest_route=\/wp\/v2\/users\/1"}],"replies":[{"embeddable":true,"href":"https:\/\/remchelangson.com.vn\/index.php?rest_route=%2Fwp%2Fv2%2Fcomments&post=5"}],"version-history":[{"count":6,"href":"https:\/\/remchelangson.com.vn\/index.php?rest_route=\/wp\/v2\/pages\/5\/revisions"}],"predecessor-version":[{"id":245,"href":"https:\/\/remchelangson.com.vn\/index.php?rest_route=\/wp\/v2\/pages\/5\/revisions\/245"}],"wp:attachment":[{"href":"https:\/\/remchelangson.com.vn\/index.php?rest_route=%2Fwp%2Fv2%2Fmedia&parent=5"}],"curies":[{"name":"wp","href":"https:\/\/api.w.org\/{rel}","templated":true}]}}