{"id":1054,"date":"2023-11-22T07:56:48","date_gmt":"2023-11-22T07:56:48","guid":{"rendered":"https:\/\/remchelangson.com.vn\/?post_type=product&#038;p=1054"},"modified":"2026-04-27T03:45:50","modified_gmt":"2026-04-27T03:45:50","slug":"rem-to-ong-ngan-phong-ha-long","status":"publish","type":"product","link":"https:\/\/remchelangson.com.vn\/?product=rem-to-ong-ngan-phong-ha-long","title":{"rendered":"R\u00c8M T\u1ed4 ONG NG\u0102N PH\u00d2NG H\u1ea0 LONG QU\u1ea2NG NINH"},"content":{"rendered":"<div id=\"ez-toc-container\" class=\"ez-toc-v2_0_62 counter-hierarchy ez-toc-counter ez-toc-grey ez-toc-container-direction\">\n<div class=\"ez-toc-title-container\"><p class=\"ez-toc-title\">N\u1ed9i dung b&agrave;i vi\u1ebft<\/p>\n<\/div><nav><ul class='ez-toc-list ez-toc-list-level-1 ' ><li class='ez-toc-page-1 ez-toc-heading-level-1'><a class=\"ez-toc-link ez-toc-heading-1\" href=\"https:\/\/remchelangson.com.vn\/?product=rem-to-ong-ngan-phong-ha-long\/#REM_TO_ONG_NGAN_PHONG_HA_LONG_QUANG_NINH\" title=\"R\u00c8M T\u1ed4 ONG NG\u0102N PH\u00d2NG H\u1ea0 LONG QU\u1ea2NG NINH\">R\u00c8M T\u1ed4 ONG NG\u0102N PH\u00d2NG H\u1ea0 LONG QU\u1ea2NG NINH<\/a><ul class='ez-toc-list-level-2' ><li class='ez-toc-heading-level-2'><a class=\"ez-toc-link ez-toc-heading-2\" href=\"https:\/\/remchelangson.com.vn\/?product=rem-to-ong-ngan-phong-ha-long\/#1_DAC_DIEM_REM_TO_ONG_NGAN_PHONG_HA_LONG\" title=\"1. \u0110\u1eb6C \u0110I\u1ec2M R\u00c8M T\u1ed4 ONG NG\u0102N PH\u00d2NG H\u1ea0 LONG\">1. \u0110\u1eb6C \u0110I\u1ec2M R\u00c8M T\u1ed4 ONG NG\u0102N PH\u00d2NG H\u1ea0 LONG<\/a><\/li><li class='ez-toc-page-1 ez-toc-heading-level-2'><a class=\"ez-toc-link ez-toc-heading-3\" href=\"https:\/\/remchelangson.com.vn\/?product=rem-to-ong-ngan-phong-ha-long\/#2_CAU_TAO_REM_TO_ONG_NGAN_PHONG_HA_LONG\" title=\"2. C\u1ea4U T\u1ea0O R\u00c8M T\u1ed4 ONG NG\u0102N PH\u00d2NG H\u1ea0 LONG\">2. C\u1ea4U T\u1ea0O R\u00c8M T\u1ed4 ONG NG\u0102N PH\u00d2NG H\u1ea0 LONG<\/a><\/li><li class='ez-toc-page-1 ez-toc-heading-level-2'><a class=\"ez-toc-link ez-toc-heading-4\" href=\"https:\/\/remchelangson.com.vn\/?product=rem-to-ong-ngan-phong-ha-long\/#3_TAI_SAO_NEN_MUA_REM_TO_ONG_NGAN_PHONG_HA_LONG\" title=\"3. T\u1ea0I SAO N\u00caN MUA R\u00c8M T\u1ed4 ONG NG\u0102N PH\u00d2NG H\u1ea0 LONG\">3. T\u1ea0I SAO N\u00caN MUA R\u00c8M T\u1ed4 ONG NG\u0102N PH\u00d2NG H\u1ea0 LONG<\/a><\/li><li class='ez-toc-page-1 ez-toc-heading-level-2'><a class=\"ez-toc-link ez-toc-heading-5\" href=\"https:\/\/remchelangson.com.vn\/?product=rem-to-ong-ngan-phong-ha-long\/#4_TONG_KET\" title=\"4. T\u1ed4NG K\u1ebeT\u00a0\">4. T\u1ed4NG K\u1ebeT\u00a0<\/a><\/li><\/ul><\/li><\/ul><\/nav><\/div>\n<h1><span class=\"ez-toc-section\" id=\"REM_TO_ONG_NGAN_PHONG_HA_LONG_QUANG_NINH\"><\/span><span style=\"background-color: #ffffff;\"><strong>R\u00c8M T\u1ed4 ONG NG\u0102N PH\u00d2NG H\u1ea0 LONG QU\u1ea2NG NINH<\/strong><\/span><span class=\"ez-toc-section-end\"><\/span><\/h1>\n<p>Chuy\u00ean cung c\u1ea5p, thi c\u00f4ng r\u00e8m t\u1ed5 ong ng\u0103n ph\u00f2ng H\u1ea1 Long Qu\u1ea3ng Ninh. V\u00e0 c\u00e1c khu v\u1ef1c l\u00e2n c\u1eadn nh\u01b0 \u0110\u00f4ng Tri\u1ec1u,U\u00f4ng B\u00ed, Qu\u1ea3ng Y\u00ean, C\u1ea9m Ph\u1ea3, V\u00e2n \u0110\u1ed3n, Ba Ch\u1ebd, H\u00e0 C\u1ed1i, M\u00f3ng C\u00e1i&#8230;.<\/p>\n<p>R\u00e8m che Lang S\u01a1n: Chuy\u00ean r\u00e8m s\u00e1o nh\u00f4m R\u00e8m l\u00e1 nh\u00f4m.<\/p>\n<p>Ch\u00fang t\u00f4i c\u00f2n cung c\u1ea5p thi c\u00f4ng c\u00e1c h\u1ea1ng m\u1ee5c nh\u01b0 sau:<\/p>\n<ul>\n<li>Gi\u00e0n ph\u01a1i qu\u1ea7n \u00e1o th\u00f4ng minh<\/li>\n<\/ul>\n<ul>\n<li><a href=\"https:\/\/remchelangson.com.vn\/?product_cat=luoi-an-toan\">L\u01b0\u1edbi an to\u00e0n ban c\u00f4ng, c\u1ea7u thang<\/a><\/li>\n<\/ul>\n<ul>\n<li>C\u1eeda l\u01b0\u1edbi ch\u1ed1ng mu\u1ed7i, c\u00f4n tr\u00f9ng<\/li>\n<\/ul>\n<ul>\n<li>B\u1ea1t che n\u1eafng m\u01b0a t\u1ef1 cu\u1ed1n, b\u1ea1t m\u00e1i hi\u00ean, m\u00e1i x\u1ebfp, b\u1ea1t quay tay<\/li>\n<\/ul>\n<ul>\n<li>M\u00e0nh r\u00e8m: R\u00e8m g\u1ed7, r\u00e8m c\u1ea7u v\u1ed3ng, r\u00e8m cu\u1ed1n v\u0103n ph\u00f2ng, r\u00e8m t\u1ed5 ong r\u00e8m ng\u0103n ph\u00f2ng<\/li>\n<\/ul>\n<ul>\n<li>M\u00e0nh tre tr\u00fac<\/li>\n<\/ul>\n<ul>\n<li>\u00d4 d\u00f9 che n\u1eafng m\u01b0a l\u1ec7ch t\u00e2m<\/li>\n<\/ul>\n<h2><span class=\"ez-toc-section\" id=\"1_DAC_DIEM_REM_TO_ONG_NGAN_PHONG_HA_LONG\"><\/span><strong>1. <\/strong><strong>\u0110\u1eb6C \u0110I\u1ec2M R\u00c8M T\u1ed4 ONG NG\u0102N PH\u00d2NG H\u1ea0 LONG<\/strong><span class=\"ez-toc-section-end\"><\/span><\/h2>\n<p><span style=\"font-size: 14pt;\">R\u00e8m ng\u0103n x\u1ebfp t\u1ed5 ong hi\u1ec7n l\u00e0 d\u00f2ng s\u1ea3n ph\u1ea9m \u0111ang r\u1ea5t \u0111\u01b0\u1ee3c \u01b0a chu\u1ed9ng, s\u1ea3n ph\u1ea9m c\u00f3 nhi\u1ec1u \u01b0u \u0111i\u1ec3m n\u1ed5i tr\u1ed9i h\u01a1n c\u00e1c d\u00f2ng v\u00e1ch ng\u0103n kh\u00e1c nh\u01b0 sau:<\/span><\/p>\n<ul>\n<li><span style=\"font-size: 14pt;\">V\u00e1ch ng\u0103n di \u0111\u1ed9ng, linh ho\u1ea1t trong vi\u1ec7c s\u1eed d\u1ee5ng<\/span><\/li>\n<li><span style=\"font-size: 14pt;\">Thi\u1ebft k\u1ebf g\u1ecdn g\u00e0ng, thao t\u00e1c k\u00e9o x\u1ebfp \u0111\u01a1n gi\u1ea3n<\/span><\/li>\n<li><span style=\"font-size: 14pt;\">Thi\u1ebft k\u1ebf \u0111\u1eb9p m\u1eaft, sang tr\u1ecdng<\/span><\/li>\n<li><span style=\"font-size: 14pt;\">T\u00ednh n\u0103ng c\u1ea3n s\u00e1ng, ch\u1ed1ng n\u1eafng, c\u00e1ch nhi\u1ec7t t\u1ed1t<\/span><\/li>\n<li><span style=\"font-size: 14pt;\">T\u1ea1o kh\u00f4ng gian m\u1edf tho\u00e1ng \u0111\u00e3ng<\/span><\/li>\n<li><span style=\"font-size: 14pt;\">Ti\u1ebft ki\u1ec7m kh\u00f4ng gian hi\u1ec7u qu\u1ea3<\/span><\/li>\n<li><span style=\"font-size: 14pt;\">\u0110a d\u1ea1ng m\u00e0u s\u1eafc, m\u1eabu m\u00e3<\/span><\/li>\n<li><span style=\"font-size: 14pt;\">Ph\u00f9 h\u1ee3p v\u1edbi nhi\u1ec1u lo\u1ea1i khung c\u1eeda<\/span><\/li>\n<li><span style=\"font-size: 14pt;\">L\u1eafp \u0111\u1eb7t d\u1ec5 d\u00e0ng<\/span><\/li>\n<li><span style=\"font-size: 14pt;\">S\u1ea3n xu\u1ea5t theo ti\u00eau chu\u1ea9n, c\u00f4ng ngh\u1ec7\u00a0<a href=\"https:\/\/vi.wikipedia.org\/wiki\/H%C3%A0n_Qu%E1%BB%91c\" rel=\"noopener\"><strong>H\u00e0n Qu\u1ed1c<\/strong><\/a><\/span><\/li>\n<li><span style=\"font-size: 14pt;\">C\u00f3 \u0111\u1ed9 b\u1ec1n cao<\/span><\/li>\n<\/ul>\n<p><span style=\"font-size: 14pt;\">V\u00e1ch ng\u0103n t\u1ed5 ong l\u00e0 s\u1ef1 l\u1ef1a ch\u1ecdn ho\u00e0n h\u1ea3o d\u00e0nh cho kh\u00f4ng gian ng\u00f4i nh\u00e0 c\u1ee7a b\u1ea1n, b\u1edfi n\u00f3 c\u00f3 nhi\u1ec1u t\u00ednh n\u0103ng h\u1eefu \u00edch nh\u01b0 sau:<\/span><\/p>\n<ul>\n<li><span style=\"font-size: 14pt;\">V\u00e1ch ng\u0103n t\u1ed5 ong gi\u00fap ph\u00e2n chia ph\u00f2ng l\u1edbn th\u00e0nh c\u00e1c ph\u00f2ng nh\u1ecf. V\u00e1ch ng\u0103n gi\u00fap ti\u1ebft ki\u1ec7m kh\u00f4ng gian cho c\u0103n h\u1ed9, c\u0103n ph\u00f2ng c\u00f3 di\u1ec7n t\u00edch nh\u1ecf, n\u00f3 gi\u00fap ng\u0103n c\u00e1ch kh\u00f4ng gian khi c\u1ea7n ho\u1eb7c x\u1ebfp g\u1ecdn v\u00e1ch ng\u0103n l\u1ea1i \u0111\u1ec3 m\u1edf r\u1ed9ng kh\u00f4ng gian, r\u1ea5t linh ho\u1ea1t trong vi\u1ec7c s\u1eed d\u1ee5ng.<\/span><\/li>\n<li><span style=\"font-size: 14pt;\">C\u1ea5u t\u1ea1o m\u1eb7t c\u1eaft l\u1edbp v\u1ea3i c\u00f3 d\u1ea1ng h\u00ecnh\u00a0<a href=\"https:\/\/vi.wikipedia.org\/wiki\/T%E1%BB%95_ong\" rel=\"noopener\"><strong>t\u1ed5 ong<\/strong><\/a>\u00a0gi\u00fap h\u1ea1n ch\u1ebf t\u1ed1i \u0111a s\u1ef1 h\u1ea5p th\u1ee5 nhi\u1ec7t \u0111\u1ed9 t\u1eeb ngo\u00e0i v\u00e0o b\u00ean trong ng\u00f4i nh\u00e0 \u0111\u1ed3ng th\u1eddi gi\u00fap ng\u0103n vi\u1ec7c th\u1ea5t tho\u00e1t h\u01a1n l\u1ea1nh khi s\u1eed d\u1ee5ng \u0111i\u1ec1u h\u00f2a. Nh\u1edd \u0111\u00f3 c\u0103n ph\u00f2ng c\u1ee7a b\u1ea1n lu\u00f4n m\u00e1t m\u1ebb, d\u1ec5 ch\u1ecbu.<\/span><\/li>\n<li><span style=\"font-size: 14pt;\">V\u00e1ch ng\u0103n \u0111\u01b0\u1ee3c l\u00e0m t\u1eeb v\u1ea3i t\u1ed5 ong d\u1ec7t v\u00e0 \u00e9p t\u1eeb 100%\u00a0<a href=\"https:\/\/vi.wikipedia.org\/wiki\/Polyester\" rel=\"noopener\"><strong>polyester<\/strong><\/a>\u00a0cao c\u1ea5p. C\u00f3 t\u00ednh n\u0103ng ch\u1ed1ng t\u0129nh \u0111i\u1ec7n, ch\u1ed1ng b\u00e1m b\u1ee5i, c\u00f3 \u0111\u1ed9 b\u1ec1n cao.<\/span><\/li>\n<\/ul>\n<h2><span class=\"ez-toc-section\" id=\"2_CAU_TAO_REM_TO_ONG_NGAN_PHONG_HA_LONG\"><\/span><strong>2. C\u1ea4U T\u1ea0O R\u00c8M T\u1ed4 ONG NG\u0102N PH\u00d2NG H\u1ea0 LONG<\/strong><span class=\"ez-toc-section-end\"><\/span><\/h2>\n<p><span style=\"font-size: 14pt;\">R\u00e8m t\u1ed5 ong \u0111\u01b0\u1ee3c c\u1ea5u t\u1ea1o t\u1eeb c\u00e1c b\u1ed9 ph\u1eadn sau:<\/span><\/p>\n<ul>\n<li><span style=\"font-size: 14pt;\"><strong>Thanh nh\u00f4m:<\/strong>\u0111\u01b0\u1ee3c l\u00e0m t\u1eeb h\u1ee3p kim nh\u00f4m, c\u00f3 \u0111\u1ed9 b\u1ec1n cao v\u00e0 \u0111\u1ea3m b\u1ea3o \u0111\u1ed9 an to\u00e0n khi s\u1eed d\u1ee5ng.<\/span><\/li>\n<li><span style=\"font-size: 14pt;\"><strong>R\u00e8m t\u1ed5 ong:<\/strong>\u0111\u01b0\u1ee3c l\u00e0m t\u1eeb v\u1ea3i kh\u00f4ng d\u1ec7t ch\u1ed1ng n\u01b0\u1edbc, b\u00ean trong c\u00f3 2 l\u1edbp tr\u00e1ng b\u1ea1c gi\u00fap ch\u1ed1ng \u1ed3n.<\/span><\/li>\n<li><span style=\"font-size: 14pt;\"><strong>Ph\u1ee5 ki\u1ec7n:<\/strong>bao g\u1ed3m c\u00e1c chi ti\u1ebft nh\u01b0 m\u00f3c treo r\u00e8m, h\u1ed9p \u0111\u1ea7u cu\u1ed1i, tay k\u00e9o v\u00e0 d\u00e2y k\u00e9o.<\/span><\/li>\n<\/ul>\n<p><span style=\"font-size: 14pt;\">R\u00e8m t\u1ed5 ong hay c\u00f2n g\u1ecdi l\u00e0 m\u00e0nh t\u1ed5 ong, trong\u00a0ti\u1ebfng anh\u00a0g\u1ecdi l\u00e0 Honeycomb\u00a0Blinds. H\u1ec7 kh\u00f4ng d\u00e2y k\u00e9o\u00a0\u0111\u01b0\u1ee3c thi\u1ebft k\u1ebf\u00a0c\u00f3 thanh ray \u1edf\u00a0ph\u00eda tr\u00ean v\u00e0 ph\u00eda d\u01b0\u1edbi gi\u00fap cho ng\u01b0\u1eddi s\u1eed d\u1ee5ng d\u1ec5 d\u00e0ng\u00a0k\u00e9o l\u00ean\u00a0tr\u00ean ho\u1eb7c\u00a0xu\u1ed1ng \u0111\u1ec3 \u0111i\u1ec1u ch\u1ec9nh \u1ea3nh s\u00e1ng theo theo \u00fd mu\u1ed1n,\u00a0\u0111\u01b0\u1ee3c l\u00e0m\u00a0t\u1eeb s\u1ee3i Polyester, tr\u1ecdng l\u01b0\u1ee3ng nh\u1eb9, v\u1ec1\u00a0m\u1eb7t r\u00e8m v\u1ea3i \u0111\u01b0\u1ee3c k\u1ebft d\u00ednh v\u1edbi nhau, t\u1ea1o th\u00e0nh c\u00e1c \u00f4 l\u00f5i r\u00e8m\u00a0h\u00ecnh t\u1ed5 ong. Khi k\u00e9o \u1edf m\u1ee9c \u0111\u1ed9 v\u1eeba ph\u1ea3i s\u1ebd t\u1ea1o th\u00e0nh n\u1ebfp g\u1ea5p x\u1ebfp ly b\u1eaft m\u1eaft. Kh\u1ea3 n\u0103ng c\u1ea3n s\u00e1ng t\u1eeb 50-100% t\u00f9y lo\u1ea1i v\u00e0 nhu c\u1ea7u s\u1eed d\u1ee5ng\u00a0c\u1ee7a m\u1ed7i\u00a0ng\u01b0\u1eddi. B\u00ean c\u1ea1nh \u0111\u00f3,\u00a0c\u00f2n c\u00f3 m\u1ed9t s\u1ed1 m\u1eabu\u00a0thi\u1ebft k\u1ebf 2 l\u1edbp cho ban ng\u00e0y v\u00e0 ban \u0111\u00eam\u00a0(Day &amp; Night), l\u1edbp\u00a0voan s\u1eed d\u1ee5ng cho ban ng\u00e0y v\u00e0 m\u1ed9t l\u1edbp c\u1ea3n s\u00e1ng 100% cho ban \u0111\u00eam<\/span><\/p>\n<h4><span style=\"font-size: 14pt;\">V\u1ecb tr\u00ed l\u1eafp \u0111\u1eb7t ph\u00f9 h\u1ee3p<\/span><\/h4>\n<p><span style=\"font-size: 14pt;\">Ph\u00f9 h\u1ee3p cho phong c\u00e1ch hi\u1ec7n \u0111\u1ea1i sang tr\u1ecdng c\u00f3 thi\u1ebft k\u1ebf nh\u01b0 Villa, Resot, Nh\u00e0 h\u00e0ng, Kh\u00e1ch s\u1ea1n, C\u0103n h\u1ed9&#8230;V\u1ecb tr\u00ed hay \u0111\u01b0\u1ee3c\u00a0l\u1ef1a ch\u1ecdn l\u1eafp \u0111\u1eb7t l\u00e0 c\u1eeda s\u1ed5 ph\u00f2ng kh\u00e1ch, c\u1eeda s\u1ed5 th\u00f4ng t\u1ea7ng tr\u00ean cao, c\u1eeda s\u1ed5 ph\u00f2ng t\u1eafm, ph\u00f2ng b\u1ebfp, r\u00e8m tr\u1ea7n.<\/span><\/p>\n<h4><span style=\"font-size: 14pt;\">T\u00ednh an to\u00e0n\u00a0<\/span><\/h4>\n<p><span style=\"font-size: 14pt;\">R\u00e8m t\u1ed5 ong h\u1ec7 kh\u00f4ng d\u00e2y k\u00e9o \u0111\u01b0\u1ee3c \u0111\u00e1nh gi\u00e1 l\u00e0 an to\u00e0n tuy\u1ec7t \u0111\u1ed1i cho ng\u01b0\u1eddi s\u1ef1 d\u1ee5ng, \u0111\u1eb7c bi\u1ec7t \u0111\u1ed1i v\u1edbi nh\u1eefng gia \u0111\u00ecnh c\u00f3 tr\u1ebb nh\u1ecf, gi\u1ea3i ph\u00e1p n\u00e0y\u00a0 c\u00f3 th\u1ec3 tr\u00e1nh tr\u01b0\u1eddng h\u1ee3p ngo\u00e0i \u00fd mu\u1ed1n s\u1ea3y ra\u00a0nh\u01b0\u00a0tr\u1ebb nh\u1ecf v\u00f4 t\u00ecnh b\u1ecb d\u00e2y m\u1eafc v\u00e0o ng\u01b0\u1eddi. B\u00ean c\u1ea1ch \u0111\u00f3 ch\u1ea5t li\u1ec7u r\u00e8m \u0111\u01b0\u1ee3c s\u1ea3n xu\u1ea5t theo c\u00f4ng ngh\u1ec7 theo ti\u00eau\u00a0chu\u1ea9n Ch\u00e2u \u00c2u n\u00ean c\u0169ng r\u1ea5t\u00a0th\u00e2n thi\u1ec7n v\u1edbi m\u00f4i tr\u01b0\u1eddng v\u00e0 ng\u01b0\u1eddi s\u1eed d\u1ee5ng.\u00a0<\/span><\/p>\n<p><img loading=\"lazy\" decoding=\"async\" class=\"wp-image-1050 size-full aligncenter\" src=\"https:\/\/i1.wp.com\/remchelangson.com.vn\/wp-content\/uploads\/2023\/10\/thi-cong-rem-to-ong-tai-ha-long-quang-ninh.jpg?resize=700%2C681&#038;ssl=1\" alt=\"REM-TO-ONG-NGAN-PHONG-HA-LONG-QUANG-NINH\" width=\"700\" height=\"681\" title=\"\" srcset=\"https:\/\/i1.wp.com\/remchelangson.com.vn\/wp-content\/uploads\/2023\/10\/thi-cong-rem-to-ong-tai-ha-long-quang-ninh.jpg?w=700&amp;ssl=1 700w, https:\/\/i1.wp.com\/remchelangson.com.vn\/wp-content\/uploads\/2023\/10\/thi-cong-rem-to-ong-tai-ha-long-quang-ninh.jpg?resize=300%2C292&amp;ssl=1 300w, https:\/\/i1.wp.com\/remchelangson.com.vn\/wp-content\/uploads\/2023\/10\/thi-cong-rem-to-ong-tai-ha-long-quang-ninh.jpg?resize=200%2C195&amp;ssl=1 200w, https:\/\/i1.wp.com\/remchelangson.com.vn\/wp-content\/uploads\/2023\/10\/thi-cong-rem-to-ong-tai-ha-long-quang-ninh.jpg?resize=600%2C584&amp;ssl=1 600w\" sizes=\"auto, (max-width: 700px) 100vw, 700px\" data-recalc-dims=\"1\" \/><\/p>\n<p style=\"text-align: center;\">Cung c\u1ea5p, thi c\u00f4ng r\u00e8m t\u1ed5 ong ng\u0103n ph\u00f2ng H\u1ea1 Long Qu\u1ea3ng Ninh<\/p>\n<h2><span class=\"ez-toc-section\" id=\"3_TAI_SAO_NEN_MUA_REM_TO_ONG_NGAN_PHONG_HA_LONG\"><\/span><strong>3. T\u1ea0I SAO N\u00caN MUA R\u00c8M T\u1ed4 ONG NG\u0102N PH\u00d2NG H\u1ea0 LONG<\/strong><span class=\"ez-toc-section-end\"><\/span><\/h2>\n<ol>\n<li><span style=\"font-size: 14pt;\"><strong>\u0110a d\u1ea1ng m\u1eabu m\u00e3:<\/strong>\u00c1 Ch\u00e2u Door cung c\u1ea5p \u0111a d\u1ea1ng m\u1eabu m\u00e3 r\u00e8m c\u1eeda t\u1ed5 ong, ph\u00f9 h\u1ee3p v\u1edbi nhi\u1ec1u phong c\u00e1ch v\u00e0 kh\u00f4ng gian kh\u00e1c nhau. Kh\u00e1ch h\u00e0ng c\u00f3 th\u1ec3 d\u1ec5 d\u00e0ng t\u00ecm \u0111\u01b0\u1ee3c s\u1ea3n ph\u1ea9m ph\u00f9 h\u1ee3p v\u1edbi y\u00eau c\u1ea7u v\u00e0 s\u1edf th\u00edch c\u00e1 nh\u00e2n.<\/span><\/li>\n<li><span style=\"font-size: 14pt;\"><strong>Ch\u1ea5t l\u01b0\u1ee3ng s\u1ea3n ph\u1ea9m:<\/strong>\u00c1 Ch\u00e2u Door cam k\u1ebft cung c\u1ea5p c\u00e1c s\u1ea3n ph\u1ea9m r\u00e8m c\u1eeda t\u1ed5 ong c\u00f3 ch\u1ea5t l\u01b0\u1ee3ng t\u1ed1t, \u0111\u1ea3m b\u1ea3o s\u1eed d\u1ee5ng l\u00e2u d\u00e0i v\u00e0 b\u1ea3o\u00a0 h\u00e0nh ch\u00ednh h\u00e3ng.<\/span><\/li>\n<li><span style=\"font-size: 14pt;\"><strong>Gi\u00e1 c\u1ea3 h\u1ee3p l\u00fd:<\/strong>\u00c1 Ch\u00e2u Door cung c\u1ea5p gi\u00e1 c\u1ea3 h\u1ee3p l\u00fd cho c\u00e1c s\u1ea3n ph\u1ea9m r\u00e8m c\u1eeda t\u1ed5 ong, ph\u00f9 h\u1ee3p v\u1edbi nhu c\u1ea7u v\u00e0 t\u00fai ti\u1ec1n c\u1ee7a kh\u00e1ch h\u00e0ng.<\/span><\/li>\n<li><span style=\"font-size: 14pt;\"><strong>D\u1ecbch v\u1ee5 t\u01b0 v\u1ea5n chuy\u00ean nghi\u1ec7p:<\/strong>\u00c1 Ch\u00e2u Door c\u00f3 \u0111\u1ed9i ng\u0169 nh\u00e2n vi\u00ean t\u01b0 v\u1ea5n chuy\u00ean nghi\u1ec7p, s\u1eb5n s\u00e0ng h\u1ed7 tr\u1ee3 kh\u00e1ch h\u00e0ng t\u00ecm ki\u1ebfm s\u1ea3n ph\u1ea9m ph\u00f9 h\u1ee3p v\u00e0 \u0111\u01b0a ra c\u00e1c l\u1eddi khuy\u00ean h\u1eefu \u00edch.<\/span><\/li>\n<li><span style=\"font-size: 14pt;\"><strong>D\u1ecbch v\u1ee5 l\u1eafp \u0111\u1eb7t chuy\u00ean nghi\u1ec7p:<\/strong>\u00c1 Ch\u00e2u Door cung c\u1ea5p d\u1ecbch v\u1ee5 l\u1eafp \u0111\u1eb7t r\u00e8m c\u1eeda t\u1ed5 ong chuy\u00ean nghi\u1ec7p, gi\u00fap kh\u00e1ch h\u00e0ng ti\u1ebft ki\u1ec7m th\u1eddi gian v\u00e0 c\u00f4ng s\u1ee9c trong qu\u00e1 tr\u00ecnh s\u1eed d\u1ee5ng s\u1ea3n ph\u1ea9m.<\/span><\/li>\n<\/ol>\n<p><img loading=\"lazy\" decoding=\"async\" class=\"wp-image-1056 size-full aligncenter\" src=\"https:\/\/i2.wp.com\/remchelangson.com.vn\/wp-content\/uploads\/2023\/11\/thi-cong-rem-to-ong-luoi-chong-muoi-tai-quang-ninh.jpg?resize=700%2C700&#038;ssl=1\" alt=\"TH-CONG-LAP-REM-TO-ONG-NGAN-PHONG-HA-LONG\" width=\"700\" height=\"700\" title=\"\" srcset=\"https:\/\/i2.wp.com\/remchelangson.com.vn\/wp-content\/uploads\/2023\/11\/thi-cong-rem-to-ong-luoi-chong-muoi-tai-quang-ninh.jpg?w=700&amp;ssl=1 700w, https:\/\/i2.wp.com\/remchelangson.com.vn\/wp-content\/uploads\/2023\/11\/thi-cong-rem-to-ong-luoi-chong-muoi-tai-quang-ninh.jpg?resize=300%2C300&amp;ssl=1 300w, https:\/\/i2.wp.com\/remchelangson.com.vn\/wp-content\/uploads\/2023\/11\/thi-cong-rem-to-ong-luoi-chong-muoi-tai-quang-ninh.jpg?resize=150%2C150&amp;ssl=1 150w, https:\/\/i2.wp.com\/remchelangson.com.vn\/wp-content\/uploads\/2023\/11\/thi-cong-rem-to-ong-luoi-chong-muoi-tai-quang-ninh.jpg?resize=200%2C200&amp;ssl=1 200w, https:\/\/i2.wp.com\/remchelangson.com.vn\/wp-content\/uploads\/2023\/11\/thi-cong-rem-to-ong-luoi-chong-muoi-tai-quang-ninh.jpg?resize=600%2C600&amp;ssl=1 600w, https:\/\/i2.wp.com\/remchelangson.com.vn\/wp-content\/uploads\/2023\/11\/thi-cong-rem-to-ong-luoi-chong-muoi-tai-quang-ninh.jpg?resize=100%2C100&amp;ssl=1 100w\" sizes=\"auto, (max-width: 700px) 100vw, 700px\" data-recalc-dims=\"1\" \/><\/p>\n<p style=\"text-align: center;\">Cung c\u1ea5p, thi c\u00f4ng r\u00e8m t\u1ed5 ong ng\u0103n ph\u00f2ng H\u1ea1 Long Qu\u1ea3ng Ninh<\/p>\n<h2><span class=\"ez-toc-section\" id=\"4_TONG_KET\"><\/span><strong>4. T\u1ed4NG K\u1ebeT\u00a0<\/strong><span class=\"ez-toc-section-end\"><\/span><\/h2>\n<p><span style=\"font-size: 14pt;\">Tr\u00ean \u0111\u00e2y l\u00e0 t\u1ed5ng h\u1ee3p t\u1ea5t c\u1ea3 c\u00e1c th\u00f4ng tin v\u1ec1 t\u1ea5t c\u1ea3 c\u00e1c h\u1ec7 r\u00e8m t\u1ed5 ong ph\u1ed5 bi\u1ebfn hi\u1ec7n nay. Hi v\u1ecdng qua nh\u1eefng th\u00f4ng tin m\u00e0 ch\u00fang t\u00f4i cung c\u1ea5p tr\u00ean \u0111\u00e2y c\u00f3 th\u1ec3 gi\u00fap kh\u00e1ch h\u00e0ng hi\u1ec3u h\u01a1n v\u1ec1 s\u1ea3n ph\u1ea9m m\u1edbi n\u00e0y. T\u1eeb \u0111\u00f3, l\u1ef1a ch\u1ecdn \u0111\u01b0\u1ee3c cho m\u00ecnh s\u1ea3n ph\u1ea9m ph\u00f9 h\u1ee3p nh\u1ea5t. Ho\u1eb7c li\u00ean h\u1ec7 v\u1edbi nh\u00e2n vi\u00ean k\u1ef9 thu\u1eadt c\u1ee7a ch\u00fang t\u00f4i \u0111\u1ec3 nh\u1eadn t\u01b0 v\u1ea5n, h\u1ed7 tr\u1ee3 tr\u1ef1c ti\u1ebfp.<\/span><\/p>\n<p><span style=\"font-size: 14pt;\">Nh\u00e2n vi\u00ean k\u1ef9 thu\u1eadt kinh nghi\u1ec7m t\u01b0 v\u1ea5n gi\u1ea3i ph\u00e1p l\u1eafp \u0111\u1eb7t\u00a0Ph\u00f9 h\u1ee3p, Hi\u1ec7u qu\u1ea3 nh\u1ea5t.<\/span><\/p>\n<p><span style=\"font-size: 14pt;\">Mua h\u00e0ng t\u1ea1i x\u01b0\u1edfng v\u1edbi m\u1ee9c gi\u00e1 t\u1ed1t nh\u1ea5t th\u1ecb tr\u01b0\u1eddng.<\/span><\/p>\n<p><span style=\"font-size: 14pt;\">Kh\u1ea3o s\u00e1t, t\u01b0 v\u1ea5n, mang m\u1eabu t\u1eadn n\u01a1i ho\u00e0n to\u00e0n MI\u1ec4N PH\u00cd.<\/span><\/p>\n<p><span style=\"font-size: 14pt;\">M\u1ed7i h\u1ec7 r\u00e8m t\u1ed5 ong s\u1ebd ph\u00f9 h\u1ee3p cho nh\u1eefng khu v\u1ef1c l\u1eafp \u0111\u1eb7t kh\u00e1c nhau v\u00e0 \u0111\u00e1p \u1ee9ng nhu c\u1ea7u s\u1eed d\u1ee5ng kh\u00e1c nhau c\u1ee7a kh\u00e1ch h\u00e0ng. Li\u00ean h\u1ec7 ngay \u0111\u1ec3 nh\u1eadn <strong>B\u1ea3ng M\u1eabu R\u00e8m T\u1ed5 Ong Mi\u1ec5n Ph\u00ed v\u00e0 H\u1ed7 Tr\u1ee3 Tr\u1ef1c Ti\u1ebfp T\u1eeb Nh\u00e2n Vi\u00ean K\u1ef9 Thu\u1eadt: 0962.121.060<\/strong><\/span><\/p>\n","protected":false},"excerpt":{"rendered":"<p><span style=\"font-size: 14pt;\">R\u00e8m t\u1ed5 ong h\u1ec7 kh\u00f4ng d\u00e2y k\u00e9o \u0111\u01b0\u1ee3c \u0111\u00e1nh gi\u00e1 l\u00e0 an to\u00e0n tuy\u1ec7t \u0111\u1ed1i cho ng\u01b0\u1eddi s\u1ef1 d\u1ee5ng, \u0111\u1eb7c bi\u1ec7t \u0111\u1ed1i v\u1edbi nh\u1eefng gia \u0111\u00ecnh c\u00f3 tr\u1ebb nh\u1ecf, gi\u1ea3i ph\u00e1p n\u00e0y\u00a0 c\u00f3 th\u1ec3 tr\u00e1nh tr\u01b0\u1eddng h\u1ee3p ngo\u00e0i \u00fd mu\u1ed1n s\u1ea3y ra\u00a0nh\u01b0\u00a0tr\u1ebb nh\u1ecf v\u00f4 t\u00ecnh b\u1ecb d\u00e2y m\u1eafc v\u00e0o ng\u01b0\u1eddi.<\/span><\/p>\n","protected":false},"featured_media":1055,"comment_status":"open","ping_status":"closed","template":"","meta":{"spay_email":""},"product_cat":[17],"product_tag":[],"class_list":{"0":"post-1054","1":"product","2":"type-product","3":"status-publish","4":"has-post-thumbnail","6":"product_cat-chua-phan-loai","8":"first","9":"instock","10":"shipping-taxable","11":"product-type-simple"},"jetpack-related-posts":[{"id":1043,"url":"https:\/\/remchelangson.com.vn\/?product=7-rem-to-ong-rem-ngan-phong","url_meta":{"origin":1054,"position":0},"title":"7. R\u00c8M T\u1ed4 ONG R\u00c8M NG\u0102N PH\u00d2NG","date":"2 Th\u00e1ng 10, 2023","format":false,"excerpt":"7. R\u00c8M T\u1ed4 ONG - R\u00c8M NG\u0102N PH\u00d2NG R\u00e8m t\u1ed5 ong l\u00e0 m\u1ed9t lo\u1ea1i r\u00e8m ng\u0103n th\u00f4ng minh c\u00f3 s\u1ef1 linh ho\u1ea1t trong vi\u1ec7c s\u1eed d\u1ee5ng. S\u1ea3n ph\u1ea9m gi\u00fap ng\u0103n c\u00e1ch c\u00e1c kh\u00f4ng gian ph\u00f2ng hi\u1ec7u qu\u1ea3 \u0111\u1ed3ng th\u1eddi gi\u00fap t\u0103ng t\u00ednh th\u1ea9m m\u1ef9 cho ng\u00f4i nh\u00e0. B\u1ea1n c\u00f3 th\u1ec3\u2026","rel":"","context":"Similar post","img":{"alt_text":"","src":"https:\/\/i1.wp.com\/remchelangson.com.vn\/wp-content\/uploads\/2023\/10\/mau-rem-to-ong-cua-luoi-chong-muoi-tai-quang-ninh.jpg?fit=700%2C681&ssl=1&resize=350%2C200","width":350,"height":200},"classes":[]},{"id":652,"url":"https:\/\/remchelangson.com.vn\/?product=lap-rem-cau-vong-han-quoc-tai-ha-long","url_meta":{"origin":1054,"position":1},"title":"L\u1eaeP R\u00c8M C\u1ea6U V\u1ed2NG H\u00c0N QU\u1ed0C T\u1ea0I H\u1ea0 LONG","date":"19 Th\u00e1ng 2, 2022","format":false,"excerpt":"Chuy\u00ean thi c\u00f4ng cung c\u1ea5p l\u1eafp \u0111\u1eb7t: Gi\u00e0n ph\u01a1i qu\u1ea7n \u00e1o th\u00f4ng minh H\u00f2a Ph\u00e1t L\u01b0\u1edbi an to\u00e0n ban c\u00f4ng, c\u1ea7u thang B\u1ea1t che n\u1eafng m\u01b0a t\u1ef1 cu\u1ed1n, b\u1ea1t m\u00e1i hi\u00ean, b\u1ea1t x\u1ebfp\u2026. M\u00e0nh r\u00e8m: R\u00e8m c\u1ea7u v\u1ed3ng, r\u00e8m g\u1ed7, r\u00e8m cu\u1ed1n v\u0103n ph\u00f2ng, r\u00e8m s\u00e1o nh\u00f4m\u2026 C\u1eeda l\u01b0\u1edbi ch\u1ed1ng\u2026","rel":"","context":"Similar post","img":{"alt_text":"","src":"https:\/\/i1.wp.com\/remchelangson.com.vn\/wp-content\/uploads\/2022\/02\/cung-cap-thi-cong-rem-cau-vong-han-quoc-tai-ha-long-quang-ninh.jpg?fit=700%2C700&ssl=1&resize=350%2C200","width":350,"height":200},"classes":[]},{"id":460,"url":"https:\/\/remchelangson.com.vn\/?product=thi-cong-luoi-an-toan-tai-van-don-quang-ninh","url_meta":{"origin":1054,"position":2},"title":"THI C\u00d4NG L\u01af\u1edaI AN TO\u00c0N T\u1ea0I V\u00c2N \u0110\u1ed2N","date":"7 Th\u00e1ng m\u01b0\u1eddi m\u1ed9t, 2021","format":false,"excerpt":"R\u00c8M C\u1eecA LINH NG\u00c2N \u2013 \u0110\u01a1n v\u1ecb chuy\u00ean cung c\u1ea5p thi c\u00f4ng l\u01b0\u1edbi an to\u00e0n t\u1ea1i V\u00e2n \u0110\u1ed3n Qu\u1ea3ng Ninh. R\u00c8M C\u1eecA LINH NG\u00c2N CHUY\u00caN: Gi\u00e0n ph\u01a1i qu\u1ea7n \u00e1o th\u00f4ng minh L\u01b0\u1edbi an to\u00e0n ban c\u00f4ng, c\u1ea7u thang C\u1eeda l\u01b0\u1edbi ch\u1ed1ng mu\u1ed7i, c\u00f4n tr\u00f9ng B\u1ea1t che n\u1eafng m\u01b0a t\u1ef1 cu\u1ed1n,\u2026","rel":"","context":"Similar post","img":{"alt_text":"","src":"https:\/\/i2.wp.com\/remchelangson.com.vn\/wp-content\/uploads\/2021\/11\/lap-luoi-an-toan-ban-cong-cau-thang-tai-van-don-quang-ninh-1.jpg?fit=600%2C600&ssl=1&resize=350%2C200","width":350,"height":200},"classes":[]},{"id":554,"url":"https:\/\/remchelangson.com.vn\/?product=bat-che-nang-mua-tu-cuon-cam-pha","url_meta":{"origin":1054,"position":3},"title":"B\u1ea0T CHE N\u1eaeNG M\u01afA T\u1ef0 CU\u1ed0N C\u1ea8M PH\u1ea2","date":"21 Th\u00e1ng 12, 2021","format":false,"excerpt":"L\u1eaeP B\u1ea0T CHE N\u1eaeNG M\u01afA T\u1ef0 CU\u1ed0N C\u1ea8M PH\u1ea2 C\u00f4ng ty TNHH Tr\u01b0\u1eddng Th\u00e0nh 68 \u2013 Chuy\u00ean cung c\u1ea5p, thi c\u00f4ng: b\u1ea1t che n\u1eafng m\u01b0a t\u1ef1 cu\u1ed1n C\u1ea9m Ph\u1ea3 v\u00e0 c\u00e1c khu v\u1ef1c l\u00e2n c\u1eadn t\u1ea1i Qu\u1ea3ng Ninh nh\u01b0 H\u1ea1 Long, V\u00e2n \u0110\u1ed3n, Ti\u00ean Y\u00ean, Ba Ch\u1ebd, U\u00f4ng B\u00ed, Qu\u1ea3ng\u2026","rel":"","context":"Similar post","img":{"alt_text":"","src":"https:\/\/i2.wp.com\/remchelangson.com.vn\/wp-content\/uploads\/2021\/12\/bat-che-tu-cuon-cam-pha-quang-ninh.jpg?fit=600%2C600&ssl=1&resize=350%2C200","width":350,"height":200},"classes":[]},{"id":747,"url":"https:\/\/remchelangson.com.vn\/?product=6-dong-co-rem-cuon-mo-to-rem","url_meta":{"origin":1054,"position":4},"title":"6. \u0110\u1ed8NG C\u01a0 R\u00c8M CU\u1ed0N M\u00d4 T\u01a0 R\u00c8M","date":"1 Th\u00e1ng 4, 2022","format":false,"excerpt":"6. \u0110\u1ed8NG C\u01a0 R\u00c8M CU\u1ed0N M\u00d4 T\u01a0 R\u00c8M Chuy\u00ean cung c\u1ea5p, thi c\u00f4ng l\u1eafp r\u00e8m m\u00f4 t\u01a1, \u0111\u1ed9ng c\u01a1 r\u00e8m cu\u1ed1n - m\u00f4 t\u01a1 r\u00e8m t\u1ea1i Qu\u1ea3ng Ninh. \u0110\u1ea1i l\u00fd \u0111\u1ed9ng c\u01a1, m\u00f4 t\u01a1 r\u00e8m t\u1ea1i Qu\u1ea3ng Ninh L\u1ea1ng S\u01a1n.","rel":"","context":"Similar post","img":{"alt_text":"","src":"https:\/\/i0.wp.com\/remchelangson.com.vn\/wp-content\/uploads\/2022\/04\/rem-cuon-tu-dong-tai-lang-son-1.jpg?fit=700%2C700&ssl=1&resize=350%2C200","width":350,"height":200},"classes":[]},{"id":501,"url":"https:\/\/remchelangson.com.vn\/?product=rem-sao-nhom-rem-la-nhom","url_meta":{"origin":1054,"position":5},"title":"1 R\u00c8M S\u00c1O NH\u00d4M R\u00c8M L\u00c1 NH\u00d4M","date":"19 Th\u00e1ng m\u01b0\u1eddi m\u1ed9t, 2021","format":false,"excerpt":"R\u00c8M S\u00c1O NH\u00d4M R\u00c8M L\u00c1 NH\u00d4M R\u00e8m che Lang S\u01a1n: Chuy\u00ean r\u00e8m s\u00e1o nh\u00f4m - R\u00e8m l\u00e1 nh\u00f4m t\u1ea1i Qu\u1ea3ng Ninh, L\u1ea1ng S\u01a1n.","rel":"","context":"Similar post","img":{"alt_text":"rem-sao-nhom-rem-la-nhom-uy-tin-gia-re","src":"https:\/\/i1.wp.com\/remchelangson.com.vn\/wp-content\/uploads\/2021\/11\/cau-tao-rem-nhom-tai-quang-ninh-1.jpg?fit=600%2C600&ssl=1&resize=350%2C200","width":350,"height":200},"classes":[]}],"_links":{"self":[{"href":"https:\/\/remchelangson.com.vn\/index.php?rest_route=\/wp\/v2\/product\/1054","targetHints":{"allow":["GET"]}}],"collection":[{"href":"https:\/\/remchelangson.com.vn\/index.php?rest_route=\/wp\/v2\/product"}],"about":[{"href":"https:\/\/remchelangson.com.vn\/index.php?rest_route=\/wp\/v2\/types\/product"}],"replies":[{"embeddable":true,"href":"https:\/\/remchelangson.com.vn\/index.php?rest_route=%2Fwp%2Fv2%2Fcomments&post=1054"}],"version-history":[{"count":3,"href":"https:\/\/remchelangson.com.vn\/index.php?rest_route=\/wp\/v2\/product\/1054\/revisions"}],"predecessor-version":[{"id":1079,"href":"https:\/\/remchelangson.com.vn\/index.php?rest_route=\/wp\/v2\/product\/1054\/revisions\/1079"}],"wp:featuredmedia":[{"embeddable":true,"href":"https:\/\/remchelangson.com.vn\/index.php?rest_route=\/wp\/v2\/media\/1055"}],"wp:attachment":[{"href":"https:\/\/remchelangson.com.vn\/index.php?rest_route=%2Fwp%2Fv2%2Fmedia&parent=1054"}],"wp:term":[{"taxonomy":"product_cat","embeddable":true,"href":"https:\/\/remchelangson.com.vn\/index.php?rest_route=%2Fwp%2Fv2%2Fproduct_cat&post=1054"},{"taxonomy":"product_tag","embeddable":true,"href":"https:\/\/remchelangson.com.vn\/index.php?rest_route=%2Fwp%2Fv2%2Fproduct_tag&post=1054"}],"curies":[{"name":"wp","href":"https:\/\/api.w.org\/{rel}","templated":true}]}}