{"id":112,"date":"2021-10-11T08:09:58","date_gmt":"2021-10-11T08:09:58","guid":{"rendered":"https:\/\/remchelangson.com.vn\/?post_type=product&#038;p=112"},"modified":"2026-04-27T05:23:21","modified_gmt":"2026-04-27T05:23:21","slug":"gian-phoi-quan-ao-hoa-phat-ks950","status":"publish","type":"product","link":"https:\/\/remchelangson.com.vn\/?product=gian-phoi-quan-ao-hoa-phat-ks950","title":{"rendered":"3. GI\u00c0N PH\u01a0I QU\u1ea6N \u00c1O H\u00d2A PH\u00c1T KS950"},"content":{"rendered":"<div id=\"ez-toc-container\" class=\"ez-toc-v2_0_62 counter-hierarchy ez-toc-counter ez-toc-grey ez-toc-container-direction\">\n<div class=\"ez-toc-title-container\"><p class=\"ez-toc-title\">N\u1ed9i dung b&agrave;i vi\u1ebft<\/p>\n<\/div><nav><ul class='ez-toc-list ez-toc-list-level-1 ' ><li class='ez-toc-page-1 ez-toc-heading-level-1'><a class=\"ez-toc-link ez-toc-heading-1\" href=\"https:\/\/remchelangson.com.vn\/?product=gian-phoi-quan-ao-hoa-phat-ks950\/#3_GIAN_PHOI_THONG_MINH_HOA_PHAT_KS950\" title=\"3. GI\u00c0N PH\u01a0I TH\u00d4NG MINH H\u00d2A PH\u00c1T KS950\">3. GI\u00c0N PH\u01a0I TH\u00d4NG MINH H\u00d2A PH\u00c1T KS950<\/a><ul class='ez-toc-list-level-2' ><li class='ez-toc-heading-level-2'><a class=\"ez-toc-link ez-toc-heading-2\" href=\"https:\/\/remchelangson.com.vn\/?product=gian-phoi-quan-ao-hoa-phat-ks950\/#1_THONG_TIN_SAN_PHAM_GIAN_PHOI_QUAN_AO_HOA_PHAT_KS950\" title=\"1. TH\u00d4NG TIN S\u1ea2N PH\u1ea8M GI\u00c0N PH\u01a0I QU\u1ea6N \u00c1O H\u00d2A PH\u00c1T KS950\">1. TH\u00d4NG TIN S\u1ea2N PH\u1ea8M GI\u00c0N PH\u01a0I QU\u1ea6N \u00c1O H\u00d2A PH\u00c1T KS950<\/a><\/li><li class='ez-toc-page-1 ez-toc-heading-level-2'><a class=\"ez-toc-link ez-toc-heading-3\" href=\"https:\/\/remchelangson.com.vn\/?product=gian-phoi-quan-ao-hoa-phat-ks950\/#2_PHU_KIEN_DI_KEM_GIAN_PHOI_QUAN_AO_HOA_PHAT_KS950\" title=\"2. PH\u1ee4 KI\u1ec6N \u0110I K\u00c8M GI\u00c0N PH\u01a0I QU\u1ea6N \u00c1O H\u00d2A PH\u00c1T KS950\">2. PH\u1ee4 KI\u1ec6N \u0110I K\u00c8M GI\u00c0N PH\u01a0I QU\u1ea6N \u00c1O H\u00d2A PH\u00c1T KS950<\/a><\/li><li class='ez-toc-page-1 ez-toc-heading-level-2'><a class=\"ez-toc-link ez-toc-heading-4\" href=\"https:\/\/remchelangson.com.vn\/?product=gian-phoi-quan-ao-hoa-phat-ks950\/#3_CHINH_SACH_BAO_HANH_VA_GIA\" title=\"3. CH\u00cdNH S\u00c1CH B\u1ea2O H\u00c0NH V\u00c0 GI\u00c1\">3. CH\u00cdNH S\u00c1CH B\u1ea2O H\u00c0NH V\u00c0 GI\u00c1<\/a><\/li><\/ul><\/li><\/ul><\/nav><\/div>\n<h1><span class=\"ez-toc-section\" id=\"3_GIAN_PHOI_THONG_MINH_HOA_PHAT_KS950\"><\/span><span style=\"color: #333399; font-family: arial, helvetica, sans-serif;\">3. GI\u00c0N PH\u01a0I TH\u00d4NG MINH H\u00d2A PH\u00c1T KS950<\/span><span class=\"ez-toc-section-end\"><\/span><\/h1>\n<h2><span class=\"ez-toc-section\" id=\"1_THONG_TIN_SAN_PHAM_GIAN_PHOI_QUAN_AO_HOA_PHAT_KS950\"><\/span><span style=\"color: #0000ff; font-family: arial, helvetica, sans-serif;\"><strong>1. TH\u00d4NG TIN S\u1ea2N PH\u1ea8M GI\u00c0N PH\u01a0I QU\u1ea6N \u00c1O H\u00d2A PH\u00c1T KS950<\/strong><\/span><span class=\"ez-toc-section-end\"><\/span><\/h2>\n<ul>\n<li><span style=\"font-family: arial, helvetica, sans-serif;\">Xu\u1ea5t x\u1ee9 : <a href=\"http:\/\/Https:www.tienichthongminh.com.vn\">H\u00f2a Ph\u00e1t <\/a><\/span><\/li>\n<li><span style=\"font-family: arial, helvetica, sans-serif;\">T\u1ea3i tr\u1ecdng : 50kg<\/span><\/li>\n<li><span style=\"font-family: arial, helvetica, sans-serif;\">B\u1ed9 t\u1eddi : H\u1ee3p kim nh\u00f4m (Tay quay \u0111\u00fac li\u1ec1n)<\/span><\/li>\n<li><span style=\"font-family: arial, helvetica, sans-serif;\">Thanh ph\u01a1i : 2 thanh ph\u01a1i h\u1ee3p kim nh\u00f4m d\u00e0i 2.4m<\/span><br \/>\n<span style=\"font-family: arial, helvetica, sans-serif;\">S\u1ed1 l\u1ed7 ph\u01a1i : 80 l\u1ed7 ph\u01a1i qu\u1ea7n \u00e1o<\/span><\/li>\n<li><span style=\"font-family: arial, helvetica, sans-serif;\">D\u00e2y c\u00e1p : L\u1ee5a inox<\/span><\/li>\n<li><span style=\"font-family: arial, helvetica, sans-serif;\">L\u1eaft \u0111\u1eb7t : L\u1eafp \u0111\u1eb7t tr\u1ea7n b\u00ea t\u00f4ng (tr\u1ea7n kh\u00e1c kh\u1ea3o s\u00e1t th\u1ef1c t\u1ebf)<\/span><\/li>\n<li><span style=\"font-family: arial, helvetica, sans-serif;\">T\u00ednh n\u0103ng: Ti\u1ec7n cho c\u1ea3 ng\u01b0\u1eddi gi\u00e0 v\u00e0 tr\u1ebb em, ph\u01a1i \u0111\u01b0\u1ee3c ch\u0103n ga g\u1ed1i \u0111\u1ec7m, c\u00f3 th\u1ec3 thi\u1ebft k\u1ebf treo hoa, treo l\u1ed3ng chim, treo bi\u1ec3n qu\u1ea3ng c\u00e1o, n\u00e2ng l\u00ean h\u1ea1 xu\u1ed1ng r\u1ec5 d\u00e0ng, ti\u1ebft ki\u1ec7m kh\u00f4ng gian.<\/span><br \/>\n<span style=\"font-family: arial, helvetica, sans-serif;\">B\u1ea3o h\u00e0nh : 02 n\u0103m,t\u01b0 v\u1ea5n l\u1eafp \u0111\u1eb7t mi\u1ec5n ph\u00ed t\u1ea1i nh\u00e0.<\/span><\/li>\n<\/ul>\n<p><span style=\"font-family: arial, helvetica, sans-serif;\"><img loading=\"lazy\" decoding=\"async\" class=\"wp-image-223 size-full aligncenter\" src=\"https:\/\/i0.wp.com\/remchelangson.com.vn\/wp-content\/uploads\/2021\/10\/gian-phoi-quan-ao-thong-minh-tai-lang-son-1.jpg?resize=600%2C600&#038;ssl=1\" alt=\"\" width=\"600\" height=\"600\" title=\"\" srcset=\"https:\/\/i0.wp.com\/remchelangson.com.vn\/wp-content\/uploads\/2021\/10\/gian-phoi-quan-ao-thong-minh-tai-lang-son-1.jpg?w=600&amp;ssl=1 600w, https:\/\/i0.wp.com\/remchelangson.com.vn\/wp-content\/uploads\/2021\/10\/gian-phoi-quan-ao-thong-minh-tai-lang-son-1.jpg?resize=300%2C300&amp;ssl=1 300w, https:\/\/i0.wp.com\/remchelangson.com.vn\/wp-content\/uploads\/2021\/10\/gian-phoi-quan-ao-thong-minh-tai-lang-son-1.jpg?resize=150%2C150&amp;ssl=1 150w, https:\/\/i0.wp.com\/remchelangson.com.vn\/wp-content\/uploads\/2021\/10\/gian-phoi-quan-ao-thong-minh-tai-lang-son-1.jpg?resize=200%2C200&amp;ssl=1 200w, https:\/\/i0.wp.com\/remchelangson.com.vn\/wp-content\/uploads\/2021\/10\/gian-phoi-quan-ao-thong-minh-tai-lang-son-1.jpg?resize=100%2C100&amp;ssl=1 100w\" sizes=\"auto, (max-width: 600px) 100vw, 600px\" data-recalc-dims=\"1\" \/><\/span><\/p>\n<p style=\"text-align: center;\"><span style=\"font-family: arial, helvetica, sans-serif;\"><em>Gi\u00e0n ph\u01a1i qu\u1ea7n \u00e1o th\u00f4ng minh KS950<\/em><\/span><\/p>\n<h2><span class=\"ez-toc-section\" id=\"2_PHU_KIEN_DI_KEM_GIAN_PHOI_QUAN_AO_HOA_PHAT_KS950\"><\/span><span style=\"color: #0000ff; font-size: 18pt; font-family: arial, helvetica, sans-serif;\">2. <b>PH\u1ee4 KI\u1ec6N \u0110I K\u00c8M GI\u00c0N PH\u01a0I QU\u1ea6N \u00c1O H\u00d2A PH\u00c1T KS950<\/b><\/span><span class=\"ez-toc-section-end\"><\/span><\/h2>\n<ul>\n<li><span style=\"font-family: arial, helvetica, sans-serif;\">B\u00e1t h\u00ecnh tr\u1ee5 ch\u1ea5t li\u1ec7u h\u1ee3p kim nh\u00f4m m\u00e0u tr\u1eafng b\u1ea1c.<\/span><\/li>\n<li><span style=\"font-family: arial, helvetica, sans-serif;\">Buli h\u00ecnh tr\u1ee5 ch\u1ea5t li\u1ec7u h\u1ee3p kim nh\u00f4m<\/span><\/li>\n<li><span style=\"font-family: arial, helvetica, sans-serif;\">C\u00e1p trong v\u00e0 ngo\u00e0i \u0111\u01b0\u1ee3c s\u1eed d\u1ee5ng: C\u00e1p l\u1ee5a inox304 kh\u00f4ng r\u1ec9, kh\u00f4ng b\u00e0o m\u00f2n<\/span><\/li>\n<li><span style=\"font-family: arial, helvetica, sans-serif;\">Thanh ph\u01a1i: Ch\u1ea5t li\u1ec7u h\u1ee3p kim nh\u00f4m phun s\u01a1n t\u0129nh \u0111i\u1ec7n.<\/span><\/li>\n<\/ul>\n<p style=\"text-align: center;\"><span style=\"font-family: arial, helvetica, sans-serif;\"><img loading=\"lazy\" decoding=\"async\" class=\"alignnone wp-image-225 size-full\" src=\"https:\/\/i0.wp.com\/remchelangson.com.vn\/wp-content\/uploads\/2021\/10\/don-vi-lap-gian-phoi-quan-ao-thong-minh-tai-thanh-pho-lang-son.jpg?resize=600%2C700&#038;ssl=1\" alt=\"\" width=\"600\" height=\"700\" title=\"\" srcset=\"https:\/\/i0.wp.com\/remchelangson.com.vn\/wp-content\/uploads\/2021\/10\/don-vi-lap-gian-phoi-quan-ao-thong-minh-tai-thanh-pho-lang-son.jpg?w=600&amp;ssl=1 600w, https:\/\/i0.wp.com\/remchelangson.com.vn\/wp-content\/uploads\/2021\/10\/don-vi-lap-gian-phoi-quan-ao-thong-minh-tai-thanh-pho-lang-son.jpg?resize=257%2C300&amp;ssl=1 257w, https:\/\/i0.wp.com\/remchelangson.com.vn\/wp-content\/uploads\/2021\/10\/don-vi-lap-gian-phoi-quan-ao-thong-minh-tai-thanh-pho-lang-son.jpg?resize=171%2C200&amp;ssl=1 171w\" sizes=\"auto, (max-width: 600px) 100vw, 600px\" data-recalc-dims=\"1\" \/><\/span><\/p>\n<p style=\"text-align: center;\"><span style=\"font-family: arial, helvetica, sans-serif;\"><em>\u0110\u01a1n v\u1ecb l\u1eafp gi\u00e0n ph\u01a1i qu\u1ea7n \u00e1o th\u00f4ng minh KS950<\/em><\/span><\/p>\n<h2><span class=\"ez-toc-section\" id=\"3_CHINH_SACH_BAO_HANH_VA_GIA\"><\/span><span style=\"color: #0000ff; font-family: arial, helvetica, sans-serif;\"><strong>3. CH\u00cdNH S\u00c1CH B\u1ea2O H\u00c0NH V\u00c0 GI\u00c1<\/strong><\/span><span class=\"ez-toc-section-end\"><\/span><\/h2>\n<ul>\n<li><span style=\"font-family: arial, helvetica, sans-serif;\">B\u1ea3o h\u00e0nh 24 th\u00e1ng (\u0110\u1ed5i m\u1edbi trong v\u00f2ng 30 ng\u00e0y)<\/span><\/li>\n<li><span style=\"font-family: arial, helvetica, sans-serif;\">Gi\u00e1 l\u1eafp \u0111\u1eb7t 1.600.000VN\u0110<\/span><\/li>\n<li><span style=\"font-family: arial, helvetica, sans-serif;\">Gi\u1ea3m th\u00eam 10% khi l\u1eafp 2 b\u1ed9 gi\u00e0n ph\u01a1i<\/span><\/li>\n<\/ul>\n<p><span style=\"font-family: arial, helvetica, sans-serif;\"><img loading=\"lazy\" decoding=\"async\" class=\"wp-image-224 size-full aligncenter\" src=\"https:\/\/i2.wp.com\/remchelangson.com.vn\/wp-content\/uploads\/2021\/10\/chuyen-thi-cong-lap-gian-phoi-quan-ao-thong-minh-tai-lang-son.jpg?resize=600%2C600&#038;ssl=1\" alt=\"\" width=\"600\" height=\"600\" title=\"\" srcset=\"https:\/\/i2.wp.com\/remchelangson.com.vn\/wp-content\/uploads\/2021\/10\/chuyen-thi-cong-lap-gian-phoi-quan-ao-thong-minh-tai-lang-son.jpg?w=600&amp;ssl=1 600w, https:\/\/i2.wp.com\/remchelangson.com.vn\/wp-content\/uploads\/2021\/10\/chuyen-thi-cong-lap-gian-phoi-quan-ao-thong-minh-tai-lang-son.jpg?resize=300%2C300&amp;ssl=1 300w, https:\/\/i2.wp.com\/remchelangson.com.vn\/wp-content\/uploads\/2021\/10\/chuyen-thi-cong-lap-gian-phoi-quan-ao-thong-minh-tai-lang-son.jpg?resize=150%2C150&amp;ssl=1 150w, https:\/\/i2.wp.com\/remchelangson.com.vn\/wp-content\/uploads\/2021\/10\/chuyen-thi-cong-lap-gian-phoi-quan-ao-thong-minh-tai-lang-son.jpg?resize=200%2C200&amp;ssl=1 200w, https:\/\/i2.wp.com\/remchelangson.com.vn\/wp-content\/uploads\/2021\/10\/chuyen-thi-cong-lap-gian-phoi-quan-ao-thong-minh-tai-lang-son.jpg?resize=100%2C100&amp;ssl=1 100w\" sizes=\"auto, (max-width: 600px) 100vw, 600px\" data-recalc-dims=\"1\" \/><\/span><\/p>\n<p>&nbsp;<\/p>\n<div><span style=\"color: #ff0000; font-size: 14pt; font-family: arial, helvetica, sans-serif;\"><strong>C\u1ea3m \u01a1n Qu\u00fd kh\u00e1ch \u0111\u00e3 tham kh\u1ea3o s\u1ea3n ph\u1ea9m c\u1ee7a R\u00e8m che L\u1ea1ng S\u01a1n<\/strong><\/span><\/div>\n<div><span style=\"color: #ff0000; font-size: 14pt; font-family: arial, helvetica, sans-serif;\"><strong>M\u1ecdi chi ti\u1ebft xin vui l\u00f2ng li\u00ean h\u1ec7: 0962.212.060<\/strong><\/span><\/div>\n<div><\/div>\n<div><span style=\"font-family: arial, helvetica, sans-serif;\">Tham kh\u1ea3o s\u1ea3n ph\u1ea9m li\u00ean quan: <a href=\"https:\/\/remchelangson.com.vn\/?product=rem-la-doc\">R\u00e8m l\u00e1 d\u1ecdc\u00a0<\/a><\/span><\/div>\n<div><span style=\"font-family: arial, helvetica, sans-serif;\">\u0110\u01a1n v\u1ecb thi c\u00f4ng gi\u00e0n ph\u01a1i qu\u1ea7n \u00e1o t\u1ea1i L\u1ea1ng S\u01a1n<\/span><\/div>\n<div><span style=\"font-family: arial, helvetica, sans-serif;\">Gi\u00e0n ph\u01a1i th\u00f4ng minh l\u1ea1ng s\u01a1n<\/span><\/div>\n","protected":false},"excerpt":{"rendered":"<h1><span style=\"color: #333399;\">GI\u00c0N PH\u01a0I TH\u00d4NG MINH H\u00d2A PH\u00c1T KS950<\/span><\/h1>\n<p>\u0110\u01a1n v\u1ecb chuy\u00ean thi c\u00f4ng, l\u1eafp gi\u00e0n ph\u01a1i qu\u1ea7n \u00e1o th\u00f4ng minh uy t\u00edn, ch\u1ea5t l\u01b0\u1ee3ng t\u1ea1i L\u1ea1ng S\u01a1n, Qu\u1ea3ng Ninh.<\/p>\n","protected":false},"featured_media":223,"comment_status":"open","ping_status":"closed","template":"","meta":{"spay_email":""},"product_cat":[29],"product_tag":[],"class_list":{"0":"post-112","1":"product","2":"type-product","3":"status-publish","4":"has-post-thumbnail","6":"product_cat-gian-phoi-thong-minh","8":"first","9":"instock","10":"sale","11":"shipping-taxable","12":"purchasable","13":"product-type-simple"},"jetpack-related-posts":[{"id":117,"url":"https:\/\/remchelangson.com.vn\/?product=gian-phoi-quan-ao-hoa-phat-h005","url_meta":{"origin":112,"position":0},"title":"6. GI\u00c0N PH\u01a0I QU\u1ea6N \u00c1O H\u00d2A PH\u00c1T H005","date":"11 Th\u00e1ng 10, 2021","format":false,"excerpt":"GI\u00c0N PH\u01a0I H\u00d2A PH\u00c1T H005 Chuy\u00ean cung c\u1ea5p thi c\u00f4ng gi\u00e0n ph\u01a1i qu\u1ea7n \u00e1o th\u00f4ng minh uy t\u00edn, gi\u00e1 r\u1ebb t\u1ea1i Th\u00e0nh ph\u1ed1 L\u1ea1ng S\u01a1n v\u00e0 c\u00e1c khu v\u1ef1c l\u00e2n c\u1eadn nh\u01b0 Chi L\u0103ng, \u0110\u00ecnh L\u1eadp, B\u1eb1ng M\u1ea1c, B\u1eafc S\u01a1n, B\u00ecnh Gia, Cao L\u1ed9c, \u0110i\u1ec1m He, L\u1ed9c B\u00ecnh, \u00d4n Ch\u00e2u,\u2026","rel":"","context":"Similar post","img":{"alt_text":"","src":"https:\/\/i2.wp.com\/remchelangson.com.vn\/wp-content\/uploads\/2021\/10\/gian-phoi-thong-minh-hoa-phat-h005.jpg?fit=600%2C599&ssl=1&resize=350%2C200","width":350,"height":200},"classes":[]},{"id":145,"url":"https:\/\/remchelangson.com.vn\/?product=gian-phoi-quan-ao-thong-minh-s03","url_meta":{"origin":112,"position":1},"title":"4. GI\u00c0N PH\u01a0I QU\u1ea6N \u00c1O TH\u00d4NG MINH S03","date":"12 Th\u00e1ng 10, 2021","format":false,"excerpt":"GI\u00c0N PH\u01a0I QU\u1ea6N \u00c1O TH\u00d4NG MINH S03 + T\u00ean c\u1ee7a s\u1ea3n ph\u1ea9m: Gi\u00e0n ph\u01a1i th\u00f4ng minh H\u00f2a Ph\u00e1t S03 + M\u00e3 s\u1ea3n ph\u1ea9m: S03 - KS980 + T\u1ea3i tr\u1ecdng: 70kg + V\u1ec1 ch\u1ee7ng lo\u1ea1i: Gi\u00e0n ph\u01a1i tay quay li\u00ean t\u1ee5c","rel":"","context":"Similar post","img":{"alt_text":"","src":"https:\/\/i0.wp.com\/remchelangson.com.vn\/wp-content\/uploads\/2021\/10\/mau-gian-phoi-quan-ao-S03-tai-chi-lang-lang-son.jpg?fit=600%2C600&ssl=1&resize=350%2C200","width":350,"height":200},"classes":[]},{"id":157,"url":"https:\/\/remchelangson.com.vn\/?product=dai-ly-gian-phoi-tai-lang-son","url_meta":{"origin":112,"position":2},"title":"1 \u0110\u1ea0I L\u00dd GI\u00c0N PH\u01a0I T\u1ea0I L\u1ea0NG S\u01a0N","date":"14 Th\u00e1ng 10, 2021","format":false,"excerpt":"\u0110\u1ea0I L\u00dd GI\u00c0N PH\u01a0I TH\u00d4NG MINH T\u1ea0I L\u1ea0NG S\u01a0N \u0110\u01a1n v\u1ecb chuy\u00ean thi c\u00f4ng, cung c\u1ea5p gi\u00e0n ph\u01a1i qu\u1ea7n \u00e1o th\u00f4ng minh uy t\u00edn, b\u1ec1n r\u1ebb t\u1ea1i L\u1ea1ng S\u01a1n. Nh\u01b0 th\u00e0nh ph\u1ed1 L\u1ea1ng S\u01a1n, \u0110\u00ecnh L\u1eadp, \u00a0B\u1eb1ng M\u1ea1c, B\u1eafc S\u01a1n, B\u00ecnh Gia, Cao L\u1ed9c, \u0110i\u1ec1m He, L\u1ed9c B\u00ecnh, \u00d4n Ch\u00e2u,\u2026","rel":"","context":"Similar post","img":{"alt_text":"","src":"https:\/\/i0.wp.com\/remchelangson.com.vn\/wp-content\/uploads\/2021\/10\/dai-ly-gian-phoi-thong-minh-tai-lang-son-quang-ninh1.jpg?fit=600%2C600&ssl=1&resize=350%2C200","width":350,"height":200},"classes":[]},{"id":150,"url":"https:\/\/remchelangson.com.vn\/?product=gian-phoi-thong-minh-h006","url_meta":{"origin":112,"position":3},"title":"7. GI\u00c0N PH\u01a0I QU\u1ea6N \u00c1O TH\u00d4NG MINH H006","date":"13 Th\u00e1ng 10, 2021","format":false,"excerpt":"GI\u00c0N PH\u01a0I TH\u00d4NG MINH H006 Chuy\u00ean cung c\u1ea5p thi c\u00f4ng gi\u00e0n ph\u01a1i qu\u1ea7n \u00e1o th\u00f4ng minh t\u1ea1i L\u1ea1ng S\u01a1n nh\u01b0: Th\u00e0nh ph\u1ed1 L\u1ea1ng S\u01a1n. B\u00ecnh L\u1ed9c, \u0110\u00ecnh L\u1eadp, Chi L\u0103ng, ...","rel":"","context":"Similar post","img":{"alt_text":"","src":"https:\/\/i2.wp.com\/remchelangson.com.vn\/wp-content\/uploads\/2021\/10\/chuyen-lap-gian-phoi-thong-H006-tai-lang-son.jpg?fit=600%2C600&ssl=1&resize=350%2C200","width":350,"height":200},"classes":[]},{"id":680,"url":"https:\/\/remchelangson.com.vn\/?product=gian-phoi-do-o-quang-yen-quang-ninh","url_meta":{"origin":112,"position":4},"title":"L\u1eaeP GI\u00c0N PH\u01a0I \u0110\u1ed2 \u1ede QU\u1ea2NG Y\u00caN QU\u1ea2NG NINH","date":"22 Th\u00e1ng 3, 2022","format":false,"excerpt":"L\u1eaeP GI\u00c0N PH\u01a0I \u0110\u1ed2 \u1ede QU\u1ea2NG Y\u00caN QU\u1ea2NG NINH R\u00e8m che Lang S\u01a1n - \u0110\u01a1n v\u1ecb thi c\u00f4ng, cung c\u1ea5p, l\u1eafp gi\u00e0n ph\u01a1i \u0111\u1ed3 \u1edf Qu\u1ea3ng Y\u00ean Qu\u1ea3ng Ninh. V\u00e0 c\u00e1c khu v\u1ef1c l\u00e2n c\u1eadn nh\u01b0: H\u1ea1 Long, \u0110\u00f4ng Tri\u1ec1u, U\u00f4ng B\u00ed, Ho\u00e0nh B\u1ed3.... Gi\u00e0n ph\u01a1i \u0111\u1ed3 th\u00f4ng minh d\u1ea1ng\u2026","rel":"","context":"Similar post","img":{"alt_text":"","src":"https:\/\/i2.wp.com\/remchelangson.com.vn\/wp-content\/uploads\/2022\/03\/don-vi-lam-gian-phoi-do-thong-minh-tai-quang-yen-quang-ninh.jpg?fit=700%2C700&ssl=1&resize=350%2C200","width":350,"height":200},"classes":[]},{"id":774,"url":"https:\/\/remchelangson.com.vn\/?product=lap-gian-phoi-quan-ao-thong-minh-tai-lang-son","url_meta":{"origin":112,"position":5},"title":"L\u1eaeP GI\u00c0N PH\u01a0I QU\u1ea6N \u00c1O TH\u00d4NG MINH T\u1ea0I L\u1ea0NG S\u01a0N","date":"14 Th\u00e1ng 4, 2022","format":false,"excerpt":"L\u1eaeP GI\u00c0N PH\u01a0I QU\u1ea6N \u00c1O TH\u00d4NG MINH T\u1ea0I L\u1ea0NG S\u01a0N Chuy\u00ean cung c\u1ea5p thi c\u00f4ng, l\u1eafp gi\u00e0n ph\u01a1i qu\u1ea7n \u00e1o th\u00f4ng minh t\u1ea1i L\u1ea1ng S\u01a1n nh\u01b0: Th\u00e0nh ph\u1ed1 L\u1ea1ng S\u01a1n, Cao L\u1ed9c, Chi L\u0103ng, B\u00ecnh L\u1ed9c, V\u0103n L\u00e3ng, Tr\u00e0ng \u0110\u1ecbnh, H\u1eefu L\u0169ng, B\u1eafc S\u01a1n.","rel":"","context":"Similar post","img":{"alt_text":"","src":"https:\/\/i2.wp.com\/remchelangson.com.vn\/wp-content\/uploads\/2022\/04\/lap-gian-phoi-quan-ao-thong-minh-tai-lang-son.jpg?fit=700%2C700&ssl=1&resize=350%2C200","width":350,"height":200},"classes":[]}],"_links":{"self":[{"href":"https:\/\/remchelangson.com.vn\/index.php?rest_route=\/wp\/v2\/product\/112","targetHints":{"allow":["GET"]}}],"collection":[{"href":"https:\/\/remchelangson.com.vn\/index.php?rest_route=\/wp\/v2\/product"}],"about":[{"href":"https:\/\/remchelangson.com.vn\/index.php?rest_route=\/wp\/v2\/types\/product"}],"replies":[{"embeddable":true,"href":"https:\/\/remchelangson.com.vn\/index.php?rest_route=%2Fwp%2Fv2%2Fcomments&post=112"}],"version-history":[{"count":8,"href":"https:\/\/remchelangson.com.vn\/index.php?rest_route=\/wp\/v2\/product\/112\/revisions"}],"predecessor-version":[{"id":694,"href":"https:\/\/remchelangson.com.vn\/index.php?rest_route=\/wp\/v2\/product\/112\/revisions\/694"}],"wp:featuredmedia":[{"embeddable":true,"href":"https:\/\/remchelangson.com.vn\/index.php?rest_route=\/wp\/v2\/media\/223"}],"wp:attachment":[{"href":"https:\/\/remchelangson.com.vn\/index.php?rest_route=%2Fwp%2Fv2%2Fmedia&parent=112"}],"wp:term":[{"taxonomy":"product_cat","embeddable":true,"href":"https:\/\/remchelangson.com.vn\/index.php?rest_route=%2Fwp%2Fv2%2Fproduct_cat&post=112"},{"taxonomy":"product_tag","embeddable":true,"href":"https:\/\/remchelangson.com.vn\/index.php?rest_route=%2Fwp%2Fv2%2Fproduct_tag&post=112"}],"curies":[{"name":"wp","href":"https:\/\/api.w.org\/{rel}","templated":true}]}}