{"id":150,"date":"2021-10-13T14:17:06","date_gmt":"2021-10-13T14:17:06","guid":{"rendered":"https:\/\/remchelangson.com.vn\/?post_type=product&#038;p=150"},"modified":"2023-06-25T09:32:44","modified_gmt":"2023-06-25T09:32:44","slug":"gian-phoi-thong-minh-h006","status":"publish","type":"product","link":"https:\/\/remchelangson.com.vn\/?product=gian-phoi-thong-minh-h006","title":{"rendered":"7. GI\u00c0N PH\u01a0I QU\u1ea6N \u00c1O TH\u00d4NG MINH H006"},"content":{"rendered":"<div id=\"ez-toc-container\" class=\"ez-toc-v2_0_62 counter-hierarchy ez-toc-counter ez-toc-grey ez-toc-container-direction\">\n<div class=\"ez-toc-title-container\"><p class=\"ez-toc-title\">N\u1ed9i dung b&agrave;i vi\u1ebft<\/p>\n<\/div><nav><ul class='ez-toc-list ez-toc-list-level-1 ' ><li class='ez-toc-page-1 ez-toc-heading-level-1'><a class=\"ez-toc-link ez-toc-heading-1\" href=\"https:\/\/remchelangson.com.vn\/?product=gian-phoi-thong-minh-h006\/#7_GIAN_PHOI_QUAN_AO_THONG_MINH_H006\" title=\"7. GI\u00c0N PH\u01a0I QU\u1ea6N \u00c1O TH\u00d4NG MINH H006\">7. GI\u00c0N PH\u01a0I QU\u1ea6N \u00c1O TH\u00d4NG MINH H006<\/a><ul class='ez-toc-list-level-2' ><li class='ez-toc-heading-level-2'><a class=\"ez-toc-link ez-toc-heading-2\" href=\"https:\/\/remchelangson.com.vn\/?product=gian-phoi-thong-minh-h006\/#1_THONG_SO_KY_THUAT\" title=\"1. TH\u00d4NG S\u1ed0 K\u1ef8 THU\u1eacT\">1. TH\u00d4NG S\u1ed0 K\u1ef8 THU\u1eacT<\/a><\/li><li class='ez-toc-page-1 ez-toc-heading-level-2'><a class=\"ez-toc-link ez-toc-heading-3\" href=\"https:\/\/remchelangson.com.vn\/?product=gian-phoi-thong-minh-h006\/#2_MO_TA_SAN_PHAM_GIAN_PHOI_THONG_MINH_H006\" title=\"2. M\u00d4 T\u1ea2 S\u1ea2N PH\u1ea8M GI\u00c0N PH\u01a0I TH\u00d4NG MINH H006\">2. M\u00d4 T\u1ea2 S\u1ea2N PH\u1ea8M GI\u00c0N PH\u01a0I TH\u00d4NG MINH H006<\/a><\/li><li class='ez-toc-page-1 ez-toc-heading-level-2'><a class=\"ez-toc-link ez-toc-heading-4\" href=\"https:\/\/remchelangson.com.vn\/?product=gian-phoi-thong-minh-h006\/#3_PHU_KIEN_GIAN_PHOI_QUAN_AO_THONG_MINH_H006\" title=\"3. PH\u1ee4 KI\u1ec6N GI\u00c0N PH\u01a0I QU\u1ea6N \u00c1O TH\u00d4NG MINH H006\">3. PH\u1ee4 KI\u1ec6N GI\u00c0N PH\u01a0I QU\u1ea6N \u00c1O TH\u00d4NG MINH H006<\/a><ul class='ez-toc-list-level-3' ><li class='ez-toc-heading-level-3'><a class=\"ez-toc-link ez-toc-heading-5\" href=\"https:\/\/remchelangson.com.vn\/?product=gian-phoi-thong-minh-h006\/#Chinh_sach_bao_hanh_va_ban_hang_gian_phoi_hoa_phat_h006\" title=\"Ch\u00ednh s\u00e1ch b\u1ea3o h\u00e0nh v\u00e0 b\u00e1n h\u00e0ng gi\u00e0n ph\u01a1i h\u00f2a ph\u00e1t h006 :\">Ch\u00ednh s\u00e1ch b\u1ea3o h\u00e0nh v\u00e0 b\u00e1n h\u00e0ng gi\u00e0n ph\u01a1i h\u00f2a ph\u00e1t h006 :<\/a><\/li><li class='ez-toc-page-1 ez-toc-heading-level-3'><a class=\"ez-toc-link ez-toc-heading-6\" href=\"https:\/\/remchelangson.com.vn\/?product=gian-phoi-thong-minh-h006\/#Cac_chuong_trinh_khuyen_mai\" title=\"C\u00e1c ch\u01b0\u01a1ng tr\u00ecnh khuy\u1ebfn m\u1ea1i :\">C\u00e1c ch\u01b0\u01a1ng tr\u00ecnh khuy\u1ebfn m\u1ea1i :<\/a><\/li><\/ul><\/li><li class='ez-toc-page-1 ez-toc-heading-level-2'><a class=\"ez-toc-link ez-toc-heading-7\" href=\"https:\/\/remchelangson.com.vn\/?product=gian-phoi-thong-minh-h006\/#4_HINH_ANH_THI_CONG_GIAN_PHOI_QUAN_AO_H006\" title=\"4. H\u00ccNH \u1ea2NH THI C\u00d4NG GI\u00c0N PH\u01a0I QU\u1ea6N \u00c1O H006\u00a0\">4. H\u00ccNH \u1ea2NH THI C\u00d4NG GI\u00c0N PH\u01a0I QU\u1ea6N \u00c1O H006\u00a0<\/a><\/li><\/ul><\/li><\/ul><\/nav><\/div>\n<h1><span class=\"ez-toc-section\" id=\"7_GIAN_PHOI_QUAN_AO_THONG_MINH_H006\"><\/span><span style=\"color: #000080; font-family: arial, helvetica, sans-serif;\">7. GI\u00c0N PH\u01a0I QU\u1ea6N \u00c1O TH\u00d4NG MINH H006<\/span><span class=\"ez-toc-section-end\"><\/span><\/h1>\n<h2><span class=\"ez-toc-section\" id=\"1_THONG_SO_KY_THUAT\"><\/span><span style=\"color: #000080; font-family: arial, helvetica, sans-serif;\">1. TH\u00d4NG S\u1ed0 K\u1ef8 THU\u1eacT<\/span><span class=\"ez-toc-section-end\"><\/span><\/h2>\n<table style=\"height: 427px;\" width=\"776\">\n<tbody>\n<tr>\n<td><span style=\"font-family: arial, helvetica, sans-serif;\">M\u00e3 s\u1ea3n ph\u1ea9m:<\/span><\/td>\n<td><span style=\"font-family: arial, helvetica, sans-serif;\">H006<\/span><\/td>\n<\/tr>\n<tr>\n<td><span style=\"font-family: arial, helvetica, sans-serif;\">H\u00e3ng s\u1ea3n xu\u1ea5t:<\/span><\/td>\n<td><span style=\"font-family: arial, helvetica, sans-serif;\">H\u00f2a Ph\u00e1t Star<\/span><\/td>\n<\/tr>\n<tr>\n<td><span style=\"font-family: arial, helvetica, sans-serif;\">B\u1ed9 t\u1eddi:<\/span><\/td>\n<td><span style=\"font-family: arial, helvetica, sans-serif;\">L\u00e0m t\u1eeb ch\u1ea5t li\u1ec7u h\u1ee3p kim nh\u00f4m cao c\u1ea5p \u0111\u00fac nguy\u00ean kh\u1ed1i, si\u00eau nh\u1eb9, b\u1ec1n b\u1ec9 kh\u00f4ng g\u1ec9 s\u00e9t<\/span><\/td>\n<\/tr>\n<tr>\n<td><span style=\"font-family: arial, helvetica, sans-serif;\">Thanh ph\u01a1i:<\/span><\/td>\n<td><span style=\"font-family: arial, helvetica, sans-serif;\">2 thanh ph\u01a1i, m\u1ed7i thanh d\u00e0i 2,2m, tr\u00ean m\u1ed7i thanh \u0111\u01b0\u1ee3c c\u1ed1 \u0111\u1ecbnh s\u1eb5n l\u1ed7 treo m\u00f3c qu\u1ea7n \u00e1o<\/span><\/td>\n<\/tr>\n<tr>\n<td><span style=\"font-family: arial, helvetica, sans-serif;\">D\u00e2y c\u00e1p:<\/span><\/td>\n<td><span style=\"font-family: arial, helvetica, sans-serif;\">C\u00e1p l\u1ee5a inox 304 \u2013 kh\u00f4ng g\u1ec9 s\u00e9t, b\u1ec1n b\u1ec9 v\u1edbi th\u1eddi gian<\/span><\/td>\n<\/tr>\n<tr>\n<td><span style=\"font-family: arial, helvetica, sans-serif;\">Tr\u1ecdng t\u1ea3i:<\/span><\/td>\n<td><span style=\"font-family: arial, helvetica, sans-serif;\">80kg<\/span><\/td>\n<\/tr>\n<tr>\n<td><span style=\"font-family: arial, helvetica, sans-serif;\">Ti\u1ec7n \u00edch \/ T\u00ednh n\u0103ng kh\u00e1c:<\/span><\/td>\n<td><span style=\"font-family: arial, helvetica, sans-serif;\">T\u1ea3i tr\u1ecdng l\u1edbn gi\u00fap ph\u01a1i m\u1ed9t l\u00fac kh\u1ed1i l\u01b0\u1ee3ng qu\u1ea7n \u00e1o l\u1edbn; d\u1ec5 d\u00e0ng n\u00e2ng n\u00ean h\u1ea1 xu\u1ed1ng nh\u1edd h\u1ec7 th\u1ed1ng l\u00f2 xo h\u00e3m v\u00ec v\u1eady c\u1ea3 tr\u1ebb em v\u00e0 ng\u01b0\u1eddi gi\u00e0 \u0111\u1ec1u s\u1eed d\u1ee5ng \u0111\u01b0\u1ee3c.<\/span><\/td>\n<\/tr>\n<\/tbody>\n<\/table>\n<table width=\"772\">\n<tbody>\n<tr>\n<td><span style=\"font-family: arial, helvetica, sans-serif;\">B\u1ea3o h\u00e0nh:<\/span><\/td>\n<td><span style=\"font-family: arial, helvetica, sans-serif;\"><a href=\"https:\/\/remchelangson.com.vn\/?product=gian-phoi-quan-ao-hoa-phat-ks950\">B\u1ea3o h\u00e0nh ch\u00ednh h\u00e3ng 03 n\u0103m<\/a><\/span><\/td>\n<\/tr>\n<\/tbody>\n<\/table>\n<h2><span class=\"ez-toc-section\" id=\"2_MO_TA_SAN_PHAM_GIAN_PHOI_THONG_MINH_H006\"><\/span><span style=\"color: #000080; font-family: arial, helvetica, sans-serif;\">2. M\u00d4 T\u1ea2 S\u1ea2N PH\u1ea8M GI\u00c0N PH\u01a0I TH\u00d4NG MINH H006<\/span><span class=\"ez-toc-section-end\"><\/span><\/h2>\n<ul>\n<li><span style=\"font-family: arial, helvetica, sans-serif;\">M\u00e3 s\u1ea3n ph\u1ea9m gi\u00e0n ph\u01a1i th\u00f4ng minh H006 \u0111\u01b0\u1ee3c s\u1ea3n xu\u1ea5t v\u1edbi b\u1ed9 t\u1eddi, \u1ed1p trang tr\u00ed v\u00e0 thanh ph\u01a1i c\u00f9ng \u0111\u1ed3ng b\u1ed9 m\u1ed9t t\u00f4ng m\u00e0u n\u00ean nh\u00ecn s\u1ea3n ph\u1ea9m tr\u00f4ng r\u1ea5t th\u1ea9m m\u1ef9.<\/span><\/li>\n<li><span style=\"font-family: arial, helvetica, sans-serif;\">B\u1ed9 t\u1eddi gi\u00e0n ph\u01a1i th\u00f4ng minh \u0111\u01b0\u1ee3c thi\u1ebft k\u1ebf ch\u1eafc ch\u1eafn v\u1edbi ch\u1ea5t li\u1ec7u l\u00e0 h\u1ee3p kim \u0111\u1ed3ng\u00a0 m\u1ea1 Crom, h\u1ec7 th\u1ed1ng ch\u1ed1ng r\u1ed1i c\u00e1p c\u1ee7 th\u00f4ng minh<\/span><\/li>\n<li><span style=\"font-family: arial, helvetica, sans-serif;\">Thanh ph\u01a1i qu\u1ea7n \u00e1o d\u00e0y h\u01a1n s\u1ea3n ph\u1ea9m b\u00ecnh th\u01b0\u1eddng, ch\u1ea5t li\u1ec7u nh\u00f4m \u0111\u00fac nguy\u00ean kh\u1ed1i v\u00e0 s\u01a1n m\u00e3 t\u0129nh \u0111i\u1ec7n theo m\u00e0u c\u1ee7a b\u1ed9 t\u1eddi gi\u00e0n ph\u01a1i th\u00f4ng minh.<\/span><\/li>\n<li><span style=\"font-family: arial, helvetica, sans-serif;\">M\u1ed9t b\u1ed9 gi\u00e0n ph\u01a1i th\u00f4ng minh H006 bao g\u1ed3m 2 thanh gi\u00e0n ph\u01a1i m\u1ed7i thanh d\u00e0i 2,2m n\u00ean b\u1ea1n c\u00f3 th\u1ec3 ph\u01a1i qu\u1ea7n \u00e1o tho\u1ea3i m\u00e1i.<\/span><\/li>\n<li><span style=\"font-family: arial, helvetica, sans-serif;\">B\u1ed9 t\u1eddi v\u1edbi c\u1ea5u t\u1ea1o v\u00f2ng bi h\u00e3m t\u1ef1 \u0111\u1ed9ng.<\/span><\/li>\n<\/ul>\n<p><span style=\"font-family: arial, helvetica, sans-serif;\"><img loading=\"lazy\" decoding=\"async\" class=\"aligncenter wp-image-199 size-full\" title=\"gian-phoi-quan-ao-thong-minh-h00a-dai-ly-gian-phoi-quan-ao-thong-minh-tai-lang-son\" src=\"https:\/\/i2.wp.com\/remchelangson.com.vn\/wp-content\/uploads\/2021\/10\/gian-phoi-thong-minh-hoa-phat-tai-lang-son-1.jpg?resize=600%2C500&#038;ssl=1\" alt=\"\" width=\"600\" height=\"500\" srcset=\"https:\/\/i2.wp.com\/remchelangson.com.vn\/wp-content\/uploads\/2021\/10\/gian-phoi-thong-minh-hoa-phat-tai-lang-son-1.jpg?w=600&amp;ssl=1 600w, https:\/\/i2.wp.com\/remchelangson.com.vn\/wp-content\/uploads\/2021\/10\/gian-phoi-thong-minh-hoa-phat-tai-lang-son-1.jpg?resize=300%2C250&amp;ssl=1 300w, https:\/\/i2.wp.com\/remchelangson.com.vn\/wp-content\/uploads\/2021\/10\/gian-phoi-thong-minh-hoa-phat-tai-lang-son-1.jpg?resize=200%2C167&amp;ssl=1 200w\" sizes=\"auto, (max-width: 600px) 100vw, 600px\" data-recalc-dims=\"1\" \/><\/span><\/p>\n<p style=\"text-align: center;\"><span style=\"font-family: arial, helvetica, sans-serif;\">\u0110\u01a1n v\u1ecb thi c\u00f4ng, cung c\u1ea5p gi\u00e0n ph\u01a1i qu\u1ea7n \u00e1o th\u00f4ng minh t\u1ea1i L\u1ea1ng S\u01a1n<\/span><\/p>\n<p style=\"text-align: center;\"><span style=\"font-family: arial, helvetica, sans-serif;\">Gi\u00e0n ph\u01a1i qu\u1ea7n \u00e1o th\u00f4ng minh H006<\/span><\/p>\n<h2><span class=\"ez-toc-section\" id=\"3_PHU_KIEN_GIAN_PHOI_QUAN_AO_THONG_MINH_H006\"><\/span><span style=\"color: #000080; font-family: arial, helvetica, sans-serif;\">3. PH\u1ee4 KI\u1ec6N GI\u00c0N PH\u01a0I QU\u1ea6N \u00c1O TH\u00d4NG MINH H006<\/span><span class=\"ez-toc-section-end\"><\/span><\/h2>\n<ul>\n<li><span style=\"font-family: arial, helvetica, sans-serif;\">B\u00e1t h\u00ecnh tr\u1ee5 ch\u1ea5t li\u1ec7u h\u1ee3p kim nh\u00f4m m\u00e0u \u0111\u01b0\u1ee3c k\u1ebft h\u1ee3p theo m\u00e0u c\u1ee7a b\u1ed9 gi\u00e0n ph\u01a1i (m\u00e0u \u0111\u1ed3ng, m\u00e0u ghi, m\u00e0u tr\u1eafng s\u1ee9)<\/span><\/li>\n<li><span style=\"font-family: arial, helvetica, sans-serif;\">Puli ch\u1ea5t li\u1ec7u h\u1ee3p kim, s\u1eed d\u1ee5ng v\u00f2ng bi tr\u01b0\u1ee3t nh\u1eb9, \u00eam.<\/span><\/li>\n<li><span style=\"font-family: arial, helvetica, sans-serif;\">C\u00e1p l\u1ee5a inox 304 kh\u00f4ng co d\u00e3n kh\u00f4ng r\u1ec9, kh\u00f4ng b\u00e0o m\u00f2n, m\u1ec1m m\u1ea1i. K\u00edch th\u01b0\u1edbc c\u1ee7a d\u00e2y c\u00e1p v\u1edbi \u0111\u01b0\u1eddng k\u00ednh l\u1edbn h\u01a1n, ch\u1ecbu \u0111\u01b0\u1ee3c t\u1ea3i tr\u1ecdng cao h\u01a1n v\u00e0 b\u1ec1n b\u1ec9 v\u1edbi th\u1eddi ti\u1ebft.<\/span><\/li>\n<li><span style=\"font-family: arial, helvetica, sans-serif;\">Thanh ph\u01a1i: v\u1edbi ch\u1ea5t li\u1ec7u h\u1ee3p kim nh\u00f4m nguy\u00ean kh\u1ed1i \u0111\u01b0\u1ee3c phun s\u01a1n t\u0129nh \u0111i\u1ec7n. Bao g\u1ed3m 60 l\u1ed7 treo qu\u1ea7n \u00e1o v\u00e0 2 thanh ph\u01a1i ri\u00eang bi\u1ec7t \u0111\u1ec3 ph\u01a1i ch\u0103n, ga, g\u1ed1i, \u0111\u1ec7m. Thanh ph\u01a1i ch\u0103n c\u00f3 th\u1ec3 h\u1ea1 xu\u1ed1ng khi ph\u01a1i ch\u0103n v\u00e0 g\u1ea5p g\u1ecdn l\u00ean khi ph\u01a1i qu\u1ea7n \u00e1o.<\/span><\/li>\n<li><span style=\"font-family: arial, helvetica, sans-serif;\">T\u1ea3i tr\u1ecdng: 80 kg.<\/span><\/li>\n<\/ul>\n<h3><span class=\"ez-toc-section\" id=\"Chinh_sach_bao_hanh_va_ban_hang_gian_phoi_hoa_phat_h006\"><\/span><span id=\"chinh-sach-bao-hanh-va-ban-hang-gian-phoi-hoa-phat-h001\" style=\"font-family: arial, helvetica, sans-serif;\"><strong>Ch\u00ednh s\u00e1ch b\u1ea3o h\u00e0nh v\u00e0 b\u00e1n h\u00e0ng gi\u00e0n ph\u01a1i h\u00f2a ph\u00e1t h006 :<\/strong><\/span><span class=\"ez-toc-section-end\"><\/span><\/h3>\n<ul>\n<li><span style=\"font-family: arial, helvetica, sans-serif;\">Gi\u00e0n ph\u01a1i tay quay H\u00f2a Ph\u00e1t H006 b\u1ea3o h\u00e0nh ch\u00ednh h\u00e3ng 2 n\u0103m.<\/span><\/li>\n<li><span style=\"font-family: arial, helvetica, sans-serif;\">\u0110\u1ed5i m\u1edbi trong v\u00f2ng 3\u00a0th\u00e1ng n\u1ebfu g\u1eb7p c\u00e1c v\u1ea5n \u0111\u1ec1 k\u1ef9 thu\u1eadt\u00a0c\u1ee7a nh\u00e0 s\u1ea3n xu\u1ea5t<\/span><\/li>\n<\/ul>\n<h3><span class=\"ez-toc-section\" id=\"Cac_chuong_trinh_khuyen_mai\"><\/span><span id=\"cac-chuong-trinh-khuyen-mai\" style=\"font-family: arial, helvetica, sans-serif;\"><strong>C\u00e1c ch\u01b0\u01a1ng tr\u00ecnh khuy\u1ebfn m\u1ea1i :<\/strong><\/span><span class=\"ez-toc-section-end\"><\/span><\/h3>\n<ul>\n<li><span style=\"font-family: arial, helvetica, sans-serif;\">T\u1eb7ng th\u00eam 20 m\u00f3c ph\u01a1i ch\u1ed1ng bay qu\u1ea7n \u00e1o cao c\u1ea5p.<\/span><\/li>\n<li><span style=\"font-family: arial, helvetica, sans-serif;\">Gi\u1ea3m th\u00eam 10% khi l\u1eafp 2 b\u1ed9 gi\u00e0n ph\u01a1i tay quay h\u1ec7 H\u00f2a Ph\u00e1t H006<\/span><\/li>\n<li><span style=\"font-family: arial, helvetica, sans-serif;\">Gi\u1ea3m th\u00eam 20% khi l\u1eafp 5 b\u1ed9 gi\u00e0n ph\u01a1i tay quay h\u1ec7 H\u00f2a Ph\u00e1t H006<\/span><\/li>\n<li><span style=\"font-family: arial, helvetica, sans-serif;\">Gi\u1ea3m th\u00eam 30% cho nh\u00f3m kh\u00e1ch h\u00e0ng mua chung t\u1eeb 10 b\u1ed9\u00a0tr\u1edf l\u00ean.<\/span><\/li>\n<li><span style=\"font-family: arial, helvetica, sans-serif;\">T\u1eb7ng c\u00f4ng l\u1eafp \u0111\u1eb7t v\u00e0 v\u1eadn chuy\u1ec3n tr\u1ecb gi\u00e1 300.000vn\u0111.<\/span><\/li>\n<\/ul>\n<h2><span class=\"ez-toc-section\" id=\"4_HINH_ANH_THI_CONG_GIAN_PHOI_QUAN_AO_H006\"><\/span><span style=\"color: #000080; font-family: arial, helvetica, sans-serif;\">4. <a href=\"http:\/\/remcuaquangninh.com.vn\/san-pham\/thi-cong-lap-gian-phoi-thong-minh-tai-ha-long-quang-ninh\/\" rel=\"noopener\">H\u00ccNH \u1ea2NH THI C\u00d4NG GI\u00c0N PH\u01a0I QU\u1ea6N \u00c1O<\/a> H006\u00a0<\/span><span class=\"ez-toc-section-end\"><\/span><\/h2>\n<p><span style=\"font-family: arial, helvetica, sans-serif;\"><img loading=\"lazy\" decoding=\"async\" class=\"aligncenter wp-image-181 size-full\" title=\"gian-phoi-quan-ao-thong-minh-h00a-dai-ly-gian-phoi-quan-ao-thong-minh-tai-lang-son\" src=\"https:\/\/i1.wp.com\/remchelangson.com.vn\/wp-content\/uploads\/2021\/10\/gian-phoi-thong-minh-tai-lang-son.jpg?resize=600%2C600&#038;ssl=1\" alt=\"\" width=\"600\" height=\"600\" srcset=\"https:\/\/i1.wp.com\/remchelangson.com.vn\/wp-content\/uploads\/2021\/10\/gian-phoi-thong-minh-tai-lang-son.jpg?w=600&amp;ssl=1 600w, https:\/\/i1.wp.com\/remchelangson.com.vn\/wp-content\/uploads\/2021\/10\/gian-phoi-thong-minh-tai-lang-son.jpg?resize=300%2C300&amp;ssl=1 300w, https:\/\/i1.wp.com\/remchelangson.com.vn\/wp-content\/uploads\/2021\/10\/gian-phoi-thong-minh-tai-lang-son.jpg?resize=150%2C150&amp;ssl=1 150w, https:\/\/i1.wp.com\/remchelangson.com.vn\/wp-content\/uploads\/2021\/10\/gian-phoi-thong-minh-tai-lang-son.jpg?resize=200%2C200&amp;ssl=1 200w, https:\/\/i1.wp.com\/remchelangson.com.vn\/wp-content\/uploads\/2021\/10\/gian-phoi-thong-minh-tai-lang-son.jpg?resize=100%2C100&amp;ssl=1 100w\" sizes=\"auto, (max-width: 600px) 100vw, 600px\" data-recalc-dims=\"1\" \/><\/span><\/p>\n<p style=\"text-align: center;\"><span style=\"font-family: arial, helvetica, sans-serif;\">Gi\u00e0n ph\u01a1i th\u00f4ng minh g\u1eafn tr\u1ea7n \u0110\u00ecnh L\u1eadp L\u1ea1ng S\u01a1n<\/span><\/p>\n<p><span style=\"font-family: arial, helvetica, sans-serif;\"><img loading=\"lazy\" decoding=\"async\" class=\"aligncenter wp-image-200 size-full\" title=\"gian-phoi-quan-ao-thong-minh-h006\" src=\"https:\/\/i0.wp.com\/remchelangson.com.vn\/wp-content\/uploads\/2021\/10\/gian-phoi-thong-minh-h006-5-768x572-1.jpg?resize=600%2C600&#038;ssl=1\" alt=\"\" width=\"600\" height=\"600\" srcset=\"https:\/\/i0.wp.com\/remchelangson.com.vn\/wp-content\/uploads\/2021\/10\/gian-phoi-thong-minh-h006-5-768x572-1.jpg?w=600&amp;ssl=1 600w, https:\/\/i0.wp.com\/remchelangson.com.vn\/wp-content\/uploads\/2021\/10\/gian-phoi-thong-minh-h006-5-768x572-1.jpg?resize=300%2C300&amp;ssl=1 300w, https:\/\/i0.wp.com\/remchelangson.com.vn\/wp-content\/uploads\/2021\/10\/gian-phoi-thong-minh-h006-5-768x572-1.jpg?resize=150%2C150&amp;ssl=1 150w, https:\/\/i0.wp.com\/remchelangson.com.vn\/wp-content\/uploads\/2021\/10\/gian-phoi-thong-minh-h006-5-768x572-1.jpg?resize=200%2C200&amp;ssl=1 200w, https:\/\/i0.wp.com\/remchelangson.com.vn\/wp-content\/uploads\/2021\/10\/gian-phoi-thong-minh-h006-5-768x572-1.jpg?resize=100%2C100&amp;ssl=1 100w\" sizes=\"auto, (max-width: 600px) 100vw, 600px\" data-recalc-dims=\"1\" \/><\/span><\/p>\n<div><span style=\"color: #ff0000; font-size: 14pt; font-family: arial, helvetica, sans-serif;\"><strong>C\u1ea3m \u01a1n Qu\u00fd kh\u00e1ch \u0111\u00e3 tham kh\u1ea3o s\u1ea3n ph\u1ea9m c\u1ee7a R\u00e8m che Lang S\u01a1n<\/strong><\/span><\/div>\n<div><span style=\"color: #ff0000; font-size: 14pt; font-family: arial, helvetica, sans-serif;\"><strong>M\u1ecdi chi ti\u1ebft xin vui l\u00f2ng li\u00ean h\u1ec7: 0962.212.060<\/strong><\/span><\/div>\n","protected":false},"excerpt":{"rendered":"<h1><span style=\"color: #000080;\">GI\u00c0N PH\u01a0I TH\u00d4NG MINH H006<\/span><\/h1>\n<p>Chuy\u00ean cung c\u1ea5p thi c\u00f4ng gi\u00e0n ph\u01a1i qu\u1ea7n \u00e1o th\u00f4ng minh t\u1ea1i L\u1ea1ng S\u01a1n nh\u01b0: Th\u00e0nh ph\u1ed1 L\u1ea1ng S\u01a1n. B\u00ecnh L\u1ed9c, \u0110\u00ecnh L\u1eadp, Chi L\u0103ng, &#8230;<\/p>\n","protected":false},"featured_media":198,"comment_status":"open","ping_status":"closed","template":"","meta":{"spay_email":""},"product_cat":[29],"product_tag":[],"class_list":{"0":"post-150","1":"product","2":"type-product","3":"status-publish","4":"has-post-thumbnail","6":"product_cat-gian-phoi-thong-minh","8":"first","9":"instock","10":"sale","11":"shipping-taxable","12":"purchasable","13":"product-type-simple"},"jetpack-related-posts":[{"id":774,"url":"https:\/\/remchelangson.com.vn\/?product=lap-gian-phoi-quan-ao-thong-minh-tai-lang-son","url_meta":{"origin":150,"position":0},"title":"L\u1eaeP GI\u00c0N PH\u01a0I QU\u1ea6N \u00c1O TH\u00d4NG MINH T\u1ea0I L\u1ea0NG S\u01a0N","date":"14 Th\u00e1ng 4, 2022","format":false,"excerpt":"L\u1eaeP GI\u00c0N PH\u01a0I QU\u1ea6N \u00c1O TH\u00d4NG MINH T\u1ea0I L\u1ea0NG S\u01a0N Chuy\u00ean cung c\u1ea5p thi c\u00f4ng, l\u1eafp gi\u00e0n ph\u01a1i qu\u1ea7n \u00e1o th\u00f4ng minh t\u1ea1i L\u1ea1ng S\u01a1n nh\u01b0: Th\u00e0nh ph\u1ed1 L\u1ea1ng S\u01a1n, Cao L\u1ed9c, Chi L\u0103ng, B\u00ecnh L\u1ed9c, V\u0103n L\u00e3ng, Tr\u00e0ng \u0110\u1ecbnh, H\u1eefu L\u0169ng, B\u1eafc S\u01a1n.","rel":"","context":"Similar post","img":{"alt_text":"","src":"https:\/\/i2.wp.com\/remchelangson.com.vn\/wp-content\/uploads\/2022\/04\/lap-gian-phoi-quan-ao-thong-minh-tai-lang-son.jpg?fit=700%2C700&ssl=1&resize=350%2C200","width":350,"height":200},"classes":[]},{"id":112,"url":"https:\/\/remchelangson.com.vn\/?product=gian-phoi-quan-ao-hoa-phat-ks950","url_meta":{"origin":150,"position":1},"title":"3. GI\u00c0N PH\u01a0I QU\u1ea6N \u00c1O H\u00d2A PH\u00c1T KS950","date":"11 Th\u00e1ng 10, 2021","format":false,"excerpt":"GI\u00c0N PH\u01a0I TH\u00d4NG MINH H\u00d2A PH\u00c1T KS950 \u0110\u01a1n v\u1ecb chuy\u00ean thi c\u00f4ng, l\u1eafp gi\u00e0n ph\u01a1i qu\u1ea7n \u00e1o th\u00f4ng minh uy t\u00edn, ch\u1ea5t l\u01b0\u1ee3ng t\u1ea1i L\u1ea1ng S\u01a1n, Qu\u1ea3ng Ninh.","rel":"","context":"Similar post","img":{"alt_text":"","src":"https:\/\/i0.wp.com\/remchelangson.com.vn\/wp-content\/uploads\/2021\/10\/gian-phoi-quan-ao-thong-minh-tai-lang-son-1.jpg?fit=600%2C600&ssl=1&resize=350%2C200","width":350,"height":200},"classes":[]},{"id":157,"url":"https:\/\/remchelangson.com.vn\/?product=dai-ly-gian-phoi-tai-lang-son","url_meta":{"origin":150,"position":2},"title":"1 \u0110\u1ea0I L\u00dd GI\u00c0N PH\u01a0I T\u1ea0I L\u1ea0NG S\u01a0N","date":"14 Th\u00e1ng 10, 2021","format":false,"excerpt":"\u0110\u1ea0I L\u00dd GI\u00c0N PH\u01a0I TH\u00d4NG MINH T\u1ea0I L\u1ea0NG S\u01a0N \u0110\u01a1n v\u1ecb chuy\u00ean thi c\u00f4ng, cung c\u1ea5p gi\u00e0n ph\u01a1i qu\u1ea7n \u00e1o th\u00f4ng minh uy t\u00edn, b\u1ec1n r\u1ebb t\u1ea1i L\u1ea1ng S\u01a1n. Nh\u01b0 th\u00e0nh ph\u1ed1 L\u1ea1ng S\u01a1n, \u0110\u00ecnh L\u1eadp, \u00a0B\u1eb1ng M\u1ea1c, B\u1eafc S\u01a1n, B\u00ecnh Gia, Cao L\u1ed9c, \u0110i\u1ec1m He, L\u1ed9c B\u00ecnh, \u00d4n Ch\u00e2u,\u2026","rel":"","context":"Similar post","img":{"alt_text":"","src":"https:\/\/i0.wp.com\/remchelangson.com.vn\/wp-content\/uploads\/2021\/10\/dai-ly-gian-phoi-thong-minh-tai-lang-son-quang-ninh1.jpg?fit=600%2C600&ssl=1&resize=350%2C200","width":350,"height":200},"classes":[]},{"id":145,"url":"https:\/\/remchelangson.com.vn\/?product=gian-phoi-quan-ao-thong-minh-s03","url_meta":{"origin":150,"position":3},"title":"4. GI\u00c0N PH\u01a0I QU\u1ea6N \u00c1O TH\u00d4NG MINH S03","date":"12 Th\u00e1ng 10, 2021","format":false,"excerpt":"GI\u00c0N PH\u01a0I QU\u1ea6N \u00c1O TH\u00d4NG MINH S03 + T\u00ean c\u1ee7a s\u1ea3n ph\u1ea9m: Gi\u00e0n ph\u01a1i th\u00f4ng minh H\u00f2a Ph\u00e1t S03 + M\u00e3 s\u1ea3n ph\u1ea9m: S03 - KS980 + T\u1ea3i tr\u1ecdng: 70kg + V\u1ec1 ch\u1ee7ng lo\u1ea1i: Gi\u00e0n ph\u01a1i tay quay li\u00ean t\u1ee5c","rel":"","context":"Similar post","img":{"alt_text":"","src":"https:\/\/i0.wp.com\/remchelangson.com.vn\/wp-content\/uploads\/2021\/10\/mau-gian-phoi-quan-ao-S03-tai-chi-lang-lang-son.jpg?fit=600%2C600&ssl=1&resize=350%2C200","width":350,"height":200},"classes":[]},{"id":139,"url":"https:\/\/remchelangson.com.vn\/?product=gian-phoi-quan-ao-ks990","url_meta":{"origin":150,"position":4},"title":"5. GI\u00c0N PH\u01a0I QU\u1ea6N \u00c1O KS990","date":"12 Th\u00e1ng 10, 2021","format":false,"excerpt":"GI\u00c0N PH\u01a0I QU\u1ea6N \u00c1O KS990 Gi\u00e0n ph\u01a1i th\u00f4ng minh H\u00f2a Ph\u00e1t KS990 l\u00e0 d\u00f2ng s\u1ea3n ph\u1ea9m \u0111\u01b0\u1ee3c thi\u1ebft k\u1ebf \u0111\u1ea1t ti\u00eau chu\u1ea9n Ch\u00e2u \u00c2u. B\u1ed9 t\u1eddi s\u1eed d\u1ee5ng ch\u1ea5t li\u1ec7u inox cao c\u1ea5p s\u00e1ng b\u00f3ng, \u0111\u1ed9 b\u1ec1n cao, sang tr\u1ecdng v\u00e0 th\u1ea9m m\u1ef9. B\u00ean c\u1ea1nh \u0111\u00f3, c\u00f3 c\u01a1 th\u1ebf b\u1ed9\u2026","rel":"","context":"Similar post","img":{"alt_text":"","src":"https:\/\/i1.wp.com\/remchelangson.com.vn\/wp-content\/uploads\/2021\/10\/gian-phoi-thong-minh-hoa-phat-ks990.jpg?fit=600%2C600&ssl=1&resize=350%2C200","width":350,"height":200},"classes":[]},{"id":672,"url":"https:\/\/remchelangson.com.vn\/?product=gian-phoi-quan-ao-thong-minh-o-cam-pha","url_meta":{"origin":150,"position":5},"title":"GI\u00c0N PH\u01a0I QU\u1ea6N \u00c1O TH\u00d4NG MINH \u1ede C\u1ea8M PH\u1ea2","date":"22 Th\u00e1ng 3, 2022","format":false,"excerpt":"GI\u00c0N PH\u01a0I QU\u1ea6N \u00c1O TH\u00d4NG MINH \u1ede C\u1ea8M PH\u1ea2 R\u00e8m che Lang S\u01a1n chuy\u00ean cung c\u1ea5p thi c\u00f4ng, l\u1eafp \u0111\u1eb7t gi\u00e0n ph\u01a1i qu\u1ea7n \u00e1o th\u00f4ng minh \u1edf C\u1ea9m Ph\u1ea3 Qu\u1ea3ng Ninh. Ngo\u00e0i ra, ch\u00fang t\u00f4i c\u00f2n thi c\u00f4ng, l\u1eafp \u0111\u1eb7t c\u00e1c lo\u1ea1i s\u1ea3n ph\u1ea9m kh\u00e1c nh\u01b0:\u00a0 L\u01b0\u1edbi an to\u00e0n ban\u2026","rel":"","context":"Similar post","img":{"alt_text":"","src":"https:\/\/i1.wp.com\/remchelangson.com.vn\/wp-content\/uploads\/2022\/03\/don-vi-lap-gian-phoi-quan-ao-thong-minh-tai-cam-pha-quang-ninh.jpg?fit=700%2C800&ssl=1&resize=350%2C200","width":350,"height":200},"classes":[]}],"_links":{"self":[{"href":"https:\/\/remchelangson.com.vn\/index.php?rest_route=\/wp\/v2\/product\/150","targetHints":{"allow":["GET"]}}],"collection":[{"href":"https:\/\/remchelangson.com.vn\/index.php?rest_route=\/wp\/v2\/product"}],"about":[{"href":"https:\/\/remchelangson.com.vn\/index.php?rest_route=\/wp\/v2\/types\/product"}],"replies":[{"embeddable":true,"href":"https:\/\/remchelangson.com.vn\/index.php?rest_route=%2Fwp%2Fv2%2Fcomments&post=150"}],"version-history":[{"count":5,"href":"https:\/\/remchelangson.com.vn\/index.php?rest_route=\/wp\/v2\/product\/150\/revisions"}],"predecessor-version":[{"id":698,"href":"https:\/\/remchelangson.com.vn\/index.php?rest_route=\/wp\/v2\/product\/150\/revisions\/698"}],"wp:featuredmedia":[{"embeddable":true,"href":"https:\/\/remchelangson.com.vn\/index.php?rest_route=\/wp\/v2\/media\/198"}],"wp:attachment":[{"href":"https:\/\/remchelangson.com.vn\/index.php?rest_route=%2Fwp%2Fv2%2Fmedia&parent=150"}],"wp:term":[{"taxonomy":"product_cat","embeddable":true,"href":"https:\/\/remchelangson.com.vn\/index.php?rest_route=%2Fwp%2Fv2%2Fproduct_cat&post=150"},{"taxonomy":"product_tag","embeddable":true,"href":"https:\/\/remchelangson.com.vn\/index.php?rest_route=%2Fwp%2Fv2%2Fproduct_tag&post=150"}],"curies":[{"name":"wp","href":"https:\/\/api.w.org\/{rel}","templated":true}]}}