{"id":157,"date":"2021-10-14T08:10:40","date_gmt":"2021-10-14T08:10:40","guid":{"rendered":"https:\/\/remchelangson.com.vn\/?post_type=product&#038;p=157"},"modified":"2026-04-27T05:23:00","modified_gmt":"2026-04-27T05:23:00","slug":"dai-ly-gian-phoi-tai-lang-son","status":"publish","type":"product","link":"https:\/\/remchelangson.com.vn\/?product=dai-ly-gian-phoi-tai-lang-son","title":{"rendered":"1 \u0110\u1ea0I L\u00dd GI\u00c0N PH\u01a0I T\u1ea0I L\u1ea0NG S\u01a0N"},"content":{"rendered":"<div id=\"ez-toc-container\" class=\"ez-toc-v2_0_62 counter-hierarchy ez-toc-counter ez-toc-grey ez-toc-container-direction\">\n<div class=\"ez-toc-title-container\"><p class=\"ez-toc-title\">N\u1ed9i dung b&agrave;i vi\u1ebft<\/p>\n<\/div><nav><ul class='ez-toc-list ez-toc-list-level-1 ' ><li class='ez-toc-page-1 ez-toc-heading-level-1'><a class=\"ez-toc-link ez-toc-heading-1\" href=\"https:\/\/remchelangson.com.vn\/?product=dai-ly-gian-phoi-tai-lang-son\/#1_DAI_LY_GIAN_PHOI_TAI_LANG_SON\" title=\"1 \u0110\u1ea0I L\u00dd GI\u00c0N PH\u01a0I T\u1ea0I L\u1ea0NG S\u01a0N\">1 \u0110\u1ea0I L\u00dd GI\u00c0N PH\u01a0I T\u1ea0I L\u1ea0NG S\u01a0N<\/a><ul class='ez-toc-list-level-2' ><li class='ez-toc-heading-level-2'><a class=\"ez-toc-link ez-toc-heading-2\" href=\"https:\/\/remchelangson.com.vn\/?product=dai-ly-gian-phoi-tai-lang-son\/#Rem_che_Lang_Son_%E2%80%93_Dai_ly_gian_phoi_thong_minh_Lang_Son_chuyen\" title=\"R\u00e8m che L\u1ea1ng S\u01a1n &#8211; \u0110\u1ea1i l\u00fd gi\u00e0n ph\u01a1i th\u00f4ng minh L\u1ea1ng S\u01a1n chuy\u00ean:\">R\u00e8m che L\u1ea1ng S\u01a1n &#8211; \u0110\u1ea1i l\u00fd gi\u00e0n ph\u01a1i th\u00f4ng minh L\u1ea1ng S\u01a1n chuy\u00ean:<\/a><\/li><li class='ez-toc-page-1 ez-toc-heading-level-2'><a class=\"ez-toc-link ez-toc-heading-3\" href=\"https:\/\/remchelangson.com.vn\/?product=dai-ly-gian-phoi-tai-lang-son\/#Mot_so_mau_gian_phoi_Hoa_Phat_dang_duoc_ua_chuong_hien_nay\" title=\"M\u1ed9t s\u1ed1 m\u1eabu gi\u00e0n ph\u01a1i H\u00f2a Ph\u00e1t \u0111ang \u0111\u01b0\u1ee3c \u01b0a chu\u1ed9ng hi\u1ec7n nay:\">M\u1ed9t s\u1ed1 m\u1eabu gi\u00e0n ph\u01a1i H\u00f2a Ph\u00e1t \u0111ang \u0111\u01b0\u1ee3c \u01b0a chu\u1ed9ng hi\u1ec7n nay:<\/a><\/li><li class='ez-toc-page-1 ez-toc-heading-level-2'><a class=\"ez-toc-link ez-toc-heading-4\" href=\"https:\/\/remchelangson.com.vn\/?product=dai-ly-gian-phoi-tai-lang-son\/#Dai_ly_gian_phoi_tai_Lang_Son\" title=\"\u0110\u1ea1i l\u00fd gi\u00e0n ph\u01a1i t\u1ea1i L\u1ea1ng S\u01a1n\">\u0110\u1ea1i l\u00fd gi\u00e0n ph\u01a1i t\u1ea1i L\u1ea1ng S\u01a1n<\/a><\/li><li class='ez-toc-page-1 ez-toc-heading-level-2'><a class=\"ez-toc-link ez-toc-heading-5\" href=\"https:\/\/remchelangson.com.vn\/?product=dai-ly-gian-phoi-tai-lang-son\/#Vai_net_so_luoc_ve_Lang_Son\" title=\"V\u00e0i n\u00e9t s\u01a1 l\u01b0\u1ee3c v\u1ec1 L\u1ea1ng S\u01a1n\">V\u00e0i n\u00e9t s\u01a1 l\u01b0\u1ee3c v\u1ec1 L\u1ea1ng S\u01a1n<\/a><\/li><\/ul><\/li><\/ul><\/nav><\/div>\n<h1><span class=\"ez-toc-section\" id=\"1_DAI_LY_GIAN_PHOI_TAI_LANG_SON\"><\/span><span style=\"color: #000080;\">1 \u0110\u1ea0I L\u00dd GI\u00c0N PH\u01a0I T\u1ea0I L\u1ea0NG S\u01a0N<\/span><span class=\"ez-toc-section-end\"><\/span><\/h1>\n<p>\u0110\u1ea1i l\u00fd gi\u00e0n ph\u01a1i t\u1ea1i L\u1ea1ng S\u01a1n: \u0110\u01a1n v\u1ecb chuy\u00ean thi c\u00f4ng, cung c\u1ea5p gi\u00e0n ph\u01a1i qu\u1ea7n \u00e1o th\u00f4ng minh uy t\u00edn, b\u1ec1n r\u1ebb t\u1ea1i L\u1ea1ng S\u01a1n. Nh\u01b0 th\u00e0nh ph\u1ed1 L\u1ea1ng S\u01a1n, \u0110\u00ecnh L\u1eadp, \u00a0B\u1eb1ng M\u1ea1c, B\u1eafc S\u01a1n, B\u00ecnh Gia, Cao L\u1ed9c, \u0110i\u1ec1m He, L\u1ed9c B\u00ecnh, \u00d4n Ch\u00e2u, Tho\u00e1t L\u00e3ng, Tr\u00e0ng \u0110\u1ecbnh, V\u0103n Uy\u00ean.<\/p>\n<h2><span class=\"ez-toc-section\" id=\"Rem_che_Lang_Son_%E2%80%93_Dai_ly_gian_phoi_thong_minh_Lang_Son_chuyen\"><\/span><span style=\"color: #0000ff;\">R\u00e8m che L\u1ea1ng S\u01a1n &#8211; \u0110\u1ea1i l\u00fd gi\u00e0n ph\u01a1i th\u00f4ng minh L\u1ea1ng S\u01a1n chuy\u00ean:<\/span><span class=\"ez-toc-section-end\"><\/span><\/h2>\n<p>&#8211;\u00a0Gi\u00e0n ph\u01a1i qu\u1ea7n \u00e1o\u00a0th\u00f4ng minh<\/p>\n<p>&#8211; <a href=\"https:\/\/remchelangson.com.vn\/?product=bat-che-tu-cuon\">B\u1ea1t che ban c\u00f4ng<\/a>, b\u1ea1t m\u00e1i hi\u00ean m\u00e1i x\u1ebfp, b\u1ea1t t\u1ef1 cu\u1ed1n, b\u1ea1t che gi\u1ebfng tr\u1eddi<\/p>\n<p>&#8211; L\u01b0\u1edbi b\u1ea3o v\u1ec7 an to\u00e0n ban c\u00f4ng, c\u1ea7u thang<\/p>\n<p>&#8211; R\u00e8m cu\u1ed1n, r\u00e8m l\u00e1 v\u0103n ph\u00f2ng,\u00a0<a href=\"http:\/\/remcuaquangninh.com.vn\/danh-muc\/manh-rem\/\" rel=\"noopener\">r\u00e8m c\u1ea7u v\u1ed3ng<\/a>, r\u00e8m g\u1ed7<\/p>\n<p>&#8211; M\u00e0nh tre tr\u00fac.<\/p>\n<p>Cam k\u1ebft b\u00e1n h\u00e0ng ch\u00ednh h\u00e3ng, thi c\u00f4ng v\u00e0 l\u1eafp \u0111\u1eb7t nhanh nh\u1ea5t, c\u00f3 nh\u00e2n vi\u00ean v\u00e0 c\u1ee7a h\u00e0ng t\u1ea1i qu\u1ea3ng ninh. v\u00ec v\u1eady s\u1ebd cung c\u1ea5p d\u1ecbch v\u1ee5 nhanh nh\u1ea5t, t\u1ed1t nh\u1ea5t cho qu\u00fd kh\u00e1ch, c\u0169ng nh\u01b0 b\u1ea3o h\u00e0nh b\u1ea3o d\u01b0\u1ee1ng \u0111\u01b0\u1ee3c t\u1ed1t h\u01a1n&#8230;<\/p>\n<h2><span class=\"ez-toc-section\" id=\"Mot_so_mau_gian_phoi_Hoa_Phat_dang_duoc_ua_chuong_hien_nay\"><\/span><span style=\"color: #0000ff;\">M\u1ed9t s\u1ed1 m\u1eabu gi\u00e0n ph\u01a1i H\u00f2a Ph\u00e1t \u0111ang \u0111\u01b0\u1ee3c \u01b0a chu\u1ed9ng hi\u1ec7n nay:<\/span><span class=\"ez-toc-section-end\"><\/span><\/h2>\n<p><img loading=\"lazy\" decoding=\"async\" class=\"wp-image-301 aligncenter\" src=\"https:\/\/i1.wp.com\/remchelangson.com.vn\/wp-content\/uploads\/2021\/10\/KS-950.jpg?resize=600%2C600&#038;ssl=1\" alt=\"\" width=\"600\" height=\"600\" title=\"\" srcset=\"https:\/\/i1.wp.com\/remchelangson.com.vn\/wp-content\/uploads\/2021\/10\/KS-950.jpg?w=587&amp;ssl=1 587w, https:\/\/i1.wp.com\/remchelangson.com.vn\/wp-content\/uploads\/2021\/10\/KS-950.jpg?resize=300%2C300&amp;ssl=1 300w, https:\/\/i1.wp.com\/remchelangson.com.vn\/wp-content\/uploads\/2021\/10\/KS-950.jpg?resize=150%2C150&amp;ssl=1 150w, https:\/\/i1.wp.com\/remchelangson.com.vn\/wp-content\/uploads\/2021\/10\/KS-950.jpg?resize=200%2C200&amp;ssl=1 200w, https:\/\/i1.wp.com\/remchelangson.com.vn\/wp-content\/uploads\/2021\/10\/KS-950.jpg?resize=100%2C100&amp;ssl=1 100w\" sizes=\"auto, (max-width: 600px) 100vw, 600px\" data-recalc-dims=\"1\" \/><\/p>\n<p style=\"text-align: center;\"><em>Gi\u00e0n ph\u01a1i th\u00f4ng minh H\u00f2a Ph\u00e1t KS950<\/em><\/p>\n<p style=\"text-align: center;\">\u0110\u01a1n v\u1ecb thi c\u00f4ng, l\u1eafp gi\u00e0n ph\u01a1i qu\u1ea7n \u00e1o th\u00f4ng minh H\u00f2a Ph\u00e1t t\u1ea1i L\u1ea1ng S\u01a1n<\/p>\n<p><img loading=\"lazy\" decoding=\"async\" class=\"wp-image-254 size-full aligncenter\" src=\"https:\/\/i1.wp.com\/remchelangson.com.vn\/wp-content\/uploads\/2021\/10\/gian-phoi-thong-minh-hoa-phat-ks990.jpg?resize=600%2C600&#038;ssl=1\" alt=\"\" width=\"600\" height=\"600\" title=\"\" srcset=\"https:\/\/i1.wp.com\/remchelangson.com.vn\/wp-content\/uploads\/2021\/10\/gian-phoi-thong-minh-hoa-phat-ks990.jpg?w=600&amp;ssl=1 600w, https:\/\/i1.wp.com\/remchelangson.com.vn\/wp-content\/uploads\/2021\/10\/gian-phoi-thong-minh-hoa-phat-ks990.jpg?resize=300%2C300&amp;ssl=1 300w, https:\/\/i1.wp.com\/remchelangson.com.vn\/wp-content\/uploads\/2021\/10\/gian-phoi-thong-minh-hoa-phat-ks990.jpg?resize=150%2C150&amp;ssl=1 150w, https:\/\/i1.wp.com\/remchelangson.com.vn\/wp-content\/uploads\/2021\/10\/gian-phoi-thong-minh-hoa-phat-ks990.jpg?resize=200%2C200&amp;ssl=1 200w, https:\/\/i1.wp.com\/remchelangson.com.vn\/wp-content\/uploads\/2021\/10\/gian-phoi-thong-minh-hoa-phat-ks990.jpg?resize=100%2C100&amp;ssl=1 100w\" sizes=\"auto, (max-width: 600px) 100vw, 600px\" data-recalc-dims=\"1\" \/><\/p>\n<p style=\"text-align: center;\">Gi\u00e0n ph\u01a1i th\u00f4ng minh Ho\u00e0 Ph\u00e1t KS990<\/p>\n<p style=\"text-align: center;\">\u0110\u01a1n v\u1ecb thi c\u00f4ng, l\u1eafp gi\u00e0n ph\u01a1i qu\u1ea7n \u00e1o th\u00f4ng minh H\u00f2a Ph\u00e1t t\u1ea1i L\u1ea1ng S\u01a1n<\/p>\n<p><img loading=\"lazy\" decoding=\"async\" class=\"wp-image-192 size-full aligncenter\" src=\"https:\/\/i2.wp.com\/remchelangson.com.vn\/wp-content\/uploads\/2021\/10\/don-vi-lap-gian-phoi-thong-minh-uy-tin-tai-thanh-pho-lang-son.jpg?resize=600%2C450&#038;ssl=1\" alt=\"\" width=\"600\" height=\"450\" title=\"\" srcset=\"https:\/\/i2.wp.com\/remchelangson.com.vn\/wp-content\/uploads\/2021\/10\/don-vi-lap-gian-phoi-thong-minh-uy-tin-tai-thanh-pho-lang-son.jpg?w=600&amp;ssl=1 600w, https:\/\/i2.wp.com\/remchelangson.com.vn\/wp-content\/uploads\/2021\/10\/don-vi-lap-gian-phoi-thong-minh-uy-tin-tai-thanh-pho-lang-son.jpg?resize=300%2C225&amp;ssl=1 300w, https:\/\/i2.wp.com\/remchelangson.com.vn\/wp-content\/uploads\/2021\/10\/don-vi-lap-gian-phoi-thong-minh-uy-tin-tai-thanh-pho-lang-son.jpg?resize=200%2C150&amp;ssl=1 200w\" sizes=\"auto, (max-width: 600px) 100vw, 600px\" data-recalc-dims=\"1\" \/><\/p>\n<p style=\"text-align: center;\"><em>Gi\u00e0n ph\u01a1i th\u00f4ng minh Ho\u00e0 Ph\u00e1t S03<\/em><\/p>\n<p><img loading=\"lazy\" decoding=\"async\" class=\"wp-image-246 size-full aligncenter\" src=\"https:\/\/i2.wp.com\/remchelangson.com.vn\/wp-content\/uploads\/2021\/10\/gian-phoi-thong-minh-hoa-phat-h005.jpg?resize=600%2C599&#038;ssl=1\" alt=\"\" width=\"600\" height=\"599\" title=\"\" srcset=\"https:\/\/i2.wp.com\/remchelangson.com.vn\/wp-content\/uploads\/2021\/10\/gian-phoi-thong-minh-hoa-phat-h005.jpg?w=600&amp;ssl=1 600w, https:\/\/i2.wp.com\/remchelangson.com.vn\/wp-content\/uploads\/2021\/10\/gian-phoi-thong-minh-hoa-phat-h005.jpg?resize=300%2C300&amp;ssl=1 300w, https:\/\/i2.wp.com\/remchelangson.com.vn\/wp-content\/uploads\/2021\/10\/gian-phoi-thong-minh-hoa-phat-h005.jpg?resize=150%2C150&amp;ssl=1 150w, https:\/\/i2.wp.com\/remchelangson.com.vn\/wp-content\/uploads\/2021\/10\/gian-phoi-thong-minh-hoa-phat-h005.jpg?resize=200%2C200&amp;ssl=1 200w, https:\/\/i2.wp.com\/remchelangson.com.vn\/wp-content\/uploads\/2021\/10\/gian-phoi-thong-minh-hoa-phat-h005.jpg?resize=100%2C100&amp;ssl=1 100w\" sizes=\"auto, (max-width: 600px) 100vw, 600px\" data-recalc-dims=\"1\" \/><\/p>\n<p style=\"text-align: center;\">Gi\u00e0n ph\u01a1i th\u00f4ng minh H005<\/p>\n<p><img loading=\"lazy\" decoding=\"async\" class=\"aligncenter wp-image-151 size-full\" src=\"https:\/\/i1.wp.com\/remchelangson.com.vn\/wp-content\/uploads\/2021\/10\/gian-phoi-hoa-phat-H006-tai-lang-son.jpg?resize=600%2C600&#038;ssl=1\" alt=\"dai-ly-gian-phoi-quan-ao-thong-minh-tai-lang-son\" width=\"600\" height=\"600\" title=\"\" data-recalc-dims=\"1\"><\/p>\n<p style=\"text-align: center;\">Gi\u00e0n ph\u01a1i th\u00f4ng minh H\u00f2a Ph\u00e1t H006<\/p>\n<h2><span class=\"ez-toc-section\" id=\"Dai_ly_gian_phoi_tai_Lang_Son\"><\/span>\u0110\u1ea1i l\u00fd gi\u00e0n ph\u01a1i t\u1ea1i L\u1ea1ng S\u01a1n<span class=\"ez-toc-section-end\"><\/span><\/h2>\n<p><span style=\"color: #ff0000; font-size: 14pt;\"><strong>C\u1ea3m \u01a1n qu\u00fd kh\u00e1ch \u0111\u00e3 tham kh\u1ea3o s\u1ea3n ph\u1ea9m c\u1ee7a ch\u00fang t\u00f4i.<\/strong><\/span><\/p>\n<p><span style=\"color: #ff0000; font-size: 14pt;\"><strong>M\u1ecdi chi ti\u1ebft c\u1ea7n l\u1eafp \u0111\u1eb7t hay t\u01b0 v\u1ea5n l\u1eafp \u0111\u1eb7t xin vui l\u00f2ng li\u00ean h\u1ec7: 0962.212.060<\/strong><\/span><\/p>\n<p>Https:www.remchelangson.com.vn<\/p>\n<p>Qu\u00fd kh\u00e1ch tham kh\u1ea3o th\u00eam:<\/p>\n<ul>\n<li><a href=\"https:\/\/remchelangson.com.vn\/?product=bat-mai-hien\">B\u1ea1t che m\u00e1i hi\u00ean<\/a><\/li>\n<\/ul>\n<h2><span class=\"ez-toc-section\" id=\"Vai_net_so_luoc_ve_Lang_Son\"><\/span><span style=\"color: #0000ff;\">V\u00e0i n\u00e9t s\u01a1 l\u01b0\u1ee3c v\u1ec1 L\u1ea1ng S\u01a1n<\/span><span class=\"ez-toc-section-end\"><\/span><\/h2>\n<p>Trong kh\u00e1ng chi\u1ebfn ch\u1ed1ng Ph\u00e1p, L\u1ea1ng S\u01a1n thu\u1ed9c Li\u00ean khu Vi\u1ec7t B\u1eafc.<\/p>\n<p>Sau n\u0103m 1945, t\u1ec9nh L\u1ea1ng S\u01a1n c\u00f3 th\u1ecb x\u00e3 L\u1ea1ng S\u01a1n v\u00e0 10 huy\u1ec7n: B\u1eb1ng M\u1ea1c, B\u1eafc S\u01a1n, B\u00ecnh Gia, Cao L\u1ed9c, \u0110i\u1ec1m He, L\u1ed9c B\u00ecnh, \u00d4n Ch\u00e2u, Tho\u00e1t L\u00e3ng, Tr\u00e0ng \u0110\u1ecbnh, V\u0103n Uy\u00ean.<\/p>\n<p><a class=\"mw-redirect\" title=\"Th\u00e1ng 7\" href=\"https:\/\/vi.wikipedia.org\/wiki\/Th%C3%A1ng_7\" rel=\"noopener\">Th\u00e1ng 7<\/a>\u00a0n\u0103m\u00a0<a title=\"1947\" href=\"https:\/\/vi.wikipedia.org\/wiki\/1947\" rel=\"noopener\">1947<\/a>, Khu \u1ee7y 12 quy\u1ebft \u0111\u1ecbnh t\u1ea1m th\u1eddi chuy\u1ec3n huy\u1ec7n L\u1ed9c B\u00ecnh v\u1ec1 t\u1ec9nh\u00a0<a title=\"H\u1ea3i Ninh (t\u1ec9nh)\" href=\"https:\/\/vi.wikipedia.org\/wiki\/H%E1%BA%A3i_Ninh_(t%E1%BB%89nh)\" rel=\"noopener\">H\u1ea3i Ninh<\/a>\u00a0qu\u1ea3n l\u00fd. Tuy nhi\u00ean, \u0111\u1ebfn ng\u00e0y\u00a0<a title=\"7 th\u00e1ng 6\" href=\"https:\/\/vi.wikipedia.org\/wiki\/7_th%C3%A1ng_6\" rel=\"noopener\">7 th\u00e1ng 6<\/a>\u00a0n\u0103m\u00a0<a title=\"1949\" href=\"https:\/\/vi.wikipedia.org\/wiki\/1949\" rel=\"noopener\">1949<\/a>, huy\u1ec7n L\u1ed9c B\u00ecnh \u0111\u01b0\u1ee3c s\u00e1p nh\u1eadp tr\u1edf l\u1ea1i t\u1ec9nh L\u1ea1ng S\u01a1n.<sup id=\"cite_ref-9\" class=\"reference\"><a href=\"https:\/\/vi.wikipedia.org\/wiki\/L%E1%BA%A1ng_S%C6%A1n#cite_note-9\" rel=\"noopener\">[9]<\/a><\/sup><\/p>\n<p>Ng\u00e0y\u00a0<a title=\"1 th\u00e1ng 7\" href=\"https:\/\/vi.wikipedia.org\/wiki\/1_th%C3%A1ng_7\" rel=\"noopener\">1 th\u00e1ng 7<\/a>\u00a0n\u0103m\u00a0<a title=\"1956\" href=\"https:\/\/vi.wikipedia.org\/wiki\/1956\" rel=\"noopener\">1956<\/a>, huy\u1ec7n\u00a0<a title=\"H\u1eefu L\u0169ng\" href=\"https:\/\/vi.wikipedia.org\/wiki\/H%E1%BB%AFu_L%C5%A9ng\" rel=\"noopener\">H\u1eefu L\u0169ng<\/a>\u00a0c\u1ee7a t\u1ec9nh\u00a0<a title=\"B\u1eafc Giang\" href=\"https:\/\/vi.wikipedia.org\/wiki\/B%E1%BA%AFc_Giang\" rel=\"noopener\">B\u1eafc Giang<\/a>\u00a0\u0111\u01b0\u1ee3c s\u00e1p nh\u1eadp v\u00e0o t\u1ec9nh L\u1ea1ng S\u01a1n thu\u1ed9c\u00a0<a title=\"Khu t\u1ef1 tr\u1ecb Vi\u1ec7t B\u1eafc\" href=\"https:\/\/vi.wikipedia.org\/wiki\/Khu_t%E1%BB%B1_tr%E1%BB%8B_Vi%E1%BB%87t_B%E1%BA%AFc\" rel=\"noopener\">Khu t\u1ef1 tr\u1ecb Vi\u1ec7t B\u1eafc<\/a>\u00a0(\u0111\u01b0\u1ee3c th\u00e0nh l\u1eadp c\u00f9ng ng\u00e0y)<sup id=\"cite_ref-KN183NamThanhLap_8-1\" class=\"reference\"><a href=\"https:\/\/vi.wikipedia.org\/wiki\/L%E1%BA%A1ng_S%C6%A1n#cite_note-KN183NamThanhLap-8\" rel=\"noopener\">[8]<\/a><\/sup>. Khu t\u1ef1 tr\u1ecb Vi\u1ec7t B\u1eafc t\u1ed3n t\u1ea1i \u0111\u1ebfn ng\u00e0y\u00a0<a title=\"27 th\u00e1ng 12\" href=\"https:\/\/vi.wikipedia.org\/wiki\/27_th%C3%A1ng_12\" rel=\"noopener\">27 th\u00e1ng 12<\/a>\u00a0n\u0103m\u00a0<a title=\"1975\" href=\"https:\/\/vi.wikipedia.org\/wiki\/1975\" rel=\"noopener\">1975<\/a>.<\/p>\n<p>Ng\u00e0y\u00a0<a title=\"16 th\u00e1ng 12\" href=\"https:\/\/vi.wikipedia.org\/wiki\/16_th%C3%A1ng_12\" rel=\"noopener\">16 th\u00e1ng 12<\/a>\u00a0n\u0103m\u00a0<a title=\"1964\" href=\"https:\/\/vi.wikipedia.org\/wiki\/1964\" rel=\"noopener\">1964<\/a>, huy\u1ec7n \u0110i\u1ec1m He c\u00f9ng 6 x\u00e3 c\u1ee7a huy\u1ec7n B\u1eb1ng M\u1ea1c h\u1ee3p nh\u1ea5t th\u00e0nh huy\u1ec7n m\u1edbi\u00a0<a title=\"V\u0103n Quan\" href=\"https:\/\/vi.wikipedia.org\/wiki\/V%C4%83n_Quan\" rel=\"noopener\">V\u0103n Quan<\/a>; huy\u1ec7n \u00d4n Ch\u00e2u c\u00f9ng 8 x\u00e3 c\u00f2n l\u1ea1i c\u1ee7a huy\u1ec7n B\u1eb1ng M\u1ea1c h\u1ee3p nh\u1ea5t th\u00e0nh huy\u1ec7n m\u1edbi\u00a0<a title=\"Chi L\u0103ng (huy\u1ec7n)\" href=\"https:\/\/vi.wikipedia.org\/wiki\/Chi_L%C4%83ng_(huy%E1%BB%87n)\" rel=\"noopener\">Chi L\u0103ng<\/a>; hai huy\u1ec7n V\u0103n Uy\u00ean v\u00e0 Tho\u00e1t L\u00e3ng h\u1ee3p nh\u1ea5t th\u00e0nh huy\u1ec7n\u00a0<a title=\"V\u0103n L\u00e3ng\" href=\"https:\/\/vi.wikipedia.org\/wiki\/V%C4%83n_L%C3%A3ng\" rel=\"noopener\">V\u0103n L\u00e3ng<\/a>.<sup id=\"cite_ref-10\" class=\"reference\"><a href=\"https:\/\/vi.wikipedia.org\/wiki\/L%E1%BA%A1ng_S%C6%A1n#cite_note-10\" rel=\"noopener\">[10]<\/a><\/sup><\/p>\n<p>T\u1eeb ng\u00e0y\u00a0<a title=\"27 th\u00e1ng 12\" href=\"https:\/\/vi.wikipedia.org\/wiki\/27_th%C3%A1ng_12\" rel=\"noopener\">27 th\u00e1ng 12<\/a>\u00a0n\u0103m\u00a0<a title=\"1975\" href=\"https:\/\/vi.wikipedia.org\/wiki\/1975\" rel=\"noopener\">1975<\/a>\u00a0\u0111\u1ebfn ng\u00e0y\u00a0<a title=\"29 th\u00e1ng 12\" href=\"https:\/\/vi.wikipedia.org\/wiki\/29_th%C3%A1ng_12\" rel=\"noopener\">29 th\u00e1ng 12<\/a>\u00a0n\u0103m\u00a0<a title=\"1978\" href=\"https:\/\/vi.wikipedia.org\/wiki\/1978\" rel=\"noopener\">1978<\/a>\u00a0nh\u1eadp v\u1edbi t\u1ec9nh\u00a0<a title=\"Cao B\u1eb1ng\" href=\"https:\/\/vi.wikipedia.org\/wiki\/Cao_B%E1%BA%B1ng\" rel=\"noopener\">Cao B\u1eb1ng<\/a>\u00a0th\u00e0nh t\u1ec9nh\u00a0<a title=\"Cao L\u1ea1ng\" href=\"https:\/\/vi.wikipedia.org\/wiki\/Cao_L%E1%BA%A1ng\" rel=\"noopener\">Cao L\u1ea1ng<\/a>.<\/p>\n<p>Ng\u00e0y\u00a0<a title=\"29 th\u00e1ng 12\" href=\"https:\/\/vi.wikipedia.org\/wiki\/29_th%C3%A1ng_12\" rel=\"noopener\">29 th\u00e1ng 12<\/a>\u00a0n\u0103m\u00a0<a title=\"1978\" href=\"https:\/\/vi.wikipedia.org\/wiki\/1978\" rel=\"noopener\">1978<\/a>, t\u00e1i l\u1eadp t\u1ec9nh L\u1ea1ng S\u01a1n, \u0111\u1ed3ng th\u1eddi s\u00e1p nh\u1eadp huy\u1ec7n\u00a0<a title=\"\u0110\u00ecnh L\u1eadp\" href=\"https:\/\/vi.wikipedia.org\/wiki\/%C4%90%C3%ACnh_L%E1%BA%ADp\" rel=\"noopener\">\u0110\u00ecnh L\u1eadp<\/a>\u00a0c\u1ee7a t\u1ec9nh\u00a0<a title=\"Qu\u1ea3ng Ninh\" href=\"https:\/\/vi.wikipedia.org\/wiki\/Qu%E1%BA%A3ng_Ninh\" rel=\"noopener\">Qu\u1ea3ng Ninh<\/a>\u00a0v\u1ec1 t\u1ec9nh L\u1ea1ng S\u01a1n v\u1eeba t\u00e1i l\u1eadp.<sup id=\"cite_ref-11\" class=\"reference\"><a href=\"https:\/\/vi.wikipedia.org\/wiki\/L%E1%BA%A1ng_S%C6%A1n#cite_note-11\" rel=\"noopener\">[11]<\/a><\/sup><\/p>\n<p>Ng\u00e0y\u00a0<a title=\"17 th\u00e1ng 10\" href=\"https:\/\/vi.wikipedia.org\/wiki\/17_th%C3%A1ng_10\" rel=\"noopener\">17 th\u00e1ng 10<\/a>\u00a0n\u0103m\u00a0<a title=\"2002\" href=\"https:\/\/vi.wikipedia.org\/wiki\/2002\" rel=\"noopener\">2002<\/a>, chuy\u1ec3n th\u1ecb x\u00e3 L\u1ea1ng S\u01a1n th\u00e0nh\u00a0<a title=\"L\u1ea1ng S\u01a1n (th\u00e0nh ph\u1ed1)\" href=\"https:\/\/vi.wikipedia.org\/wiki\/L%E1%BA%A1ng_S%C6%A1n_(th%C3%A0nh_ph%E1%BB%91)\" rel=\"noopener\">th\u00e0nh ph\u1ed1 L\u1ea1ng S\u01a1n<\/a><sup id=\"cite_ref-12\" class=\"reference\"><a href=\"https:\/\/vi.wikipedia.org\/wiki\/L%E1%BA%A1ng_S%C6%A1n#cite_note-12\" rel=\"noopener\">[12]<\/a><\/sup>. T\u1ec9nh L\u1ea1ng S\u01a1n c\u00f3 1 th\u00e0nh ph\u1ed1 v\u00e0 10 huy\u1ec7n nh\u01b0 hi\u1ec7n nay.<\/p>\n","protected":false},"excerpt":{"rendered":"<h1><span style=\"color: #000080;\">\u0110\u1ea0I L\u00dd GI\u00c0N PH\u01a0I TH\u00d4NG MINH T\u1ea0I L\u1ea0NG S\u01a0N<\/span><\/h1>\n<p>\u0110\u01a1n v\u1ecb chuy\u00ean thi c\u00f4ng, cung c\u1ea5p gi\u00e0n ph\u01a1i qu\u1ea7n \u00e1o th\u00f4ng minh uy t\u00edn, b\u1ec1n r\u1ebb t\u1ea1i L\u1ea1ng S\u01a1n. Nh\u01b0 th\u00e0nh ph\u1ed1 L\u1ea1ng S\u01a1n, \u0110\u00ecnh L\u1eadp, \u00a0B\u1eb1ng M\u1ea1c, B\u1eafc S\u01a1n, B\u00ecnh Gia, Cao L\u1ed9c, \u0110i\u1ec1m He, L\u1ed9c B\u00ecnh, \u00d4n Ch\u00e2u, Tho\u00e1t L\u00e3ng, Tr\u00e0ng \u0110\u1ecbnh, V\u0103n Uy\u00ean.<\/p>\n<p>&nbsp;<\/p>\n","protected":false},"featured_media":300,"comment_status":"open","ping_status":"closed","template":"","meta":{"spay_email":""},"product_cat":[29],"product_tag":[],"class_list":{"0":"post-157","1":"product","2":"type-product","3":"status-publish","4":"has-post-thumbnail","6":"product_cat-gian-phoi-thong-minh","8":"first","9":"instock","10":"shipping-taxable","11":"product-type-simple"},"jetpack-related-posts":[{"id":774,"url":"https:\/\/remchelangson.com.vn\/?product=lap-gian-phoi-quan-ao-thong-minh-tai-lang-son","url_meta":{"origin":157,"position":0},"title":"L\u1eaeP GI\u00c0N PH\u01a0I QU\u1ea6N \u00c1O TH\u00d4NG MINH T\u1ea0I L\u1ea0NG S\u01a0N","date":"14 Th\u00e1ng 4, 2022","format":false,"excerpt":"L\u1eaeP GI\u00c0N PH\u01a0I QU\u1ea6N \u00c1O TH\u00d4NG MINH T\u1ea0I L\u1ea0NG S\u01a0N Chuy\u00ean cung c\u1ea5p thi c\u00f4ng, l\u1eafp gi\u00e0n ph\u01a1i qu\u1ea7n \u00e1o th\u00f4ng minh t\u1ea1i L\u1ea1ng S\u01a1n nh\u01b0: Th\u00e0nh ph\u1ed1 L\u1ea1ng S\u01a1n, Cao L\u1ed9c, Chi L\u0103ng, B\u00ecnh L\u1ed9c, V\u0103n L\u00e3ng, Tr\u00e0ng \u0110\u1ecbnh, H\u1eefu L\u0169ng, B\u1eafc S\u01a1n.","rel":"","context":"Similar post","img":{"alt_text":"","src":"https:\/\/i2.wp.com\/remchelangson.com.vn\/wp-content\/uploads\/2022\/04\/lap-gian-phoi-quan-ao-thong-minh-tai-lang-son.jpg?fit=700%2C700&ssl=1&resize=350%2C200","width":350,"height":200},"classes":[]},{"id":672,"url":"https:\/\/remchelangson.com.vn\/?product=gian-phoi-quan-ao-thong-minh-o-cam-pha","url_meta":{"origin":157,"position":1},"title":"GI\u00c0N PH\u01a0I QU\u1ea6N \u00c1O TH\u00d4NG MINH \u1ede C\u1ea8M PH\u1ea2","date":"22 Th\u00e1ng 3, 2022","format":false,"excerpt":"GI\u00c0N PH\u01a0I QU\u1ea6N \u00c1O TH\u00d4NG MINH \u1ede C\u1ea8M PH\u1ea2 R\u00e8m che Lang S\u01a1n chuy\u00ean cung c\u1ea5p thi c\u00f4ng, l\u1eafp \u0111\u1eb7t gi\u00e0n ph\u01a1i qu\u1ea7n \u00e1o th\u00f4ng minh \u1edf C\u1ea9m Ph\u1ea3 Qu\u1ea3ng Ninh. Ngo\u00e0i ra, ch\u00fang t\u00f4i c\u00f2n thi c\u00f4ng, l\u1eafp \u0111\u1eb7t c\u00e1c lo\u1ea1i s\u1ea3n ph\u1ea9m kh\u00e1c nh\u01b0:\u00a0 L\u01b0\u1edbi an to\u00e0n ban\u2026","rel":"","context":"Similar post","img":{"alt_text":"","src":"https:\/\/i1.wp.com\/remchelangson.com.vn\/wp-content\/uploads\/2022\/03\/don-vi-lap-gian-phoi-quan-ao-thong-minh-tai-cam-pha-quang-ninh.jpg?fit=700%2C800&ssl=1&resize=350%2C200","width":350,"height":200},"classes":[]},{"id":150,"url":"https:\/\/remchelangson.com.vn\/?product=gian-phoi-thong-minh-h006","url_meta":{"origin":157,"position":2},"title":"7. GI\u00c0N PH\u01a0I QU\u1ea6N \u00c1O TH\u00d4NG MINH H006","date":"13 Th\u00e1ng 10, 2021","format":false,"excerpt":"GI\u00c0N PH\u01a0I TH\u00d4NG MINH H006 Chuy\u00ean cung c\u1ea5p thi c\u00f4ng gi\u00e0n ph\u01a1i qu\u1ea7n \u00e1o th\u00f4ng minh t\u1ea1i L\u1ea1ng S\u01a1n nh\u01b0: Th\u00e0nh ph\u1ed1 L\u1ea1ng S\u01a1n. B\u00ecnh L\u1ed9c, \u0110\u00ecnh L\u1eadp, Chi L\u0103ng, ...","rel":"","context":"Similar post","img":{"alt_text":"","src":"https:\/\/i2.wp.com\/remchelangson.com.vn\/wp-content\/uploads\/2021\/10\/chuyen-lap-gian-phoi-thong-H006-tai-lang-son.jpg?fit=600%2C600&ssl=1&resize=350%2C200","width":350,"height":200},"classes":[]},{"id":585,"url":"https:\/\/remchelangson.com.vn\/?product=lap-gian-phoi-quan-ao-tai-dong-trieu","url_meta":{"origin":157,"position":3},"title":"THI C\u00d4NG GI\u00c0N PH\u01a0I QU\u1ea6N \u00c1O T\u1ea0I \u0110\u00d4NG TRI\u1ec0U","date":"14 Th\u00e1ng 1, 2022","format":false,"excerpt":"THI C\u00d4NG GI\u00c0N PH\u01a0I QU\u1ea6N \u00c1O T\u1ea0I \u0110\u00d4NG TRI\u1ec0U QU\u1ea2NG NINH Thi c\u00f4ng Gi\u00e0n ph\u01a1i qu\u1ea7n \u00e1o t\u1ea1i \u0110\u00f4ng Tri\u1ec1u \u2013 Qu\u1ea3ng Ninh L\u01b0\u1edbi an to\u00e0n ban c\u00f4ng, c\u1ea7u thang C\u1eeda l\u01b0\u1edbi ch\u1ed1ng mu\u1ed7i, c\u00f4n tr\u00f9ng B\u1ea1t che n\u1eafng m\u01b0a t\u1ef1 cu\u1ed1n, b\u1ea1t m\u00e1i hi\u00ean, m\u00e1i x\u1ebfp, b\u1ea1t quay tay\u2026","rel":"","context":"Similar post","img":{"alt_text":"","src":"https:\/\/i1.wp.com\/remchelangson.com.vn\/wp-content\/uploads\/2022\/01\/z3107575096040_8c15bf793bb7845b4372a24258f01ac5.jpg?fit=600%2C600&ssl=1&resize=350%2C200","width":350,"height":200},"classes":[]},{"id":139,"url":"https:\/\/remchelangson.com.vn\/?product=gian-phoi-quan-ao-ks990","url_meta":{"origin":157,"position":4},"title":"5. GI\u00c0N PH\u01a0I QU\u1ea6N \u00c1O KS990","date":"12 Th\u00e1ng 10, 2021","format":false,"excerpt":"GI\u00c0N PH\u01a0I QU\u1ea6N \u00c1O KS990 Gi\u00e0n ph\u01a1i th\u00f4ng minh H\u00f2a Ph\u00e1t KS990 l\u00e0 d\u00f2ng s\u1ea3n ph\u1ea9m \u0111\u01b0\u1ee3c thi\u1ebft k\u1ebf \u0111\u1ea1t ti\u00eau chu\u1ea9n Ch\u00e2u \u00c2u. B\u1ed9 t\u1eddi s\u1eed d\u1ee5ng ch\u1ea5t li\u1ec7u inox cao c\u1ea5p s\u00e1ng b\u00f3ng, \u0111\u1ed9 b\u1ec1n cao, sang tr\u1ecdng v\u00e0 th\u1ea9m m\u1ef9. B\u00ean c\u1ea1nh \u0111\u00f3, c\u00f3 c\u01a1 th\u1ebf b\u1ed9\u2026","rel":"","context":"Similar post","img":{"alt_text":"","src":"https:\/\/i1.wp.com\/remchelangson.com.vn\/wp-content\/uploads\/2021\/10\/gian-phoi-thong-minh-hoa-phat-ks990.jpg?fit=600%2C600&ssl=1&resize=350%2C200","width":350,"height":200},"classes":[]},{"id":592,"url":"https:\/\/remchelangson.com.vn\/?product=lap-gian-phoi-quan-ao-mong-cai","url_meta":{"origin":157,"position":5},"title":"L\u1eaeP GI\u00c0N PH\u01a0I QU\u1ea6N \u00c1O M\u00d3NG C\u00c1I","date":"22 Th\u00e1ng 1, 2022","format":false,"excerpt":"L\u1eaeP GI\u00c0N PH\u01a0I QU\u1ea6N \u00c1O M\u00d3NG C\u00c1I QU\u1ea2NG NINH Chuy\u00ean cung c\u1ea5p, l\u1eafp \u0111\u1eb7t gi\u00e0n ph\u01a1i qu\u1ea7n \u00e1o M\u00f3ng C\u00e1i v\u00e0 c\u00e1c khu v\u1ef1c l\u00e2n c\u1eadn nh\u01b0 Ti\u00ean Y\u00ean, H\u00e0 C\u1ed1i, V\u00e2n \u0110\u1ed3n, H\u1ea1 Long C\u1ea9m Ph\u1ea3...","rel":"","context":"Similar post","img":{"alt_text":"","src":"https:\/\/i1.wp.com\/remchelangson.com.vn\/wp-content\/uploads\/2022\/01\/don-vi-thi-cong-gian-phoi-quan-ao-thong-minh-ben-dep-tai-mong-cai-quang-ninh.jpg?fit=600%2C600&ssl=1&resize=350%2C200","width":350,"height":200},"classes":[]}],"_links":{"self":[{"href":"https:\/\/remchelangson.com.vn\/index.php?rest_route=\/wp\/v2\/product\/157","targetHints":{"allow":["GET"]}}],"collection":[{"href":"https:\/\/remchelangson.com.vn\/index.php?rest_route=\/wp\/v2\/product"}],"about":[{"href":"https:\/\/remchelangson.com.vn\/index.php?rest_route=\/wp\/v2\/types\/product"}],"replies":[{"embeddable":true,"href":"https:\/\/remchelangson.com.vn\/index.php?rest_route=%2Fwp%2Fv2%2Fcomments&post=157"}],"version-history":[{"count":7,"href":"https:\/\/remchelangson.com.vn\/index.php?rest_route=\/wp\/v2\/product\/157\/revisions"}],"predecessor-version":[{"id":486,"href":"https:\/\/remchelangson.com.vn\/index.php?rest_route=\/wp\/v2\/product\/157\/revisions\/486"}],"wp:featuredmedia":[{"embeddable":true,"href":"https:\/\/remchelangson.com.vn\/index.php?rest_route=\/wp\/v2\/media\/300"}],"wp:attachment":[{"href":"https:\/\/remchelangson.com.vn\/index.php?rest_route=%2Fwp%2Fv2%2Fmedia&parent=157"}],"wp:term":[{"taxonomy":"product_cat","embeddable":true,"href":"https:\/\/remchelangson.com.vn\/index.php?rest_route=%2Fwp%2Fv2%2Fproduct_cat&post=157"},{"taxonomy":"product_tag","embeddable":true,"href":"https:\/\/remchelangson.com.vn\/index.php?rest_route=%2Fwp%2Fv2%2Fproduct_tag&post=157"}],"curies":[{"name":"wp","href":"https:\/\/api.w.org\/{rel}","templated":true}]}}