{"id":363,"date":"2021-10-31T14:42:34","date_gmt":"2021-10-31T14:42:34","guid":{"rendered":"https:\/\/remchelangson.com.vn\/?post_type=product&#038;p=363"},"modified":"2026-04-27T05:22:40","modified_gmt":"2026-04-27T05:22:40","slug":"cua-luoi-chong-muoi-dang-xep","status":"publish","type":"product","link":"https:\/\/remchelangson.com.vn\/?product=cua-luoi-chong-muoi-dang-xep","title":{"rendered":"2. C\u1eecA L\u01af\u1edaI CH\u1ed0NG MU\u1ed6I D\u1ea0NG X\u1ebeP"},"content":{"rendered":"<div id=\"ez-toc-container\" class=\"ez-toc-v2_0_62 counter-hierarchy ez-toc-counter ez-toc-grey ez-toc-container-direction\">\n<div class=\"ez-toc-title-container\"><p class=\"ez-toc-title\">N\u1ed9i dung b&agrave;i vi\u1ebft<\/p>\n<\/div><nav><ul class='ez-toc-list ez-toc-list-level-1 ' ><li class='ez-toc-page-1 ez-toc-heading-level-1'><a class=\"ez-toc-link ez-toc-heading-1\" href=\"https:\/\/remchelangson.com.vn\/?product=cua-luoi-chong-muoi-dang-xep\/#2_CUA_LUOI_CHONG_MUOI_DANG_XEP\" title=\"2. C\u1eecA L\u01af\u1edaI CH\u1ed0NG MU\u1ed6I D\u1ea0NG X\u1ebeP\">2. C\u1eecA L\u01af\u1edaI CH\u1ed0NG MU\u1ed6I D\u1ea0NG X\u1ebeP<\/a><ul class='ez-toc-list-level-2' ><li class='ez-toc-heading-level-2'><a class=\"ez-toc-link ez-toc-heading-2\" href=\"https:\/\/remchelangson.com.vn\/?product=cua-luoi-chong-muoi-dang-xep\/#1_Cua_luoi_chong_muoi_dang_xep\" title=\"1. C\u1eeda l\u01b0\u1edbi ch\u1ed1ng mu\u1ed7i d\u1ea1ng x\u1ebfp\">1. C\u1eeda l\u01b0\u1edbi ch\u1ed1ng mu\u1ed7i d\u1ea1ng x\u1ebfp<\/a><\/li><li class='ez-toc-page-1 ez-toc-heading-level-2'><a class=\"ez-toc-link ez-toc-heading-3\" href=\"https:\/\/remchelangson.com.vn\/?product=cua-luoi-chong-muoi-dang-xep\/#2_Cau_tao_cua_luoi_chong_muoi_dang_xep\" title=\"2. C\u1ea5u t\u1ea1o c\u1eeda l\u01b0\u1edbi ch\u1ed1ng mu\u1ed7i d\u1ea1ng x\u1ebfp\">2. C\u1ea5u t\u1ea1o c\u1eeda l\u01b0\u1edbi ch\u1ed1ng mu\u1ed7i d\u1ea1ng x\u1ebfp<\/a><\/li><li class='ez-toc-page-1 ez-toc-heading-level-2'><a class=\"ez-toc-link ez-toc-heading-4\" href=\"https:\/\/remchelangson.com.vn\/?product=cua-luoi-chong-muoi-dang-xep\/#3_Uu_diem_cua_cua_luoi_chong_muoi\" title=\"3. \u01afu \u0111i\u1ec3m c\u1ee7a c\u1eeda l\u01b0\u1edbi ch\u1ed1ng mu\u1ed7i\">3. \u01afu \u0111i\u1ec3m c\u1ee7a c\u1eeda l\u01b0\u1edbi ch\u1ed1ng mu\u1ed7i<\/a><\/li><li class='ez-toc-page-1 ez-toc-heading-level-2'><a class=\"ez-toc-link ez-toc-heading-5\" href=\"https:\/\/remchelangson.com.vn\/?product=cua-luoi-chong-muoi-dang-xep\/#5_Bao_gia_cua_luoi_chong_muoi_con_trung\" title=\"5. B\u00e1o gi\u00e1 c\u1eeda l\u01b0\u1edbi ch\u1ed1ng mu\u1ed7i c\u00f4n tr\u00f9ng\">5. B\u00e1o gi\u00e1 c\u1eeda l\u01b0\u1edbi ch\u1ed1ng mu\u1ed7i c\u00f4n tr\u00f9ng<\/a><\/li><\/ul><\/li><\/ul><\/nav><\/div>\n<h1><span class=\"ez-toc-section\" id=\"2_CUA_LUOI_CHONG_MUOI_DANG_XEP\"><\/span><span style=\"font-family: arial, helvetica, sans-serif;\">2. C\u1eecA L\u01af\u1edaI CH\u1ed0NG MU\u1ed6I D\u1ea0NG X\u1ebeP<\/span><span class=\"ez-toc-section-end\"><\/span><\/h1>\n<p><span style=\"font-family: arial, helvetica, sans-serif;\">Mu\u1ed7i l\u00e0 lo\u1ea1i c\u00f4n tr\u00f9ng \u0111\u1eb7c bi\u1ec7t nguy hi\u1ec3m, chuy\u00ean h\u00fat m\u00e1u ng\u01b0\u1eddi v\u00e0 truy\u1ec1n b\u1ec7nh. Nh\u1ea5t l\u00e0 th\u1eddi \u0111i\u1ec3m giao m\u00f9a, th\u1eddi ti\u1ebft \u1ea9m \u01b0\u1edbt l\u00e0 l\u00fac mu\u1ed7i ph\u00e1t tri\u1ec3n, sinh s\u00f4i, n\u1ea3y n\u1edf. H\u00e0ng n\u0103m, bi\u1ebft bao ng\u01b0\u1eddi d\u00e2n m\u1ea5t \u0111i v\u00ec b\u1ec7nh s\u1ed1t xu\u1ea5t huy\u1ebft, tr\u1ebb con m\u1eafc b\u1ec7nh truy\u1ec1n nhi\u1ec5m t\u1eeb mu\u1ed7i.<\/span><\/p>\n<p><span style=\"font-family: arial, helvetica, sans-serif;\">R\u00e8m Che L\u1ea1ng S\u01a1n &#8211; R\u00e8m Linh Ng\u00e2n chuy\u00ean thi c\u00f4ng c\u1eeda l\u01b0\u1edbi ch\u1ed1ng mu\u1ed7i, c\u00f4n tr\u00f9ng. \u0110\u01a1n v\u1ecb thi c\u00f4ng c\u1eeda l\u01b0\u1edbi ch\u1ed1ng mu\u1ed7i uy t\u00edn, b\u1ec1n \u0111\u1eb9p t\u1ea1i L\u1ea1ng S\u01a1n, Qu\u1ea3ng Ninh.<\/span><\/p>\n<p><span style=\"font-family: arial, helvetica, sans-serif;\">C\u1eeda ch\u1ed1ng mu\u1ed7i tr\u00ean th\u1ecb tr\u01b0\u1eddng c\u00f3 r\u1ea5t nhi\u1ec1u lo\u1ea1i v\u00e0 m\u1eabu m\u00e3 \u0111a d\u1ea1ng. V\u1ec1 t\u00ednh n\u0103ng s\u1eed d\u1ee5ng th\u00ec tr\u00ean th\u1ecb tr\u01b0\u1eddng c\u00f3 1 s\u1ed1 lo\u1ea1i th\u1ecbnh h\u00e0nh nh\u01b0: c\u1eeda l\u01b0\u1edbi ch\u1ed1ng mu\u1ed7i d\u1ea1ng x\u1ebfp, c\u1eeda l\u01b0\u1edbi ch\u1ed1ng mu\u1ed7i t\u1ef1 cu\u1ed1n, c\u1eeda l\u00f9a, c\u1eeda k\u1ebft h\u1ee3p gi\u1eefa d\u1ea1ng x\u1ebfp v\u00e0 r\u00e8m t\u1ed5 ong.<\/span><\/p>\n<h2><span class=\"ez-toc-section\" id=\"1_Cua_luoi_chong_muoi_dang_xep\"><\/span><span style=\"color: #666699; font-family: arial, helvetica, sans-serif;\">1. C\u1eeda l\u01b0\u1edbi ch\u1ed1ng mu\u1ed7i d\u1ea1ng x\u1ebfp<\/span><span class=\"ez-toc-section-end\"><\/span><\/h2>\n<p><span style=\"font-family: arial, helvetica, sans-serif;\">C\u1eeda l\u01b0\u1edbi x\u1ebfp ch\u1ed1ng mu\u1ed7i \u0111\u01b0\u1ee3c thi\u1ebft k\u1ebf kh\u00e1 \u0111\u1eb7c bi\u1ec7t b\u1edfi ki\u1ec3u d\u00e1ng thanh l\u1ecbch. Ki\u1ebfn tr\u00fac x\u1ebfp gi\u1ed1ng nh\u01b0 h\u00ecnh nam qu\u1ea1t t\u1ea1o ra s\u1ef1 ti\u1ec7n d\u1ee5ng, g\u1ecdn g\u00e0ng v\u00e0 hi\u1ec7u \u1ee9ng th\u1ea9m m\u1ef9 b\u1eaft m\u1eaft. \u0110\u1eb7c bi\u1ec7t, d\u1ea1ng c\u1eeda l\u01b0\u1edbi d\u1ea1ng x\u1ebfp n\u00e0y ph\u00f9 h\u1ee3p v\u1edbi c\u00e1c thi\u1ebft k\u1ebf nh\u00e0 \u1edf t\u1eeb hi\u1ec7n \u0111\u1ea1i cho \u0111\u1ebfn phong c\u00e1ch thi\u1ebft k\u1ebf c\u1ed5 \u0111i\u1ec3n.<\/span><\/p>\n<p><span style=\"font-family: arial, helvetica, sans-serif;\">C\u1eeda l\u01b0\u1edbi ch\u1ed1ng mu\u1ed7i d\u1ea1ng x\u1ebfp c\u00f3 c\u00e1c lo\u1ea1i nh\u01b0: x\u1ebfp 2 c\u00e1nh v\u00e0 x\u1ebfp 1 c\u00e1nh. Ngo\u00e0i ra, c\u1eeda d\u1ea1ng x\u1ebfp c\u00f2n c\u00f3 c\u00e1c lo\u1ea1i c\u1eeda d\u1ea1ng x\u1ebfp c\u00f3 ray, d\u1ea1ng c\u1eeda x\u1ebfp kh\u00f4ng ray. Th\u00edch h\u1ee3p cho c\u1eeda \u0111i ch\u00ednh, gi\u00fap cho vi\u1ec7c \u0111i l\u1ea1i \u0111\u01b0\u1ee3c d\u1ec5 d\u00e0ng, ti\u1ec7n l\u1ee3i, an to\u00e0n.<\/span><\/p>\n<p><span style=\"font-family: arial, helvetica, sans-serif;\">C\u1eeda l\u01b0\u1edbi x\u1ebfp ch\u1ed1ng mu\u1ed7i th\u00edch h\u1ee3p cho c\u00e1c nh\u00e0 bi\u1ec7t th\u1ef1 cao t\u1ea7ng v\u00e0 khu chung c\u01b0 cao c\u1ea5p.<\/span><\/p>\n<h2><span class=\"ez-toc-section\" id=\"2_Cau_tao_cua_luoi_chong_muoi_dang_xep\"><\/span><span style=\"color: #666699; font-family: arial, helvetica, sans-serif;\">2. C\u1ea5u t\u1ea1o c\u1eeda l\u01b0\u1edbi ch\u1ed1ng mu\u1ed7i d\u1ea1ng x\u1ebfp<\/span><span class=\"ez-toc-section-end\"><\/span><\/h2>\n<p style=\"background: white; margin: 0cm 0cm 7.5pt 0cm;\"><span style=\"font-size: 12pt; font-family: arial, helvetica, sans-serif; color: #333333;\">C\u1eeda l\u01b0\u1edbi ch\u1ed1ng mu\u1ed7i thi\u1ebft k\u1ebf g\u1ed3m c\u00e1c b\u1ed9 ph\u1eadn ch\u00ednh nh\u01b0:\u00a0<\/span><\/p>\n<p style=\"background: white; box-sizing: border-box; font-variant-ligatures: normal; font-variant-caps: normal; orphans: 2; text-align: start; widows: 2; -webkit-text-stroke-width: 0px; word-spacing: 0px; margin: 0cm 0cm 7.5pt;\"><span style=\"font-size: 12pt; font-family: arial, helvetica, sans-serif; color: #333333;\">&#8211; \u00a0Khung nh\u00f4m d\u1ecdc \u0111\u01b0\u1ee3c l\u00e0m t\u1eeb nh\u00f4m \u0111\u1ecbnh h\u00ecnh cao c\u1ea5p, kh\u00f4ng r\u1ec9 s\u00e9t, kh\u00f4ng cong v\u00eanh. C\u00f3 nhi\u1ec1u m\u00e0u s\u1eafc tinh t\u1ebf \u0111a d\u1ea1ng. Th\u00edch h\u1ee3p v\u1edbi nh\u1eefng ki\u1ebfn tr\u00fac nh\u00e0 t\u1eeb c\u1ed5 \u0111i\u1ec3n \u0111\u1ebfn hi\u1ec7n \u0111\u1ea1i cho kh\u00e1ch h\u00e0ng l\u1ef1a ch\u1ecdn.<\/span><\/p>\n<p style=\"background: white; box-sizing: border-box; font-variant-ligatures: normal; font-variant-caps: normal; orphans: 2; text-align: start; widows: 2; -webkit-text-stroke-width: 0px; word-spacing: 0px; margin: 0cm 0cm 7.5pt;\"><span style=\"font-size: 12pt; font-family: arial, helvetica, sans-serif; color: #333333;\">&#8211; \u00a0Thanh k\u00e9o l\u00e0 thanh \u0111\u1ec3 kh\u00e1ch h\u00e0ng s\u1eed d\u1ee5ng thao t\u00e1c \u0111\u00f3ng, m\u1edf c\u1eeda d\u1ec5 d\u00e0ng.<\/span><\/p>\n<p style=\"background: white; box-sizing: border-box; font-variant-ligatures: normal; font-variant-caps: normal; orphans: 2; text-align: start; widows: 2; -webkit-text-stroke-width: 0px; word-spacing: 0px; margin: 0cm 0cm 7.5pt;\"><span style=\"font-size: 12pt; font-family: arial, helvetica, sans-serif; color: #333333;\">&#8211; \u00a0Thanh ray g\u1ed3m thanh ray d\u01b0\u1edbi v\u00e0 thanh ray tr\u00ean c\u1ee7a c\u1eeda.<\/span><\/p>\n<p style=\"background: white; box-sizing: border-box; font-variant-ligatures: normal; font-variant-caps: normal; orphans: 2; text-align: start; widows: 2; -webkit-text-stroke-width: 0px; word-spacing: 0px; margin: 0cm 0cm 7.5pt;\"><span style=\"font-size: 12pt; font-family: arial, helvetica, sans-serif; color: #333333;\">&#8211; \u00a0L\u01b0\u1edbi ch\u1ed1ng mu\u1ed7i l\u00e0 l\u01b0\u1edbi \u0111\u01b0\u1ee3c \u0111an d\u1ec7t m\u1ed9t c\u00e1ch kh\u00e9o l\u00e9o, tinh t\u1ebf theo ki\u1ec3u nan qu\u1ea1t, gi\u00fap d\u1ec5 d\u00e0ng x\u1ebfp g\u1ecdn g\u00e0ng.<\/span><\/p>\n<p><span style=\"font-family: arial, helvetica, sans-serif;\"><img loading=\"lazy\" decoding=\"async\" class=\"wp-image-350 size-full aligncenter\" src=\"https:\/\/i2.wp.com\/remchelangson.com.vn\/wp-content\/uploads\/2021\/10\/cau-tao-luoi-chong-muoi-dang-xep-tai-lang-son.jpg?resize=600%2C400&#038;ssl=1\" alt=\"\" width=\"600\" height=\"400\" title=\"\" srcset=\"https:\/\/i2.wp.com\/remchelangson.com.vn\/wp-content\/uploads\/2021\/10\/cau-tao-luoi-chong-muoi-dang-xep-tai-lang-son.jpg?w=600&amp;ssl=1 600w, https:\/\/i2.wp.com\/remchelangson.com.vn\/wp-content\/uploads\/2021\/10\/cau-tao-luoi-chong-muoi-dang-xep-tai-lang-son.jpg?resize=300%2C200&amp;ssl=1 300w, https:\/\/i2.wp.com\/remchelangson.com.vn\/wp-content\/uploads\/2021\/10\/cau-tao-luoi-chong-muoi-dang-xep-tai-lang-son.jpg?resize=200%2C133&amp;ssl=1 200w\" sizes=\"auto, (max-width: 600px) 100vw, 600px\" data-recalc-dims=\"1\" \/><\/span><\/p>\n<h2><span class=\"ez-toc-section\" id=\"3_Uu_diem_cua_cua_luoi_chong_muoi\"><\/span><span style=\"color: #666699; font-family: arial, helvetica, sans-serif;\"><strong>3. \u01afu \u0111i\u1ec3m c\u1ee7a <a href=\"http:\/\/www.tienichthongminh.com.vn\/cua-luoi-chong-muoi-tu-cuon_n238.html\" rel=\"noopener\">c\u1eeda l\u01b0\u1edbi ch\u1ed1ng mu\u1ed7i<\/a><\/strong><\/span><span class=\"ez-toc-section-end\"><\/span><\/h2>\n<p><span style=\"font-family: arial, helvetica, sans-serif;\">&#8211; \u00a0C\u1eeda c\u00f3 th\u1ec3 l\u1eafp \u0111\u01b0\u1ee3c b\u00ean trong ho\u1eb7c ngo\u00e0i khung c\u1eeda c\u1ea7n l\u1eafp.<\/span><\/p>\n<p><span style=\"font-family: arial, helvetica, sans-serif;\">&#8211; \u00a0S\u1ea3n ph\u1ea9m c\u00f3 \u0111\u1ed9 th\u1ea9m m\u1ef9 cao, d\u1ec5 d\u00e0ng trong vi\u1ec7c l\u1eafp \u0111\u1eb7t ti\u1ec7n l\u1ee3i khi s\u1eed d\u1ee5ng, c\u00f3 th\u1ec3 th\u00e1o l\u1eafp v\u1ec7 sinh d\u1ec5 d\u00e0ng khi kh\u00f4ng c\u00f3 nhu c\u1ea7u s\u1eed d\u1ee5ng.<\/span><\/p>\n<p><span style=\"font-family: arial, helvetica, sans-serif;\">&#8211; \u00a0Ph\u00f9 h\u1ee3p v\u1edbi c\u00e1c lo\u1ea1i c\u1eeda c\u00f3 k\u00edch th\u01b0\u1edbc l\u1edbn, c\u00e1c nh\u00e0 cao t\u1ea7ng \u00a0chung c\u01b0 cao c\u1ea5p<\/span><\/p>\n<p><span style=\"font-family: arial, helvetica, sans-serif;\">&#8211; \u00a0C\u00f3 th\u1ec3 s\u1eed d\u1ee5ng v\u1edbi c\u00e1c lo\u1ea1i c\u1eeda c\u00f3 k\u00edch th\u01b0\u1edbc l\u1edbn m\u00e0 \u0111\u1ea3m b\u1ea3o kh\u00f4ng \u1ea3nh h\u01b0\u1edfng \u0111\u1ebfn \u0111\u1ed9 th\u1ea9m m\u1ef9 c\u0169ng nh\u01b0 ch\u1ea5t l\u01b0\u1ee3ng c\u1eeda. S\u1eed d\u1ee5ng d\u1ec5 d\u00e0ng.<\/span><\/p>\n<p><span style=\"font-family: arial, helvetica, sans-serif;\"><img loading=\"lazy\" decoding=\"async\" class=\"aligncenter wp-image-364 size-full\" src=\"https:\/\/i1.wp.com\/remchelangson.com.vn\/wp-content\/uploads\/2021\/10\/bao-gia-cua-luoi-chong-muoi-gia-re-4.jpg?resize=600%2C600&#038;ssl=1\" alt=\"cua-luoi-chong-muoi-dang-xep-tai-quang-ninh\" width=\"600\" height=\"600\" title=\"\" srcset=\"https:\/\/i1.wp.com\/remchelangson.com.vn\/wp-content\/uploads\/2021\/10\/bao-gia-cua-luoi-chong-muoi-gia-re-4.jpg?w=600&amp;ssl=1 600w, https:\/\/i1.wp.com\/remchelangson.com.vn\/wp-content\/uploads\/2021\/10\/bao-gia-cua-luoi-chong-muoi-gia-re-4.jpg?resize=300%2C300&amp;ssl=1 300w, https:\/\/i1.wp.com\/remchelangson.com.vn\/wp-content\/uploads\/2021\/10\/bao-gia-cua-luoi-chong-muoi-gia-re-4.jpg?resize=150%2C150&amp;ssl=1 150w, https:\/\/i1.wp.com\/remchelangson.com.vn\/wp-content\/uploads\/2021\/10\/bao-gia-cua-luoi-chong-muoi-gia-re-4.jpg?resize=200%2C200&amp;ssl=1 200w, https:\/\/i1.wp.com\/remchelangson.com.vn\/wp-content\/uploads\/2021\/10\/bao-gia-cua-luoi-chong-muoi-gia-re-4.jpg?resize=100%2C100&amp;ssl=1 100w\" sizes=\"auto, (max-width: 600px) 100vw, 600px\" data-recalc-dims=\"1\" \/><\/span><\/p>\n<p><span style=\"font-family: arial, helvetica, sans-serif;\"><img loading=\"lazy\" decoding=\"async\" class=\"aligncenter wp-image-365 size-full\" src=\"https:\/\/i0.wp.com\/remchelangson.com.vn\/wp-content\/uploads\/2021\/10\/cua-luoi-chong-muoi-con-trung-gia-re-ben-dep-tai-lang-son.jpg?resize=600%2C447&#038;ssl=1\" alt=\"thi-cong-cua-luoi-chong-muoi-dang-xep-tai-lang-son\" width=\"600\" height=\"447\" title=\"\" srcset=\"https:\/\/i0.wp.com\/remchelangson.com.vn\/wp-content\/uploads\/2021\/10\/cua-luoi-chong-muoi-con-trung-gia-re-ben-dep-tai-lang-son.jpg?w=600&amp;ssl=1 600w, https:\/\/i0.wp.com\/remchelangson.com.vn\/wp-content\/uploads\/2021\/10\/cua-luoi-chong-muoi-con-trung-gia-re-ben-dep-tai-lang-son.jpg?resize=300%2C224&amp;ssl=1 300w, https:\/\/i0.wp.com\/remchelangson.com.vn\/wp-content\/uploads\/2021\/10\/cua-luoi-chong-muoi-con-trung-gia-re-ben-dep-tai-lang-son.jpg?resize=200%2C149&amp;ssl=1 200w\" sizes=\"auto, (max-width: 600px) 100vw, 600px\" data-recalc-dims=\"1\" \/><\/span><\/p>\n<p style=\"text-align: center;\"><span style=\"font-family: arial, helvetica, sans-serif;\"><a href=\"https:\/\/remchelangson.com.vn\/?p=341\">Chuy\u00ean thi c\u00f4ng, cung c\u1ea5p c\u1eeda l\u01b0\u1edbi ch\u1ed1ng mu\u1ed7i d\u1ea1ng x\u1ebfp<\/a><\/span><\/p>\n<h2><span class=\"ez-toc-section\" id=\"5_Bao_gia_cua_luoi_chong_muoi_con_trung\"><\/span><span style=\"color: #666699;\">5. B\u00e1o gi\u00e1 c\u1eeda l\u01b0\u1edbi ch\u1ed1ng mu\u1ed7i c\u00f4n tr\u00f9ng<\/span><span class=\"ez-toc-section-end\"><\/span><\/h2>\n<div id=\"tablepress-3_wrapper\" class=\"dataTables_wrapper no-footer\">\n<div id=\"tablepress-3_filter\" class=\"dataTables_filter\"><\/div>\n<table id=\"tablepress-3\" class=\"tablepress tablepress-id-3 dataTable no-footer\" style=\"height: 220px;\" width=\"1148\" aria-describedby=\"tablepress-3_info\">\n<caption><a href=\"https:\/\/remchelangson.com.vn\/wp-admin\/admin.php?page=tablepress&amp;action=edit&amp;table_id=3\" rel=\"nofollow\">Ch\u1ec9nh s\u1eeda<\/a><\/caption>\n<thead>\n<tr class=\"row-1 odd\">\n<th class=\"column-1 sorting\" tabindex=\"0\" colspan=\"1\" rowspan=\"1\" aria-controls=\"tablepress-3\" aria-label=\" STT: activate to sort column ascending\">STT<\/th>\n<th class=\"column-2 sorting\" tabindex=\"0\" colspan=\"1\" rowspan=\"1\" aria-controls=\"tablepress-3\" aria-label=\" S\u1ea3n Ph\u1ea9m: activate to sort column ascending\">S\u1ea3n Ph\u1ea9m<\/th>\n<th class=\"column-3 sorting\" tabindex=\"0\" colspan=\"1\" rowspan=\"1\" aria-controls=\"tablepress-3\" aria-label=\"\u0110\u01a1n V\u1ecb (m2): activate to sort column ascending\">\u0110\u01a1n V\u1ecb (m2)<\/th>\n<th class=\"column-4 sorting\" tabindex=\"0\" colspan=\"1\" rowspan=\"1\" aria-controls=\"tablepress-3\" aria-label=\" Gi\u00e1 (VN\u0110\/m2): activate to sort column ascending\">Gi\u00e1 (VN\u0110\/m2)<\/th>\n<th class=\"column-5 sorting\" tabindex=\"0\" colspan=\"1\" rowspan=\"1\" aria-controls=\"tablepress-3\" aria-label=\" Ghi ch\u00fa: activate to sort column ascending\">Ghi ch\u00fa<\/th>\n<\/tr>\n<\/thead>\n<tbody class=\"row-hover\">\n<tr class=\"row-2 even\">\n<td class=\"column-1\" style=\"text-align: center;\">1<\/td>\n<td class=\"column-2\">C\u1eeda l\u01b0\u1edbi ch\u1ed1ng mu\u1ed7i t\u1ef1 cu\u1ed1n<\/td>\n<td class=\"column-3\" style=\"text-align: center;\">m2<\/td>\n<td class=\"column-4\" style=\"text-align: center;\">600.000\u0111 &#8211; 650.000\u0111<\/td>\n<td class=\"column-5\">D\u01b0\u1edbi 1m2 t\u00ednh b\u1eb1ng 1m2<\/td>\n<\/tr>\n<tr class=\"row-3 odd\">\n<td class=\"column-1\" style=\"text-align: center;\">2<\/td>\n<td class=\"column-2\">C\u1eeda l\u01b0\u1edbi ch\u1ed1ng mu\u1ed7i t\u1ef1 cu\u1ed1n gi\u1ea3m t\u1ed1c<\/td>\n<td class=\"column-3\" style=\"text-align: center;\">m2<\/td>\n<td class=\"column-4\" style=\"text-align: center;\">650.000\u0111 &#8211; 750.000\u0111<\/td>\n<td class=\"column-5\">D\u01b0\u1edbi 1m2 t\u00ednh b\u1eb1ng 1m2<\/td>\n<\/tr>\n<tr class=\"row-4 even\">\n<td class=\"column-1\" style=\"text-align: center;\">3<\/td>\n<td class=\"column-2\">C\u1eeda l\u01b0\u1edbi ch\u1ed1ng mu\u1ed7i d\u1ea1ng x\u1ebfp kh\u00f4ng n\u00fam tay<\/td>\n<td class=\"column-3\" style=\"text-align: center;\">m2<\/td>\n<td class=\"column-4\" style=\"text-align: center;\">650.000\u0111 &#8211; 750.000\u0111<\/td>\n<td class=\"column-5\">D\u01b0\u1edbi 1m2 t\u00ednh b\u1eb1ng 1m2<\/td>\n<\/tr>\n<tr class=\"row-5 odd\">\n<td class=\"column-1\" style=\"text-align: center;\">4<\/td>\n<td class=\"column-2\">C\u1eeda l\u01b0\u1edbi ch\u1ed1ng mu\u1ed7i d\u1ea1ng x\u1ebfp tay k\u00e9o<\/td>\n<td class=\"column-3\" style=\"text-align: center;\">m2<\/td>\n<td class=\"column-4\" style=\"text-align: center;\">750.000 &#8211; 850.000\u0111<\/td>\n<td class=\"column-5\">D\u01b0\u1edbi 1m2 t\u00ednh b\u1eb1ng 1m2<\/td>\n<\/tr>\n<\/tbody>\n<\/table>\n<\/div>\n<p class=\"has-vivid-red-color has-text-color has-medium-font-size\"><span style=\"font-size: 14pt; color: #ff0000; font-family: arial, helvetica, sans-serif;\"><strong>C\u1ea3m \u01a1n qu\u00fd kh\u00e1ch \u0111\u00e3 tham kh\u1ea3o s\u1ea3n ph\u1ea9m c\u1ee7a ch\u00fang t\u00f4i.<\/strong><\/span><\/p>\n<p class=\"has-vivid-red-color has-text-color has-medium-font-size\"><span style=\"font-size: 14pt; color: #ff0000; font-family: arial, helvetica, sans-serif;\"><strong>M\u1ecdi chi ti\u1ebft c\u1ea7n l\u1eafp \u0111\u1eb7t hay t\u01b0 v\u1ea5n l\u1eafp \u0111\u1eb7t xin vui l\u00f2ng li\u00ean h\u1ec7: 0962.212.060<\/strong><\/span><\/p>\n<p><span style=\"font-family: arial, helvetica, sans-serif;\">Https:www.remcualangson.com.vn<\/span><\/p>\n<p>&nbsp;<\/p>\n<p>&nbsp;<\/p>\n","protected":false},"excerpt":{"rendered":"<p>Mu\u1ed7i l\u00e0 lo\u1ea1i c\u00f4n tr\u00f9ng \u0111\u1eb7c bi\u1ec7t nguy hi\u1ec3m, chuy\u00ean h\u00fat m\u00e1u ng\u01b0\u1eddi v\u00e0 truy\u1ec1n b\u1ec7nh. Nh\u1ea5t l\u00e0 th\u1eddi \u0111i\u1ec3m giao m\u00f9a, th\u1eddi ti\u1ebft \u1ea9m \u01b0\u1edbt l\u00e0 l\u00fac mu\u1ed7i ph\u00e1t tri\u1ec3n, sinh s\u00f4i, n\u1ea3y n\u1edf. H\u00e0ng n\u0103m, bi\u1ebft bao ng\u01b0\u1eddi d\u00e2n m\u1ea5t \u0111i v\u00ec b\u1ec7nh s\u1ed1t xu\u1ea5t huy\u1ebft, tr\u1ebb con m\u1eafc b\u1ec7nh truy\u1ec1n nhi\u1ec5m t\u1eeb mu\u1ed7i.<\/p>\n","protected":false},"featured_media":366,"comment_status":"open","ping_status":"closed","template":"","meta":{"spay_email":""},"product_cat":[31],"product_tag":[],"class_list":{"0":"post-363","1":"product","2":"type-product","3":"status-publish","4":"has-post-thumbnail","6":"product_cat-cua-luoi-chong-muoi","8":"first","9":"instock","10":"shipping-taxable","11":"product-type-simple"},"jetpack-related-posts":[{"id":614,"url":"https:\/\/remchelangson.com.vn\/?product=cua-luoi-chong-muoi-tu-cuon","url_meta":{"origin":363,"position":0},"title":"1. C\u1eecA L\u01af\u1edaI CH\u1ed0NG MU\u1ed6I T\u1ef0 CU\u1ed0N","date":"14 Th\u00e1ng 2, 2022","format":false,"excerpt":"C\u1eecA L\u01af\u1edaI CH\u1ed0NG MU\u1ed6I T\u1ef0 CU\u1ed0N R\u00e8m che L\u1ea1ng S\u01a1n - Chuy\u00ean cung c\u1ea5p, thi c\u00f4ng c\u1eeda l\u01b0\u1edbi ch\u1ed1ng mu\u1ed7i t\u1ef1 cu\u1ed1n t\u1ea1i Qu\u1ea3ng Ninh, L\u1ea1ng S\u01a1n. Mu\u1ed7i l\u00e0 lo\u1ea1i c\u00f4n tr\u00f9ng \u0111\u1eb7c bi\u1ec7t nguy hi\u1ec3m, chuy\u00ean h\u00fat m\u00e1u ng\u01b0\u1eddi v\u00e0 truy\u1ec1n b\u1ec7nh. Nh\u1ea5t l\u00e0 th\u1eddi \u0111i\u1ec3m giao m\u00f9a, th\u1eddi\u2026","rel":"","context":"Similar post","img":{"alt_text":"","src":"https:\/\/i2.wp.com\/remchelangson.com.vn\/wp-content\/uploads\/2022\/02\/cua-luoi-chong-muoi-tu-cuon-tai-quang-ninh-2.jpg?fit=700%2C700&ssl=1&resize=350%2C200","width":350,"height":200},"classes":[]},{"id":622,"url":"https:\/\/remchelangson.com.vn\/?product=lap-cua-luoi-chong-muoi-con-trung-cam-pha","url_meta":{"origin":363,"position":1},"title":"L\u1eaeP C\u1eecA L\u01af\u1edaI CH\u1ed0NG MU\u1ed6I C\u00d4N TR\u00d9NG C\u1ea8M PH\u1ea2","date":"17 Th\u00e1ng 2, 2022","format":false,"excerpt":"R\u00e8m che L\u1ea1ng S\u01a1n \u2013 \u0110\u1ea1i l\u00fd gi\u00e0n ph\u01a1i th\u00f4ng minh L\u1ea1ng S\u01a1n chuy\u00ean: \u2013\u00a0Gi\u00e0n ph\u01a1i qu\u1ea7n \u00e1o\u00a0th\u00f4ng minh \u2013\u00a0B\u1ea1t che ban c\u00f4ng, b\u1ea1t m\u00e1i hi\u00ean m\u00e1i x\u1ebfp, b\u1ea1t t\u1ef1 cu\u1ed1n, b\u1ea1t che gi\u1ebfng tr\u1eddi \u2013 L\u01b0\u1edbi b\u1ea3o v\u1ec7 an to\u00e0n ban c\u00f4ng, c\u1ea7u thang \u2013 R\u00e8m cu\u1ed1n, r\u00e8m l\u00e1\u2026","rel":"","context":"Similar post","img":{"alt_text":"","src":"https:\/\/i0.wp.com\/remchelangson.com.vn\/wp-content\/uploads\/2022\/02\/cua-luoi-chong-muoi-gia-re-tai-cam-pha-quang-ninh.jpg?fit=700%2C700&ssl=1&resize=350%2C200","width":350,"height":200},"classes":[]},{"id":955,"url":"https:\/\/remchelangson.com.vn\/?product=cua-luoi-chong-muoi-con-trung-quang-yen","url_meta":{"origin":363,"position":2},"title":"L\u1eaeP C\u1eecA L\u01af\u1edaI CH\u1ed0NG MU\u1ed6I C\u00d4N TR\u00d9NG QU\u1ea2NG Y\u00caN","date":"6 Th\u00e1ng 2, 2023","format":false,"excerpt":"Chuy\u00ean cung c\u1ea5p,thi c\u00f4ng l\u1eafp \u0111\u1eb7t c\u1eeda l\u01b0\u1edbi ch\u1ed1ng mu\u1ed7i c\u00f4n tr\u00f9ng Qu\u1ea3ng Y\u00ean Qu\u1ea3ng Ninh v\u00e0 c\u00e1c khu v\u1ef1c nh\u01b0 C\u1ea9m Ph\u1ea3, V\u00e2n \u0110\u1ed3n, Ti\u00ean Y\u00ean, Ba ch\u1ebd, H\u1ea1 Long\u2026.","rel":"","context":"Similar post","img":{"alt_text":"","src":"https:\/\/i0.wp.com\/remchelangson.com.vn\/wp-content\/uploads\/2023\/02\/thi-cong-cua-luoi-chong-muoi-tai-quang-yen.jpg?fit=700%2C525&ssl=1&resize=350%2C200","width":350,"height":200},"classes":[]},{"id":783,"url":"https:\/\/remchelangson.com.vn\/?product=lap-cua-luoi-chong-muoi-con-trung-tai-uong-bi","url_meta":{"origin":363,"position":3},"title":"C\u1eecA L\u01af\u1edaI CH\u1ed0NG MU\u1ed6I C\u00d4N TR\u00d9NG T\u1ea0I U\u00d4NG B\u00cd","date":"30 Th\u00e1ng 4, 2022","format":false,"excerpt":"C\u1eecA L\u01af\u1edaI CH\u1ed0NG MU\u1ed6I C\u00d4N TR\u00d9NG T\u1ea0I U\u00d4NG B\u00cd Chuy\u00ean cung c\u1ea5p, thi c\u00f4ng, l\u1eafp c\u1eeda l\u01b0\u1edbi ch\u1ed1ng mu\u1ed7i c\u00f4n tr\u00f9ng t\u1ea1i U\u00f4ng B\u00ed Qu\u1ea3ng Ninh v\u00e0 c\u00e1c khu v\u1ef1c l\u00e2n c\u1eadn nh\u01b0: \u0110\u00f4ng Tri\u1ec1u, Qu\u1ea3ng Y\u00ean, H\u1ea1 Long, Ho\u00e0nh B\u1ed3....","rel":"","context":"Similar post","img":{"alt_text":"","src":"https:\/\/i1.wp.com\/remchelangson.com.vn\/wp-content\/uploads\/2022\/02\/cua-hang-lap-luoi-muoi-con-trung-tai-ha-long-quang-ninh.jpg?fit=700%2C700&ssl=1&resize=350%2C200","width":350,"height":200},"classes":[]},{"id":1023,"url":"https:\/\/remchelangson.com.vn\/?product=cua-luoi-chong-muoi-con-trung-dong-trieu","url_meta":{"origin":363,"position":4},"title":"3. C\u1eecA L\u01af\u1edaI CH\u1ed0NG MU\u1ed6I C\u00d4N TR\u00d9NG \u0110\u00d4NG TRI\u1ec0U","date":"25 Th\u00e1ng 7, 2023","format":false,"excerpt":"Chuy\u00ean cung c\u1ea5p, thi c\u00f4ng c\u1eeda x\u1ebfp ch\u1ed1ng mu\u1ed7i c\u00f4n tr\u00f9ng t\u1ea1i \u0110\u00f4ng Tri\u1ec1u v\u00e0 c\u00e1c khu v\u1ef1c l\u00e2n c\u1eadn nh\u01b0: H\u1ea1 Long, U\u00f4ng B\u00ed, Qu\u1ea3ng Y\u00ean, C\u1ea9m Ph\u1ea3, V\u00e2n \u0110\u1ed3n, M\u00f3ng C\u00e1i\u2026. C\u1eeda l\u01b0\u1edbi ch\u1ed1ng mu\u1ed7i g\u1ea5p x\u1ebfp l\u00e0 m\u1ed9t trong nh\u1eefng model c\u1eeda l\u01b0\u1edbi m\u1edbi nh\u1ea5t hi\u1ec7n nay\u2026","rel":"","context":"Similar post","img":{"alt_text":"","src":"https:\/\/i2.wp.com\/remchelangson.com.vn\/wp-content\/uploads\/2023\/07\/cua-luoi-chong-muoi-dang-xep-dong-trieu2g.jpg?fit=600%2C570&ssl=1&resize=350%2C200","width":350,"height":200},"classes":[]},{"id":646,"url":"https:\/\/remchelangson.com.vn\/?product=thi-cong-cua-luoi-chong-muoi-tai-mong-cai","url_meta":{"origin":363,"position":5},"title":"THI C\u00d4NG CUNG C\u1ea4P C\u1eecA L\u01af\u1edaI CH\u1ed0NG MU\u1ed6I T\u1ea0I M\u00d3NG C\u00c1I","date":"19 Th\u00e1ng 2, 2022","format":false,"excerpt":"C\u00f4ng ty TNHH Tr\u01b0\u1eddng Th\u00e0nh 68 chuy\u00ean: \u2013\u00a0Gi\u00e0n ph\u01a1i qu\u1ea7n \u00e1o\u00a0th\u00f4ng minh \u2013\u00a0B\u1ea1t che ban c\u00f4ng, b\u1ea1t m\u00e1i hi\u00ean m\u00e1i x\u1ebfp, b\u1ea1t t\u1ef1 cu\u1ed1n, b\u1ea1t che gi\u1ebfng tr\u1eddi \u2013 L\u01b0\u1edbi b\u1ea3o v\u1ec7 an to\u00e0n ban c\u00f4ng, c\u1ea7u thang. C\u1eeda l\u01b0\u1edbi ch\u1ed1ng mu\u1ed7i c\u00f4n tr\u00f9ng \u2013 R\u00e8m cu\u1ed1n, r\u00e8m l\u00e1 v\u0103n\u2026","rel":"","context":"Similar post","img":{"alt_text":"","src":"https:\/\/i0.wp.com\/remchelangson.com.vn\/wp-content\/uploads\/2022\/02\/cua-luoi-chong-muoi-con-trung-uy-tin-ben-re-tai-mong-cai-quang-ninh.jpg?fit=700%2C700&ssl=1&resize=350%2C200","width":350,"height":200},"classes":[]}],"_links":{"self":[{"href":"https:\/\/remchelangson.com.vn\/index.php?rest_route=\/wp\/v2\/product\/363","targetHints":{"allow":["GET"]}}],"collection":[{"href":"https:\/\/remchelangson.com.vn\/index.php?rest_route=\/wp\/v2\/product"}],"about":[{"href":"https:\/\/remchelangson.com.vn\/index.php?rest_route=\/wp\/v2\/types\/product"}],"replies":[{"embeddable":true,"href":"https:\/\/remchelangson.com.vn\/index.php?rest_route=%2Fwp%2Fv2%2Fcomments&post=363"}],"version-history":[{"count":8,"href":"https:\/\/remchelangson.com.vn\/index.php?rest_route=\/wp\/v2\/product\/363\/revisions"}],"predecessor-version":[{"id":1071,"href":"https:\/\/remchelangson.com.vn\/index.php?rest_route=\/wp\/v2\/product\/363\/revisions\/1071"}],"wp:featuredmedia":[{"embeddable":true,"href":"https:\/\/remchelangson.com.vn\/index.php?rest_route=\/wp\/v2\/media\/366"}],"wp:attachment":[{"href":"https:\/\/remchelangson.com.vn\/index.php?rest_route=%2Fwp%2Fv2%2Fmedia&parent=363"}],"wp:term":[{"taxonomy":"product_cat","embeddable":true,"href":"https:\/\/remchelangson.com.vn\/index.php?rest_route=%2Fwp%2Fv2%2Fproduct_cat&post=363"},{"taxonomy":"product_tag","embeddable":true,"href":"https:\/\/remchelangson.com.vn\/index.php?rest_route=%2Fwp%2Fv2%2Fproduct_tag&post=363"}],"curies":[{"name":"wp","href":"https:\/\/api.w.org\/{rel}","templated":true}]}}