{"id":436,"date":"2021-11-07T09:31:04","date_gmt":"2021-11-07T09:31:04","guid":{"rendered":"https:\/\/remchelangson.com.vn\/?post_type=product&#038;p=436"},"modified":"2026-04-24T20:48:36","modified_gmt":"2026-04-24T20:48:36","slug":"lap-luoi-an-toan-ban-cong-tai-ha-long","status":"publish","type":"product","link":"https:\/\/remchelangson.com.vn\/?product=lap-luoi-an-toan-ban-cong-tai-ha-long","title":{"rendered":"2 L\u1eaeP L\u01af\u1edaI AN TO\u00c0N BAN C\u00d4NG T\u1ea0I H\u1ea0 LONG"},"content":{"rendered":"<div id=\"ez-toc-container\" class=\"ez-toc-v2_0_62 counter-hierarchy ez-toc-counter ez-toc-grey ez-toc-container-direction\">\n<div class=\"ez-toc-title-container\"><p class=\"ez-toc-title\">N\u1ed9i dung b&agrave;i vi\u1ebft<\/p>\n<\/div><nav><ul class='ez-toc-list ez-toc-list-level-1 ' ><li class='ez-toc-page-1 ez-toc-heading-level-1'><a class=\"ez-toc-link ez-toc-heading-1\" href=\"https:\/\/remchelangson.com.vn\/?product=lap-luoi-an-toan-ban-cong-tai-ha-long\/#2_LAP_LUOI_AN_TOAN_BAN_CONG_TAI_HA_LONG\" title=\"2 L\u1eaeP L\u01af\u1edaI AN TO\u00c0N BAN C\u00d4NG T\u1ea0I H\u1ea0 LONG\">2 L\u1eaeP L\u01af\u1edaI AN TO\u00c0N BAN C\u00d4NG T\u1ea0I H\u1ea0 LONG<\/a><ul class='ez-toc-list-level-2' ><li class='ez-toc-heading-level-2'><a class=\"ez-toc-link ez-toc-heading-2\" href=\"https:\/\/remchelangson.com.vn\/?product=lap-luoi-an-toan-ban-cong-tai-ha-long\/#1_Vi_sao_can_lap_luoi_an_toan_chung_cu_bao_ve_ban_cong\" title=\"1. V\u00ec sao c\u1ea7n l\u1eafp l\u01b0\u1edbi an to\u00e0n chung c\u01b0 b\u1ea3o v\u1ec7 ban c\u00f4ng?\">1. V\u00ec sao c\u1ea7n l\u1eafp l\u01b0\u1edbi an to\u00e0n chung c\u01b0 b\u1ea3o v\u1ec7 ban c\u00f4ng?<\/a><ul class='ez-toc-list-level-3' ><li class='ez-toc-heading-level-3'><a class=\"ez-toc-link ez-toc-heading-3\" href=\"https:\/\/remchelangson.com.vn\/?product=lap-luoi-an-toan-ban-cong-tai-ha-long\/#11_Luoi_an_toan_ban_cong_se_bao_ve_an_toan_cho_gia_dinh_va_tre_nho\" title=\"1.1 L\u01b0\u1edbi an to\u00e0n ban c\u00f4ng\u00a0s\u1ebd b\u1ea3o v\u1ec7 an to\u00e0n cho gia \u0111\u00ecnh v\u00e0 tr\u1ebb nh\u1ecf.\">1.1 L\u01b0\u1edbi an to\u00e0n ban c\u00f4ng\u00a0s\u1ebd b\u1ea3o v\u1ec7 an to\u00e0n cho gia \u0111\u00ecnh v\u00e0 tr\u1ebb nh\u1ecf.<\/a><\/li><li class='ez-toc-page-1 ez-toc-heading-level-3'><a class=\"ez-toc-link ez-toc-heading-4\" href=\"https:\/\/remchelangson.com.vn\/?product=lap-luoi-an-toan-ban-cong-tai-ha-long\/#12_Luoi_an_toan_se_tao_khong_gian_thoang_mat_cho_ban_cong_chung_cu\" title=\"1.2 L\u01b0\u1edbi an to\u00e0n s\u1ebd t\u1ea1o kh\u00f4ng gian tho\u00e1ng m\u00e1t cho ban c\u00f4ng chung c\u01b0.\">1.2 L\u01b0\u1edbi an to\u00e0n s\u1ebd t\u1ea1o kh\u00f4ng gian tho\u00e1ng m\u00e1t cho ban c\u00f4ng chung c\u01b0.<\/a><\/li><li class='ez-toc-page-1 ez-toc-heading-level-3'><a class=\"ez-toc-link ez-toc-heading-5\" href=\"https:\/\/remchelangson.com.vn\/?product=lap-luoi-an-toan-ban-cong-tai-ha-long\/#13_Tranh_roi_mat_do_khi_lap_luoi_an_toan_ngoai_ban_cong_chung_cu\" title=\"1.3 Tr\u00e1nh r\u01a1i m\u1ea5t \u0111\u1ed3 khi l\u1eafp l\u01b0\u1edbi an to\u00e0n ngo\u00e0i ban c\u00f4ng chung c\u01b0\">1.3 Tr\u00e1nh r\u01a1i m\u1ea5t \u0111\u1ed3 khi l\u1eafp l\u01b0\u1edbi an to\u00e0n ngo\u00e0i ban c\u00f4ng chung c\u01b0<\/a><\/li><li class='ez-toc-page-1 ez-toc-heading-level-3'><a class=\"ez-toc-link ez-toc-heading-6\" href=\"https:\/\/remchelangson.com.vn\/?product=lap-luoi-an-toan-ban-cong-tai-ha-long\/#14_Tang_kha_nang_chong_trom_khi_lap_luoi_an_toan_chung_cu\" title=\"1.4 T\u0103ng kh\u1ea3 n\u0103ng ch\u1ed1ng tr\u1ed9m khi l\u1eafp l\u01b0\u1edbi an to\u00e0n chung c\u01b0\">1.4 T\u0103ng kh\u1ea3 n\u0103ng ch\u1ed1ng tr\u1ed9m khi l\u1eafp l\u01b0\u1edbi an to\u00e0n chung c\u01b0<\/a><\/li><\/ul><\/li><li class='ez-toc-page-1 ez-toc-heading-level-2'><a class=\"ez-toc-link ez-toc-heading-7\" href=\"https:\/\/remchelangson.com.vn\/?product=lap-luoi-an-toan-ban-cong-tai-ha-long\/#2_Cau_tao_luoi_an_toan_ban_cong_cau_thang\" title=\"2. C\u1ea7u t\u1ea1o l\u01b0\u1edbi an to\u00e0n ban c\u00f4ng c\u1ea7u thang\">2. C\u1ea7u t\u1ea1o l\u01b0\u1edbi an to\u00e0n ban c\u00f4ng c\u1ea7u thang<\/a><\/li><li class='ez-toc-page-1 ez-toc-heading-level-2'><a class=\"ez-toc-link ez-toc-heading-8\" href=\"https:\/\/remchelangson.com.vn\/?product=lap-luoi-an-toan-ban-cong-tai-ha-long\/#3_Thi_cong_thuc_te_luoi_an_toan_ban_cong_cau_thang_tai_Ha_Long_Quang_Ninh\" title=\"3. Thi c\u00f4ng th\u1ef1c t\u1ebf l\u01b0\u1edbi an to\u00e0n ban c\u00f4ng c\u1ea7u thang t\u1ea1i H\u1ea1 Long Qu\u1ea3ng Ninh\">3. Thi c\u00f4ng th\u1ef1c t\u1ebf l\u01b0\u1edbi an to\u00e0n ban c\u00f4ng c\u1ea7u thang t\u1ea1i H\u1ea1 Long Qu\u1ea3ng Ninh<\/a><\/li><\/ul><\/li><\/ul><\/nav><\/div>\n<h1><span class=\"ez-toc-section\" id=\"2_LAP_LUOI_AN_TOAN_BAN_CONG_TAI_HA_LONG\"><\/span><span style=\"color: #003366; font-family: 'times new roman', times, serif;\">2 L\u1eaeP L\u01af\u1edaI AN TO\u00c0N BAN C\u00d4NG T\u1ea0I H\u1ea0 LONG<\/span><span class=\"ez-toc-section-end\"><\/span><\/h1>\n<h2><span class=\"ez-toc-section\" id=\"1_Vi_sao_can_lap_luoi_an_toan_chung_cu_bao_ve_ban_cong\"><\/span><span style=\"color: #008080; font-family: 'times new roman', times, serif;\">1. V\u00ec sao c\u1ea7n l\u1eafp l\u01b0\u1edbi an to\u00e0n chung c\u01b0 b\u1ea3o v\u1ec7 ban c\u00f4ng?<\/span><span class=\"ez-toc-section-end\"><\/span><\/h2>\n<h3><span class=\"ez-toc-section\" id=\"11_Luoi_an_toan_ban_cong_se_bao_ve_an_toan_cho_gia_dinh_va_tre_nho\"><\/span><span style=\"font-family: 'times new roman', times, serif;\">1.1 L\u01b0\u1edbi an to\u00e0n ban c\u00f4ng\u00a0s\u1ebd b\u1ea3o v\u1ec7 an to\u00e0n cho gia \u0111\u00ecnh v\u00e0 tr\u1ebb nh\u1ecf.<\/span><span class=\"ez-toc-section-end\"><\/span><\/h3>\n<p><span style=\"font-family: 'times new roman', times, serif;\"><span style=\"font-size: 14pt;\">D\u00e2n s\u1ed1 ng\u00e0y c\u00e0ng t\u0103ng m\u00e0 di\u1ec7n t\u00edch \u0111\u1ea5t ng\u00e0y c\u00e0ng b\u1ecb thu h\u1eb9p. L\u1ef1a ch\u1ecdn s\u1ed1ng \u1edf chung c\u01b0 l\u00e0 gi\u1ea3i ph\u00e1p t\u1ed1t nh\u1ea5t hi\u1ec7n nay. V\u1edbi gia \u0111\u00ecnh c\u00f3 tr\u1ebb d\u01b0\u1edbi 5 tu\u1ed5i hay leo tr\u00e8o, trong khi ban c\u00f4ng l\u1ea1i th\u1ea5p d\u1eabn \u0111\u1ebfn d\u1ec5 b\u1ecb tai n\u1ea1n. Cho n\u00ean l\u1eafp \u0111\u1eb7t l\u01b0\u1edbi an to\u00e0n cho ban c\u00f4ng l\u00e0 bi\u1ec7n ph\u00e1p an to\u00e0n v\u00e0 h\u1eefu hi\u1ec7u nh\u1ea5t. L\u01b0\u1edbi an to\u00e0n s\u1ebd l\u00e0 l\u1edbp r\u00e0o ch\u1eafn b\u1ea3o v\u1ec7 an to\u00e0n cho m\u1ecdi ng\u01b0\u1eddi nh\u1ea5t l\u00e0 tr\u1ebb nh\u1ecf<\/span>.<\/span><\/p>\n<h3><span class=\"ez-toc-section\" id=\"12_Luoi_an_toan_se_tao_khong_gian_thoang_mat_cho_ban_cong_chung_cu\"><\/span><span style=\"font-family: 'times new roman', times, serif;\">1.2 L\u01b0\u1edbi an to\u00e0n s\u1ebd t\u1ea1o kh\u00f4ng gian tho\u00e1ng m\u00e1t cho ban c\u00f4ng chung c\u01b0.<\/span><span class=\"ez-toc-section-end\"><\/span><\/h3>\n<p><span style=\"font-size: 14pt; font-family: 'times new roman', times, serif;\">D\u00e2y c\u00e1p l\u01b0\u1edbi an to\u00e0n \u0111\u01b0\u1ee3c b\u1ecdc nh\u1ef1a trong su\u1ed1t, n\u00ean h\u1ec7 th\u1ed1ng l\u01b0\u1edbi b\u1ea3o v\u1ec7 c\u00f2n \u0111\u01b0\u1ee3c g\u1ecdi l\u00e0 l\u01b0\u1edbi t\u00e0ng h\u00ecnh. B\u1edfi ngo\u00e0i t\u1ea7m nh\u00ecn 15 m\u00e9t s\u1ebd kh\u00f4ng th\u1ec3 th\u1ea5y \u0111\u01b0\u1ee3c h\u1ec7 th\u1ed1ng l\u01b0\u1edbi b\u1ea3o v\u1ec7 n\u00e0y.<\/span><\/p>\n<p><span style=\"font-size: 14pt; font-family: 'times new roman', times, serif;\">S\u1eed d\u1ee5ng l\u01b0\u1edbi an to\u00e0n chung c\u01b0 b\u1ea3o v\u1ec7 ban c\u00f4ng v\u1eeba c\u00f3 t\u00e1c d\u1ee5ng b\u1ea3o v\u1ec7 an to\u00e0n m\u00e0 v\u1eabn gi\u1eef \u0111\u01b0\u1ee3c nguy\u00ean kh\u00f4ng gian tho\u00e1ng m\u00e1t \u0111\u1ec3 tr\u1ebb c\u00f3 th\u1ec3 n\u00f4 \u0111\u00f9a m\u00e0 kh\u00f4ng lo b\u1ecb t\u00e9\/ng\u00e3.<\/span><\/p>\n<h3><span class=\"ez-toc-section\" id=\"13_Tranh_roi_mat_do_khi_lap_luoi_an_toan_ngoai_ban_cong_chung_cu\"><\/span><span style=\"font-family: 'times new roman', times, serif;\">1.3 Tr\u00e1nh r\u01a1i m\u1ea5t \u0111\u1ed3 khi l\u1eafp l\u01b0\u1edbi an to\u00e0n ngo\u00e0i ban c\u00f4ng chung c\u01b0<\/span><span class=\"ez-toc-section-end\"><\/span><\/h3>\n<p><span style=\"font-size: 14pt; font-family: 'times new roman', times, serif;\">Vi\u1ec7c bao b\u1ecdc ban c\u00f4ng chung c\u01b0 nh\u01b0 v\u1eady c\u00f2n tr\u00e1nh gi\u00f3 bay m\u1ea5t \u0111\u1ed3 ho\u1eb7c r\u01a1i \u0111\u1ed3 g\u00e2y \u1ea3nh h\u01b0\u1edfng \u0111\u1ebfn s\u1ee9c kh\u1ecfe ho\u1eb7c t\u00ednh m\u1ea1ng c\u1ee7a nh\u1eefng ng\u01b0\u1eddi \u1edf ph\u00eda d\u01b0\u1edbi.<\/span><\/p>\n<h3><span class=\"ez-toc-section\" id=\"14_Tang_kha_nang_chong_trom_khi_lap_luoi_an_toan_chung_cu\"><\/span><span style=\"font-family: 'times new roman', times, serif;\">1.4 T\u0103ng kh\u1ea3 n\u0103ng ch\u1ed1ng tr\u1ed9m khi l\u1eafp l\u01b0\u1edbi an to\u00e0n chung c\u01b0<\/span><span class=\"ez-toc-section-end\"><\/span><\/h3>\n<p><span style=\"font-size: 14pt; font-family: 'times new roman', times, serif;\">L\u01b0\u1edbi an to\u00e0n chung c\u00f3 th\u1ec3 t\u00edch h\u1ee3p g\u1eafn b\u1ed9 c\u1ea3m bi\u1ebfn b\u00e1o \u0111\u1ed9ng ch\u1ed1ng tr\u1ed9m t\u1ed1t. Kh\u00f4ng cho k\u1ebb x\u1ea5u c\u00f3 m\u01b0u \u0111\u1ed3 x\u00e2m nh\u1eadp v\u00e0o nh\u00e0 b\u1ea1n, ch\u1eb7n \u0111\u1ee9ng tr\u1ed9m c\u1eafp ngay t\u1eeb khu v\u1ef1c ban c\u00f4ng.<\/span><\/p>\n<p>&nbsp;<\/p>\n<h2><span class=\"ez-toc-section\" id=\"2_Cau_tao_luoi_an_toan_ban_cong_cau_thang\"><\/span><span style=\"color: #008080; font-family: 'times new roman', times, serif;\">2. C\u1ea7u t\u1ea1o l\u01b0\u1edbi an to\u00e0n ban c\u00f4ng c\u1ea7u thang<\/span><span class=\"ez-toc-section-end\"><\/span><\/h2>\n<p><span style=\"font-family: 'times new roman', times, serif;\"><a href=\"http:\/\/www.tienichthongminh.com.vn\/luoi-an-toan-cau-thang_n2.html\" rel=\"noopener\"><strong>L\u01b0\u1edbi an to\u00e0n ban c\u00f4ng c\u1ea7u thang\u00a0<\/strong><\/a>\u00a0g\u1ed3m c\u00f3 2 ph\u1ea7n ch\u00ednh \u0111\u00f3 l\u00e0 d\u00e2y c\u00e1p v\u00e0 thanh nh\u00f4m \u0111\u1ecbnh h\u00ecnh.\u00a0<\/span><\/p>\n<p><span style=\"font-family: 'times new roman', times, serif;\"><strong>D\u00e2y c\u00e1p<\/strong>\u00a0c\u00f3 c\u1ea5u t\u1ea1o l\u00e0 c\u00e1c s\u1ee3i\u00a0<strong>Inox 304<\/strong>\u00a0xo\u1eafn l\u1ea1i b\u00ean ngo\u00e0i b\u1ecdc nh\u1ef1a\u00a0<strong>Polyetylen.<\/strong>\u00a0\u0110\u1ec3 b\u1ea3o v\u1ec7 ch\u1ed1ng ch\u1ea1m v\u00e0o c\u01a1 th\u1ec3 g\u00e2y\u00a0th\u01b0\u01a1ng t\u00edch n\u00ean, vi\u1ec7c\u00a0<strong>c\u00e1p\u00a0 b\u1ecdc nh\u1ef1a<\/strong>\u00a0tr\u01b0\u1edbc l\u00e0 \u0111\u1ec3 an to\u00e0n cho ng\u01b0\u1eddi s\u1eed d\u1ee5ng sau l\u00e0 \u0111\u1ec3 b\u1ea3o v\u1ec7 kh\u1ecfi th\u1eddi ti\u1ebft\u00a0ngo\u00e0i tr\u1eddi\u00a0v\u00e0 c\u00e1c y\u1ebfu kh\u00e1c t\u00e1c \u0111\u1ed9ng n\u00ean. Th\u00f4ng th\u01b0\u1eddng c\u00e1p an to\u00e0n c\u00f3 2 k\u00edch c\u1ee1 l\u00e0 c\u00e1p 2.5mm v\u00e0 3mm.<\/span><\/p>\n<p><span style=\"font-family: 'times new roman', times, serif;\">Thanh nh\u00f4m c\u00f3 c\u1ea5u t\u1ea1o h\u00ecnh ch\u1eef L m\u1ed9t m\u1eb7t khoan l\u1ed7 \u0111\u1ec3 b\u1eaft v\u00edt n\u1edf s\u1eaft. Khi thi c\u00f4ng m\u1ed9t m\u1eb7t \u0111\u01b0\u1ee3c d\u1eadp v\u00edt n\u1edf s\u1eaft c\u00f3 v\u00f2ng nh\u1ef1a\u00a0\u0111en. Khi l\u1eafp \u0111\u1eb7t l\u01b0\u1edbi an to\u00e0n h\u1ec7 th\u1ed1ng d\u00e2y c\u00e1p s\u1ebd lu\u1ed3n theo c\u00e1c \u1ed1c v\u00edt n\u00e0y\u00a0kho\u1ea3ng c\u00e1ch v\u00edt n\u00e0y qua v\u00edt kia l\u00e0 5cm. Kho\u1ea3ng c\u00e1ch 5cm l\u00e0 kho\u1ea3ng c\u00e1ch \u0111\u01b0\u1ee3c t\u00ednh to\u00e1n mang l\u1ea1i s\u1ef1 an to\u00e0n t\u1ed1i \u01b0u nh\u1ea5t.<\/span><\/p>\n<p><img loading=\"lazy\" decoding=\"async\" class=\"wp-image-432 size-full aligncenter\" src=\"https:\/\/i2.wp.com\/remchelangson.com.vn\/wp-content\/uploads\/2021\/11\/content_luoi-an-toan-chung-cu-bao-ve-ban-cong-uu-dai-55-_-1.jpg?resize=600%2C493&#038;ssl=1\" alt=\"\" width=\"600\" height=\"493\" title=\"\" srcset=\"https:\/\/i2.wp.com\/remchelangson.com.vn\/wp-content\/uploads\/2021\/11\/content_luoi-an-toan-chung-cu-bao-ve-ban-cong-uu-dai-55-_-1.jpg?w=600&amp;ssl=1 600w, https:\/\/i2.wp.com\/remchelangson.com.vn\/wp-content\/uploads\/2021\/11\/content_luoi-an-toan-chung-cu-bao-ve-ban-cong-uu-dai-55-_-1.jpg?resize=300%2C247&amp;ssl=1 300w, https:\/\/i2.wp.com\/remchelangson.com.vn\/wp-content\/uploads\/2021\/11\/content_luoi-an-toan-chung-cu-bao-ve-ban-cong-uu-dai-55-_-1.jpg?resize=200%2C164&amp;ssl=1 200w\" sizes=\"auto, (max-width: 600px) 100vw, 600px\" data-recalc-dims=\"1\" \/><\/p>\n<p style=\"text-align: center;\"><span style=\"font-family: 'times new roman', times, serif;\">L\u1eafp l\u01b0\u1edbi an to\u00e0n ban c\u00f4ng t\u1ea1i H\u1ea1 Long<\/span><\/p>\n<h2><span class=\"ez-toc-section\" id=\"3_Thi_cong_thuc_te_luoi_an_toan_ban_cong_cau_thang_tai_Ha_Long_Quang_Ninh\"><\/span><span style=\"color: #008080; font-family: 'times new roman', times, serif;\">3. Thi c\u00f4ng th\u1ef1c t\u1ebf l\u01b0\u1edbi an to\u00e0n ban c\u00f4ng c\u1ea7u thang t\u1ea1i H\u1ea1 Long Qu\u1ea3ng Ninh<\/span><span class=\"ez-toc-section-end\"><\/span><\/h2>\n<p><img loading=\"lazy\" decoding=\"async\" class=\"aligncenter wp-image-434 size-full\" title=\"2-lap-luoi-an-taon-ban-cong-tai-ha-long-quang-ninh\" src=\"https:\/\/i0.wp.com\/remchelangson.com.vn\/wp-content\/uploads\/2021\/11\/luoi-an-toan-ban-cong-cau-thang-uy-tin-gia-re-ha-long.jpg?resize=600%2C600&#038;ssl=1\" alt=\"2-lap-luoi-an-taon-ban-cong-tai-ha-long-quang-ninh\" width=\"600\" height=\"600\" srcset=\"https:\/\/i0.wp.com\/remchelangson.com.vn\/wp-content\/uploads\/2021\/11\/luoi-an-toan-ban-cong-cau-thang-uy-tin-gia-re-ha-long.jpg?w=600&amp;ssl=1 600w, https:\/\/i0.wp.com\/remchelangson.com.vn\/wp-content\/uploads\/2021\/11\/luoi-an-toan-ban-cong-cau-thang-uy-tin-gia-re-ha-long.jpg?resize=300%2C300&amp;ssl=1 300w, https:\/\/i0.wp.com\/remchelangson.com.vn\/wp-content\/uploads\/2021\/11\/luoi-an-toan-ban-cong-cau-thang-uy-tin-gia-re-ha-long.jpg?resize=150%2C150&amp;ssl=1 150w, https:\/\/i0.wp.com\/remchelangson.com.vn\/wp-content\/uploads\/2021\/11\/luoi-an-toan-ban-cong-cau-thang-uy-tin-gia-re-ha-long.jpg?resize=200%2C200&amp;ssl=1 200w, https:\/\/i0.wp.com\/remchelangson.com.vn\/wp-content\/uploads\/2021\/11\/luoi-an-toan-ban-cong-cau-thang-uy-tin-gia-re-ha-long.jpg?resize=100%2C100&amp;ssl=1 100w\" sizes=\"auto, (max-width: 600px) 100vw, 600px\" data-recalc-dims=\"1\" \/><\/p>\n<p style=\"text-align: center;\"><span style=\"font-family: 'times new roman', times, serif;\">Thi c\u00f4ng, l\u1eafp l\u01b0\u1edbi an to\u00e0n ban c\u00f4ng c\u1ea7u thang t\u1ea1i H\u1ea1 Long Qu\u1ea3ng Ninh<\/span><\/p>\n<p><span style=\"font-family: 'times new roman', times, serif;\"><img loading=\"lazy\" decoding=\"async\" class=\"aligncenter wp-image-440 size-full\" title=\"lap-luoi-an-toan-ban-cong-tai-ha-long\" src=\"https:\/\/i1.wp.com\/remchelangson.com.vn\/wp-content\/uploads\/2021\/11\/luoi-an-toan-ban-cong-ben-dep-tai-ha-long-quang-ninh35.jpg?resize=600%2C600&#038;ssl=1\" alt=\"lap-luoi-an-toan-ban-cong-tai-ha-long\" width=\"600\" height=\"600\" srcset=\"https:\/\/i1.wp.com\/remchelangson.com.vn\/wp-content\/uploads\/2021\/11\/luoi-an-toan-ban-cong-ben-dep-tai-ha-long-quang-ninh35.jpg?w=600&amp;ssl=1 600w, https:\/\/i1.wp.com\/remchelangson.com.vn\/wp-content\/uploads\/2021\/11\/luoi-an-toan-ban-cong-ben-dep-tai-ha-long-quang-ninh35.jpg?resize=300%2C300&amp;ssl=1 300w, https:\/\/i1.wp.com\/remchelangson.com.vn\/wp-content\/uploads\/2021\/11\/luoi-an-toan-ban-cong-ben-dep-tai-ha-long-quang-ninh35.jpg?resize=150%2C150&amp;ssl=1 150w, https:\/\/i1.wp.com\/remchelangson.com.vn\/wp-content\/uploads\/2021\/11\/luoi-an-toan-ban-cong-ben-dep-tai-ha-long-quang-ninh35.jpg?resize=200%2C200&amp;ssl=1 200w, https:\/\/i1.wp.com\/remchelangson.com.vn\/wp-content\/uploads\/2021\/11\/luoi-an-toan-ban-cong-ben-dep-tai-ha-long-quang-ninh35.jpg?resize=100%2C100&amp;ssl=1 100w\" sizes=\"auto, (max-width: 600px) 100vw, 600px\" data-recalc-dims=\"1\" \/><\/span><\/p>\n<p style=\"text-align: center;\"><span style=\"font-family: 'times new roman', times, serif;\">Thi c\u00f4ng, l\u1eafp l\u01b0\u1edbi an to\u00e0n ban c\u00f4ng c\u1ea7u thang t\u1ea1i H\u1ea1 Long Qu\u1ea3ng Ninh<\/span><\/p>\n<p style=\"text-align: center;\">L\u1eafp l\u01b0\u1edbi an to\u00e0n ban c\u00f4ng t\u1ea1i H\u1ea1 Long<\/p>\n<p><img loading=\"lazy\" decoding=\"async\" class=\"aligncenter wp-image-431 size-full\" title=\"lap-luoi-an-toan-ban-cong-tai-ha-long\" src=\"https:\/\/i0.wp.com\/remchelangson.com.vn\/wp-content\/uploads\/2021\/11\/luoi-an-toan-ban-cong-ha-long-quang-ninh.jpg?resize=600%2C600&#038;ssl=1\" alt=\"lap-luoi-an-toan-ban-cong-tai-ha-long\" width=\"600\" height=\"600\" srcset=\"https:\/\/i0.wp.com\/remchelangson.com.vn\/wp-content\/uploads\/2021\/11\/luoi-an-toan-ban-cong-ha-long-quang-ninh.jpg?w=600&amp;ssl=1 600w, https:\/\/i0.wp.com\/remchelangson.com.vn\/wp-content\/uploads\/2021\/11\/luoi-an-toan-ban-cong-ha-long-quang-ninh.jpg?resize=300%2C300&amp;ssl=1 300w, https:\/\/i0.wp.com\/remchelangson.com.vn\/wp-content\/uploads\/2021\/11\/luoi-an-toan-ban-cong-ha-long-quang-ninh.jpg?resize=150%2C150&amp;ssl=1 150w, https:\/\/i0.wp.com\/remchelangson.com.vn\/wp-content\/uploads\/2021\/11\/luoi-an-toan-ban-cong-ha-long-quang-ninh.jpg?resize=200%2C200&amp;ssl=1 200w, https:\/\/i0.wp.com\/remchelangson.com.vn\/wp-content\/uploads\/2021\/11\/luoi-an-toan-ban-cong-ha-long-quang-ninh.jpg?resize=100%2C100&amp;ssl=1 100w\" sizes=\"auto, (max-width: 600px) 100vw, 600px\" data-recalc-dims=\"1\" \/><\/p>\n<p style=\"text-align: center;\"><span style=\"font-family: 'times new roman', times, serif;\">Thi c\u00f4ng, l\u1eafp l\u01b0\u1edbi an to\u00e0n ban c\u00f4ng c\u1ea7u thang t\u1ea1i H\u1ea1 Long Qu\u1ea3ng Ninh<\/span><\/p>\n<p><span style=\"font-size: 18pt; color: #ff0000; font-family: 'times new roman', times, serif;\"><strong>C\u1ea3m \u01a1n qu\u00fd kh\u00e1ch \u0111\u00e3 tham kh\u1ea3o s\u1ea3n ph\u1ea9m c\u1ee7a ch\u00fang t\u00f4i.<\/strong><\/span><\/p>\n<p><span style=\"font-size: 18pt; color: #ff0000; font-family: 'times new roman', times, serif;\"><strong>M\u1ecdi chi ti\u1ebft c\u1ea7n l\u1eafp \u0111\u1eb7t hay t\u01b0 v\u1ea5n l\u1eafp \u0111\u1eb7t xin vui l\u00f2ng li\u00ean h\u1ec7: 0962.212.060<\/strong><\/span><\/p>\n<p><span style=\"font-family: 'times new roman', times, serif;\">Https:www.remchelangson.com.vn<\/span><\/p>\n<p><span style=\"font-family: 'times new roman', times, serif;\">Qu\u00fd kh\u00e1ch tham kh\u1ea3o th\u00eam:<\/span><\/p>\n<ul>\n<li><span style=\"font-family: 'times new roman', times, serif;\"><a href=\"https:\/\/remchelangson.com.vn\/?product=luoi-an-toan-ban-cong-cau-thang\">L\u01b0\u1edbi an to\u00e0n ban c\u00f4ng c\u1ea7u thang l\u00e0 g\u00ec?<\/a><\/span><\/li>\n<\/ul>\n","protected":false},"excerpt":{"rendered":"<p>2 L\u1eaeP L\u01af\u1edaI AN TO\u00c0N BAN C\u00d4NG T\u1ea0I H\u1ea0 LONG 1. V\u00ec sao c\u1ea7n l\u1eafp l\u01b0\u1edbi an to\u00e0n chung c\u01b0 b\u1ea3o v\u1ec7 ban c\u00f4ng? 1.1 L\u01b0\u1edbi an to\u00e0n ban c\u00f4ng\u00a0s\u1ebd b\u1ea3o v\u1ec7 an to\u00e0n cho gia \u0111\u00ecnh v\u00e0 tr\u1ebb nh\u1ecf. D\u00e2n s\u1ed1 ng\u00e0y c\u00e0ng t\u0103ng m\u00e0 di\u1ec7n t\u00edch \u0111\u1ea5t ng\u00e0y c\u00e0ng b\u1ecb thu h\u1eb9p. L\u1ef1a &hellip; <\/p>\n<p class=\"link-more\"><a href=\"https:\/\/remchelangson.com.vn\/?product=lap-luoi-an-toan-ban-cong-tai-ha-long\" class=\"more-link\">Continue reading<span class=\"screen-reader-text\"> &#8220;2 L\u1eaeP L\u01af\u1edaI AN TO\u00c0N BAN C\u00d4NG T\u1ea0I H\u1ea0 LONG&#8221;<\/span><\/a><\/p>\n","protected":false},"featured_media":440,"comment_status":"open","ping_status":"closed","template":"","meta":{"spay_email":""},"product_cat":[19],"product_tag":[],"class_list":{"0":"post-436","1":"product","2":"type-product","3":"status-publish","4":"has-post-thumbnail","6":"product_cat-luoi-an-toan","8":"first","9":"instock","10":"shipping-taxable","11":"product-type-simple"},"jetpack-related-posts":[{"id":460,"url":"https:\/\/remchelangson.com.vn\/?product=thi-cong-luoi-an-toan-tai-van-don-quang-ninh","url_meta":{"origin":436,"position":0},"title":"THI C\u00d4NG L\u01af\u1edaI AN TO\u00c0N T\u1ea0I V\u00c2N \u0110\u1ed2N","date":"7 Th\u00e1ng m\u01b0\u1eddi m\u1ed9t, 2021","format":false,"excerpt":"R\u00c8M C\u1eecA LINH NG\u00c2N \u2013 \u0110\u01a1n v\u1ecb chuy\u00ean cung c\u1ea5p thi c\u00f4ng l\u01b0\u1edbi an to\u00e0n t\u1ea1i V\u00e2n \u0110\u1ed3n Qu\u1ea3ng Ninh. R\u00c8M C\u1eecA LINH NG\u00c2N CHUY\u00caN: Gi\u00e0n ph\u01a1i qu\u1ea7n \u00e1o th\u00f4ng minh L\u01b0\u1edbi an to\u00e0n ban c\u00f4ng, c\u1ea7u thang C\u1eeda l\u01b0\u1edbi ch\u1ed1ng mu\u1ed7i, c\u00f4n tr\u00f9ng B\u1ea1t che n\u1eafng m\u01b0a t\u1ef1 cu\u1ed1n,\u2026","rel":"","context":"Similar post","img":{"alt_text":"","src":"https:\/\/i2.wp.com\/remchelangson.com.vn\/wp-content\/uploads\/2021\/11\/lap-luoi-an-toan-ban-cong-cau-thang-tai-van-don-quang-ninh-1.jpg?fit=600%2C600&ssl=1&resize=350%2C200","width":350,"height":200},"classes":[]},{"id":884,"url":"https:\/\/remchelangson.com.vn\/?product=luoi-an-toan-tai-cao-loc-lang-son","url_meta":{"origin":436,"position":1},"title":"L\u1eaeP L\u01af\u1edaI AN TO\u00c0N T\u1ea0I CAO L\u1ed8C L\u1ea0NG S\u01a0N","date":"26 Th\u00e1ng 7, 2022","format":false,"excerpt":"Chuy\u00ean cung c\u1ea5p thi c\u00f4ng, l\u1eafp \u0111\u1eb7t l\u01b0\u1edbi an to\u00e0n ban c\u00f4ng, c\u1ea7u thang nh\u00e0, tr\u01b0\u1eddng h\u1ecdc, tr\u01b0\u1eddng m\u1ea7m non t\u1ea1i Cao L\u1ed9c L\u1ea1ng S\u01a1n v\u00e0 c\u00e1c khu v\u1ef1c l\u00e2n c\u1eadn nh\u01b0 th\u00e0nh ph\u1ed1 L\u1ea1ng S\u01a1n, Chi L\u0103ng, L\u1ed9c B\u00ecnh, V\u0103n Quan, V\u0103n L\u00e3ng, B\u00ecnh Gia, \u0110\u00ecnh L\u1eadp, H\u1eefu L\u0169ng,\u2026","rel":"","context":"Similar post","img":{"alt_text":"","src":"https:\/\/i1.wp.com\/remchelangson.com.vn\/wp-content\/uploads\/2021\/11\/conten-luoi-an-toan-ban-cong-cua-so-tai-cam-pha-quang-ninh.jpg?fit=600%2C600&ssl=1&resize=350%2C200","width":350,"height":200},"classes":[]},{"id":1034,"url":"https:\/\/remchelangson.com.vn\/?product=luoi-cap-an-toan-mong-cai","url_meta":{"origin":436,"position":2},"title":"L\u01af\u1edaI C\u00c1P AN TO\u00c0N M\u00d3NG C\u00c1I","date":"6 Th\u00e1ng 9, 2023","format":false,"excerpt":"L\u01af\u1edaI C\u00c1P AN TO\u00c0N M\u00d3NG C\u00c1I QU\u1ea2NG NINH \u0110\u01a1n v\u1ecb chuy\u00ean cung c\u1ea5p thi c\u00f4ng l\u1eafp \u0111\u1eb7t t\u1ea1i Qu\u1ea3ng Ninh: Thi c\u00f4ng Gi\u00e0n ph\u01a1i qu\u1ea7n \u00e1o\u00a0 L\u01b0\u1edbi an to\u00e0n ban c\u00f4ng, c\u1ea7u thang C\u1eeda l\u01b0\u1edbi ch\u1ed1ng mu\u1ed7i, c\u00f4n tr\u00f9ng B\u1ea1t che n\u1eafng m\u01b0a t\u1ef1 cu\u1ed1n, b\u1ea1t m\u00e1i hi\u00ean, m\u00e1i x\u1ebfp,\u2026","rel":"","context":"Similar post","img":{"alt_text":"","src":"https:\/\/i1.wp.com\/remchelangson.com.vn\/wp-content\/uploads\/2023\/09\/thi-cong-lam-luoi-an-toan-ban-cong-cau-thang-mong-cai-quang-ninh.jpg?fit=650%2C630&ssl=1&resize=350%2C200","width":350,"height":200},"classes":[]},{"id":766,"url":"https:\/\/remchelangson.com.vn\/?product=lap-luoi-an-toan-tai-lang-son","url_meta":{"origin":436,"position":3},"title":"L\u1eaeP L\u01af\u1edaI AN TO\u00c0N T\u1ea0I L\u1ea0NG S\u01a0N","date":"13 Th\u00e1ng 4, 2022","format":false,"excerpt":"L\u1eaeP L\u01af\u1edaI AN TO\u00c0N T\u1ea0I L\u1ea0NG S\u01a0N R\u00e8m che Lang S\u01a1n - Chuy\u00ean cung c\u1ea5p, l\u1eafp l\u01b0\u1edbi an to\u00e0n t\u1ea1i L\u1ea1ng S\u01a1n uy t\u00edn, b\u1ec1n \u0111\u1eb9p. \u0110\u01a1n v\u1ecb l\u1eafp l\u01b0\u1edbi an to\u00e0n ban c\u00f4ng c\u1ea7u thang, c\u1eeda s\u1ed5 uy t\u00edn b\u1ec1n \u0111\u1eb9p t\u1ea1i Th\u00e0nh ph\u1ed1 L\u1ea1ng S\u01a1n v\u00e0 c\u00e1c khu\u2026","rel":"","context":"Similar post","img":{"alt_text":"","src":"https:\/\/i2.wp.com\/remchelangson.com.vn\/wp-content\/uploads\/2022\/04\/chuyen-cung-cap-thi-cong-lam-luoi-an-toan-nha-tre-truong-hoc-tai-lang-son-1.jpg?fit=700%2C700&ssl=1&resize=350%2C200","width":350,"height":200},"classes":[]},{"id":451,"url":"https:\/\/remchelangson.com.vn\/?product=lap-luoi-an-toan-ban-cong-tai-uong-bi","url_meta":{"origin":436,"position":4},"title":"L\u1eaeP L\u01af\u1edaI AN TO\u00c0N BAN C\u00d4NG T\u1ea0I U\u00d4NG B\u00cd","date":"7 Th\u00e1ng m\u01b0\u1eddi m\u1ed9t, 2021","format":false,"excerpt":"L\u1eaeP L\u01af\u1edaI AN TO\u00c0N BAN C\u00d4NG T\u1ea0I U\u00d4NG B\u00cd C\u00f4ng ty TNHH Tr\u01b0\u1eddng Th\u00e0nh 68 - \u0110\u01a1n v\u1ecb l\u1eafp l\u01b0\u1edbi an to\u00e0n ban c\u00f4ng c\u1ea7u thang t\u1ea1i U\u00f4ng B\u00ed v\u00e0 c\u00e1c khu v\u1ef1c l\u00e2n c\u1eadn nh\u01b0 H\u1ea1 Long, \u0110\u00f4ng Tri\u1ec1u, Qu\u1ea3ng Y\u00ean, M\u1ea1o Kh\u00ea, C\u1ea9m Ph\u1ea3....","rel":"","context":"Similar post","img":{"alt_text":"","src":"https:\/\/i1.wp.com\/remchelangson.com.vn\/wp-content\/uploads\/2021\/11\/don-vi-thi-cong-lap-luoi-an-toan-ban-cong-cau-thang-tai-uong-bi-quang-ninh.jpg?fit=600%2C600&ssl=1&resize=350%2C200","width":350,"height":200},"classes":[]},{"id":741,"url":"https:\/\/remchelangson.com.vn\/?product=lap-luoi-an-toan-nha-truong-hoc-mong-cai","url_meta":{"origin":436,"position":5},"title":"L\u1eaeP L\u01af\u1edaI AN TO\u00c0N NH\u00c0 TR\u01af\u1edcNG H\u1eccC M\u00d3NG C\u00c1I","date":"29 Th\u00e1ng 3, 2022","format":false,"excerpt":"L\u1eaeP L\u01af\u1edaI AN TO\u00c0N NH\u00c0 TR\u01af\u1edcNG H\u1eccC M\u00d3NG C\u00c1I Chuy\u00ean cung c\u1ea5p thi c\u00f4ng, l\u00e0m l\u01b0\u1edbi an to\u00e0n ban c\u00f4ng, c\u1ea7u thang uy t\u00edn, b\u1ec1n, gi\u00e1 r\u1ebb t\u1ea1i M\u00f3ng C\u00e1i Qu\u1ea3ng Ninh. R\u00e8m che Lang Son - \u0110\u01a1n v\u1ecb l\u1eafp l\u01b0\u1edbi an to\u00e0n tr\u1ebb em M\u00f3ng C\u00e1i Qu\u1ea3ng Ninh v\u00e0\u2026","rel":"","context":"Similar post","img":{"alt_text":"","src":"https:\/\/i0.wp.com\/remchelangson.com.vn\/wp-content\/uploads\/2022\/03\/luoi-an-toan-ban-cong-cau-thang-cua-so-tai-mong-cai-quang-ninh.jpg?fit=700%2C700&ssl=1&resize=350%2C200","width":350,"height":200},"classes":[]}],"_links":{"self":[{"href":"https:\/\/remchelangson.com.vn\/index.php?rest_route=\/wp\/v2\/product\/436","targetHints":{"allow":["GET"]}}],"collection":[{"href":"https:\/\/remchelangson.com.vn\/index.php?rest_route=\/wp\/v2\/product"}],"about":[{"href":"https:\/\/remchelangson.com.vn\/index.php?rest_route=\/wp\/v2\/types\/product"}],"replies":[{"embeddable":true,"href":"https:\/\/remchelangson.com.vn\/index.php?rest_route=%2Fwp%2Fv2%2Fcomments&post=436"}],"version-history":[{"count":6,"href":"https:\/\/remchelangson.com.vn\/index.php?rest_route=\/wp\/v2\/product\/436\/revisions"}],"predecessor-version":[{"id":444,"href":"https:\/\/remchelangson.com.vn\/index.php?rest_route=\/wp\/v2\/product\/436\/revisions\/444"}],"wp:featuredmedia":[{"embeddable":true,"href":"https:\/\/remchelangson.com.vn\/index.php?rest_route=\/wp\/v2\/media\/440"}],"wp:attachment":[{"href":"https:\/\/remchelangson.com.vn\/index.php?rest_route=%2Fwp%2Fv2%2Fmedia&parent=436"}],"wp:term":[{"taxonomy":"product_cat","embeddable":true,"href":"https:\/\/remchelangson.com.vn\/index.php?rest_route=%2Fwp%2Fv2%2Fproduct_cat&post=436"},{"taxonomy":"product_tag","embeddable":true,"href":"https:\/\/remchelangson.com.vn\/index.php?rest_route=%2Fwp%2Fv2%2Fproduct_tag&post=436"}],"curies":[{"name":"wp","href":"https:\/\/api.w.org\/{rel}","templated":true}]}}