{"id":82,"date":"2021-10-01T09:47:28","date_gmt":"2021-10-01T09:47:28","guid":{"rendered":"https:\/\/remchelangson.com.vn\/?post_type=product&#038;p=82"},"modified":"2026-04-27T05:24:20","modified_gmt":"2026-04-27T05:24:20","slug":"rem-cau-vong-han-quoc","status":"publish","type":"product","link":"https:\/\/remchelangson.com.vn\/?product=rem-cau-vong-han-quoc","title":{"rendered":"4. R\u00c8M C\u1ea6U V\u1ed2NG H\u00c0N QU\u1ed0C"},"content":{"rendered":"<div id=\"ez-toc-container\" class=\"ez-toc-v2_0_62 counter-hierarchy ez-toc-counter ez-toc-grey ez-toc-container-direction\">\n<div class=\"ez-toc-title-container\"><p class=\"ez-toc-title\">N\u1ed9i dung b&agrave;i vi\u1ebft<\/p>\n<\/div><nav><ul class='ez-toc-list ez-toc-list-level-1 ' ><li class='ez-toc-page-1 ez-toc-heading-level-1'><a class=\"ez-toc-link ez-toc-heading-1\" href=\"https:\/\/remchelangson.com.vn\/?product=rem-cau-vong-han-quoc\/#4_REM_CAU_VONG_HAN_QUOC\" title=\"4. R\u00c8M C\u1ea6U V\u1ed2NG H\u00c0N QU\u1ed0C\">4. R\u00c8M C\u1ea6U V\u1ed2NG H\u00c0N QU\u1ed0C<\/a><ul class='ez-toc-list-level-2' ><li class='ez-toc-heading-level-2'><a class=\"ez-toc-link ez-toc-heading-2\" href=\"https:\/\/remchelangson.com.vn\/?product=rem-cau-vong-han-quoc\/#1_Rem_cau_vong_Han_Quoc_cau_tao_the_nao\" title=\"1. R\u00e8m c\u1ea7u v\u1ed3ng H\u00e0n Qu\u1ed1c c\u1ea5u t\u1ea1o th\u1ebf n\u00e0o?\">1. R\u00e8m c\u1ea7u v\u1ed3ng H\u00e0n Qu\u1ed1c c\u1ea5u t\u1ea1o th\u1ebf n\u00e0o?<\/a><\/li><li class='ez-toc-page-1 ez-toc-heading-level-2'><a class=\"ez-toc-link ez-toc-heading-3\" href=\"https:\/\/remchelangson.com.vn\/?product=rem-cau-vong-han-quoc\/#Cac_bo_phan_rem_cau_vong_Han_Quoc\" title=\"C\u00e1c b\u1ed9 ph\u1eadn r\u00e8m c\u1ea7u v\u1ed3ng H\u00e0n Qu\u1ed1c\">C\u00e1c b\u1ed9 ph\u1eadn r\u00e8m c\u1ea7u v\u1ed3ng H\u00e0n Qu\u1ed1c<\/a><ul class='ez-toc-list-level-3' ><li class='ez-toc-heading-level-3'><a class=\"ez-toc-link ez-toc-heading-4\" href=\"https:\/\/remchelangson.com.vn\/?product=rem-cau-vong-han-quoc\/#%E2%80%93_Bo_dau_cuon\" title=\"&#8211; B\u1ed9 \u0111\u1ea7u cu\u1ed1n:\">&#8211; B\u1ed9 \u0111\u1ea7u cu\u1ed1n:<\/a><\/li><li class='ez-toc-page-1 ez-toc-heading-level-3'><a class=\"ez-toc-link ez-toc-heading-5\" href=\"https:\/\/remchelangson.com.vn\/?product=rem-cau-vong-han-quoc\/#%E2%80%93_Day_chuoi\" title=\"&#8211; D\u00e2y chu\u1ed7i:\">&#8211; D\u00e2y chu\u1ed7i:<\/a><\/li><li class='ez-toc-page-1 ez-toc-heading-level-3'><a class=\"ez-toc-link ez-toc-heading-6\" href=\"https:\/\/remchelangson.com.vn\/?product=rem-cau-vong-han-quoc\/#%E2%80%93_Ong_cuon\" title=\"&#8211; \u1ed0ng cu\u1ed1n:\">&#8211; \u1ed0ng cu\u1ed1n:<\/a><\/li><li class='ez-toc-page-1 ez-toc-heading-level-3'><a class=\"ez-toc-link ez-toc-heading-7\" href=\"https:\/\/remchelangson.com.vn\/?product=rem-cau-vong-han-quoc\/#%E2%80%93_Bat_rem_am\" title=\"&#8211; B\u00e1t r\u00e8m \u00e2m:\">&#8211; B\u00e1t r\u00e8m \u00e2m:<\/a><\/li><\/ul><\/li><li class='ez-toc-page-1 ez-toc-heading-level-2'><a class=\"ez-toc-link ez-toc-heading-8\" href=\"https:\/\/remchelangson.com.vn\/?product=rem-cau-vong-han-quoc\/#2_Cach_su_dung_rem_cau_vong_Han_Quoc\" title=\"2. C\u00e1ch s\u1eed d\u1ee5ng r\u00e8m c\u1ea7u v\u1ed3ng H\u00e0n Qu\u1ed1c\">2. C\u00e1ch s\u1eed d\u1ee5ng r\u00e8m c\u1ea7u v\u1ed3ng H\u00e0n Qu\u1ed1c<\/a><\/li><\/ul><\/li><\/ul><\/nav><\/div>\n<h1><span class=\"ez-toc-section\" id=\"4_REM_CAU_VONG_HAN_QUOC\"><\/span><span style=\"color: #339966;\">4. R\u00c8M C\u1ea6U V\u1ed2NG H\u00c0N QU\u1ed0C<\/span><span class=\"ez-toc-section-end\"><\/span><\/h1>\n<h2><span class=\"ez-toc-section\" id=\"1_Rem_cau_vong_Han_Quoc_cau_tao_the_nao\"><\/span><span style=\"color: #339966;\">1. R\u00e8m c\u1ea7u v\u1ed3ng H\u00e0n Qu\u1ed1c c\u1ea5u t\u1ea1o th\u1ebf n\u00e0o?<\/span><span class=\"ez-toc-section-end\"><\/span><\/h2>\n<p>R\u00e8m c\u1ea7u v\u1ed3ng l\u00e0 lo\u1ea1i r\u00e8m \u0111\u01b0\u1ee3c thi\u1ebft k\u1ebf t\u1eeb r\u00e8m cu\u1ed1n v\u00e0 r\u00e8m ro man. R\u00e8m cu\u1ed1n mang \u0111\u1ebfn s\u1ef1 ti\u1ec7n l\u1ee3i, r\u00e8m ro man mang l\u1ea1i s\u1ef1 m\u1ec1m m\u1ea1i khi s\u1eed d\u1ee5ng. R\u00e8m c\u1ea7u v\u1ed3ng g\u1ed3m 2 l\u1edbp v\u1ea3i \u0111\u01b0\u1ee3c d\u1ec7t c\u00e1c kho\u1ea3ng v\u1ea3i v\u00e0 sheer xen k\u1ebd nhau. Khi s\u1eed d\u1ee5ng, c\u00e1c l\u1edbp v\u1ea3i v\u00e0 sheer xen k\u1ebd nhau t\u1ea1o ra nh\u1eefng kho\u1ea3ng s\u00e1ng t\u1ed1i \u0111an xen gi\u00fap \u0111i\u1ec1u ti\u1ebft l\u01b0\u1ee3ng \u00e1nh s\u00e1ng v\u00e0o ph\u00f2ng theo m\u1ed9t c\u00e1ch tinh t\u1ebf.<\/p>\n<p><a href=\"http:\/\/remcuaquangninh.com.vn\/san-pham\/thi-cong-rem-cau-vong-tai-ha-long\/\" rel=\"noopener\"><strong>R\u00e8m c\u1ea7u v\u1ed3ng<\/strong><\/a>\u00a0l\u00e0 m\u1eabu r\u00e8m h\u00e0n qu\u1ed1c hi\u1ec7n \u0111\u1ea1i, \u0111\u01b0\u1ee3c s\u1eed d\u1ee5ng l\u1eafp \u0111\u1eb7t l\u00e0m r\u00e8m trang tr\u00ed n\u1ed9i th\u1ea5t, r\u00e8m che n\u1eafng c\u1eeda k\u00ednh ho\u1eb7c r\u00e8m c\u1eeda s\u1ed5 h\u01b0\u1edbng t\u00e2y. C\u00e1c m\u1eabu r\u00e8m c\u1eeda s\u1ed5 c\u1ea7u v\u1ed3ng \u0111\u1eb9p, m\u1edbi l\u1ea1 \u0111\u01b0\u1ee3c thi\u1ebft k\u1ebf v\u1edbi 2 l\u1edbp v\u1ea3i r\u00e8m polyester tr\u00ean c\u00f9ng 1 b\u1ed9 r\u00e8m.<\/p>\n<p><img loading=\"lazy\" decoding=\"async\" class=\"wp-image-312 size-full aligncenter\" src=\"https:\/\/i0.wp.com\/remchelangson.com.vn\/wp-content\/uploads\/2021\/10\/rem-cau-vong-dep-sang-trong-tai-lang-son.jpg?resize=600%2C600&#038;ssl=1\" alt=\"\" width=\"600\" height=\"600\" title=\"\" srcset=\"https:\/\/i0.wp.com\/remchelangson.com.vn\/wp-content\/uploads\/2021\/10\/rem-cau-vong-dep-sang-trong-tai-lang-son.jpg?w=600&amp;ssl=1 600w, https:\/\/i0.wp.com\/remchelangson.com.vn\/wp-content\/uploads\/2021\/10\/rem-cau-vong-dep-sang-trong-tai-lang-son.jpg?resize=300%2C300&amp;ssl=1 300w, https:\/\/i0.wp.com\/remchelangson.com.vn\/wp-content\/uploads\/2021\/10\/rem-cau-vong-dep-sang-trong-tai-lang-son.jpg?resize=150%2C150&amp;ssl=1 150w, https:\/\/i0.wp.com\/remchelangson.com.vn\/wp-content\/uploads\/2021\/10\/rem-cau-vong-dep-sang-trong-tai-lang-son.jpg?resize=200%2C200&amp;ssl=1 200w, https:\/\/i0.wp.com\/remchelangson.com.vn\/wp-content\/uploads\/2021\/10\/rem-cau-vong-dep-sang-trong-tai-lang-son.jpg?resize=100%2C100&amp;ssl=1 100w\" sizes=\"auto, (max-width: 600px) 100vw, 600px\" data-recalc-dims=\"1\" \/><\/p>\n<p style=\"text-align: center;\">C\u1ea5u t\u1ea1o r\u00e8m c\u1ea7u v\u1ed3ng<\/p>\n<h2><span class=\"ez-toc-section\" id=\"Cac_bo_phan_rem_cau_vong_Han_Quoc\"><\/span>C\u00e1c b\u1ed9 ph\u1eadn r\u00e8m c\u1ea7u v\u1ed3ng H\u00e0n Qu\u1ed1c<span class=\"ez-toc-section-end\"><\/span><\/h2>\n<p>So v\u1edbi r\u00e8m l\u00e1 d\u1ecdc hay r\u00e8m ngang th\u00ec r\u00e8m c\u1ea7u v\u1ed3ng c\u00f3 c\u1ea5u t\u1ea1o kh\u00e1 \u0111\u01a1n gi\u1ea3n. V\u1edbi ch\u1ec9 6 b\u1ed9 ph\u1eadn ch\u00ednh:<\/p>\n<h3><span class=\"ez-toc-section\" id=\"%E2%80%93_Bo_dau_cuon\"><\/span>&#8211; B\u1ed9 \u0111\u1ea7u cu\u1ed1n:<span class=\"ez-toc-section-end\"><\/span><\/h3>\n<p>L\u00e0 b\u1ed9 ph\u1eadn \u0111\u1ea3m nhi\u1ec7m vai tr\u00f2 v\u1eadn h\u00e0nh c\u1ea3 b\u1ed9 r\u00e8m. \u0110\u00f3ng vai tr\u00f2 nh\u01b0 <strong>b\u1ed9 truy\u1ec1n \u0111\u1ed9ng \u0111\u1ec3 bi\u1ebfn l\u1ef1c k\u00e9o th\u00e0nh chuy\u1ec3n \u0111\u1ed9ng quay c\u1ee7a \u1ed1ng \u0111\u1ec3 cu\u1ed9n l\u00ean ho\u1eb7c th\u1ea3 t\u1ea5m r\u00e8m xu\u1ed1ng<\/strong>, b\u1ed9 \u0111\u1ea7u cu\u1ed1n c\u1ee7a r\u00e8m c\u1ea7u v\u1ed3ng c\u00f3 th\u1ec3 \u0111\u01b0\u1ee3c s\u1eed d\u1ee5ng cho r\u00e8m cu\u1ed1n.<\/p>\n<h3><span class=\"ez-toc-section\" id=\"%E2%80%93_Day_chuoi\"><\/span>&#8211; D\u00e2y chu\u1ed7i:<span class=\"ez-toc-section-end\"><\/span><\/h3>\n<p>C\u00f3 k\u00edch th\u01b0\u1edbc 4,5mm * 6mm, \u0111i\u1ec1u khi\u1ec3n r\u00e8m l\u00ean xu\u1ed1ng linh ho\u1ea1t. Ngo\u00e0i vi\u1ec7c s\u1eed d\u1ee5ng d\u00e2y chu\u1ed7i h\u1ea1t nh\u1ef1a, c\u00f3 th\u1ec3 thay th\u1ebf b\u1eb1ng d\u00e2y chu\u1ed7i inox ho\u1eb7c d\u00e2y th\u1eebng. Vi\u1ec7c s\u1eed d\u1ee5ng d\u00e2y chu\u1ed7i lo\u1ea1i n\u00e0o c\u00f2n ph\u1ee5 thu\u1ed9c v\u00e0o kh\u1ea3 n\u0103ng t\u01b0\u01a1ng th\u00edch c\u1ee7a b\u1ed9 \u0111\u1ea7u cu\u1ed1n.<\/p>\n<p><img loading=\"lazy\" decoding=\"async\" class=\"aligncenter wp-image-313 size-full\" title=\"rem-cau-vong-han-quoc-rem-cau-vong-tai-lang-son-quang-ninh\" src=\"https:\/\/i1.wp.com\/remchelangson.com.vn\/wp-content\/uploads\/2021\/10\/THIET-KE-REM-CAU-VONG-4.jpg?resize=600%2C400&#038;ssl=1\" alt=\"rem-cau-vong-han-quoc-rem-cau-vong-tai-lang-son-quang-ninh\" width=\"600\" height=\"400\" srcset=\"https:\/\/i1.wp.com\/remchelangson.com.vn\/wp-content\/uploads\/2021\/10\/THIET-KE-REM-CAU-VONG-4.jpg?w=600&amp;ssl=1 600w, https:\/\/i1.wp.com\/remchelangson.com.vn\/wp-content\/uploads\/2021\/10\/THIET-KE-REM-CAU-VONG-4.jpg?resize=300%2C200&amp;ssl=1 300w, https:\/\/i1.wp.com\/remchelangson.com.vn\/wp-content\/uploads\/2021\/10\/THIET-KE-REM-CAU-VONG-4.jpg?resize=200%2C133&amp;ssl=1 200w\" sizes=\"auto, (max-width: 600px) 100vw, 600px\" data-recalc-dims=\"1\" \/><\/p>\n<p style=\"text-align: center;\"><em>C\u1ea5u t\u1ea1o r\u00e8m c\u1ea7u v\u1ed3ng H\u00e0n Qu\u1ed1c<\/em><\/p>\n<h3><span class=\"ez-toc-section\" id=\"%E2%80%93_Ong_cuon\"><\/span>&#8211; \u1ed0ng cu\u1ed1n:<span class=\"ez-toc-section-end\"><\/span><\/h3>\n<p>\u0110\u00f3ng vai tr\u00f2 nh\u01b0 x\u01b0\u01a1ng s\u1ed1ng c\u1ee7a b\u1ed9 r\u00e8m c\u1ea7u v\u1ed3ng.\u00a0 \u1ed0ng cu\u1ed1n th\u01b0\u1eddng \u0111\u01b0\u1ee3c l\u00e0m b\u1eb1ng nh\u00f4m tinh khi\u1ebft \u0111\u1ec3 \u0111\u1ea3m b\u1ea3o kh\u1ea3 n\u0103ng ho\u1ea1t \u0111\u1ed9ng b\u1ec1n b\u1ec9. V\u1edbi c\u00e1c c\u1eeda c\u00f3 k\u00edch th\u01b0\u1edbc l\u1edbn th\u00ec ph\u1ea3i d\u00f9ng lo\u1ea1i \u1ed1ng cu\u1ed1n l\u1edbn c\u00f3 \u0111\u01b0\u1eddng k\u00ednh l\u1edbn. C\u00e1c k\u00edch th\u01b0\u1edbc \u0111\u01b0\u1eddng k\u00ednh \u1ed1ng cu\u1ed1n ph\u1ed5 bi\u1ebfn tr\u00ean th\u1ecb tr\u01b0\u1eddng: 28mm,38mm, 45mm, 55mm, 65mm, 75mm. <strong>M\u1ed9t \u0111\u1ea7u v\u1ea3i r\u00e8m \u0111\u01b0\u1ee3c g\u1eafn v\u00e0o \u1ed1ng cu\u1ed1n<\/strong>.<\/p>\n<h3><span class=\"ez-toc-section\" id=\"%E2%80%93_Bat_rem_am\"><\/span>&#8211; B\u00e1t r\u00e8m \u00e2m:<span class=\"ez-toc-section-end\"><\/span><\/h3>\n<p>L\u00e0 lo\u1ea1i b\u00e1t r\u00e8m c\u1ea7u v\u1ed3ng m\u1edbi tr\u00ean th\u1ecb tr\u01b0\u1eddng, do b\u00e1t r\u00e8m \u00e2m n\u00ean mang t\u00ednh th\u1ea9m m\u1ef9 cao h\u01a1n c\u00e1c lo\u1ea1i b\u00e1t n\u1ed5i.<br \/>\n&#8211; M\u00e1ng r\u00e8m: th\u01b0\u1eddng \u0111\u01b0\u1ee3c l\u00e0m b\u1eb1ng nh\u00f4m ho\u1eb7c nh\u1ef1a, c\u00f3 t\u00e1c d\u1ee5ng che c\u00e1c ph\u1ee5 ki\u1ec7n b\u00ean trong v\u00e0\u00a0trang tr\u00ed cho r\u00e8m c\u1ea7u v\u1ed3ng.\u00a0<strong>\u0110\u1ea7u c\u00f2n l\u1ea1i c\u1ee7a v\u1ea3i r\u00e8m \u0111\u01b0\u1ee3c g\u1eafn v\u00e0o m\u00e1ng r\u00e8m<\/strong>.<br \/>\n&#8211;\u00a0 Thanh l\u00f5i \u0111\u00e1y: gi\u00fap c\u0103ng r\u00e8m v\u00e0 x\u1ea3 \u0111\u1ec1u r\u00e8m trong qu\u00e1 tr\u00ecnh v\u1eadn h\u00e0nh r\u00e8m.<br \/>\n&#8211;\u00a0 Thanh \u0111\u00e1y: trang tr\u00ed v\u00e0 c\u0103ng r\u00e8m.<br \/>\n&#8211;\u00a0 \u0110\u1ea7u b\u1ecbt c\u00e1c thanh \u0111\u00e1y: gi\u00fap c\u1ed1 \u0111\u1ecbnh c\u00e1c thanh \u0111\u00e1y ch\u1eafc ch\u1eafn trong qu\u00e1 tr\u00ecnh s\u1eed d\u1ee5ng.<\/p>\n<p><img loading=\"lazy\" decoding=\"async\" class=\"wp-image-314 size-full aligncenter\" src=\"https:\/\/i0.wp.com\/remchelangson.com.vn\/wp-content\/uploads\/2021\/10\/THIET-KE-REM-CAU-VONG-5.jpg?resize=600%2C400&#038;ssl=1\" alt=\"\" width=\"600\" height=\"400\" title=\"\" srcset=\"https:\/\/i0.wp.com\/remchelangson.com.vn\/wp-content\/uploads\/2021\/10\/THIET-KE-REM-CAU-VONG-5.jpg?w=600&amp;ssl=1 600w, https:\/\/i0.wp.com\/remchelangson.com.vn\/wp-content\/uploads\/2021\/10\/THIET-KE-REM-CAU-VONG-5.jpg?resize=300%2C200&amp;ssl=1 300w, https:\/\/i0.wp.com\/remchelangson.com.vn\/wp-content\/uploads\/2021\/10\/THIET-KE-REM-CAU-VONG-5.jpg?resize=200%2C133&amp;ssl=1 200w\" sizes=\"auto, (max-width: 600px) 100vw, 600px\" data-recalc-dims=\"1\" \/><\/p>\n<p style=\"text-align: center;\">\u0110\u01a1n v\u1ecb l\u1eafp r\u00e8m c\u1ea7u v\u1ed3ng b\u1ec1n \u0111\u1eb9p uy t\u00edn<\/p>\n<h2><span class=\"ez-toc-section\" id=\"2_Cach_su_dung_rem_cau_vong_Han_Quoc\"><\/span><span style=\"color: #339966;\">2. C\u00e1ch s\u1eed d\u1ee5ng r\u00e8m c\u1ea7u v\u1ed3ng H\u00e0n Qu\u1ed1c<\/span><span class=\"ez-toc-section-end\"><\/span><\/h2>\n<p>R\u00e8m c\u1ea7u v\u1ed3ng c\u00f3 th\u1ec3 \u0111\u01b0\u1ee3c s\u1eed d\u1ee5ng b\u1eb1ng 2 c\u00e1ch sau \u0111\u00e2y:<\/p>\n<p>&#8211; \u0110\u1ed1i v\u1edbi nh\u1eefng b\u1ed9 r\u00e8m nh\u1ecf v\u00e0 trung b\u00ecnh ( &lt;3m2 ) th\u00ec c\u00f3 th\u1ec3 k\u00e9o d\u1ec5 d\u00e0ng\u00a0b\u1eb1ng tay l\u00e0 \u0111\u01b0\u1ee3c.<br \/>\n&#8211; Nh\u1eefng b\u1ed9 r\u00e8m c\u1ea7u v\u1ed3ng l\u1edbn ho\u1eb7c \u0111\u01b0\u1ee3c l\u1eafp \u0111\u1eb7t t\u1ea1i nh\u1eefng v\u1ecb tr\u00ed kh\u00f3 k\u00e9o b\u1eb1ng tay, c\u00f3 th\u1ec3 l\u1eafp \u0111\u1eb7t th\u00eam motor t\u1ef1 \u0111\u1ed9ng. Nh\u1eefng b\u1ed9 r\u00e8m c\u1ea7u v\u1ed3ng \u0111\u01b0\u1ee3c g\u1eafn motor s\u1ebd \u0111\u01b0\u1ee3c \u0111i\u1ec1u khi\u1ec3n d\u1ec5 d\u00e0ng b\u1eb1ng remote, \u0111i\u1ec7n tho\u1ea1i smartphone ho\u1eb7c h\u1ec7 th\u1ed1ng \u0111i\u1ec7n th\u00f4ng minh c\u1ee7a ng\u00f4i nh\u00e0.<\/p>\n<p><img loading=\"lazy\" decoding=\"async\" class=\"aligncenter wp-image-315 size-full\" title=\"rem-cau-vong-han-quoc-rem-cau-vong-tai-lang-son-quang-ninh\" src=\"https:\/\/i0.wp.com\/remchelangson.com.vn\/wp-content\/uploads\/2021\/10\/he-thong-phu-kien-rem-cau-vong.jpg?resize=600%2C400&#038;ssl=1\" alt=\"rem-cau-vong-han-quoc-rem-cau-vong-tai-lang-son-quang-ninh\" width=\"600\" height=\"400\" srcset=\"https:\/\/i0.wp.com\/remchelangson.com.vn\/wp-content\/uploads\/2021\/10\/he-thong-phu-kien-rem-cau-vong.jpg?w=600&amp;ssl=1 600w, https:\/\/i0.wp.com\/remchelangson.com.vn\/wp-content\/uploads\/2021\/10\/he-thong-phu-kien-rem-cau-vong.jpg?resize=300%2C200&amp;ssl=1 300w, https:\/\/i0.wp.com\/remchelangson.com.vn\/wp-content\/uploads\/2021\/10\/he-thong-phu-kien-rem-cau-vong.jpg?resize=200%2C133&amp;ssl=1 200w\" sizes=\"auto, (max-width: 600px) 100vw, 600px\" data-recalc-dims=\"1\" \/><\/p>\n<p style=\"text-align: center;\"><em>Ph\u1ee5 ki\u1ec7n r\u00e8m c\u1ea7u v\u1ed3ng<\/em><\/p>\n<p>&nbsp;<\/p>\n<p><img loading=\"lazy\" decoding=\"async\" class=\"aligncenter wp-image-316 size-full\" src=\"https:\/\/i1.wp.com\/remchelangson.com.vn\/wp-content\/uploads\/2021\/10\/rem-cau-vong-tai-lang-son-1.jpg?resize=600%2C600&#038;ssl=1\" alt=\"rem-cau-vong-han-quoc-rem-cau-vong-tai-lang-son-quang-ninh\" width=\"600\" height=\"600\" title=\"\" srcset=\"https:\/\/i1.wp.com\/remchelangson.com.vn\/wp-content\/uploads\/2021\/10\/rem-cau-vong-tai-lang-son-1.jpg?w=600&amp;ssl=1 600w, https:\/\/i1.wp.com\/remchelangson.com.vn\/wp-content\/uploads\/2021\/10\/rem-cau-vong-tai-lang-son-1.jpg?resize=300%2C300&amp;ssl=1 300w, https:\/\/i1.wp.com\/remchelangson.com.vn\/wp-content\/uploads\/2021\/10\/rem-cau-vong-tai-lang-son-1.jpg?resize=150%2C150&amp;ssl=1 150w, https:\/\/i1.wp.com\/remchelangson.com.vn\/wp-content\/uploads\/2021\/10\/rem-cau-vong-tai-lang-son-1.jpg?resize=200%2C200&amp;ssl=1 200w, https:\/\/i1.wp.com\/remchelangson.com.vn\/wp-content\/uploads\/2021\/10\/rem-cau-vong-tai-lang-son-1.jpg?resize=100%2C100&amp;ssl=1 100w\" sizes=\"auto, (max-width: 600px) 100vw, 600px\" data-recalc-dims=\"1\" \/><\/p>\n<p style=\"text-align: center;\">Thi c\u00f4ng r\u00e8m c\u1ea7u v\u1ed3ng \u0111\u1eb9p, b\u1ec1n r\u1ebb<\/p>\n<p><span style=\"color: #ff0000; font-size: 18pt;\"><strong>C\u1ea3m \u01a1n qu\u00fd kh\u00e1ch \u0111\u00e3 tham kh\u1ea3o s\u1ea3n ph\u1ea9m c\u1ee7a ch\u00fang t\u00f4i.<\/strong><\/span><\/p>\n<p><span style=\"color: #ff0000; font-size: 18pt;\"><strong>M\u1ecdi chi ti\u1ebft c\u1ea7n l\u1eafp \u0111\u1eb7t hay t\u01b0 v\u1ea5n l\u1eafp \u0111\u1eb7t xin vui l\u00f2ng li\u00ean h\u1ec7: 0962.212.060<\/strong><\/span><\/p>\n<p>&nbsp;<\/p>\n<p><a href=\"https:\/\/remchelangson.com.vn\/?product=bat-che-tu-cuon\">L\u1eafp b\u1ea1t che n\u1eafng m\u01b0a t\u1ef1 cu\u1ed1n t\u1ea1i L\u1ea1ng S\u01a1n<\/a><\/p>\n<p>&nbsp;<\/p>\n","protected":false},"excerpt":{"rendered":"<p>4. R\u00c8M C\u1ea6U V\u1ed2NG H\u00c0N QU\u1ed0C 1. R\u00e8m c\u1ea7u v\u1ed3ng H\u00e0n Qu\u1ed1c c\u1ea5u t\u1ea1o th\u1ebf n\u00e0o? R\u00e8m c\u1ea7u v\u1ed3ng l\u00e0 lo\u1ea1i r\u00e8m \u0111\u01b0\u1ee3c thi\u1ebft k\u1ebf t\u1eeb r\u00e8m cu\u1ed1n v\u00e0 r\u00e8m ro man. R\u00e8m cu\u1ed1n mang \u0111\u1ebfn s\u1ef1 ti\u1ec7n l\u1ee3i, r\u00e8m ro man mang l\u1ea1i s\u1ef1 m\u1ec1m m\u1ea1i khi s\u1eed d\u1ee5ng. R\u00e8m c\u1ea7u v\u1ed3ng g\u1ed3m 2 &hellip; <\/p>\n<p class=\"link-more\"><a href=\"https:\/\/remchelangson.com.vn\/?product=rem-cau-vong-han-quoc\" class=\"more-link\">Continue reading<span class=\"screen-reader-text\"> &#8220;4. R\u00c8M C\u1ea6U V\u1ed2NG H\u00c0N QU\u1ed0C&#8221;<\/span><\/a><\/p>\n","protected":false},"featured_media":312,"comment_status":"open","ping_status":"closed","template":"","meta":{"spay_email":""},"product_cat":[17],"product_tag":[23,22,24],"class_list":{"0":"post-82","1":"product","2":"type-product","3":"status-publish","4":"has-post-thumbnail","6":"product_cat-chua-phan-loai","7":"product_tag-rem-cau-vong-gia-re","8":"product_tag-rem-cau-vong-tai-lang-son","9":"product_tag-uy-tin-tai-lang-son","11":"first","12":"instock","13":"shipping-taxable","14":"product-type-simple"},"jetpack-related-posts":[{"id":652,"url":"https:\/\/remchelangson.com.vn\/?product=lap-rem-cau-vong-han-quoc-tai-ha-long","url_meta":{"origin":82,"position":0},"title":"L\u1eaeP R\u00c8M C\u1ea6U V\u1ed2NG H\u00c0N QU\u1ed0C T\u1ea0I H\u1ea0 LONG","date":"19 Th\u00e1ng 2, 2022","format":false,"excerpt":"Chuy\u00ean thi c\u00f4ng cung c\u1ea5p l\u1eafp \u0111\u1eb7t: Gi\u00e0n ph\u01a1i qu\u1ea7n \u00e1o th\u00f4ng minh H\u00f2a Ph\u00e1t L\u01b0\u1edbi an to\u00e0n ban c\u00f4ng, c\u1ea7u thang B\u1ea1t che n\u1eafng m\u01b0a t\u1ef1 cu\u1ed1n, b\u1ea1t m\u00e1i hi\u00ean, b\u1ea1t x\u1ebfp\u2026. M\u00e0nh r\u00e8m: R\u00e8m c\u1ea7u v\u1ed3ng, r\u00e8m g\u1ed7, r\u00e8m cu\u1ed1n v\u0103n ph\u00f2ng, r\u00e8m s\u00e1o nh\u00f4m\u2026 C\u1eeda l\u01b0\u1edbi ch\u1ed1ng\u2026","rel":"","context":"Similar post","img":{"alt_text":"","src":"https:\/\/i1.wp.com\/remchelangson.com.vn\/wp-content\/uploads\/2022\/02\/cung-cap-thi-cong-rem-cau-vong-han-quoc-tai-ha-long-quang-ninh.jpg?fit=700%2C700&ssl=1&resize=350%2C200","width":350,"height":200},"classes":[]},{"id":658,"url":"https:\/\/remchelangson.com.vn\/?product=thi-cong-rem-cau-vong-tai-van-don","url_meta":{"origin":82,"position":1},"title":"THI C\u00d4NG R\u00c8M C\u1ea6U V\u1ed2NG T\u1ea0I V\u00c2N \u0110\u1ed2N","date":"19 Th\u00e1ng 2, 2022","format":false,"excerpt":"Chuy\u00ean thi c\u00f4ng cung c\u1ea5p l\u1eafp \u0111\u1eb7t: Gi\u00e0n ph\u01a1i qu\u1ea7n \u00e1o th\u00f4ng minh H\u00f2a Ph\u00e1t L\u01b0\u1edbi an to\u00e0n ban c\u00f4ng, c\u1ea7u thang B\u1ea1t che n\u1eafng m\u01b0a t\u1ef1 cu\u1ed1n, b\u1ea1t m\u00e1i hi\u00ean, b\u1ea1t x\u1ebfp\u2026. M\u00e0nh r\u00e8m: R\u00e8m c\u1ea7u v\u1ed3ng, r\u00e8m g\u1ed7, r\u00e8m cu\u1ed1n v\u0103n ph\u00f2ng, r\u00e8m s\u00e1o nh\u00f4m\u2026 C\u1eeda l\u01b0\u1edbi ch\u1ed1ng\u2026","rel":"","context":"Similar post","img":{"alt_text":"","src":"https:\/\/i2.wp.com\/remchelangson.com.vn\/wp-content\/uploads\/2022\/02\/em-cau-vong-van-don-quang-ninh.jpg?fit=700%2C700&ssl=1&resize=350%2C200","width":350,"height":200},"classes":[]},{"id":1054,"url":"https:\/\/remchelangson.com.vn\/?product=rem-to-ong-ngan-phong-ha-long","url_meta":{"origin":82,"position":2},"title":"R\u00c8M T\u1ed4 ONG NG\u0102N PH\u00d2NG H\u1ea0 LONG QU\u1ea2NG NINH","date":"22 Th\u00e1ng m\u01b0\u1eddi m\u1ed9t, 2023","format":false,"excerpt":"R\u00e8m t\u1ed5 ong h\u1ec7 kh\u00f4ng d\u00e2y k\u00e9o \u0111\u01b0\u1ee3c \u0111\u00e1nh gi\u00e1 l\u00e0 an to\u00e0n tuy\u1ec7t \u0111\u1ed1i cho ng\u01b0\u1eddi s\u1ef1 d\u1ee5ng, \u0111\u1eb7c bi\u1ec7t \u0111\u1ed1i v\u1edbi nh\u1eefng gia \u0111\u00ecnh c\u00f3 tr\u1ebb nh\u1ecf, gi\u1ea3i ph\u00e1p n\u00e0y\u00a0 c\u00f3 th\u1ec3 tr\u00e1nh tr\u01b0\u1eddng h\u1ee3p ngo\u00e0i \u00fd mu\u1ed1n s\u1ea3y ra\u00a0nh\u01b0\u00a0tr\u1ebb nh\u1ecf v\u00f4 t\u00ecnh b\u1ecb d\u00e2y m\u1eafc v\u00e0o ng\u01b0\u1eddi.","rel":"","context":"Similar post","img":{"alt_text":"","src":"https:\/\/i1.wp.com\/remchelangson.com.vn\/wp-content\/uploads\/2023\/11\/don-vi-lam-rem-to-ong-ngan-phong-can-nhiet-tai-ha-long-quang-ninh.jpg?fit=700%2C700&ssl=1&resize=350%2C200","width":350,"height":200},"classes":[]},{"id":1043,"url":"https:\/\/remchelangson.com.vn\/?product=7-rem-to-ong-rem-ngan-phong","url_meta":{"origin":82,"position":3},"title":"7. R\u00c8M T\u1ed4 ONG R\u00c8M NG\u0102N PH\u00d2NG","date":"2 Th\u00e1ng 10, 2023","format":false,"excerpt":"7. R\u00c8M T\u1ed4 ONG - R\u00c8M NG\u0102N PH\u00d2NG R\u00e8m t\u1ed5 ong l\u00e0 m\u1ed9t lo\u1ea1i r\u00e8m ng\u0103n th\u00f4ng minh c\u00f3 s\u1ef1 linh ho\u1ea1t trong vi\u1ec7c s\u1eed d\u1ee5ng. S\u1ea3n ph\u1ea9m gi\u00fap ng\u0103n c\u00e1ch c\u00e1c kh\u00f4ng gian ph\u00f2ng hi\u1ec7u qu\u1ea3 \u0111\u1ed3ng th\u1eddi gi\u00fap t\u0103ng t\u00ednh th\u1ea9m m\u1ef9 cho ng\u00f4i nh\u00e0. B\u1ea1n c\u00f3 th\u1ec3\u2026","rel":"","context":"Similar post","img":{"alt_text":"","src":"https:\/\/i1.wp.com\/remchelangson.com.vn\/wp-content\/uploads\/2023\/10\/mau-rem-to-ong-cua-luoi-chong-muoi-tai-quang-ninh.jpg?fit=700%2C681&ssl=1&resize=350%2C200","width":350,"height":200},"classes":[]},{"id":90,"url":"https:\/\/remchelangson.com.vn\/?product=rem-cuon-can-nang","url_meta":{"origin":82,"position":4},"title":"3. R\u00c8M CU\u1ed0N C\u1ea2N N\u1eaeNG","date":"2 Th\u00e1ng 10, 2021","format":false,"excerpt":"R\u00c8M CU\u1ed0N C\u1ea2N N\u1eaeNG Chuy\u00ean cung c\u1ea5p,thi c\u00f4ng r\u00e8m cu\u1ed1n v\u0103n ph\u00f2ng - r\u00e8m cu\u1ed1n c\u1ea3n n\u1eafng uy t\u00edn ch\u1ea5t l\u01b0\u1ee3ng, gi\u00e1 th\u00e0nh h\u1ee3p l\u00fd. Li\u00ean h\u1ec7: 0962.212.060 \u00a0","rel":"","context":"Similar post","img":{"alt_text":"","src":"https:\/\/i2.wp.com\/remchelangson.com.vn\/wp-content\/uploads\/2021\/10\/Cau-tao-rem-cuon-van-phong-2.jpg?fit=600%2C525&ssl=1&resize=350%2C200","width":350,"height":200},"classes":[]},{"id":501,"url":"https:\/\/remchelangson.com.vn\/?product=rem-sao-nhom-rem-la-nhom","url_meta":{"origin":82,"position":5},"title":"1 R\u00c8M S\u00c1O NH\u00d4M R\u00c8M L\u00c1 NH\u00d4M","date":"19 Th\u00e1ng m\u01b0\u1eddi m\u1ed9t, 2021","format":false,"excerpt":"R\u00c8M S\u00c1O NH\u00d4M R\u00c8M L\u00c1 NH\u00d4M R\u00e8m che Lang S\u01a1n: Chuy\u00ean r\u00e8m s\u00e1o nh\u00f4m - R\u00e8m l\u00e1 nh\u00f4m t\u1ea1i Qu\u1ea3ng Ninh, L\u1ea1ng S\u01a1n.","rel":"","context":"Similar post","img":{"alt_text":"rem-sao-nhom-rem-la-nhom-uy-tin-gia-re","src":"https:\/\/i1.wp.com\/remchelangson.com.vn\/wp-content\/uploads\/2021\/11\/cau-tao-rem-nhom-tai-quang-ninh-1.jpg?fit=600%2C600&ssl=1&resize=350%2C200","width":350,"height":200},"classes":[]}],"_links":{"self":[{"href":"https:\/\/remchelangson.com.vn\/index.php?rest_route=\/wp\/v2\/product\/82","targetHints":{"allow":["GET"]}}],"collection":[{"href":"https:\/\/remchelangson.com.vn\/index.php?rest_route=\/wp\/v2\/product"}],"about":[{"href":"https:\/\/remchelangson.com.vn\/index.php?rest_route=\/wp\/v2\/types\/product"}],"replies":[{"embeddable":true,"href":"https:\/\/remchelangson.com.vn\/index.php?rest_route=%2Fwp%2Fv2%2Fcomments&post=82"}],"version-history":[{"count":4,"href":"https:\/\/remchelangson.com.vn\/index.php?rest_route=\/wp\/v2\/product\/82\/revisions"}],"predecessor-version":[{"id":640,"href":"https:\/\/remchelangson.com.vn\/index.php?rest_route=\/wp\/v2\/product\/82\/revisions\/640"}],"wp:featuredmedia":[{"embeddable":true,"href":"https:\/\/remchelangson.com.vn\/index.php?rest_route=\/wp\/v2\/media\/312"}],"wp:attachment":[{"href":"https:\/\/remchelangson.com.vn\/index.php?rest_route=%2Fwp%2Fv2%2Fmedia&parent=82"}],"wp:term":[{"taxonomy":"product_cat","embeddable":true,"href":"https:\/\/remchelangson.com.vn\/index.php?rest_route=%2Fwp%2Fv2%2Fproduct_cat&post=82"},{"taxonomy":"product_tag","embeddable":true,"href":"https:\/\/remchelangson.com.vn\/index.php?rest_route=%2Fwp%2Fv2%2Fproduct_tag&post=82"}],"curies":[{"name":"wp","href":"https:\/\/api.w.org\/{rel}","templated":true}]}}