{"id":876,"date":"2022-07-19T13:44:48","date_gmt":"2022-07-19T13:44:48","guid":{"rendered":"https:\/\/remchelangson.com.vn\/?post_type=product&#038;p=876"},"modified":"2022-07-21T02:43:52","modified_gmt":"2022-07-21T02:43:52","slug":"bat-mai-xep-tai-lang-son","status":"publish","type":"product","link":"https:\/\/remchelangson.com.vn\/?product=bat-mai-xep-tai-lang-son","title":{"rendered":"B\u1ea0T M\u00c1I X\u1ebeP T\u1ea0I L\u1ea0NG S\u01a0N"},"content":{"rendered":"<div id=\"ez-toc-container\" class=\"ez-toc-v2_0_62 counter-hierarchy ez-toc-counter ez-toc-grey ez-toc-container-direction\">\n<div class=\"ez-toc-title-container\"><p class=\"ez-toc-title\">N\u1ed9i dung b&agrave;i vi\u1ebft<\/p>\n<\/div><nav><ul class='ez-toc-list ez-toc-list-level-1 ' ><li class='ez-toc-page-1 ez-toc-heading-level-1'><a class=\"ez-toc-link ez-toc-heading-1\" href=\"https:\/\/remchelangson.com.vn\/?product=bat-mai-xep-tai-lang-son\/#THI_CONG_BAT_MAI_XEP_TAI_LANG_SON\" title=\"THI C\u00d4NG B\u1ea0T M\u00c1I X\u1ebeP T\u1ea0I L\u1ea0NG S\u01a0N\">THI C\u00d4NG B\u1ea0T M\u00c1I X\u1ebeP T\u1ea0I L\u1ea0NG S\u01a0N<\/a><ul class='ez-toc-list-level-2' ><li class='ez-toc-heading-level-2'><a class=\"ez-toc-link ez-toc-heading-2\" href=\"https:\/\/remchelangson.com.vn\/?product=bat-mai-xep-tai-lang-son\/#_1_UNG_DUNG_CUA_MAI_BAT_CHE_BAT_MAI_XEP\" title=\"\u00a01. \u1ee8NG D\u1ee4NG C\u1ee6A M\u00c1I B\u1ea0T CHE, B\u1ea0T M\u00c1I X\u1ebeP\">\u00a01. \u1ee8NG D\u1ee4NG C\u1ee6A M\u00c1I B\u1ea0T CHE, B\u1ea0T M\u00c1I X\u1ebeP<\/a><ul class='ez-toc-list-level-3' ><li class='ez-toc-heading-level-3'><a class=\"ez-toc-link ez-toc-heading-3\" href=\"https:\/\/remchelangson.com.vn\/?product=bat-mai-xep-tai-lang-son\/#Mot_so_ung_dung_hien_nay_cua_mai_bat_che\" title=\"M\u1ed9t s\u1ed1 \u1ee9ng d\u1ee5ng hi\u1ec7n nay c\u1ee7a m\u00e1i b\u1ea1t che:\">M\u1ed9t s\u1ed1 \u1ee9ng d\u1ee5ng hi\u1ec7n nay c\u1ee7a m\u00e1i b\u1ea1t che:<\/a><\/li><\/ul><\/li><li class='ez-toc-page-1 ez-toc-heading-level-2'><a class=\"ez-toc-link ez-toc-heading-4\" href=\"https:\/\/remchelangson.com.vn\/?product=bat-mai-xep-tai-lang-son\/#2_CAU_TAO_BAT_MAI_XEP_TAI_LANG_SON\" title=\"2. C\u1ea4U T\u1ea0O B\u1ea0T M\u00c1I X\u1ebeP T\u1ea0I L\u1ea0NG S\u01a0N\">2. C\u1ea4U T\u1ea0O B\u1ea0T M\u00c1I X\u1ebeP T\u1ea0I L\u1ea0NG S\u01a0N<\/a><ul class='ez-toc-list-level-3' ><li class='ez-toc-heading-level-3'><a class=\"ez-toc-link ez-toc-heading-5\" href=\"https:\/\/remchelangson.com.vn\/?product=bat-mai-xep-tai-lang-son\/#21_Ve_chat_lieu_bat_cua_mai_xep_Cac_loai_chat_lieu_bat\" title=\"2.1 V\u1ec1 ch\u1ea5t li\u1ec7u b\u1ea1t c\u1ee7a m\u00e1i x\u1ebfp: C\u00e1c lo\u1ea1i ch\u1ea5t li\u1ec7u b\u1ea1t\">2.1 V\u1ec1 ch\u1ea5t li\u1ec7u b\u1ea1t c\u1ee7a m\u00e1i x\u1ebfp: C\u00e1c lo\u1ea1i ch\u1ea5t li\u1ec7u b\u1ea1t<\/a><\/li><li class='ez-toc-page-1 ez-toc-heading-level-3'><a class=\"ez-toc-link ez-toc-heading-6\" href=\"https:\/\/remchelangson.com.vn\/?product=bat-mai-xep-tai-lang-son\/#22_Cac_phu_kien_bat_mai_xep_tai_Lang_Son\" title=\"2.2 C\u00e1c ph\u1ee5 ki\u1ec7n b\u1ea1t m\u00e1i x\u1ebfp t\u1ea1i L\u1ea1ng S\u01a1n\">2.2 C\u00e1c ph\u1ee5 ki\u1ec7n b\u1ea1t m\u00e1i x\u1ebfp t\u1ea1i L\u1ea1ng S\u01a1n<\/a><\/li><\/ul><\/li><li class='ez-toc-page-1 ez-toc-heading-level-2'><a class=\"ez-toc-link ez-toc-heading-7\" href=\"https:\/\/remchelangson.com.vn\/?product=bat-mai-xep-tai-lang-son\/#3_VI_SAO_NEN_DUNG_BAT_XEP_CHO_NHA_HANG_QUAN_AN\" title=\"3. V\u00cc SAO N\u00caN D\u00d9NG B\u1ea0T X\u1ebeP CHO NH\u00c0 H\u00c0NG QU\u00c1N \u0102N\">3. V\u00cc SAO N\u00caN D\u00d9NG B\u1ea0T X\u1ebeP CHO NH\u00c0 H\u00c0NG QU\u00c1N \u0102N<\/a><\/li><li class='ez-toc-page-1 ez-toc-heading-level-2'><a class=\"ez-toc-link ez-toc-heading-8\" href=\"https:\/\/remchelangson.com.vn\/?product=bat-mai-xep-tai-lang-son\/#4_LAP_BAT_MAI_XEP_TAI_LANG_SON_O_DAU\" title=\"4. L\u1eaeP B\u1ea0T M\u00c1I X\u1ebeP T\u1ea0I L\u1ea0NG S\u01a0N \u1ede \u0110\u00c2U\">4. L\u1eaeP B\u1ea0T M\u00c1I X\u1ebeP T\u1ea0I L\u1ea0NG S\u01a0N \u1ede \u0110\u00c2U<\/a><\/li><\/ul><\/li><\/ul><\/nav><\/div>\n<h1><span class=\"ez-toc-section\" id=\"THI_CONG_BAT_MAI_XEP_TAI_LANG_SON\"><\/span><span style=\"font-family: arial, helvetica, sans-serif;\"><strong>THI C\u00d4NG B\u1ea0T M\u00c1I X\u1ebeP T\u1ea0I L\u1ea0NG S\u01a0N<\/strong><\/span><span class=\"ez-toc-section-end\"><\/span><\/h1>\n<p><span style=\"font-family: arial, helvetica, sans-serif;\">Chuy\u00ean cung c\u1ea5p, thi c\u00f4ng b\u1ea1t m\u00e1i x\u1ebfp t\u1ea1i L\u1ea1ng S\u01a1n. \u0110on v\u1ecb l\u00e0m b\u1ea1t uy t\u00edn, b\u1ec1n \u0111\u1eb9p t\u1ea1i Th\u00e0nh ph\u1ed1 L\u1ea1ng S\u01a1n v\u00e0 c\u00e1c khu v\u1ef1c l\u00e2n c\u1eadn nh\u01b0 <em>c\u00e1c khu v\u1ef1c l\u00e2n c\u1eadn nh\u01b0 \u0110\u00ecnh L\u1eadp, \u00a0B\u1eb1ng M\u1ea1c, B\u1eafc S\u01a1n, B\u00ecnh Gia, Cao L\u1ed9c, \u0110i\u1ec1m He, L\u1ed9c B\u00ecnh, \u00d4n Ch\u00e2u, Tho\u00e1t L\u00e3ng, Tr\u00e0ng \u0110\u1ecbnh, V\u0103n Uy\u00ean.\u00a0<\/em><\/span><\/p>\n<h2><span class=\"ez-toc-section\" id=\"_1_UNG_DUNG_CUA_MAI_BAT_CHE_BAT_MAI_XEP\"><\/span><span style=\"color: #008000; font-family: arial, helvetica, sans-serif;\"><strong>\u00a01. \u1ee8NG D\u1ee4NG C\u1ee6A M\u00c1I B\u1ea0T CHE, B\u1ea0T M\u00c1I X\u1ebeP<\/strong><\/span><span class=\"ez-toc-section-end\"><\/span><\/h2>\n<p><span style=\"font-family: arial, helvetica, sans-serif;\">Nh\u00ecn chung m\u00e1i b\u1ea1t che \u0111\u1ec1u l\u00e0 ki\u1ebfn tr\u00fac ho\u1eb7c v\u1eadt d\u1ee5ng c\u00f3 ch\u1ee9c n\u0103ng che m\u01b0a, n\u1eafng. B\u1ea3o v\u1ec7 kh\u00f4ng gian b\u00ean d\u01b0\u1edbi m\u00e1i tr\u01b0\u1edbc t\u00e1c \u0111\u1ed9ng c\u1ee7a th\u1eddi ti\u1ebft v\u00e0 \u0111\u1ea3m b\u1ea3o t\u00ednh n\u0103ng th\u1ea9m m\u1ef9.<\/span><\/p>\n<h3><span class=\"ez-toc-section\" id=\"Mot_so_ung_dung_hien_nay_cua_mai_bat_che\"><\/span><span style=\"font-family: arial, helvetica, sans-serif;\">M\u1ed9t s\u1ed1 \u1ee9ng d\u1ee5ng hi\u1ec7n nay c\u1ee7a m\u00e1i b\u1ea1t che:<\/span><span class=\"ez-toc-section-end\"><\/span><\/h3>\n<p><span style=\"font-family: arial, helvetica, sans-serif;\">+ M\u00e1i b\u1ea1t che \u0111\u01b0\u1ee3c c\u00f3 th\u1ec3 s\u1eed d\u1ee5ng \u1edf tr\u01b0\u1edbc nh\u00e0, l\u1eafp \u0111\u1eb7t cho nhi\u1ec1u lo\u1ea1i kh\u00f4ng gian. Nh\u01b0 m\u00e1i che b\u1ec3 b\u01a1i, m\u00e1i che c\u1eeda h\u00e0ng, m\u00e1i che h\u1ed3 c\u00e1, m\u00e1i che nh\u00e0 xe. M\u1eabu m\u00e3 thi\u1ebft k\u1ebf c\u0169ng \u0111\u01b0\u1ee3c ph\u00e2n th\u00e0nh nhi\u1ec1u lo\u1ea1i t\u1eeb c\u1ed1 \u0111\u1ecbnh, di \u0111\u1ed9ng, cho \u0111\u1ebfn ch\u1ea5t li\u1ec7u s\u1ea3n ph\u1ea9m.<\/span><\/p>\n<p><span style=\"font-family: arial, helvetica, sans-serif;\"><strong>+ M\u00e1i che qu\u00e1n cafe s\u00e2n v\u01b0\u1eddn: \u0111\u00e2y<\/strong>\u00a0m\u1ed9t trong nh\u1eefng l\u1ef1a ch\u1ecd l\u1eafp \u0111\u1eb7t mang l\u1ea1i r\u1ea5t nhi\u1ec1u l\u1ee3i \u00edch trong kinh doanh. \u0110\u1eb7c bi\u1ec7t l\u00e0 kinh doanh cafe s\u00e2n v\u01b0\u1eddn hay c\u00e1c l\u0129nh v\u1ef1c kh\u00e1c nh\u01b0: nh\u00e0 h\u00e0ng, qu\u00e1n nh\u1eadu, c\u00e1c khu ngh\u1ec9 d\u01b0\u1ee1ng, h\u1ed3 b\u01a1i\u2026<\/span><\/p>\n<p><span style=\"font-family: arial, helvetica, sans-serif;\">+ M\u00e1i che cho c\u00e1c kh\u00f4ng gian c\u00f4ng c\u1ed9ng c\u00f3 k\u00edch th\u01b0\u1edbc r\u1ed9ng: hi\u1ec7n nay, m\u00e1i che \u0111\u00e3 \u0111\u01b0\u1ee3c thi\u1ebft k\u1ebf s\u1ea3n xu\u1ea5t v\u1edbi t\u00ednh \u1ee9ng d\u1ee5ng th\u1ef1c t\u1ebf cao h\u01a1n r\u1ea5t nhi\u1ec1u. Do \u0111\u00f3, m\u00e1i <span style=\"color: #008000;\"><strong>che \u0111\u00e3 c\u00f3 th\u1ec3 \u0111\u00e1p \u1ee9ng \u0111\u01b0\u1ee3c y\u00eau c\u1ea7u c\u1ee7a c\u00e1c kh\u00f4ng gian c\u1ea7n che ph\u1ee7 di\u1ec7n t\u00edch r\u1ed9ng.<\/strong><\/span><\/span><\/p>\n<h2><span class=\"ez-toc-section\" id=\"2_CAU_TAO_BAT_MAI_XEP_TAI_LANG_SON\"><\/span><span style=\"color: #008000;\"><strong><span style=\"font-family: arial, helvetica, sans-serif;\">2. C\u1ea4U T\u1ea0O B\u1ea0T M\u00c1I X\u1ebeP T\u1ea0I L\u1ea0NG S\u01a0N<\/span><\/strong><\/span><span class=\"ez-toc-section-end\"><\/span><\/h2>\n<p><span style=\"font-family: arial, helvetica, sans-serif;\">C\u1ea5u t\u1ea1o c\u1ee7a m\u00e1i x\u1ebfp c\u00f3 d\u1ea1ng l\u01b0\u1ee3n s\u00f3ng, s\u00f3ng b\u1ea1t c\u00f3 \u0111\u1ed9 g\u1ea5p s\u00f3ng 1.5 l\u1ea7n n\u00ean khi k\u00e9o b\u1ea1t ra h\u1ebft c\u1ee1 m\u00e1i b\u1ea1t s\u1ebd c\u00f3 h\u00ecnh l\u01b0\u1ee3n s\u00f3ng tr\u00f4ng r\u1ea5t m\u1ec1m m\u1ea1i.<\/span><\/p>\n<p><span style=\"font-family: arial, helvetica, sans-serif;\">\u0110\u1ed9 che ph\u1ee7 l\u1edbn: c\u00e1c s\u00f3ng b\u1ea1t khi k\u00e9o ra s\u1ebd c\u00e1ch nhau t\u1eeb 48cm \u0111\u1ebfn 52cm v\u00e0 khi thu v\u00e0o ch\u1ec9 chi\u1ebfm kho\u1ea3ng 30 \u0111\u1ebfn 60cm t\u00f9y theo chi\u1ec1u d\u00e0i b\u1ed9 b\u1ea1t. Tr\u00ean c\u00e1c s\u00f3ng b\u1ea1t \u0111\u01b0\u1ee3c g\u1eafn c\u00e1c con bi treo \u0111\u1ec3 li\u00ean k\u1ebft v\u00e0o ray cho b\u1ea1t di \u0111\u1ed9ng ch\u1ea1y ra ch\u1ea1y v\u00e0o.<\/span><\/p>\n<h3><span class=\"ez-toc-section\" id=\"21_Ve_chat_lieu_bat_cua_mai_xep_Cac_loai_chat_lieu_bat\"><\/span><span style=\"font-family: arial, helvetica, sans-serif;\">2.1 V\u1ec1 ch\u1ea5t li\u1ec7u b\u1ea1t c\u1ee7a m\u00e1i x\u1ebfp: C\u00e1c lo\u1ea1i ch\u1ea5t li\u1ec7u b\u1ea1t<\/span><span class=\"ez-toc-section-end\"><\/span><\/h3>\n<p><span style=\"font-family: arial, helvetica, sans-serif;\"><strong>V\u1ea3i d\u00f9 (v\u1ea3i Polyester hay v\u1ea3i tr\u00e1ng ni l\u00f4ng)<\/strong>: \u0111\u01b0\u1ee3c l\u00e0m t\u1eeb nguy\u00ean li\u1ec7u ch\u1ea5m th\u1ea5m, tr\u00e1ng nh\u1ef1a 2 m\u1eb7t. T\u00ednh n\u0103ng c\u1ee7a nh\u1eefng lo\u1ea1i b\u1ea1t n\u00e0y th\u00ec r\u1ea5t g\u1ecdn nh\u1eb9 v\u00e0 c\u0169ng d\u1ec5 th\u00edch \u1ee9ng v\u1edbi \u0111\u1ed9 cao.<\/span><\/p>\n<p><span style=\"font-family: arial, helvetica, sans-serif;\"><strong>V\u1ea3i b\u1ea1t che n\u1eafng:<\/strong>\u00a0lo\u1ea1i n\u00e0y c\u00f3 \u0111i\u1ec3m chung v\u1edbi b\u1ea1t v\u1ea3i d\u00f9 ch\u00fang c\u0169ng l\u00e0m t\u1eeb nh\u1eefng nguy\u00ean li\u1ec7u ch\u1ea5m th\u1ea5m, nh\u01b0ng lo\u1ea1i b\u1ea1t n\u00e0y \u0111\u01b0\u1ee3c tr\u00e1ng m\u1ee7 v\u00e0 nh\u1ef1a d\u00e0y h\u01a1n. V\u00e0 nh\u1eefng d\u00f2ng v\u1ea3i b\u1ea1t che n\u1eafng n\u00e0y c\u00f3 nhi\u1ec1u lo\u1ea1i kh\u00e1c nhau nh\u01b0:<\/span><\/p>\n<p><span style=\"font-family: arial, helvetica, sans-serif;\"><strong>B\u1ea1t che n\u1eafng di \u0111\u1ed9ng PVC<\/strong>: \u01b0u \u0111i\u1ec3m v\u01b0\u1ee3t tr\u1ed9i c\u1ee7a lo\u1ea1i n\u00e0y l\u00e0 c\u00f3 kh\u1ea3 n\u0103ng ch\u1ed1ng n\u01b0\u1edbc c\u1ef1c k\u1ef3 t\u1ed1t, kh\u00f4ng bao gi\u1edd b\u1eaft b\u00e9n v\u1edbi l\u1eeda, v\u00e0 \u0111\u1ed9 b\u1ec1n c\u1ee7a ch\u00fang th\u00ec r\u1ea5t tuy\u1ec7t v\u1eddi<\/span><\/p>\n<p><span style=\"font-family: arial, helvetica, sans-serif;\"><strong>B\u1ea1t di \u0111\u1ed9ng PE<\/strong>: lo\u1ea1i n\u00e0y \u0111\u01b0\u1ee3c ph\u1ee7 m\u1ed9t l\u1edbp ch\u1ed1ng tia UV l\u00ean c\u1ea3 hai m\u1eb7t v\u00e0 ch\u00fang c\u00f3 \u0111\u1ecbnh l\u01b0\u1ee3ng t\u1eeb 130 \u0111\u1ebfn 180gsm, ch\u1ed1ng th\u1ea5m ch\u1ed1ng n\u01b0\u1edbc r\u1ea5t t\u1ed1t, ch\u1ed1ng ch\u00e1y c\u0169ng hi\u1ec7u qu\u1ea3.<\/span><\/p>\n<p><img loading=\"lazy\" decoding=\"async\" class=\"wp-image-468 size-full aligncenter\" src=\"https:\/\/i0.wp.com\/remchelangson.com.vn\/wp-content\/uploads\/2021\/11\/thi-cong-bat-mai-sep-tai-van-don-quang-ninh.jpg?resize=600%2C600&#038;ssl=1\" alt=\"bat-mai-xep-tai-lang-son\" width=\"600\" height=\"600\" title=\"\" srcset=\"https:\/\/i0.wp.com\/remchelangson.com.vn\/wp-content\/uploads\/2021\/11\/thi-cong-bat-mai-sep-tai-van-don-quang-ninh.jpg?w=600&amp;ssl=1 600w, https:\/\/i0.wp.com\/remchelangson.com.vn\/wp-content\/uploads\/2021\/11\/thi-cong-bat-mai-sep-tai-van-don-quang-ninh.jpg?resize=300%2C300&amp;ssl=1 300w, https:\/\/i0.wp.com\/remchelangson.com.vn\/wp-content\/uploads\/2021\/11\/thi-cong-bat-mai-sep-tai-van-don-quang-ninh.jpg?resize=150%2C150&amp;ssl=1 150w, https:\/\/i0.wp.com\/remchelangson.com.vn\/wp-content\/uploads\/2021\/11\/thi-cong-bat-mai-sep-tai-van-don-quang-ninh.jpg?resize=200%2C200&amp;ssl=1 200w, https:\/\/i0.wp.com\/remchelangson.com.vn\/wp-content\/uploads\/2021\/11\/thi-cong-bat-mai-sep-tai-van-don-quang-ninh.jpg?resize=100%2C100&amp;ssl=1 100w\" sizes=\"auto, (max-width: 600px) 100vw, 600px\" data-recalc-dims=\"1\" \/><\/p>\n<p style=\"text-align: center;\">Thi c\u00f4ng, l\u1eafp b\u1ea1t m\u00e1i x\u1ebfp t\u1ea1i L\u1ea1ng S\u01a1n<\/p>\n<h3><span class=\"ez-toc-section\" id=\"22_Cac_phu_kien_bat_mai_xep_tai_Lang_Son\"><\/span><span style=\"font-family: arial, helvetica, sans-serif;\">2.2 C\u00e1c ph\u1ee5 ki\u1ec7n b\u1ea1t m\u00e1i x\u1ebfp t\u1ea1i L\u1ea1ng S\u01a1n<\/span><span class=\"ez-toc-section-end\"><\/span><\/h3>\n<ul>\n<li><span style=\"font-family: arial, helvetica, sans-serif;\">V\u1ec1 khung b\u1ea1t: C\u00f3 th\u1ec3 l\u00e0m b\u1eb1ng s\u1eaft, k\u1ebdm h\u1ed9p, inox\u2026 mi\u1ec5n sao \u0111\u1ea3m b\u1ea3o \u0111\u01b0\u1ee3c k\u1ebft c\u1ea5u khung ch\u1ecbu t\u1ea3i v\u00e0 \u0111\u1ed9 b\u1ec1n.<\/span><\/li>\n<\/ul>\n<p><span style=\"font-family: arial, helvetica, sans-serif;\">C\u00e1c s\u00f3ng b\u1ea1t s\u1ebd \u0111\u01b0\u1ee3c li\u00ean k\u1ebft v\u1edbi h\u1ed9p th\u00e9p m\u1ea1 k\u1ebdm 20x40x1.1 ho\u1eb7c 20x20x1.1 t\u00f9y theo chi\u1ec1u r\u1ed9ng kh\u1ed5 b\u1ea1t.<\/span><\/p>\n<ul>\n<li><span style=\"font-family: arial, helvetica, sans-serif;\">D\u00e2y k\u00e9o b\u1ea1t: D\u00e2y k\u00e9o b\u1ea1t \u0111\u01b0\u1ee3c l\u00e0m t\u1eeb c\u00e1c lo\u1ea1i d\u00e2y d\u00f9 chuy\u00ean d\u1ee5ng phi 6 ho\u1eb7c phi 8. \u0110\u00e2y l\u00e0 v\u1eadt t\u01b0 d\u1ec5 b\u1ecb \u0103n m\u00f2n trong qu\u00e1 tr\u00ecnh s\u1eed d\u1ee5ng nh\u1ea5t v\u00ec v\u1eady c\u1ea7n ph\u1ea3i s\u1eed d\u1ee5ng lo\u1ea1i d\u00e2y b\u1ec1n, d\u1ebbo dai. Qu\u00fd kh\u00e1ch kh\u00f4ng n\u00ean s\u1eed d\u1ee5ng c\u00e1c lo\u1ea1i d\u00e2y nilon v\u00ec s\u1ebd nhanh h\u1ecfng v\u00e0 \u0111\u1ee9t g\u00e3y.<\/span><\/li>\n<li><span style=\"font-family: arial, helvetica, sans-serif;\">Ray ch\u1ea1y b\u1ea1t: Hay c\u00f2n g\u1ecdi l\u00e0 u treo c\u00f3 k\u00edch th\u01b0\u1edbc 30*40mm \u0111\u01b0\u1ee3c l\u00e0m b\u1eb1ng k\u1ebdm \u0111\u00fac nguy\u00ean kh\u1ed1i \u0111\u1ea3m b\u1ea3o kh\u1ea3 n\u0103ng ch\u1ecbu l\u1ef1c n\u00e2ng \u0111\u1ee1 v\u00e0 gi\u00fap b\u1ea1t di chuy\u1ec3n tr\u01a1n tru.<\/span><\/li>\n<\/ul>\n<h2><span class=\"ez-toc-section\" id=\"3_VI_SAO_NEN_DUNG_BAT_XEP_CHO_NHA_HANG_QUAN_AN\"><\/span><span style=\"color: #008000;\"><strong>3. V\u00cc SAO N\u00caN D\u00d9NG B\u1ea0T X\u1ebeP CHO NH\u00c0 H\u00c0NG QU\u00c1N \u0102N<\/strong><\/span><span class=\"ez-toc-section-end\"><\/span><\/h2>\n<p>Hi\u1ec7n nay nhu c\u1ea7u s\u1eed d\u1ee5ng c\u00e1c s\u1ea3n ph\u1ea9m\u00a0<a href=\"https:\/\/remchelangson.com.vn\/?product=bat-che-tu-cuon\">m\u00e1i che n\u1eafng m\u01b0a<\/a>\u00a0ng\u00e0y c\u00e0ng t\u0103ng cao. H\u1ea7u nh\u01b0 m\u1ecdi l\u1ecbnh v\u1ef1c kinh doanh \u0111\u1ec1u c\u1ea7n \u0111\u1ebfn s\u1ea3n ph\u1ea9m n\u00e0y \u0111\u1ec3 \u0111\u1ea3m b\u1ea3o s\u1ef1 kh\u1eafc nghi\u1ec7t c\u1ee7a th\u1eddi ti\u1ebft kh\u00f4ng l\u00e0m \u1ea3nh h\u01b0\u1edfng \u0111\u1ebfn kh\u00e1ch h\u00e0ng.<\/p>\n<p>M\u1ed9t trong nh\u1eefng lo\u1ea1i m\u00e1i che \u0111\u01b0\u1ee3c \u01b0a chu\u1ed9ng hi\u1ec7n nay \u0111\u00f3 ch\u00ednh l\u00e0 m\u00e1i che b\u1ea1t x\u1ebfp l\u01b0\u1ee3n s\u00f3ng. Nh\u1edd v\u00e0o kh\u1ea3 n\u0103ng che ph\u1ee7 di\u1ec7n t\u00edch l\u1edbn, c\u0169ng nh\u01b0 linh ho\u1ea1t thu v\u00e0o k\u00e9o ra khi c\u1ea7n thi\u1ebft.<\/p>\n<p>Ngo\u00e0i ra ch\u00fang t\u00f4i c\u00f2n thi c\u00f4ng r\u1ea5t nhi\u1ec1u lo\u1ea1i b\u1ea1t kh\u00e1c nh\u01b0: b\u1ea1t t\u1ef1 cu\u1ed1n ban c\u00f4ng, m\u00e1i hi\u00ean di \u0111\u1ed9ng, b\u1ea1t quay tay\u2026<\/p>\n<p><img loading=\"lazy\" decoding=\"async\" class=\"wp-image-358 size-full aligncenter\" src=\"https:\/\/i2.wp.com\/remchelangson.com.vn\/wp-content\/uploads\/2021\/10\/cua-hang-lap-bat-mai-xep-uy-tin-ben-re-tai-thanh-pho-lang-son.jpg?resize=600%2C600&#038;ssl=1\" alt=\"don-vi-lap-bat-mai-xep-uy-tin-ben-re-tai-lang-son\" width=\"600\" height=\"600\" title=\"\" srcset=\"https:\/\/i2.wp.com\/remchelangson.com.vn\/wp-content\/uploads\/2021\/10\/cua-hang-lap-bat-mai-xep-uy-tin-ben-re-tai-thanh-pho-lang-son.jpg?w=600&amp;ssl=1 600w, https:\/\/i2.wp.com\/remchelangson.com.vn\/wp-content\/uploads\/2021\/10\/cua-hang-lap-bat-mai-xep-uy-tin-ben-re-tai-thanh-pho-lang-son.jpg?resize=300%2C300&amp;ssl=1 300w, https:\/\/i2.wp.com\/remchelangson.com.vn\/wp-content\/uploads\/2021\/10\/cua-hang-lap-bat-mai-xep-uy-tin-ben-re-tai-thanh-pho-lang-son.jpg?resize=150%2C150&amp;ssl=1 150w, https:\/\/i2.wp.com\/remchelangson.com.vn\/wp-content\/uploads\/2021\/10\/cua-hang-lap-bat-mai-xep-uy-tin-ben-re-tai-thanh-pho-lang-son.jpg?resize=200%2C200&amp;ssl=1 200w, https:\/\/i2.wp.com\/remchelangson.com.vn\/wp-content\/uploads\/2021\/10\/cua-hang-lap-bat-mai-xep-uy-tin-ben-re-tai-thanh-pho-lang-son.jpg?resize=100%2C100&amp;ssl=1 100w\" sizes=\"auto, (max-width: 600px) 100vw, 600px\" data-recalc-dims=\"1\" \/><\/p>\n<p style=\"text-align: center;\">Thi c\u00f4ng, l\u1eafp b\u1ea1t m\u00e1i x\u1ebfp t\u1ea1i L\u1ea1ng S\u01a1n<\/p>\n<h2><span class=\"ez-toc-section\" id=\"4_LAP_BAT_MAI_XEP_TAI_LANG_SON_O_DAU\"><\/span><strong><span style=\"color: #008000;\">4. L\u1eaeP B\u1ea0T M\u00c1I X\u1ebeP T\u1ea0I L\u1ea0NG S\u01a0N \u1ede \u0110\u00c2U<\/span><\/strong><span class=\"ez-toc-section-end\"><\/span><\/h2>\n<p>\u0110\u01a1n v\u1ecb l\u1eafp b\u1ea1t m\u00e1i x\u1ebfp, m\u00e1i hi\u00ean di \u0111\u1ed9ng, b\u1ea1t che t\u1ef1 cu\u1ed1n uy t\u00edn t\u1ea1i L\u1ea1ng S\u01a1n.<\/p>\n<p>\u0110\u1ecba ch\u1ec9: 25 B\u00f4ng Lau &#8211; Th\u00e0nh ph\u1ed1 L\u1ea1ng S\u01a1n<\/p>\n<p>Li\u00ean h\u1ec7: 0962.212.060<\/p>\n<p>Tham kh\u1ea3o th\u00eam: <a href=\"https:\/\/remcuaquangninh.com.vn\/san-pham\/bat-che-nang-mua-tu-cuon\/\" rel=\"noopener\">B\u1ea1t che ban c\u00f4ng t\u1ef1 cu\u1ed1n<\/a><\/p>\n","protected":false},"excerpt":{"rendered":"<p><span style=\"font-family: arial, helvetica, sans-serif;\">Chuy\u00ean cung c\u1ea5p, thi c\u00f4ng b\u1ea1t m\u00e1i x\u1ebfp t\u1ea1i L\u1ea1ng S\u01a1n. \u0110on v\u1ecb l\u00e0m b\u1ea1t uy t\u00edn, b\u1ec1n \u0111\u1eb9p t\u1ea1i Th\u00e0nh ph\u1ed1 L\u1ea1ng S\u01a1n v\u00e0 c\u00e1c khu v\u1ef1c l\u00e2n c\u1eadn nh\u01b0 <em>c\u00e1c khu v\u1ef1c l\u00e2n c\u1eadn nh\u01b0 \u0110\u00ecnh L\u1eadp, \u00a0B\u1eb1ng M\u1ea1c, B\u1eafc S\u01a1n, B\u00ecnh Gia, Cao L\u1ed9c, \u0110i\u1ec1m He, L\u1ed9c B\u00ecnh, \u00d4n Ch\u00e2u, Tho\u00e1t L\u00e3ng, Tr\u00e0ng \u0110\u1ecbnh, V\u0103n Uy\u00ean.\u00a0<\/em><\/span><\/p>\n","protected":false},"featured_media":358,"comment_status":"open","ping_status":"closed","template":"","meta":{"spay_email":""},"product_cat":[18],"product_tag":[],"class_list":{"0":"post-876","1":"product","2":"type-product","3":"status-publish","4":"has-post-thumbnail","6":"product_cat-bat-che","8":"first","9":"instock","10":"shipping-taxable","11":"product-type-simple"},"jetpack-related-posts":[{"id":886,"url":"https:\/\/remchelangson.com.vn\/?product=bat-che-mai-hien-di-dong-tai-lang-son","url_meta":{"origin":876,"position":0},"title":"B\u1ea0T CHE M\u00c1I HI\u00caN DI \u0110\u1ed8NG T\u1ea0I L\u1ea0NG S\u01a0N","date":"16 Th\u00e1ng 8, 2022","format":false,"excerpt":"Chuy\u00ean cung c\u1ea5p, thi c\u00f4ng, l\u1eafp b\u1ea1t che b\u1ea1t t\u1ef1 cu\u1ed1n ban c\u00f4ng, b\u1ea1t m\u00e1i hi\u00ean, b\u1ea1t m\u00e1i x\u1ebfp, uy t\u00edn, b\u1ec3n \u0111\u1eb9p, gi\u00e1 r\u1ebb t\u1ea1i L\u1ea1ng S\u01a1n. v\u00e0 c\u00e1c khu v\u1ef1c l\u00e2n c\u1eadn nh\u01b0 \u0110\u00ecnh L\u1eadp, \u00a0B\u1eb1ng M\u1ea1c, B\u1eafc S\u01a1n, B\u00ecnh Gia, Cao L\u1ed9c, \u0110i\u1ec1m He, L\u1ed9c B\u00ecnh, \u00d4n\u2026","rel":"","context":"Similar post","img":{"alt_text":"","src":"https:\/\/i2.wp.com\/remchelangson.com.vn\/wp-content\/uploads\/2022\/02\/don-vi-lap-mai-hie-di-dong-tai-cam-pha-quang-ninh.jpg?fit=700%2C700&ssl=1&resize=350%2C200","width":350,"height":200},"classes":[]},{"id":992,"url":"https:\/\/remchelangson.com.vn\/?product=bat-ke-soc-bat-xay-dung-gia-re","url_meta":{"origin":876,"position":1},"title":"5. B\u1ea0T K\u1eba S\u1eccC B\u1ea0T X\u00c2Y D\u1ef0NG","date":"16 Th\u00e1ng 3, 2023","format":false,"excerpt":"Cung c\u1ea5p, b\u00e1n b\u1ea1t k\u1ebb s\u1ecdc b\u1ea1t x\u00e2y d\u1ef1ng gi\u00e1 r\u1ebb t\u1ea1i Qu\u1ea3ng Ninh, L\u1ea1ng S\u01a1n v\u00e0 c\u00e1c khu v\u1ef1c l\u00e2n c\u1eadn. \u0110\u01a1n v\u1ecb cung c\u1ea5p, b\u00e1n, ph\u00e2n ph\u1ed1i b\u1ea1t k\u1ebb s\u1ecdc b\u1ea1t x\u00e2y d\u1ef1ng 3 m\u00e0u gi\u00e1 r\u1ebb t\u1ea1i Qu\u1ea3ng Ninh v\u00e0 L\u1ea1ng S\u01a1n. \u0110\u1ecba ch\u1ec9: Khu Nam S\u01a1n\u2026","rel":"","context":"Similar post","img":{"alt_text":"","src":"https:\/\/i1.wp.com\/remchelangson.com.vn\/wp-content\/uploads\/2023\/03\/cung-cap-ban-bat-ke-soc-tai-quang-ninh.jpg?fit=700%2C700&ssl=1&resize=350%2C200","width":350,"height":200},"classes":[]},{"id":868,"url":"https:\/\/remchelangson.com.vn\/?product=bat-che-nang-ban-cong-lang-son","url_meta":{"origin":876,"position":2},"title":"B\u1ea0T CHE N\u1eaeNG BAN C\u00d4NG L\u1ea0NG S\u01a0N","date":"19 Th\u00e1ng 7, 2022","format":false,"excerpt":"B\u1ea1t che n\u1eafng m\u01b0a ban c\u00f4ng hay c\u00f2n \u0111\u01b0\u1ee3c g\u1ecdi l\u00e0 b\u1ea1t th\u1ea3, hay b\u1ea1n cu\u1ed1n l\u00e0 lo\u1ea1i b\u1ea1t d\u00f9ng \u0111\u1ec3 che ch\u1eafn tr\u1ef1c ti\u1ebfp n\u1eafng chi\u1ebfu xi\u00ean t\u1eeb ngo\u00e0i v\u00e0o trong nh\u00e0, b\u1ea1t \u0111\u01b0\u1ee3c th\u1ea3 theo chi\u1ec1u th\u1eb3ng \u0111\u1ee9ng.","rel":"","context":"Similar post","img":{"alt_text":"","src":"https:\/\/i0.wp.com\/remchelangson.com.vn\/wp-content\/uploads\/2022\/07\/lap-bat-che-ban-cong-truong-hoc-tai-ha-long.jpg?fit=720%2C960&ssl=1&resize=350%2C200","width":350,"height":200},"classes":[]},{"id":598,"url":"https:\/\/remchelangson.com.vn\/?product=bat-mai-hien-di-dong-cam-pha","url_meta":{"origin":876,"position":3},"title":"B\u1ea0T M\u00c1I HI\u00caN DI \u0110\u1ed8NG C\u1ea8M PH\u1ea2","date":"11 Th\u00e1ng 2, 2022","format":false,"excerpt":"B\u1ea0T M\u00c1I HI\u00caN DI \u0110\u1ed8NG C\u1ea8M PH\u1ea2 QU\u1ea2NG NINH L\u1eafp b\u1ea1t m\u00e1i hi\u00ean di \u0111\u1ed9ng C\u1ea9m Ph\u1ea3 Qu\u1ea3ng Ninh. Chuy\u00ean cung c\u1ea5p thi c\u00f4ng, l\u1eafp \u0111\u1eb7t m\u00e1i hi\u00ean di \u0111\u1ed9ng, b\u1ea1t che m\u00e1i hi\u00ean, b\u1ea1t quay tay, b\u1ea1t m\u00e1i x\u1ebfp.... t\u1ea1i C\u1ea9m Ph\u1ea3 Qu\u1ea3ng Ninh v\u00e0 c\u00e1c khu v\u1ef1c l\u00e2n\u2026","rel":"","context":"Similar post","img":{"alt_text":"","src":"https:\/\/i2.wp.com\/remchelangson.com.vn\/wp-content\/uploads\/2022\/02\/chuyen-thi-cong-mai-hien-di-dong-tai-cam-pha.jpg?fit=700%2C700&ssl=1&resize=350%2C200","width":350,"height":200},"classes":[]},{"id":76,"url":"https:\/\/remchelangson.com.vn\/?product=bat-mai-xep-mai-xep-di-dong","url_meta":{"origin":876,"position":4},"title":"3. B\u1ea0T M\u00c1I X\u1ebeP &#8211; M\u00c1I X\u1ebeP DI \u0110\u1ed8NG","date":"30 Th\u00e1ng 9, 2021","format":false,"excerpt":"B\u1ea0T M\u00c1I X\u1ebeP - M\u00c1I X\u1ebeP DI \u0110\u1ed8NG Chuy\u00ean cung c\u1ea5p, thi c\u00f4ng b\u1ea1t m\u00e1i hi\u00ean, m\u00e1i x\u1ebfp, b\u1ea1t che t\u1ef1 cu\u1ed1n t\u1ea1i L\u1ea1ng S\u01a1n. C\u1ea3m \u01a1n qu\u00fd kh\u00e1ch \u0111\u00e3 tham kh\u1ea3o s\u1ea3n ph\u1ea9m c\u1ee7a ch\u00fang t\u00f4i. M\u1ecdi chi ti\u1ebft c\u1ea7n l\u1eafp \u0111\u1eb7t hay t\u01b0 v\u1ea5n l\u1eafp \u0111\u1eb7t xin vui\u2026","rel":"","context":"Similar post","img":{"alt_text":"","src":"https:\/\/i1.wp.com\/remchelangson.com.vn\/wp-content\/uploads\/2021\/09\/thi-cong-lap-dat-bat-mai-xep-dam-ha-ha-coi.jpg?fit=600%2C600&ssl=1&resize=350%2C200","width":350,"height":200},"classes":[]},{"id":66,"url":"https:\/\/remchelangson.com.vn\/?product=bat-che-nang-mua-tu-cuon","url_meta":{"origin":876,"position":5},"title":"1. B\u1ea0T CHE N\u1eaeNG M\u01afA T\u1ef0 CU\u1ed0N","date":"29 Th\u00e1ng 9, 2021","format":false,"excerpt":"B\u1ea0T CHE N\u1eaeNG M\u01afA T\u1ef0 CU\u1ed0N \u01afu \u0111i\u1ec3m khi l\u1eafp \u0111\u1eb7t b\u1ea1t che n\u1eafng m\u01b0a? \u2013 Che m\u01b0a, che n\u1eafng t\u1ed1t \u2013 Gi\u00e1 th\u00e0nh l\u1eafp \u0111\u1eb7t r\u1ebb \u2013 D\u1ec5 s\u1eed d\u1ee5ng, ti\u1ec7n l\u1ee3i \u2013 C\u00f3 c\u00e1c t\u00e1c d\u1ee5ng kh\u00e1c ngo\u00e0i che n\u1eafng m\u01b0a \u2013 L\u1eafp \u0111\u1eb7t, b\u1ea3o h\u00e0nh, b\u1ea3o tr\u00ec\u2026","rel":"","context":"Similar post","img":{"alt_text":"","src":"https:\/\/i1.wp.com\/remchelangson.com.vn\/wp-content\/uploads\/2021\/09\/thi-cong-bat-che-tu-cuon-tai-lang-son-e1637071078332.jpg?fit=600%2C447&ssl=1&resize=350%2C200","width":350,"height":200},"classes":[]}],"_links":{"self":[{"href":"https:\/\/remchelangson.com.vn\/index.php?rest_route=\/wp\/v2\/product\/876","targetHints":{"allow":["GET"]}}],"collection":[{"href":"https:\/\/remchelangson.com.vn\/index.php?rest_route=\/wp\/v2\/product"}],"about":[{"href":"https:\/\/remchelangson.com.vn\/index.php?rest_route=\/wp\/v2\/types\/product"}],"replies":[{"embeddable":true,"href":"https:\/\/remchelangson.com.vn\/index.php?rest_route=%2Fwp%2Fv2%2Fcomments&post=876"}],"version-history":[{"count":2,"href":"https:\/\/remchelangson.com.vn\/index.php?rest_route=\/wp\/v2\/product\/876\/revisions"}],"predecessor-version":[{"id":878,"href":"https:\/\/remchelangson.com.vn\/index.php?rest_route=\/wp\/v2\/product\/876\/revisions\/878"}],"wp:featuredmedia":[{"embeddable":true,"href":"https:\/\/remchelangson.com.vn\/index.php?rest_route=\/wp\/v2\/media\/358"}],"wp:attachment":[{"href":"https:\/\/remchelangson.com.vn\/index.php?rest_route=%2Fwp%2Fv2%2Fmedia&parent=876"}],"wp:term":[{"taxonomy":"product_cat","embeddable":true,"href":"https:\/\/remchelangson.com.vn\/index.php?rest_route=%2Fwp%2Fv2%2Fproduct_cat&post=876"},{"taxonomy":"product_tag","embeddable":true,"href":"https:\/\/remchelangson.com.vn\/index.php?rest_route=%2Fwp%2Fv2%2Fproduct_tag&post=876"}],"curies":[{"name":"wp","href":"https:\/\/api.w.org\/{rel}","templated":true}]}}