{"id":968,"date":"2023-02-22T08:52:40","date_gmt":"2023-02-22T08:52:40","guid":{"rendered":"https:\/\/remchelangson.com.vn\/?post_type=product&#038;p=968"},"modified":"2023-02-22T08:53:02","modified_gmt":"2023-02-22T08:53:02","slug":"o-du-che-nang-mua-cam-pha-quang-ninh","status":"publish","type":"product","link":"https:\/\/remchelangson.com.vn\/?product=o-du-che-nang-mua-cam-pha-quang-ninh","title":{"rendered":"B\u00c1N \u00d4 D\u00d9 CHE N\u1eaeNG M\u01afA C\u1ea8M PH\u1ea2"},"content":{"rendered":"<div id=\"ez-toc-container\" class=\"ez-toc-v2_0_62 counter-hierarchy ez-toc-counter ez-toc-grey ez-toc-container-direction\">\n<div class=\"ez-toc-title-container\"><p class=\"ez-toc-title\">N\u1ed9i dung b&agrave;i vi\u1ebft<\/p>\n<\/div><nav><ul class='ez-toc-list ez-toc-list-level-1 ' ><li class='ez-toc-page-1 ez-toc-heading-level-1'><a class=\"ez-toc-link ez-toc-heading-1\" href=\"https:\/\/remchelangson.com.vn\/?product=o-du-che-nang-mua-cam-pha-quang-ninh\/#BAN_O_DU_CHE_NANG_MUA_CAM_PHA\" title=\"B\u00c1N \u00d4 D\u00d9 CHE N\u1eaeNG M\u01afA C\u1ea8M PH\u1ea2\">B\u00c1N \u00d4 D\u00d9 CHE N\u1eaeNG M\u01afA C\u1ea8M PH\u1ea2<\/a><ul class='ez-toc-list-level-2' ><li class='ez-toc-heading-level-2'><a class=\"ez-toc-link ez-toc-heading-2\" href=\"https:\/\/remchelangson.com.vn\/?product=o-du-che-nang-mua-cam-pha-quang-ninh\/#1_NEN_CHON_O_DU_CHE_NANG_MUA_CAM_PHA_THE_NAO\" title=\"1. N\u00caN CH\u1eccN \u00d4 D\u00d9 CHE N\u1eaeNG M\u01afA C\u1ea8M PH\u1ea2 TH\u1ebe N\u00c0O?\">1. N\u00caN CH\u1eccN \u00d4 D\u00d9 CHE N\u1eaeNG M\u01afA C\u1ea8M PH\u1ea2 TH\u1ebe N\u00c0O?<\/a><\/li><li class='ez-toc-page-1 ez-toc-heading-level-2'><a class=\"ez-toc-link ez-toc-heading-3\" href=\"https:\/\/remchelangson.com.vn\/?product=o-du-che-nang-mua-cam-pha-quang-ninh\/#2_UU_DIEM_O_DU_CHE_NANG_MUA_CAM_PHA\" title=\"2. \u01afU \u0110I\u1ec2M \u00d4 D\u00d9 CHE N\u1eaeNG M\u01afA C\u1ea8M PH\u1ea2\">2. \u01afU \u0110I\u1ec2M \u00d4 D\u00d9 CHE N\u1eaeNG M\u01afA C\u1ea8M PH\u1ea2<\/a><\/li><li class='ez-toc-page-1 ez-toc-heading-level-2'><a class=\"ez-toc-link ez-toc-heading-4\" href=\"https:\/\/remchelangson.com.vn\/?product=o-du-che-nang-mua-cam-pha-quang-ninh\/#3_CAU_TAO_O_LECH_TAM\" title=\"3. C\u1ea4U T\u1ea0O \u00d4 L\u1ec6CH T\u00c2M\u00a0\">3. C\u1ea4U T\u1ea0O \u00d4 L\u1ec6CH T\u00c2M\u00a0<\/a><\/li><li class='ez-toc-page-1 ez-toc-heading-level-2'><a class=\"ez-toc-link ez-toc-heading-5\" href=\"https:\/\/remchelangson.com.vn\/?product=o-du-che-nang-mua-cam-pha-quang-ninh\/#4_UNG_DUNG_O_DU_CHE_NANG_MUA_CAM_PHA\" title=\"4. \u1ee8NG D\u1ee4NG \u00d4 D\u00d9 CHE N\u1eaeNG M\u01afA C\u1ea8M PH\u1ea2\">4. \u1ee8NG D\u1ee4NG \u00d4 D\u00d9 CHE N\u1eaeNG M\u01afA C\u1ea8M PH\u1ea2<\/a><\/li><li class='ez-toc-page-1 ez-toc-heading-level-2'><a class=\"ez-toc-link ez-toc-heading-6\" href=\"https:\/\/remchelangson.com.vn\/?product=o-du-che-nang-mua-cam-pha-quang-ninh\/#5_DIA_CHI_BAN_O_DU_CHE_NANG_MUA_CAM_PHA_QUANG_NINH\" title=\"5. \u0110\u1ecaA CH\u1ec8 B\u00c1N \u00d4 D\u00d9 CHE N\u1eaeNG M\u01afA C\u1ea8M PH\u1ea2 QU\u1ea2NG NINH\">5. \u0110\u1ecaA CH\u1ec8 B\u00c1N \u00d4 D\u00d9 CHE N\u1eaeNG M\u01afA C\u1ea8M PH\u1ea2 QU\u1ea2NG NINH<\/a><\/li><\/ul><\/li><\/ul><\/nav><\/div>\n<h1><span class=\"ez-toc-section\" id=\"BAN_O_DU_CHE_NANG_MUA_CAM_PHA\"><\/span><strong>B\u00c1N \u00d4 D\u00d9 CHE N\u1eaeNG M\u01afA C\u1ea8M PH\u1ea2<\/strong><span class=\"ez-toc-section-end\"><\/span><\/h1>\n<p>Cung c\u1ea5p thi c\u00f4ng:<\/p>\n<ul>\n<li>Gi\u00e0n ph\u01a1i qu\u1ea7n \u00e1o th\u00f4ng minh<\/li>\n<\/ul>\n<ul>\n<li>L\u01b0\u1edbi an to\u00e0n ban c\u00f4ng, c\u1ea7u thang<\/li>\n<\/ul>\n<ul>\n<li><a href=\"https:\/\/remchelangson.com.vn\/?product_cat=cua-luoi-chong-muoi\">C\u1eeda l\u01b0\u1edbi ch\u1ed1ng mu\u1ed7i, c\u00f4n tr\u00f9ng<\/a><\/li>\n<\/ul>\n<ul>\n<li>B\u1ea1t che n\u1eafng m\u01b0a t\u1ef1 cu\u1ed1n, b\u1ea1t m\u00e1i hi\u00ean, m\u00e1i x\u1ebfp, b\u1ea1t quay tay<\/li>\n<\/ul>\n<ul>\n<li><a href=\"https:\/\/remcuaquangninh.com.vn\/san-pham\/rem-cuon-van-phong\/\" rel=\"noopener\">M\u00e0nh r\u00e8m: R\u00e8m g\u1ed7, r\u00e8m c\u1ea7u v\u1ed3ng, r\u00e8m cu\u1ed1n v\u0103n ph\u00f2ng, r\u00e8m s\u00e1o nh\u00f4m\u2026<\/a><\/li>\n<\/ul>\n<ul>\n<li>M\u00e0nh tre tr\u00fac<\/li>\n<\/ul>\n<ul>\n<li>\u00d4 d\u00f9 che n\u1eafng m\u01b0a l\u1ec7ch t\u00e2m<\/li>\n<\/ul>\n<p>Chuy\u00ean cung c\u1ea5p, b\u00e1n \u00f4 l\u1ec7ch t\u00e2m H\u1ea1 Long Qu\u1ea3ng Ninh. B\u00e1n \u00f4 l\u1ec7ch t\u00e2m che n\u1eafng m\u01b0a d\u00e0nh cho nh\u00e0 h\u00e0ng, qu\u00e1n \u0103n, kh\u00e1ch s\u1ea1n t\u1ea1i C\u1ea9m Ph\u1ea3 v\u00e0 c\u00e1c khu v\u1ef1c l\u00e2n c\u1eadn nh\u01b0: U\u00f4ng B\u00ed, Qu\u1ea3ng Y\u00ean, Ho\u00e0nh B\u1ed3, C\u1ea9m Ph\u1ea3\u2026 B\u00e1n \u00f4 d\u00f9 che n\u1eafng m\u01b0a C\u1ea9m Ph\u1ea3<\/p>\n<h2><span class=\"ez-toc-section\" id=\"1_NEN_CHON_O_DU_CHE_NANG_MUA_CAM_PHA_THE_NAO\"><\/span><span style=\"color: #ff0000;\"><strong>1. N\u00caN CH\u1eccN \u00d4 D\u00d9 CHE N\u1eaeNG M\u01afA C\u1ea8M PH\u1ea2 TH\u1ebe N\u00c0O?<\/strong><\/span><span class=\"ez-toc-section-end\"><\/span><\/h2>\n<p><span style=\"font-size: 14pt;\">N\u1ebfu c\u00e1c b\u1ea1n \u0111ang c\u00f3 nhu c\u1ea7u m\u1edf qu\u00e1n c\u00e0 ph\u00ea, nh\u00e0 h\u00e0ng th\u00ec c\u00e1c b\u1ea1n n\u00ean ch\u1ecdn nh\u1eefng chi\u1ebfc\u00a0<strong>d\u00f9 l\u1ec7ch t\u00e2m vu\u00f4ng\u00a0<\/strong>hay d\u00f9 l\u1ec7ch t\u00e2m tr\u00f2n ph\u00f9 h\u1ee3p v\u00e0 ti\u1ebft ki\u1ec7m \u0111\u01b0\u1ee3c kh\u00f4ng gian cho qu\u00e1n c\u00e0 ph\u00ea c\u1ee7a b\u1ea1n. <\/span><\/p>\n<p><span style=\"font-size: 14pt;\">Nh\u01b0ng \u0111i\u1ec1u l\u01b0u \u00fd nh\u1ea5t \u1edf \u0111\u00e2y l\u00e0 b\u1ea1n ph\u1ea3i ch\u1ecdn \u0111\u01b0\u1ee3c nh\u1eefng chi\u1ebfc \u00f4 d\u00f9 l\u1ec7ch t\u00e2m v\u1edbi m\u00e1i d\u00f9 c\u00f3 m\u00e0u s\u1eafc ph\u00f9 h\u1ee3p v\u1edbi kh\u00f4ng gian qu\u00e1n c\u1ee7a b\u1ea1n. C\u00f2n \u0111\u1ed1i v\u1edbi nh\u1eefng b\u1ea1n \u0111ang c\u00f3 nhu c\u1ea7u m\u1edf c\u00e1c qu\u00e1n n\u01b0\u1edbc tr\u00ean nh\u1eefng b\u00e3i bi\u1ec3n d\u00e0i\u00a0 m\u01a1 m\u1ed9ng\u00a0 th\u00ec c\u00e1c b\u1ea1n c\u1ea7n quan t\u00e2m \u0111\u1ebfn ch\u1ea5t li\u1ec7u c\u1ee7a v\u1ea3i \u00f4 d\u00f9 v\u00e0 th\u00e2n \u00f4 d\u00f9. C\u00e1c b\u1ea1n ph\u1ea3i ch\u1ecdn lo\u1ea1i v\u1ea3i \u00f4 d\u00f9 v\u1eeba c\u00f3 t\u00e1c d\u1ee5ng che n\u1eafng, v\u1eeba c\u00f3 t\u00e1c d\u1ee5ng che m\u01b0a. Hi\u1ec7n nay v\u1ea3i c\u00f3 nhi\u1ec1u lo\u1ea1i r\u1ea5t hi\u1ec7n \u0111\u1ea1i v\u1eeba c\u00f3 \u0111\u01b0\u1ee3c hai t\u00e1c d\u1ee5ng tr\u00ean m\u00e0 ch\u00fang t\u1ea1i c\u00f2n c\u00f3 th\u1ec3 ch\u1ed1ng ch\u00e1y, ch\u1ed1ng b\u1ee5i b\u1ea9n r\u1ea5t th\u00f4ng minh.\u00a0 <\/span><\/p>\n<p><span style=\"font-size: 14pt;\">C\u00f2n \u0111\u1ed1i v\u1edbi th\u00e2n d\u00f9 th\u00ec c\u00e1c b\u1ea1n ch\u00fa \u00fd ch\u1ecdn lo\u1ea1i th\u00e2n \u0111\u01b0\u1ee3c s\u01a1n t\u0129nh \u0111i\u1ec7n, ch\u1ed1ng han g\u1ec9 \u0111\u1ec3 c\u00f3 th\u1ec3 ch\u1ed1ng l\u1ea1i \u0111\u01b0\u1ee3c c\u00e1i n\u1eafng, c\u00e1i gi\u00f3, c\u00e1i mu\u1ed1i m\u1eb7n c\u1ee7a bi\u1ec3n \u0111\u1ec3 c\u00f3 th\u1ec3 \u0111i \u0111\u01b0\u1ee3c v\u1edbi b\u1ea1n theo th\u1eddi gian. Hi\u1ec7n nay th\u00ec c\u00f3 lo\u1ea1i\u00a0<strong>\u00f4 d\u00f9 l\u1ec7ch t\u00e2m<\/strong>\u00a0c\u00f3 \u0111\u00e8n led \u0111\u01b0\u1ee3c thi\u1ebft k\u1ebf kh\u00e1 m\u1edbi m\u1ebb v\u00e0 hi\u1ec7n \u0111\u1ea1i ph\u00f9 h\u1ee3p v\u1edbi c\u00e1c b\u1ea1n mu\u1ed1n \u0111\u1eb7t n\u00f3 t\u1ea1i c\u00e1c khu resort. C\u00f2n g\u00ec tuy\u1ec7t v\u1eddi h\u01a1n n\u1eefa khi bu\u1ed5i t\u1ed1i ch\u00fang ta c\u00f3 th\u1ec3 ng\u1ed3i nh\u00e2m nhi t\u00e1ch c\u00e0 ph\u00ea, ch\u00e9n tr\u00e0 c\u00f9ng ng\u01b0\u1eddi th\u01b0\u01a1ng d\u01b0\u1edbi \u00e1nh s\u00e1ng huy\u1ec1n \u1ea3o c\u1ee7a \u0111\u00e8n led, th\u1eadt l\u00e3ng m\u1ea1n ph\u1ea3i kh\u00f4ng c\u00e1c b\u1ea1n. Hay nh\u01b0 \u0111\u01a1n gi\u1ea3n b\u1ea1n mu\u1ed1n d\u00f9ng chi\u1ebfc \u00f4 d\u00f9 \u0111\u1ec3 che cho chi\u1ebfc xe \u00f4 t\u00f4 y\u00eau qu\u00fd c\u1ee7a c\u00e1c b\u1ea1n th\u00ec l\u1ef1a ch\u1ecdn\u00a0<strong>\u00f4 d\u00f9 l\u1ec7ch t\u00e2m\u00a0<\/strong>\u00a0l\u00e0 ho\u00e0n to\u00e0n h\u1ee3p l\u00fd cho m\u1ed9t s\u1ef1 l\u1ef1a ch\u1ecdn ho\u00e0n h\u1ea3o.<\/span><\/p>\n<p><img loading=\"lazy\" decoding=\"async\" class=\"wp-image-969 size-full aligncenter\" src=\"https:\/\/i0.wp.com\/remchelangson.com.vn\/wp-content\/uploads\/2023\/02\/cua-hang-ban-o-du-che-nang-mua-quang-ninh.jpg?resize=700%2C727&#038;ssl=1\" alt=\"BAN-O-DU-LECH-TAM-O-DU-CHE-NANG-MUA-CAM-PHA\" width=\"700\" height=\"727\" title=\"\" srcset=\"https:\/\/i0.wp.com\/remchelangson.com.vn\/wp-content\/uploads\/2023\/02\/cua-hang-ban-o-du-che-nang-mua-quang-ninh.jpg?w=700&amp;ssl=1 700w, https:\/\/i0.wp.com\/remchelangson.com.vn\/wp-content\/uploads\/2023\/02\/cua-hang-ban-o-du-che-nang-mua-quang-ninh.jpg?resize=289%2C300&amp;ssl=1 289w, https:\/\/i0.wp.com\/remchelangson.com.vn\/wp-content\/uploads\/2023\/02\/cua-hang-ban-o-du-che-nang-mua-quang-ninh.jpg?resize=193%2C200&amp;ssl=1 193w, https:\/\/i0.wp.com\/remchelangson.com.vn\/wp-content\/uploads\/2023\/02\/cua-hang-ban-o-du-che-nang-mua-quang-ninh.jpg?resize=600%2C623&amp;ssl=1 600w\" sizes=\"auto, (max-width: 700px) 100vw, 700px\" data-recalc-dims=\"1\" \/><\/p>\n<p style=\"text-align: center;\"><em>B\u00e1n \u00f4 d\u00f9 che n\u1eafng m\u01b0a C\u1ea9m Ph\u1ea3 Qu\u1ea3ng Ninh<\/em><\/p>\n<h2><span class=\"ez-toc-section\" id=\"2_UU_DIEM_O_DU_CHE_NANG_MUA_CAM_PHA\"><\/span><span style=\"color: #ff0000;\"><strong>2. \u01afU \u0110I\u1ec2M \u00d4 D\u00d9 CHE N\u1eaeNG M\u01afA C\u1ea8M PH\u1ea2<\/strong><\/span><span class=\"ez-toc-section-end\"><\/span><\/h2>\n<ul>\n<li><span style=\"font-size: 14pt;\">L\u00e0m t\u1eeb ch\u1ea5t li\u1ec7u cao c\u1ea5p<\/span><\/li>\n<\/ul>\n<p><span style=\"font-size: 14pt;\">\u00d4 l\u1ec7ch t\u00e2m vu\u00f4ng v\u1edbi ph\u1ea7n khung \u0111\u01b0\u1ee3c l\u00e0m b\u1eb1ng h\u1ee3p kim, kim lo\u1ea1i ch\u1ed1ng g\u1ec9 n\u00ean c\u00f3 \u0111\u1ed9 b\u1ec1n cao, t\u0103ng s\u1ef1 v\u1eefng ch\u00e3i v\u00e0 ch\u1eafc ch\u1eafn cho s\u1ea3n ph\u1ea9m. Ch\u01b0a h\u1ebft, b\u1ed9 ph\u1eadn v\u1ea3i polyester \u0111\u01b0\u1ee3c s\u1eed d\u1ee5ng l\u00e0m t\u00e1n d\u00f9 c\u00f3 kh\u1ea3 n\u0103ng ch\u1ed1ng th\u1ea5m n\u01b0\u1edbc, c\u00e1ch nhi\u1ec7t cao, ch\u1ed1ng b\u1ee5i b\u1ea9n, ch\u1ed1ng ch\u00e1y, b\u1ec1n b\u1ec9 theo th\u1eddi gian.<\/span><\/p>\n<ul>\n<li><span style=\"font-size: 14pt;\">Ki\u1ec3u d\u00e1ng \u0111a n\u0103ng, ti\u1ec7n l\u1ee3i<\/span><\/li>\n<\/ul>\n<p><span style=\"font-size: 14pt;\">D\u00f9 l\u1ec7ch t\u00e2m vu\u00f4ng c\u00f3 thi\u1ebft k\u1ebf 1 t\u1ea7ng ho\u1eb7c 2 t\u1ea7ng, cho ph\u00e9p xoay chuy\u1ec3n v\u00e0 \u0111i\u1ec1u ch\u1ec9nh c\u00e1c h\u01b0\u1edbng d\u1ec5 d\u00e0ng. Qua \u0111\u00f3 gi\u00fap ng\u01b0\u1eddi d\u00f9ng c\u00f3 th\u1ec3 d\u1ec5 d\u00e0ng d\u1ecbch v\u1ee5 chuy\u1ec3n s\u1ea3n ph\u1ea9m t\u1eeb n\u01a1i n\u00e0y \u0111\u1ebfn n\u01a1i kh\u00e1ch m\u00e0 kh\u00f4ng t\u1ed1n nhi\u1ec1u th\u1eddi gian.<\/span><\/p>\n<ul>\n<li><span style=\"font-size: 14pt;\">Ti\u1ebft ki\u00eam kh\u00f4ng gian<\/span><\/li>\n<\/ul>\n<p><span style=\"font-size: 14pt;\">Kh\u00e1c v\u1edbi \u00f4 d\u00f9 ch\u00ednh t\u00e2m v\u00ec ph\u1ea7n th\u00e2n n\u1eb1m \u1edf gi\u1eefa n\u00ean kh\u00f3 kh\u0103n trong vi\u1ec7c b\u00e0i tr\u00ed b\u00e0n gh\u1ebf s\u00e2n v\u01b0\u1eddn, kh\u00f4ng gian b\u00ean d\u01b0\u1edbi b\u1ecb thu h\u1eb9p \u0111\u00e1ng k\u1ec3. Trong khi \u0111\u00f3, d\u00f9 l\u1ec7ch t\u00e2m vu\u00f4ng v\u1edbi thi\u1ebft k\u1ebf l\u1ec7ch sang m\u1ed9t b\u00ean gi\u00fap kh\u1eafc ph\u1ee5c \u0111\u01b0\u1ee3c v\u1ea5n \u0111\u1ec1 n\u00e0y m\u1ed9t c\u00e1ch hi\u1ec7u qu\u1ea3. V\u1edbi s\u1ea3n ph\u1ea9m n\u00e0y b\u1ea1n c\u00f3 th\u1ec3 tho\u1ea3i m\u00e1i b\u00e0i tr\u00ed b\u1ea5t k\u1ef3 m\u00f3n \u0111\u1ed3 trang tr\u00ed n\u00e0o \u1edf b\u00ean d\u01b0\u1edbi nh\u01b0 b\u00e0n gh\u1ebf, x\u00edch \u0111u,\u2026 t\u1eeb \u0111\u00f3 \u0111em l\u1ea1i kh\u00f4ng gian ngo\u1ea1i th\u1ea5t ti\u1ec7n nghi v\u00e0 hi\u1ec7n \u0111\u1ea1i.<\/span><\/p>\n<p><img loading=\"lazy\" decoding=\"async\" class=\"wp-image-971 size-full aligncenter\" src=\"https:\/\/i1.wp.com\/remchelangson.com.vn\/wp-content\/uploads\/2023\/02\/ban-o-du-trang-tri-tai-quang-ninh.jpg?resize=700%2C934&#038;ssl=1\" alt=\"BAN-CUNG-CAP-O-DU-CHE-NANG-MUA-CAM-PHA\" width=\"700\" height=\"934\" title=\"\" srcset=\"https:\/\/i1.wp.com\/remchelangson.com.vn\/wp-content\/uploads\/2023\/02\/ban-o-du-trang-tri-tai-quang-ninh.jpg?w=700&amp;ssl=1 700w, https:\/\/i1.wp.com\/remchelangson.com.vn\/wp-content\/uploads\/2023\/02\/ban-o-du-trang-tri-tai-quang-ninh.jpg?resize=225%2C300&amp;ssl=1 225w, https:\/\/i1.wp.com\/remchelangson.com.vn\/wp-content\/uploads\/2023\/02\/ban-o-du-trang-tri-tai-quang-ninh.jpg?resize=150%2C200&amp;ssl=1 150w, https:\/\/i1.wp.com\/remchelangson.com.vn\/wp-content\/uploads\/2023\/02\/ban-o-du-trang-tri-tai-quang-ninh.jpg?resize=600%2C801&amp;ssl=1 600w\" sizes=\"auto, (max-width: 700px) 100vw, 700px\" data-recalc-dims=\"1\" \/><\/p>\n<p style=\"text-align: center;\"><em>B\u00e1n \u00f4 d\u00f9 che n\u1eafng m\u01b0a C\u1ea9m Ph\u1ea3 Qu\u1ea3ng Ninh<\/em><\/p>\n<h2 style=\"text-align: left;\"><span class=\"ez-toc-section\" id=\"3_CAU_TAO_O_LECH_TAM\"><\/span><span style=\"color: #ff0000;\"><strong>3. C\u1ea4U T\u1ea0O \u00d4 L\u1ec6CH T\u00c2M\u00a0<\/strong><\/span><span class=\"ez-toc-section-end\"><\/span><\/h2>\n<p>\u00d4 l\u1ec7ch t\u00e2m vu\u00f4ng \u0111\u01b0\u1ee3c c\u1ea5u t\u1ea1o g\u1ed3m 3 b\u1ed9 ph\u1eadn ch\u00ednh l\u00e0:<\/p>\n<p>&#8211; T\u00e1n d\u00f9: \u0110\u01b0\u1ee3c l\u00e0m b\u1eb1ng ch\u1ea5t li\u1ec7u v\u1ea3i polyester cao c\u1ea5p v\u1edbi kh\u1ea3 n\u0103ng ch\u1ed1ng th\u1ea5m, ch\u1ed1ng ch\u00e1y c\u1ef1c k\u1ef3 hi\u1ec7u qu\u1ea3, th\u00edch h\u1ee3p s\u1eed d\u1ee5ng \u1edf b\u00ean ngo\u00e0i tr\u1eddi. \u0110\u1eb7c bi\u1ec7t, t\u00e1n d\u00f9 c\u0169ng c\u00f3 nhi\u1ec1u m\u00e0u s\u1eafc v\u00e0 ki\u1ec3u d\u00e1ng kh\u00e1c nhau, ng\u01b0\u1eddi d\u00f9ng kh\u00f4ng kh\u00f3 \u0111\u01b0a ra l\u1ef1a ch\u1ecdn ph\u00f9 h\u1ee3p v\u1edbi nhu c\u1ea7u c\u1ee7a m\u00ecnh.<\/p>\n<p>&#8211; Th\u00e2n d\u00f9: \u0110\u01b0\u1ee3c c\u1ea5u t\u1ea1o g\u1ed3m tr\u1ee5c v\u00e0 nan d\u00f9. Ph\u1ea7n l\u1edbn chi ti\u1ebft n\u00e0y \u0111\u01b0\u1ee3c l\u00e0m b\u1eb1ng ch\u1ea5t li\u1ec7u kim lo\u1ea1i nh\u01b0 s\u1eaft, nh\u00f4m v\u00e0 \u0111\u01b0\u1ee3c ph\u1ee7 b\u00ean ngo\u00e0i ch\u1ea5t li\u1ec7u s\u01a1n t\u0129nh \u0111i\u1ec7n.<\/p>\n<p>&#8211; \u0110\u1ebf d\u00f9: \u0111\u01b0\u1ee3c c\u1ea5u t\u1ea1o ch\u1ee7 y\u1ebfu l\u00e0 \u0111\u00e1 nguy\u00ean kh\u1ed1i gi\u00fap c\u1ed1 \u0111\u1ecbnh ph\u1ea7n \u00f4 d\u00f9 \u1edf ph\u00eda tr\u00ean kh\u00f4ng b\u1ecb x\u00f4 ng\u00e3 khi g\u1eb7p \u0111i\u1ec1u ki\u1ec7n tr\u1eddi m\u01b0a gi\u00f3 kh\u1eafc nghi\u1ec7t.<\/p>\n<h2><span class=\"ez-toc-section\" id=\"4_UNG_DUNG_O_DU_CHE_NANG_MUA_CAM_PHA\"><\/span><strong><span style=\"color: #ff0000;\">4. \u1ee8NG D\u1ee4NG \u00d4 D\u00d9 CHE N\u1eaeNG M\u01afA C\u1ea8M PH\u1ea2<\/span><\/strong><span class=\"ez-toc-section-end\"><\/span><\/h2>\n<p>Hi\u1ec7n nay \u00f4 l\u1ec7ch t\u00e2m vu\u00f4ng \u0111\u01b0\u1ee3c \u1ee9ng d\u1ee5ng trong nhi\u1ec1u l\u0129nh v\u1ef1c v\u00e0 kh\u00f4ng gian kh\u00e1c nhau. C\u00f3 th\u1ec3 k\u1ec3 \u0111\u1ebfn nh\u01b0 sau:<\/p>\n<p>&#8211; \u00d4 l\u1ec7ch t\u00e2m vu\u00f4ng th\u00edch h\u1ee3p s\u1eed d\u1ee5ng \u0111\u1ec3 che m\u01b0a, che n\u1eafng cho c\u00e1c kh\u00f4ng gian qu\u00e1n c\u00e0 ph\u00ea, kh\u00e1ch s\u1ea1n, khu resort,\u2026<\/p>\n<p>&#8211; Th\u00edch h\u1ee3p s\u1eed d\u1ee5ng \u0111\u1ec3 che n\u1eafng cho g\u00f3c s\u00e2n v\u01b0\u1eddn bi\u1ec7t th\u1ef1.<\/p>\n<p>&#8211; \u0110\u01b0\u1ee3c \u1ee9ng d\u1ee5ng r\u1ed9ng r\u00e3i trong c\u00e1c s\u1ef1 ki\u1ec7n, h\u1ed9i ch\u1ee3, nh\u00e0 s\u00e1ch,\u2026<\/p>\n<p>&#8211; N\u00f3 d\u00f9ng \u0111\u1ec3 b\u1ea3o v\u1ec7 b\u00e0n gh\u1ebf \u1edf b\u00ean ngo\u00e0i tr\u1eddi tr\u00e1nh b\u1ecb h\u01b0 h\u1ecfng.<\/p>\n<p>&#8211; V\u1edbi k\u00edch th\u01b0\u1edbc r\u1ed9ng l\u1edbn v\u00e0 kh\u1ea3 n\u0103ng t\u1ea1o \u0111i\u1ec3m nh\u1ea5n, thu h\u00fat \u00e1nh nh\u00ecn m\u1ea1nh m\u1ebd, v\u1eady n\u00ean d\u00f9 l\u1ec7ch t\u00e2m vu\u00f4ng \u0111\u01b0\u1ee3c s\u1eed d\u1ee5ng nh\u01b0 l\u00e0 m\u1ed9t ph\u01b0\u01a1ng ti\u1ec7n tuy\u1ec7t v\u1eddi \u0111\u1ec3 truy\u1ec1n th\u00f4ng. Ch\u1ec9 c\u1ea7n in logo, h\u00ecnh \u1ea3nh s\u1ea3n ph\u1ea9m, d\u1ecbch v\u1ee5, th\u00f4ng tin c\u1ee7a th\u01b0\u01a1ng hi\u1ec7u l\u00ean tr\u00ean t\u00e1n d\u00f9 l\u00e0 m\u1ecdi vi\u1ec7c \u0111\u1ec1u \u0111\u01b0\u1ee3c gi\u1ea3i quy\u1ebft nhanh g\u1ecdn.<\/p>\n<p><img loading=\"lazy\" decoding=\"async\" class=\"wp-image-972  aligncenter\" src=\"https:\/\/i0.wp.com\/remchelangson.com.vn\/wp-content\/uploads\/2023\/02\/o-du-che-nang-mua-gia-re-cam-pha-quang-ninh.jpg?resize=704%2C688&#038;ssl=1\" alt=\"BAN-O-DU-CHE-NHA-HANG-QUAN-CAFE-CAM-PHA-QUANG-NINH\" width=\"704\" height=\"688\" title=\"\" srcset=\"https:\/\/i0.wp.com\/remchelangson.com.vn\/wp-content\/uploads\/2023\/02\/o-du-che-nang-mua-gia-re-cam-pha-quang-ninh.jpg?w=750&amp;ssl=1 750w, https:\/\/i0.wp.com\/remchelangson.com.vn\/wp-content\/uploads\/2023\/02\/o-du-che-nang-mua-gia-re-cam-pha-quang-ninh.jpg?resize=300%2C293&amp;ssl=1 300w, https:\/\/i0.wp.com\/remchelangson.com.vn\/wp-content\/uploads\/2023\/02\/o-du-che-nang-mua-gia-re-cam-pha-quang-ninh.jpg?resize=200%2C195&amp;ssl=1 200w, https:\/\/i0.wp.com\/remchelangson.com.vn\/wp-content\/uploads\/2023\/02\/o-du-che-nang-mua-gia-re-cam-pha-quang-ninh.jpg?resize=600%2C586&amp;ssl=1 600w\" sizes=\"auto, (max-width: 704px) 100vw, 704px\" data-recalc-dims=\"1\" \/><\/p>\n<p style=\"text-align: center;\"><em>B\u00e1n \u00f4 d\u00f9 che n\u1eafng m\u01b0a C\u1ea9m Ph\u1ea3 Qu\u1ea3ng Ninh<\/em><\/p>\n<h2><span class=\"ez-toc-section\" id=\"5_DIA_CHI_BAN_O_DU_CHE_NANG_MUA_CAM_PHA_QUANG_NINH\"><\/span><strong><span style=\"color: #ff0000;\">5. \u0110\u1ecaA CH\u1ec8 B\u00c1N \u00d4 D\u00d9 CHE N\u1eaeNG M\u01afA C\u1ea8M PH\u1ea2 QU\u1ea2NG NINH<\/span><\/strong><span class=\"ez-toc-section-end\"><\/span><\/h2>\n<p>\u0110\u1ecba ch\u1ec9 t\u1ea1i C\u1ea9m Ph\u1ea3: Khu Nam S\u01a1n I &#8211; C\u1ea9m S\u01a1n &#8211; C\u1ea9m Ph\u1ea3 &#8211; Qu\u1ea3ng Ninh<\/p>\n<p>Li\u00ean h\u1ec7: 0962.212.060<\/p>\n","protected":false},"excerpt":{"rendered":"<p>Chuy\u00ean cung c\u1ea5p, b\u00e1n \u00f4 l\u1ec7ch t\u00e2m H\u1ea1 Long Qu\u1ea3ng Ninh. B\u00e1n \u00f4 l\u1ec7ch t\u00e2m che n\u1eafng m\u01b0a d\u00e0nh cho nh\u00e0 h\u00e0ng, qu\u00e1n \u0103n, kh\u00e1ch s\u1ea1n t\u1ea1i C\u1ea9m Ph\u1ea3 v\u00e0 c\u00e1c khu v\u1ef1c l\u00e2n c\u1eadn nh\u01b0: U\u00f4ng B\u00ed, Qu\u1ea3ng Y\u00ean, Ho\u00e0nh B\u1ed3, C\u1ea9m Ph\u1ea3\u2026<\/p>\n","protected":false},"featured_media":970,"comment_status":"open","ping_status":"closed","template":"","meta":{"spay_email":""},"product_cat":[18],"product_tag":[],"class_list":{"0":"post-968","1":"product","2":"type-product","3":"status-publish","4":"has-post-thumbnail","6":"product_cat-bat-che","8":"first","9":"instock","10":"shipping-taxable","11":"product-type-simple"},"jetpack-related-posts":[{"id":976,"url":"https:\/\/remchelangson.com.vn\/?product=o-du-trang-tri-van-don-quang-ninh","url_meta":{"origin":968,"position":0},"title":"\u00d4 D\u00d9 TRANG TR\u00cd V\u00c2N \u0110\u1ed2N","date":"24 Th\u00e1ng 2, 2023","format":false,"excerpt":"Chuy\u00ean cung c\u1ea5p \u00f4 l\u1ec7ch t\u00e2m t\u1ea1i C\u1ea9m Ph\u1ea3 v\u00e0 c\u00e1c khu v\u1ef1c l\u00e2n c\u1eadn nh\u01b0 U\u00f4ng B\u00ed, Qu\u1ea3ng Y\u00ean,Ho\u00e0nh B\u1ed3, H\u1ea1 Long, V\u00e2n \u0110\u1ed3n. \u00d4 d\u00f9 \u0111\u1eb9p cho nh\u00e0 h\u00e0ng, qu\u00e1n \u0103n, qu\u00e1n cafe t\u1ea1i V\u00e2n \u0110\u1ed3n Qu\u1ea3ng Ninh.","rel":"","context":"Similar post","img":{"alt_text":"","src":"https:\/\/i0.wp.com\/remchelangson.com.vn\/wp-content\/uploads\/2023\/02\/don-vi-ban-o-du-lech-tam-van-don-quang-ninh.jpg?fit=750%2C629&ssl=1&resize=350%2C200","width":350,"height":200},"classes":[]},{"id":789,"url":"https:\/\/remchelangson.com.vn\/?product=o-lech-tam-ha-long-quang-ninh","url_meta":{"origin":968,"position":1},"title":"\u00d4 L\u1ec6CH T\u00c2M H\u1ea0 LONG QU\u1ea2NG NINH","date":"8 Th\u00e1ng 5, 2022","format":false,"excerpt":"\u00d4 L\u1ec6CH T\u00c2M H\u1ea0 LONG QU\u1ea2NG NINH Chuy\u00ean cung c\u1ea5p, b\u00e1n \u00f4 l\u1ec7ch t\u00e2m H\u1ea1 Long Qu\u1ea3ng Ninh. B\u00e1n \u00f4 l\u1ec7ch t\u00e2m che n\u1eafng m\u01b0a d\u00e0nh cho nh\u00e0 h\u00e0ng, qu\u00e1n \u0103n, kh\u00e1ch s\u1ea1n t\u1ea1i H\u1ea1 Long v\u00e0 c\u00e1c khu v\u1ef1c l\u00e2n c\u1eadn nh\u01b0: U\u00f4ng B\u00ed, Qu\u1ea3ng Y\u00ean, Ho\u00e0nh B\u1ed3, C\u1ea9m\u2026","rel":"","context":"Similar post","img":{"alt_text":"","src":"https:\/\/i2.wp.com\/remchelangson.com.vn\/wp-content\/uploads\/2022\/05\/so-sanh-nen-dung-du-lech-tam-hay-o-dung-tam-3.jpg?fit=1200%2C808&ssl=1&resize=350%2C200","width":350,"height":200},"classes":[]},{"id":554,"url":"https:\/\/remchelangson.com.vn\/?product=bat-che-nang-mua-tu-cuon-cam-pha","url_meta":{"origin":968,"position":2},"title":"B\u1ea0T CHE N\u1eaeNG M\u01afA T\u1ef0 CU\u1ed0N C\u1ea8M PH\u1ea2","date":"21 Th\u00e1ng 12, 2021","format":false,"excerpt":"L\u1eaeP B\u1ea0T CHE N\u1eaeNG M\u01afA T\u1ef0 CU\u1ed0N C\u1ea8M PH\u1ea2 C\u00f4ng ty TNHH Tr\u01b0\u1eddng Th\u00e0nh 68 \u2013 Chuy\u00ean cung c\u1ea5p, thi c\u00f4ng: b\u1ea1t che n\u1eafng m\u01b0a t\u1ef1 cu\u1ed1n C\u1ea9m Ph\u1ea3 v\u00e0 c\u00e1c khu v\u1ef1c l\u00e2n c\u1eadn t\u1ea1i Qu\u1ea3ng Ninh nh\u01b0 H\u1ea1 Long, V\u00e2n \u0110\u1ed3n, Ti\u00ean Y\u00ean, Ba Ch\u1ebd, U\u00f4ng B\u00ed, Qu\u1ea3ng\u2026","rel":"","context":"Similar post","img":{"alt_text":"","src":"https:\/\/i2.wp.com\/remchelangson.com.vn\/wp-content\/uploads\/2021\/12\/bat-che-tu-cuon-cam-pha-quang-ninh.jpg?fit=600%2C600&ssl=1&resize=350%2C200","width":350,"height":200},"classes":[]},{"id":541,"url":"https:\/\/remchelangson.com.vn\/?product=bat-che-quay-tay-cam-pha","url_meta":{"origin":968,"position":3},"title":"B\u1ea0T CHE QUAY TAY C\u1ea8M PH\u1ea2","date":"9 Th\u00e1ng 12, 2021","format":false,"excerpt":"B\u1ea0T CHE N\u1eaeNG M\u01afA QUAY TAY C\u1ea8M PH\u1ea2 QU\u1ea2NG NINH Chuy\u00ean thi c\u00f4ng b\u1ea1t che n\u1eafng m\u01b0a quay tay, b\u1ea1t m\u00e1i r\u1ee7 t\u1ea1i C\u1ea9m Ph\u1ea3 Qu\u1ea3ng Ninh. \u0110\u01a1n v\u1ecb thi c\u00f4ng b\u1ea1t m\u00e1i hi\u00ean, m\u00e1i x\u1ebfp, b\u1ea1t che t\u1ef1 cu\u1ed1n t\u1ea1i C\u1ea9m Ph\u1ea3 Qu\u1ea3ng Ninh.","rel":"","context":"Similar post","img":{"alt_text":"","src":"https:\/\/i1.wp.com\/remchelangson.com.vn\/wp-content\/uploads\/2021\/12\/bat-che-ban-cong-hien-nha-quay-tay-tai-cam-pha-quang-ninh.jpg?fit=600%2C600&ssl=1&resize=350%2C200","width":350,"height":200},"classes":[]},{"id":672,"url":"https:\/\/remchelangson.com.vn\/?product=gian-phoi-quan-ao-thong-minh-o-cam-pha","url_meta":{"origin":968,"position":4},"title":"GI\u00c0N PH\u01a0I QU\u1ea6N \u00c1O TH\u00d4NG MINH \u1ede C\u1ea8M PH\u1ea2","date":"22 Th\u00e1ng 3, 2022","format":false,"excerpt":"GI\u00c0N PH\u01a0I QU\u1ea6N \u00c1O TH\u00d4NG MINH \u1ede C\u1ea8M PH\u1ea2 R\u00e8m che Lang S\u01a1n chuy\u00ean cung c\u1ea5p thi c\u00f4ng, l\u1eafp \u0111\u1eb7t gi\u00e0n ph\u01a1i qu\u1ea7n \u00e1o th\u00f4ng minh \u1edf C\u1ea9m Ph\u1ea3 Qu\u1ea3ng Ninh. Ngo\u00e0i ra, ch\u00fang t\u00f4i c\u00f2n thi c\u00f4ng, l\u1eafp \u0111\u1eb7t c\u00e1c lo\u1ea1i s\u1ea3n ph\u1ea9m kh\u00e1c nh\u01b0:\u00a0 L\u01b0\u1edbi an to\u00e0n ban\u2026","rel":"","context":"Similar post","img":{"alt_text":"","src":"https:\/\/i1.wp.com\/remchelangson.com.vn\/wp-content\/uploads\/2022\/03\/don-vi-lap-gian-phoi-quan-ao-thong-minh-tai-cam-pha-quang-ninh.jpg?fit=700%2C800&ssl=1&resize=350%2C200","width":350,"height":200},"classes":[]},{"id":460,"url":"https:\/\/remchelangson.com.vn\/?product=thi-cong-luoi-an-toan-tai-van-don-quang-ninh","url_meta":{"origin":968,"position":5},"title":"THI C\u00d4NG L\u01af\u1edaI AN TO\u00c0N T\u1ea0I V\u00c2N \u0110\u1ed2N","date":"7 Th\u00e1ng m\u01b0\u1eddi m\u1ed9t, 2021","format":false,"excerpt":"R\u00c8M C\u1eecA LINH NG\u00c2N \u2013 \u0110\u01a1n v\u1ecb chuy\u00ean cung c\u1ea5p thi c\u00f4ng l\u01b0\u1edbi an to\u00e0n t\u1ea1i V\u00e2n \u0110\u1ed3n Qu\u1ea3ng Ninh. R\u00c8M C\u1eecA LINH NG\u00c2N CHUY\u00caN: Gi\u00e0n ph\u01a1i qu\u1ea7n \u00e1o th\u00f4ng minh L\u01b0\u1edbi an to\u00e0n ban c\u00f4ng, c\u1ea7u thang C\u1eeda l\u01b0\u1edbi ch\u1ed1ng mu\u1ed7i, c\u00f4n tr\u00f9ng B\u1ea1t che n\u1eafng m\u01b0a t\u1ef1 cu\u1ed1n,\u2026","rel":"","context":"Similar post","img":{"alt_text":"","src":"https:\/\/i2.wp.com\/remchelangson.com.vn\/wp-content\/uploads\/2021\/11\/lap-luoi-an-toan-ban-cong-cau-thang-tai-van-don-quang-ninh-1.jpg?fit=600%2C600&ssl=1&resize=350%2C200","width":350,"height":200},"classes":[]}],"_links":{"self":[{"href":"https:\/\/remchelangson.com.vn\/index.php?rest_route=\/wp\/v2\/product\/968","targetHints":{"allow":["GET"]}}],"collection":[{"href":"https:\/\/remchelangson.com.vn\/index.php?rest_route=\/wp\/v2\/product"}],"about":[{"href":"https:\/\/remchelangson.com.vn\/index.php?rest_route=\/wp\/v2\/types\/product"}],"replies":[{"embeddable":true,"href":"https:\/\/remchelangson.com.vn\/index.php?rest_route=%2Fwp%2Fv2%2Fcomments&post=968"}],"version-history":[{"count":2,"href":"https:\/\/remchelangson.com.vn\/index.php?rest_route=\/wp\/v2\/product\/968\/revisions"}],"predecessor-version":[{"id":974,"href":"https:\/\/remchelangson.com.vn\/index.php?rest_route=\/wp\/v2\/product\/968\/revisions\/974"}],"wp:featuredmedia":[{"embeddable":true,"href":"https:\/\/remchelangson.com.vn\/index.php?rest_route=\/wp\/v2\/media\/970"}],"wp:attachment":[{"href":"https:\/\/remchelangson.com.vn\/index.php?rest_route=%2Fwp%2Fv2%2Fmedia&parent=968"}],"wp:term":[{"taxonomy":"product_cat","embeddable":true,"href":"https:\/\/remchelangson.com.vn\/index.php?rest_route=%2Fwp%2Fv2%2Fproduct_cat&post=968"},{"taxonomy":"product_tag","embeddable":true,"href":"https:\/\/remchelangson.com.vn\/index.php?rest_route=%2Fwp%2Fv2%2Fproduct_tag&post=968"}],"curies":[{"name":"wp","href":"https:\/\/api.w.org\/{rel}","templated":true}]}}