{"id":985,"date":"2023-03-07T08:38:00","date_gmt":"2023-03-07T08:38:00","guid":{"rendered":"https:\/\/remchelangson.com.vn\/?post_type=product&#038;p=985"},"modified":"2026-04-27T05:21:27","modified_gmt":"2026-04-27T05:21:27","slug":"bat-che-xanh-cam-tai-lang-son","status":"publish","type":"product","link":"https:\/\/remchelangson.com.vn\/?product=bat-che-xanh-cam-tai-lang-son","title":{"rendered":"4. B\u1ea0T CHE XANH CAM T\u1ea0I L\u1ea0NG S\u01a0N"},"content":{"rendered":"<div id=\"ez-toc-container\" class=\"ez-toc-v2_0_62 counter-hierarchy ez-toc-counter ez-toc-grey ez-toc-container-direction\">\n<div class=\"ez-toc-title-container\"><p class=\"ez-toc-title\">N\u1ed9i dung b&agrave;i vi\u1ebft<\/p>\n<\/div><nav><ul class='ez-toc-list ez-toc-list-level-1 ' ><li class='ez-toc-page-1 ez-toc-heading-level-1'><a class=\"ez-toc-link ez-toc-heading-1\" href=\"https:\/\/remchelangson.com.vn\/?product=bat-che-xanh-cam-tai-lang-son\/#4_BAT_CHE_XANH_CAM_TAI_LANG_SON\" title=\"4. B\u1ea0T CHE XANH CAM T\u1ea0I L\u1ea0NG S\u01a0N\">4. B\u1ea0T CHE XANH CAM T\u1ea0I L\u1ea0NG S\u01a0N<\/a><ul class='ez-toc-list-level-2' ><li class='ez-toc-heading-level-2'><a class=\"ez-toc-link ez-toc-heading-2\" href=\"https:\/\/remchelangson.com.vn\/?product=bat-che-xanh-cam-tai-lang-son\/#1_CAU_TAO_BAT_XANH_CAM\" title=\"1. C\u1ea4U T\u1ea0O B\u1ea0T XANH CAM\">1. C\u1ea4U T\u1ea0O B\u1ea0T XANH CAM<\/a><\/li><li class='ez-toc-page-1 ez-toc-heading-level-2'><a class=\"ez-toc-link ez-toc-heading-3\" href=\"https:\/\/remchelangson.com.vn\/?product=bat-che-xanh-cam-tai-lang-son\/#2_UNG_DUNG_BAT_CHE_XANH_CAM_TAI_LANG_SON\" title=\"2. \u1ee8NG D\u1ee4NG B\u1ea0T CHE XANH CAM T\u1ea0I L\u1ea0NG S\u01a0N\">2. \u1ee8NG D\u1ee4NG B\u1ea0T CHE XANH CAM T\u1ea0I L\u1ea0NG S\u01a0N<\/a><\/li><li class='ez-toc-page-1 ez-toc-heading-level-2'><a class=\"ez-toc-link ez-toc-heading-4\" href=\"https:\/\/remchelangson.com.vn\/?product=bat-che-xanh-cam-tai-lang-son\/#3_QUY_CACH_BAT_CHE_XANH_CAM_TAI_LANG_SON\" title=\"3. QUY C\u00c1CH B\u1ea0T CHE XANH CAM T\u1ea0I L\u1ea0NG S\u01a0N\">3. QUY C\u00c1CH B\u1ea0T CHE XANH CAM T\u1ea0I L\u1ea0NG S\u01a0N<\/a><\/li><li class='ez-toc-page-1 ez-toc-heading-level-2'><a class=\"ez-toc-link ez-toc-heading-5\" href=\"https:\/\/remchelangson.com.vn\/?product=bat-che-xanh-cam-tai-lang-son\/#4_DIA_CHI_BAN_BAT_XANH_CAM_TAI_LANG_SON\" title=\"4. \u0110\u1ecaA CH\u1ec8 B\u00c1N B\u1ea0T XANH CAM T\u1ea0I L\u1ea0NG S\u01a0N\">4. \u0110\u1ecaA CH\u1ec8 B\u00c1N B\u1ea0T XANH CAM T\u1ea0I L\u1ea0NG S\u01a0N<\/a><\/li><\/ul><\/li><\/ul><\/nav><\/div>\n<h1><span class=\"ez-toc-section\" id=\"4_BAT_CHE_XANH_CAM_TAI_LANG_SON\"><\/span><span style=\"color: #0000ff;\"><strong>4. B\u1ea0T CHE XANH CAM T\u1ea0I L\u1ea0NG S\u01a0N<\/strong><\/span><span class=\"ez-toc-section-end\"><\/span><\/h1>\n<p><span style=\"font-size: 14pt;\">\u0110\u01a1n v\u1ecb b\u00e1n &#8211; cung c\u1ea5p thi c\u00f4ng:<\/span><\/p>\n<ul>\n<li><span style=\"font-size: 14pt;\">Gi\u00e0n ph\u01a1i qu\u1ea7n \u00e1o th\u00f4ng minh<\/span><\/li>\n<\/ul>\n<ul>\n<li><span style=\"font-size: 14pt;\">L\u01b0\u1edbi an to\u00e0n ban c\u00f4ng, c\u1ea7u thang<\/span><\/li>\n<\/ul>\n<ul>\n<li><span style=\"font-size: 14pt;\"><a href=\"https:\/\/remchelangson.com.vn\/?product_cat=cua-luoi-chong-muoi\">C\u1eeda l\u01b0\u1edbi ch\u1ed1ng mu\u1ed7i, c\u00f4n tr\u00f9ng<\/a><\/span><\/li>\n<\/ul>\n<ul>\n<li><span style=\"font-size: 14pt;\">B\u1ea1t che n\u1eafng m\u01b0a t\u1ef1 cu\u1ed1n, b\u1ea1t m\u00e1i hi\u00ean, m\u00e1i x\u1ebfp, b\u1ea1t quay tay<\/span><\/li>\n<\/ul>\n<ul>\n<li><span style=\"font-size: 14pt;\"><a href=\"https:\/\/remcuaquangninh.com.vn\/san-pham\/rem-cuon-van-phong\/\" rel=\"noopener\">M\u00e0nh r\u00e8m: R\u00e8m g\u1ed7, r\u00e8m c\u1ea7u v\u1ed3ng, r\u00e8m cu\u1ed1n v\u0103n ph\u00f2ng, r\u00e8m s\u00e1o nh\u00f4m\u2026<\/a><\/span><\/li>\n<\/ul>\n<ul>\n<li><span style=\"font-size: 14pt;\">M\u00e0nh tre tr\u00fac<\/span><\/li>\n<\/ul>\n<ul>\n<li><span style=\"font-size: 14pt;\">\u00d4 d\u00f9 che n\u1eafng m\u01b0a l\u1ec7ch t\u00e2m<\/span><\/li>\n<li><span style=\"font-size: 14pt;\">B\u1ea1t xanh cam, b\u1ea1t k\u1ebb s\u1ecdc, b\u1ea1t che c\u00f4ng tr\u00ecnh<\/span><\/li>\n<\/ul>\n<p><span style=\"font-size: 14pt;\">Chuy\u00ean cung c\u1ea5p, b\u00e1n b\u1ea1t che xanh cam t\u1ea1i L\u1ea1ng S\u01a1n. \u0110\u1ea1i l\u00fd b\u1ea1t che xanh cam, b\u1ea1t k\u1ebb s\u1ecdc, b\u1ea1t che c\u00f4ng tr\u00ecnh gi\u00e1 r\u1ebb t\u1ea1i TP L\u1ea1ng s\u01a1n v\u00e0 c\u00e1c khu v\u1ef1c l\u00e2n c\u1eadn nh\u01b0 <em>\u00a0\u0110\u00ecnh L\u1eadp, \u00a0B\u1eb1ng M\u1ea1c, B\u1eafc S\u01a1n, B\u00ecnh Gia, Cao L\u1ed9c, \u0110i\u1ec1m He, L\u1ed9c B\u00ecnh, \u00d4n Ch\u00e2u, Tho\u00e1t L\u00e3ng, Tr\u00e0ng \u0110\u1ecbnh, V\u0103n Uy\u00ean.\u00a0<\/em><\/span><\/p>\n<h2><span class=\"ez-toc-section\" id=\"1_CAU_TAO_BAT_XANH_CAM\"><\/span><span style=\"color: #ff6600;\"><strong>1. C\u1ea4U T\u1ea0O B\u1ea0T XANH CAM<\/strong><\/span><span class=\"ez-toc-section-end\"><\/span><\/h2>\n<ul>\n<li><span style=\"font-size: 14pt;\">B\u1ea1t nh\u1ef1a l\u00e0 m\u1ed9t trong nh\u1eefng s\u1ea3n ph\u1ea9m r\u1ea5t th\u00f4ng d\u1ee5ng hi\u1ec7n nay. \u0110\u00e2y l\u00e0 d\u00f2ng s\u1ea3n ph\u1ea9m d\u00f9ng \u0111\u1ec3 che ch\u1eafn, l\u00f3t s\u00e0n,\u2026 trong nhi\u1ec1u ng\u00e0nh, l\u0129nh v\u1ef1c kh\u00e1c nhau, nh\u01b0 n\u00f4ng nghi\u1ec7p, c\u00f4ng nghi\u1ec7p, c\u01a1 kh\u00ed. B\u1ea1t hi\u1ec7n nay c\u00f3 nhi\u1ec1u lo\u1ea1i, v\u1edbi nhi\u1ec1u c\u00f4ng d\u1ee5ng kh\u00e1c nhau. Trong \u0111\u00f3\u00a0<strong>b\u1ea1t xanh cam\u00a0<\/strong>kh\u00e1 \u0111\u01b0\u1ee3c \u01b0a chu\u1ed9ng.<\/span><\/li>\n<li><span style=\"font-size: 14pt;\">B\u1ea1t \u0111\u01b0\u1ee3c xem l\u00e0 m\u1ed9t lo\u1ea1i thi\u1ebft b\u1ecb d\u00f9ng \u0111\u1ec3 che ch\u1eafn, bao l\u00f3t ph\u1ed5 bi\u1ebfn. B\u1ea1t c\u00f3 th\u1ec3 d\u00f9ng che ch\u1eafn n\u00f4ng s\u1ea3n, che ch\u1eafn c\u00f4ng tr\u00ecnh, m\u00e1y m\u00f3c, thi\u1ebft b\u1ecb,\u2026. Th\u1eadm ch\u00ed, b\u1ea1t c\u00f2n \u0111\u01b0\u1ee3c d\u00f9ng \u0111\u1ec3 l\u00f3t ao h\u1ed3, l\u00e0m b\u1ea1t che n\u1eafng m\u01b0a.<\/span><\/li>\n<li><span style=\"font-size: 14pt;\">B\u1ea1t c\u00f3 nhi\u1ec1u lo\u1ea1i v\u1edbi nhi\u1ec1u ch\u1ea5t li\u1ec7u kh\u00e1c nhau nh\u01b0 b\u1ea1t nh\u1ef1a, b\u1ea1t t\u1eeb s\u1ee3i t\u1ed5ng h\u1ee3p, v\u1ea3i b\u1ea1t truy\u1ec1n th\u1ed1ng,\u2026. T\u00f9y v\u00e0o nhu c\u1ea7u s\u1eed d\u1ee5ng m\u00e0 ng\u01b0\u1eddi ta l\u1ef1a ch\u1ecdn lo\u1ea1i b\u1ea1t t\u1eeb ch\u1ea5t li\u1ec7u kh\u00e1c nhau v\u1edbi k\u00edch th\u01b0\u1edbc kh\u00e1c nhau.<\/span><\/li>\n<li><span style=\"font-size: 14pt;\">B\u1ea1t xanh cam l\u00e0 d\u00f2ng b\u1ea1t \u0111\u01b0\u1ee3c s\u1eed d\u1ee5ng r\u1ed9ng r\u00e3i, c\u00f3 m\u1eb7t \u1edf kh\u1eafp m\u1ecdi n\u01a1i. \u0110a ph\u1ea7n c\u00e1c lo\u1ea1i b\u1ea1t xanh cam \u0111\u1ec1 l\u00e0 lo\u1ea1i b\u1ea1t nh\u1ef1a 2 da v\u1edbi m\u1ed9t m\u1eb7t m\u00e0u xanh v\u00e0 m\u1ed9t m\u1eb7t m\u00e0u cam ngo\u00e0i ra ng\u01b0\u1eddi ta c\u00f2n g\u1ecdi l\u00e0\u00a0<strong>b\u1ea1t d\u1ee9a x\u00e2y d\u1ef1ng<\/strong><\/span><\/li>\n<\/ul>\n<p><span style=\"font-size: 14pt;\">B\u1ea1t xanh cam c\u00f3 c\u1ea5u tr\u00fac b\u00ean trong bao g\u1ed3m nhi\u1ec1u l\u1edbp v\u00e0 c\u00f3 c\u00e1c l\u1edbp c\u01a1 b\u1ea3n nh\u01b0 : 1 l\u1edbp d\u1ec7t l\u01b0\u1edbi b\u1eb1ng bao b\u00ec nh\u1ef1a, sau \u0111\u00f3 c\u00f3 \u0111\u01b0\u1ee3c c\u00e1n m\u1ecfng 2 ho\u1eb7c nhi\u1ec1u l\u1edbp nh\u1ef1a tarpaulin l\u00ean tr\u00ean 2 b\u1ec1 m\u1eb7t \u0111\u1ec3 t\u0103ng \u0111\u1ed9 b\u1ec1n c\u1ee7a b\u1ea1t v\u00e0 ch\u1ed1ng th\u1ea5m n\u01b0\u1edbc 100% cho s\u1ea3n ph\u1ea9m. V\u00ec v\u1eady ta c\u0169ng c\u00f3 th\u1ec3 g\u1ecdi l\u00e0 b\u1ea1t 2 da xanh cam, hay b\u1ea1t d\u1ee9a.<\/span><\/p>\n<h2><span class=\"ez-toc-section\" id=\"2_UNG_DUNG_BAT_CHE_XANH_CAM_TAI_LANG_SON\"><\/span><span style=\"color: #ff6600;\"><strong>2. \u1ee8NG D\u1ee4NG B\u1ea0T CHE XANH CAM T\u1ea0I L\u1ea0NG S\u01a0N<\/strong><\/span><span class=\"ez-toc-section-end\"><\/span><\/h2>\n<p><span style=\"font-size: 14pt;\">Ngo\u00e0i s\u1eed d\u1ee5ng trong c\u00f4ng tr\u00ecnh x\u00e2y d\u1ef1ng, b\u1ea1t che c\u00f2n \u0111\u01b0\u1ee3c s\u1eed d\u1ee5ng trong c\u00e1c ng\u00e0nh ngh\u1ec1 kh\u00e1c:<\/span><br \/>\n<span style=\"font-size: 14pt;\">Hi\u1ec7n nay, b\u1ea1t c\u00f4ng tr\u00ecnh \u0111\u01b0\u1ee3c s\u1eed d\u1ee5ng r\u1ed9ng r\u00e3i trong \u0111\u1eddi s\u1ed1ng, s\u1ea3n xu\u1ea5t v\u00e0 x\u00e2y d\u1ef1ng v\u00ec kh\u1ea3 n\u0103ng che ch\u1eafn tuy\u1ec7t v\u1eddi c\u1ee7a s\u1ea3n ph\u1ea9m. M\u1ed7i lo\u1ea1i v\u1edbi ch\u1ea5t li\u1ec7u v\u00e0 m\u00e0u s\u1eafc kh\u00e1c nhau, \u0111\u1ed9 che ch\u1eafn c\u0169ng kh\u00e1c nhau t\u00f9y v\u00e0o m\u1ee5c \u0111\u00edch ng\u01b0\u1eddi s\u1eed d\u1ee5ng. D\u00f9ng \u0111\u1ec3 che m\u01b0a, ch\u1eafn n\u1eafng v\u00e0 gi\u1ea3m n\u00f3ng b\u00ean ngo\u00e0i nh\u00e0 ho\u1eb7c chung c\u01b0&#8230; ho\u1eb7c l\u00f3t b\u00ea t\u00f4ng, \u0111\u1ed5 m\u00e1i c\u00f4ng tr\u00ecnh,&#8230;<\/span><br \/>\n<span style=\"font-size: 14pt;\">\u00a0Ch\u00fang t\u00f4i \u0111\u00e3 v\u00e0 \u0111ang cung c\u1ea5p b\u1ea1t cho nhi\u1ec1u c\u00f4ng tr\u00ecnh l\u1edbn, nh\u1ecf tr\u00ean khu v\u1ef1c H\u00e0 N\u1ed9i v\u00e0 m\u1ed9t s\u1ed1 t\u1ec9nh th\u00e0nh kh\u00e1c. V\u1edbi quy tr\u00ecnh s\u1ea3n xu\u1ea5t kh\u00e9p k\u00edn, ch\u00fa tr\u1ecdng v\u00e0o ch\u1ea5t l\u01b0\u1ee3ng v\u00e0 c\u1ea3m nh\u1eadn c\u1ee7a kh\u00e1ch h\u00e0ng sau khi s\u1eed d\u1ee5ng, ch\u00fang t\u00f4i \u0111\u00e3 c\u1ea9n th\u1eadn cho ra \u0111\u1eddi nh\u1eefng s\u1ea3n ph\u1ea9m ph\u00f9 h\u1ee3p v\u1edbi nh\u1eefng y\u00eau c\u1ea7u c\u1ee7a kh\u00e1ch h\u00e0ng (ch\u1ea5t l\u01b0\u1ee3ng, gi\u00e1 th\u00e0nh, v\u1eadn chuy\u1ec3n,&#8230;)<\/span><br \/>\n<span style=\"font-size: 14pt;\">M\u1ed7i m\u1ed9t t\u1ea5m b\u1ea1t Minh S\u01a1n \u0111\u1ec1u ki\u1ec3m tra, gi\u00e1m s\u00e1t c\u1ea9n th\u1eadn t\u1eeb kh\u00e2u ch\u1ecdn nguy\u00ean v\u1eadt li\u1ec7u \u0111\u1ebfn kh\u00e2u d\u1eadp khuy, kh\u00e2u vi\u1ec1n.\u00a0<\/span><br \/>\n<span style=\"font-size: 14pt;\">Ch\u1ea5t l\u01b0\u1ee3ng cao &#8211; Gi\u00e1 th\u00e0nh t\u1ed1t nh\u1ea5t &#8211; Thanh to\u00e1n linh ho\u1ea1t &#8211; V\u1eadn chuy\u1ec3n nhanh ch\u00f3ng.\u00a0<\/span><\/p>\n<p><span style=\"font-size: 14pt;\"><strong>M\u1ed9t s\u1ed1 \u1ee9ng d\u1ee5ng c\u1ee7a b\u1ea1t xanh cam<\/strong><\/span><\/p>\n<p><span style=\"font-size: 14pt;\">C\u00e1c \u1ee9ng d\u1ee5ng ph\u1ed5 bi\u1ebfn c\u1ee7a\u00a0<strong>b\u1ea1t nh\u1ef1a xanh cam<\/strong>\u00a0trong \u0111\u1eddi s\u1ed1ng h\u1eb1ng ng\u00e0y bao g\u1ed3m:<\/span><\/p>\n<ul>\n<li><span style=\"font-size: 14pt;\"><strong>Du l\u1ecbch, d\u00e3 ngo\u1ea1i:<\/strong>d\u00f9ng l\u00e0m b\u1ea1t l\u00f3t, b\u1ea1t che n\u1eafng m\u01b0a ngo\u00e0i tr\u1eddi, l\u00e0m l\u1ec1u b\u1ea1t, g\u00f3i \u0111\u1ed3, ch\u1ed1ng th\u1ea5m n\u01b0\u1edbc cho \u0111\u1ed3 d\u00f9ng<\/span><\/li>\n<li><span style=\"font-size: 14pt;\"><strong>\u0110\u1eddi s\u1ed1ng h\u1eb1ng ng\u00e0y:<\/strong>Che ch\u1eafn, l\u00f3t ch\u1ee9a v\u1eadt li\u1ec7u trong nh\u00e0 c\u1eeda c\u1ea5t tr\u1eef \u0111\u1ed3 d\u00f9ng trong nh\u00e0<\/span><\/li>\n<li><span style=\"font-size: 14pt;\"><strong>X\u00e2y d\u1ef1ng:<\/strong>che ph\u1ee7 v\u1eadt li\u1ec7u, l\u00e0m m\u00e1i che n\u1eafng che m\u01b0a, bao b\u1ea1t c\u00e1c c\u00f4ng tr\u00ecnh<\/span><\/li>\n<li><span style=\"font-size: 14pt;\"><strong>N\u00f4ng nghi\u1ec7p:<\/strong>d\u00f9ng \u0111\u1ec3 ph\u01a1i n\u00f4ng s\u1ea3n hay v\u1eadn chuy\u1ec3n v\u1eadt t\u01b0, n\u00f4ng s\u1ea3n<\/span><\/li>\n<li><span style=\"font-size: 14pt;\"><strong>Th\u01b0\u01a1ng m\u1ea1i v\u00e0 v\u1eadn t\u1ea3i:<\/strong>che ph\u1ee7, b\u1ea3o qu\u1ea3n h\u00e0ng h\u00f3a thi\u1ebft b\u1ecb<\/span><\/li>\n<\/ul>\n<p><img loading=\"lazy\" decoding=\"async\" class=\"wp-image-987 size-full aligncenter\" src=\"https:\/\/i0.wp.com\/remchelangson.com.vn\/wp-content\/uploads\/2023\/03\/bat-che-nang-mua-gia-re-lang-son.jpg?resize=700%2C700&#038;ssl=1\" alt=\"BAN-CUNG-CAP-BAT-CHE-XANH-CAM-TAI-LANG-SON\" width=\"700\" height=\"700\" title=\"\" srcset=\"https:\/\/i0.wp.com\/remchelangson.com.vn\/wp-content\/uploads\/2023\/03\/bat-che-nang-mua-gia-re-lang-son.jpg?w=700&amp;ssl=1 700w, https:\/\/i0.wp.com\/remchelangson.com.vn\/wp-content\/uploads\/2023\/03\/bat-che-nang-mua-gia-re-lang-son.jpg?resize=300%2C300&amp;ssl=1 300w, https:\/\/i0.wp.com\/remchelangson.com.vn\/wp-content\/uploads\/2023\/03\/bat-che-nang-mua-gia-re-lang-son.jpg?resize=150%2C150&amp;ssl=1 150w, https:\/\/i0.wp.com\/remchelangson.com.vn\/wp-content\/uploads\/2023\/03\/bat-che-nang-mua-gia-re-lang-son.jpg?resize=200%2C200&amp;ssl=1 200w\" sizes=\"auto, (max-width: 700px) 100vw, 700px\" data-recalc-dims=\"1\" \/><\/p>\n<p style=\"text-align: center;\"><em>\u0110\u01a1n v\u1ecb b\u00e1n b\u1ea1t che xanh cam t\u1ea1i L\u1ea1ng S\u01a1n<\/em><\/p>\n<p style=\"text-align: center;\"><em>B\u1ea1t che c\u00f4ng tr\u00ecnh t\u1ea1i L\u1ea1ng S\u01a1n<\/em><\/p>\n<h2><span class=\"ez-toc-section\" id=\"3_QUY_CACH_BAT_CHE_XANH_CAM_TAI_LANG_SON\"><\/span><strong><span style=\"color: #ff6600;\">3. QUY C\u00c1CH B\u1ea0T CHE XANH CAM T\u1ea0I L\u1ea0NG S\u01a0N<\/span><\/strong><span class=\"ez-toc-section-end\"><\/span><\/h2>\n<p><span style=\"font-size: 14pt;\">Ngo\u00e0i nh\u1eefng quy c\u00e1ch chu\u1ea9n theo nh\u00e0 s\u1ea3n xu\u1ea5t\u00a0<strong>b\u1ea1t xanh cam\u00a0<\/strong>c\u00f2n \u0111\u01b0\u1ee3c gia c\u00f4ng c\u1eaft \u00e9p 4 bi\u00ean, \u0111\u00f3ng khoen xung quanh, lu\u1ed3ng d\u00e2y th\u00e0nh nh\u1eefng t\u1ea5m l\u1edbn nh\u1ecf kh\u00e1c nhau ph\u00f9 h\u1ee3p v\u1edbi t\u1eebng m\u1ee5c \u0111\u00edch s\u1eed d\u1ee5ng.<\/span><\/p>\n<p><span style=\"font-size: 14pt;\"><strong>Quy c\u00e1ch:<\/strong>2mX100m, 4mX50m, 6mX50m, 8mX50m&#8230;., ho\u1eb7c gia c\u00f4ng \u00e9p hi\u00ean, \u0111\u00f3ng kh\u00f3a, lu\u1ed3ng d\u00e2y m\u1ecdi k\u00edch th\u01b0\u1edbc theo y\u00eau c\u1ea7u<\/span><\/p>\n<p><span style=\"font-size: 14pt;\"><strong>\u0110\u1ecbnh l\u01b0\u1ee3ng(\u0111\u1ed9 d\u00e0y): <\/strong>150g\/m2; 170g\/m2; 200g\/m2<\/span><\/p>\n<p><img loading=\"lazy\" decoding=\"async\" class=\"wp-image-988 size-full aligncenter\" src=\"https:\/\/i1.wp.com\/remchelangson.com.vn\/wp-content\/uploads\/2023\/03\/don-vi-ban-bat-xanh-cam-bat-che-cong-trinh-lang-son.jpg?resize=700%2C700&#038;ssl=1\" alt=\"BAT-CHE-XANH-CAM-TAI-LANG-SON\" width=\"700\" height=\"700\" title=\"\" srcset=\"https:\/\/i1.wp.com\/remchelangson.com.vn\/wp-content\/uploads\/2023\/03\/don-vi-ban-bat-xanh-cam-bat-che-cong-trinh-lang-son.jpg?w=700&amp;ssl=1 700w, https:\/\/i1.wp.com\/remchelangson.com.vn\/wp-content\/uploads\/2023\/03\/don-vi-ban-bat-xanh-cam-bat-che-cong-trinh-lang-son.jpg?resize=300%2C300&amp;ssl=1 300w, https:\/\/i1.wp.com\/remchelangson.com.vn\/wp-content\/uploads\/2023\/03\/don-vi-ban-bat-xanh-cam-bat-che-cong-trinh-lang-son.jpg?resize=150%2C150&amp;ssl=1 150w, https:\/\/i1.wp.com\/remchelangson.com.vn\/wp-content\/uploads\/2023\/03\/don-vi-ban-bat-xanh-cam-bat-che-cong-trinh-lang-son.jpg?resize=200%2C200&amp;ssl=1 200w, https:\/\/i1.wp.com\/remchelangson.com.vn\/wp-content\/uploads\/2023\/03\/don-vi-ban-bat-xanh-cam-bat-che-cong-trinh-lang-son.jpg?resize=600%2C600&amp;ssl=1 600w, https:\/\/i1.wp.com\/remchelangson.com.vn\/wp-content\/uploads\/2023\/03\/don-vi-ban-bat-xanh-cam-bat-che-cong-trinh-lang-son.jpg?resize=100%2C100&amp;ssl=1 100w\" sizes=\"auto, (max-width: 700px) 100vw, 700px\" data-recalc-dims=\"1\" \/><\/p>\n<p style=\"text-align: center;\"><em>\u0110\u01a1n v\u1ecb b\u00e1n b\u1ea1t che xanh cam t\u1ea1i L\u1ea1ng S\u01a1n<\/em><\/p>\n<p style=\"text-align: center;\"><em>B\u1ea1t che c\u00f4ng tr\u00ecnh t\u1ea1i L\u1ea1ng S\u01a1n<\/em><\/p>\n<h2><span class=\"ez-toc-section\" id=\"4_DIA_CHI_BAN_BAT_XANH_CAM_TAI_LANG_SON\"><\/span><strong><span style=\"color: #ff6600;\">4. \u0110\u1ecaA CH\u1ec8 B\u00c1N B\u1ea0T XANH CAM T\u1ea0I L\u1ea0NG S\u01a0N<\/span><\/strong><span class=\"ez-toc-section-end\"><\/span><\/h2>\n<p><span style=\"font-size: 14pt;\">S\u1ed1 16 \u0110\u01b0\u1eddng S\u01a1n &#8211; G\u1ea7n c\u1ed5ng tr\u01b0\u1eddng trung t\u00e2m gi\u00e1o d\u1ee5c th\u01b0\u1eddng xuy\u00ean &#8211; TP L\u1ea1ng S\u01a1n<\/span><\/p>\n<p><span style=\"font-size: 14pt;\">Li\u00ean h\u1ec7: 0962.212.060<\/span><\/p>\n","protected":false},"excerpt":{"rendered":"<p><span style=\"font-size: 14pt;\">B\u1ea1t nh\u1ef1a l\u00e0 m\u1ed9t trong nh\u1eefng s\u1ea3n ph\u1ea9m r\u1ea5t th\u00f4ng d\u1ee5ng hi\u1ec7n nay. \u0110\u00e2y l\u00e0 d\u00f2ng s\u1ea3n ph\u1ea9m d\u00f9ng \u0111\u1ec3 che ch\u1eafn, l\u00f3t s\u00e0n,\u2026 trong nhi\u1ec1u ng\u00e0nh, l\u0129nh v\u1ef1c kh\u00e1c nhau, nh\u01b0 n\u00f4ng nghi\u1ec7p, c\u00f4ng nghi\u1ec7p, c\u01a1 kh\u00ed. B\u1ea1t hi\u1ec7n nay c\u00f3 nhi\u1ec1u lo\u1ea1i, v\u1edbi nhi\u1ec1u c\u00f4ng d\u1ee5ng kh\u00e1c nhau. Trong \u0111\u00f3\u00a0<strong>b\u1ea1t xanh cam\u00a0<\/strong>kh\u00e1 \u0111\u01b0\u1ee3c \u01b0a chu\u1ed9ng<\/span><\/p>\n","protected":false},"featured_media":989,"comment_status":"open","ping_status":"closed","template":"","meta":{"spay_email":""},"product_cat":[18],"product_tag":[],"class_list":{"0":"post-985","1":"product","2":"type-product","3":"status-publish","4":"has-post-thumbnail","6":"product_cat-bat-che","8":"first","9":"instock","10":"shipping-taxable","11":"product-type-simple"},"jetpack-related-posts":[{"id":541,"url":"https:\/\/remchelangson.com.vn\/?product=bat-che-quay-tay-cam-pha","url_meta":{"origin":985,"position":0},"title":"B\u1ea0T CHE QUAY TAY C\u1ea8M PH\u1ea2","date":"9 Th\u00e1ng 12, 2021","format":false,"excerpt":"B\u1ea0T CHE N\u1eaeNG M\u01afA QUAY TAY C\u1ea8M PH\u1ea2 QU\u1ea2NG NINH Chuy\u00ean thi c\u00f4ng b\u1ea1t che n\u1eafng m\u01b0a quay tay, b\u1ea1t m\u00e1i r\u1ee7 t\u1ea1i C\u1ea9m Ph\u1ea3 Qu\u1ea3ng Ninh. \u0110\u01a1n v\u1ecb thi c\u00f4ng b\u1ea1t m\u00e1i hi\u00ean, m\u00e1i x\u1ebfp, b\u1ea1t che t\u1ef1 cu\u1ed1n t\u1ea1i C\u1ea9m Ph\u1ea3 Qu\u1ea3ng Ninh.","rel":"","context":"Similar post","img":{"alt_text":"","src":"https:\/\/i1.wp.com\/remchelangson.com.vn\/wp-content\/uploads\/2021\/12\/bat-che-ban-cong-hien-nha-quay-tay-tai-cam-pha-quang-ninh.jpg?fit=600%2C600&ssl=1&resize=350%2C200","width":350,"height":200},"classes":[]},{"id":554,"url":"https:\/\/remchelangson.com.vn\/?product=bat-che-nang-mua-tu-cuon-cam-pha","url_meta":{"origin":985,"position":1},"title":"B\u1ea0T CHE N\u1eaeNG M\u01afA T\u1ef0 CU\u1ed0N C\u1ea8M PH\u1ea2","date":"21 Th\u00e1ng 12, 2021","format":false,"excerpt":"L\u1eaeP B\u1ea0T CHE N\u1eaeNG M\u01afA T\u1ef0 CU\u1ed0N C\u1ea8M PH\u1ea2 C\u00f4ng ty TNHH Tr\u01b0\u1eddng Th\u00e0nh 68 \u2013 Chuy\u00ean cung c\u1ea5p, thi c\u00f4ng: b\u1ea1t che n\u1eafng m\u01b0a t\u1ef1 cu\u1ed1n C\u1ea9m Ph\u1ea3 v\u00e0 c\u00e1c khu v\u1ef1c l\u00e2n c\u1eadn t\u1ea1i Qu\u1ea3ng Ninh nh\u01b0 H\u1ea1 Long, V\u00e2n \u0110\u1ed3n, Ti\u00ean Y\u00ean, Ba Ch\u1ebd, U\u00f4ng B\u00ed, Qu\u1ea3ng\u2026","rel":"","context":"Similar post","img":{"alt_text":"","src":"https:\/\/i2.wp.com\/remchelangson.com.vn\/wp-content\/uploads\/2021\/12\/bat-che-tu-cuon-cam-pha-quang-ninh.jpg?fit=600%2C600&ssl=1&resize=350%2C200","width":350,"height":200},"classes":[]},{"id":672,"url":"https:\/\/remchelangson.com.vn\/?product=gian-phoi-quan-ao-thong-minh-o-cam-pha","url_meta":{"origin":985,"position":2},"title":"GI\u00c0N PH\u01a0I QU\u1ea6N \u00c1O TH\u00d4NG MINH \u1ede C\u1ea8M PH\u1ea2","date":"22 Th\u00e1ng 3, 2022","format":false,"excerpt":"GI\u00c0N PH\u01a0I QU\u1ea6N \u00c1O TH\u00d4NG MINH \u1ede C\u1ea8M PH\u1ea2 R\u00e8m che Lang S\u01a1n chuy\u00ean cung c\u1ea5p thi c\u00f4ng, l\u1eafp \u0111\u1eb7t gi\u00e0n ph\u01a1i qu\u1ea7n \u00e1o th\u00f4ng minh \u1edf C\u1ea9m Ph\u1ea3 Qu\u1ea3ng Ninh. Ngo\u00e0i ra, ch\u00fang t\u00f4i c\u00f2n thi c\u00f4ng, l\u1eafp \u0111\u1eb7t c\u00e1c lo\u1ea1i s\u1ea3n ph\u1ea9m kh\u00e1c nh\u01b0:\u00a0 L\u01b0\u1edbi an to\u00e0n ban\u2026","rel":"","context":"Similar post","img":{"alt_text":"","src":"https:\/\/i1.wp.com\/remchelangson.com.vn\/wp-content\/uploads\/2022\/03\/don-vi-lap-gian-phoi-quan-ao-thong-minh-tai-cam-pha-quang-ninh.jpg?fit=700%2C800&ssl=1&resize=350%2C200","width":350,"height":200},"classes":[]},{"id":460,"url":"https:\/\/remchelangson.com.vn\/?product=thi-cong-luoi-an-toan-tai-van-don-quang-ninh","url_meta":{"origin":985,"position":3},"title":"THI C\u00d4NG L\u01af\u1edaI AN TO\u00c0N T\u1ea0I V\u00c2N \u0110\u1ed2N","date":"7 Th\u00e1ng m\u01b0\u1eddi m\u1ed9t, 2021","format":false,"excerpt":"R\u00c8M C\u1eecA LINH NG\u00c2N \u2013 \u0110\u01a1n v\u1ecb chuy\u00ean cung c\u1ea5p thi c\u00f4ng l\u01b0\u1edbi an to\u00e0n t\u1ea1i V\u00e2n \u0110\u1ed3n Qu\u1ea3ng Ninh. R\u00c8M C\u1eecA LINH NG\u00c2N CHUY\u00caN: Gi\u00e0n ph\u01a1i qu\u1ea7n \u00e1o th\u00f4ng minh L\u01b0\u1edbi an to\u00e0n ban c\u00f4ng, c\u1ea7u thang C\u1eeda l\u01b0\u1edbi ch\u1ed1ng mu\u1ed7i, c\u00f4n tr\u00f9ng B\u1ea1t che n\u1eafng m\u01b0a t\u1ef1 cu\u1ed1n,\u2026","rel":"","context":"Similar post","img":{"alt_text":"","src":"https:\/\/i2.wp.com\/remchelangson.com.vn\/wp-content\/uploads\/2021\/11\/lap-luoi-an-toan-ban-cong-cau-thang-tai-van-don-quang-ninh-1.jpg?fit=600%2C600&ssl=1&resize=350%2C200","width":350,"height":200},"classes":[]},{"id":968,"url":"https:\/\/remchelangson.com.vn\/?product=o-du-che-nang-mua-cam-pha-quang-ninh","url_meta":{"origin":985,"position":4},"title":"B\u00c1N \u00d4 D\u00d9 CHE N\u1eaeNG M\u01afA C\u1ea8M PH\u1ea2","date":"22 Th\u00e1ng 2, 2023","format":false,"excerpt":"Chuy\u00ean cung c\u1ea5p, b\u00e1n \u00f4 l\u1ec7ch t\u00e2m H\u1ea1 Long Qu\u1ea3ng Ninh. B\u00e1n \u00f4 l\u1ec7ch t\u00e2m che n\u1eafng m\u01b0a d\u00e0nh cho nh\u00e0 h\u00e0ng, qu\u00e1n \u0103n, kh\u00e1ch s\u1ea1n t\u1ea1i C\u1ea9m Ph\u1ea3 v\u00e0 c\u00e1c khu v\u1ef1c l\u00e2n c\u1eadn nh\u01b0: U\u00f4ng B\u00ed, Qu\u1ea3ng Y\u00ean, Ho\u00e0nh B\u1ed3, C\u1ea9m Ph\u1ea3\u2026","rel":"","context":"Similar post","img":{"alt_text":"","src":"https:\/\/i0.wp.com\/remchelangson.com.vn\/wp-content\/uploads\/2023\/02\/ban-o-du-lech-tam-ben-dep-re-tai-cam-pha-quang-ninh.jpg?fit=700%2C750&ssl=1&resize=350%2C200","width":350,"height":200},"classes":[]},{"id":501,"url":"https:\/\/remchelangson.com.vn\/?product=rem-sao-nhom-rem-la-nhom","url_meta":{"origin":985,"position":5},"title":"1 R\u00c8M S\u00c1O NH\u00d4M R\u00c8M L\u00c1 NH\u00d4M","date":"19 Th\u00e1ng m\u01b0\u1eddi m\u1ed9t, 2021","format":false,"excerpt":"R\u00c8M S\u00c1O NH\u00d4M R\u00c8M L\u00c1 NH\u00d4M R\u00e8m che Lang S\u01a1n: Chuy\u00ean r\u00e8m s\u00e1o nh\u00f4m - R\u00e8m l\u00e1 nh\u00f4m t\u1ea1i Qu\u1ea3ng Ninh, L\u1ea1ng S\u01a1n.","rel":"","context":"Similar post","img":{"alt_text":"rem-sao-nhom-rem-la-nhom-uy-tin-gia-re","src":"https:\/\/i1.wp.com\/remchelangson.com.vn\/wp-content\/uploads\/2021\/11\/cau-tao-rem-nhom-tai-quang-ninh-1.jpg?fit=600%2C600&ssl=1&resize=350%2C200","width":350,"height":200},"classes":[]}],"_links":{"self":[{"href":"https:\/\/remchelangson.com.vn\/index.php?rest_route=\/wp\/v2\/product\/985","targetHints":{"allow":["GET"]}}],"collection":[{"href":"https:\/\/remchelangson.com.vn\/index.php?rest_route=\/wp\/v2\/product"}],"about":[{"href":"https:\/\/remchelangson.com.vn\/index.php?rest_route=\/wp\/v2\/types\/product"}],"replies":[{"embeddable":true,"href":"https:\/\/remchelangson.com.vn\/index.php?rest_route=%2Fwp%2Fv2%2Fcomments&post=985"}],"version-history":[{"count":2,"href":"https:\/\/remchelangson.com.vn\/index.php?rest_route=\/wp\/v2\/product\/985\/revisions"}],"predecessor-version":[{"id":991,"href":"https:\/\/remchelangson.com.vn\/index.php?rest_route=\/wp\/v2\/product\/985\/revisions\/991"}],"wp:featuredmedia":[{"embeddable":true,"href":"https:\/\/remchelangson.com.vn\/index.php?rest_route=\/wp\/v2\/media\/989"}],"wp:attachment":[{"href":"https:\/\/remchelangson.com.vn\/index.php?rest_route=%2Fwp%2Fv2%2Fmedia&parent=985"}],"wp:term":[{"taxonomy":"product_cat","embeddable":true,"href":"https:\/\/remchelangson.com.vn\/index.php?rest_route=%2Fwp%2Fv2%2Fproduct_cat&post=985"},{"taxonomy":"product_tag","embeddable":true,"href":"https:\/\/remchelangson.com.vn\/index.php?rest_route=%2Fwp%2Fv2%2Fproduct_tag&post=985"}],"curies":[{"name":"wp","href":"https:\/\/api.w.org\/{rel}","templated":true}]}}