{"id":999,"date":"2023-04-15T08:24:54","date_gmt":"2023-04-15T08:24:54","guid":{"rendered":"https:\/\/remchelangson.com.vn\/?post_type=product&#038;p=999"},"modified":"2024-07-09T16:17:41","modified_gmt":"2024-07-09T16:17:41","slug":"luoi-che-nang-che-bui-tai-lang-son","status":"publish","type":"product","link":"https:\/\/remchelangson.com.vn\/?product=luoi-che-nang-che-bui-tai-lang-son","title":{"rendered":"8. L\u01af\u1edaI CHE N\u1eaeNG CHE B\u1ee4I T\u1ea0I L\u1ea0NG S\u01a0N"},"content":{"rendered":"<div id=\"ez-toc-container\" class=\"ez-toc-v2_0_62 counter-hierarchy ez-toc-counter ez-toc-grey ez-toc-container-direction\">\n<div class=\"ez-toc-title-container\"><p class=\"ez-toc-title\">N\u1ed9i dung b&agrave;i vi\u1ebft<\/p>\n<\/div><nav><ul class='ez-toc-list ez-toc-list-level-1 ' ><li class='ez-toc-page-1 ez-toc-heading-level-1'><a class=\"ez-toc-link ez-toc-heading-1\" href=\"https:\/\/remchelangson.com.vn\/?product=luoi-che-nang-che-bui-tai-lang-son\/#8_LUOI_CHE_NANG_CHE_BUI_TAI_LANG_SON\" title=\"8. L\u01af\u1edaI CHE N\u1eaeNG CHE B\u1ee4I T\u1ea0I L\u1ea0NG S\u01a0N\">8. L\u01af\u1edaI CHE N\u1eaeNG CHE B\u1ee4I T\u1ea0I L\u1ea0NG S\u01a0N<\/a><ul class='ez-toc-list-level-2' ><li class='ez-toc-heading-level-2'><a class=\"ez-toc-link ez-toc-heading-2\" href=\"https:\/\/remchelangson.com.vn\/?product=luoi-che-nang-che-bui-tai-lang-son\/#1_Cau_tao_luoi_det_kim_Mono_Dai_Loan\" title=\"1. C\u1ea5u t\u1ea1o l\u01b0\u1edbi d\u1ec7t kim Mono \u0110\u00e0i Loan\">1. C\u1ea5u t\u1ea1o l\u01b0\u1edbi d\u1ec7t kim Mono \u0110\u00e0i Loan<\/a><\/li><li class='ez-toc-page-1 ez-toc-heading-level-2'><a class=\"ez-toc-link ez-toc-heading-3\" href=\"https:\/\/remchelangson.com.vn\/?product=luoi-che-nang-che-bui-tai-lang-son\/#2_Do_che_phu_cua_luoi_det_kim_Mono\" title=\"2. \u0110\u1ed9 che ph\u1ee7 c\u1ee7a l\u01b0\u1edbi d\u1ec7t kim Mono\">2. \u0110\u1ed9 che ph\u1ee7 c\u1ee7a l\u01b0\u1edbi d\u1ec7t kim Mono<\/a><\/li><li class='ez-toc-page-1 ez-toc-heading-level-2'><a class=\"ez-toc-link ez-toc-heading-4\" href=\"https:\/\/remchelangson.com.vn\/?product=luoi-che-nang-che-bui-tai-lang-son\/#3_Bao_gia_luoi_che_nang_che_bui_tai_Lang_Son\" title=\"3. B\u00e1o gi\u00e1 l\u01b0\u1edbi che n\u1eafng che b\u1ee5i t\u1ea1i L\u1ea1ng S\u01a1n\">3. B\u00e1o gi\u00e1 l\u01b0\u1edbi che n\u1eafng che b\u1ee5i t\u1ea1i L\u1ea1ng S\u01a1n<\/a><\/li><li class='ez-toc-page-1 ez-toc-heading-level-2'><a class=\"ez-toc-link ez-toc-heading-5\" href=\"https:\/\/remchelangson.com.vn\/?product=luoi-che-nang-che-bui-tai-lang-son\/#4_Uu_diem_cua_luoi_det_kim_Dai_Loan\" title=\"4. \u01afu \u0111i\u1ec3m c\u1ee7a l\u01b0\u1edbi d\u1ec7t kim \u0110\u00e0i Loan\">4. \u01afu \u0111i\u1ec3m c\u1ee7a l\u01b0\u1edbi d\u1ec7t kim \u0110\u00e0i Loan<\/a><\/li><li class='ez-toc-page-1 ez-toc-heading-level-2'><a class=\"ez-toc-link ez-toc-heading-6\" href=\"https:\/\/remchelangson.com.vn\/?product=luoi-che-nang-che-bui-tai-lang-son\/#5_Dia_chi_ban_luoi_che_nang_che_bui_tai_Lang_Son\" title=\"5. \u0110\u1ecba ch\u1ec9 b\u00e1n l\u01b0\u1edbi che n\u1eafng che b\u1ee5i t\u1ea1i L\u1ea1ng S\u01a1n\">5. \u0110\u1ecba ch\u1ec9 b\u00e1n l\u01b0\u1edbi che n\u1eafng che b\u1ee5i t\u1ea1i L\u1ea1ng S\u01a1n<\/a><\/li><\/ul><\/li><\/ul><\/nav><\/div>\n<h1><span class=\"ez-toc-section\" id=\"8_LUOI_CHE_NANG_CHE_BUI_TAI_LANG_SON\"><\/span><strong>8. L\u01af\u1edaI CHE N\u1eaeNG CHE B\u1ee4I T\u1ea0I L\u1ea0NG S\u01a0N<\/strong><span class=\"ez-toc-section-end\"><\/span><\/h1>\n<p>Chuy\u00ean b\u00e1n, gia c\u00f4ng l\u01b0\u1edbi che n\u1eafng, che b\u1ee5i t\u1ea1i L\u1ea1ng S\u01a1n.<\/p>\n<p>\u0110\u01a1n v\u1ecb b\u00e1n b\u1ea1t che xanh cam t\u1ea1i L\u1ea1ng S\u01a1n. \u0110\u1ea1i l\u00fd l\u01b0\u1edbi che d\u1ec7t kim, b\u1ea1t che xanh cam, b\u1ea1t k\u1ebb s\u1ecdc, b\u1ea1t che c\u00f4ng tr\u00ecnh gi\u00e1 r\u1ebb t\u1ea1i TP L\u1ea1ng s\u01a1n v\u00e0 c\u00e1c khu v\u1ef1c l\u00e2n c\u1eadn nh\u01b0 <em>\u00a0\u0110\u00ecnh L\u1eadp, \u00a0B\u1eb1ng M\u1ea1c, B\u1eafc S\u01a1n, B\u00ecnh Gia, Cao L\u1ed9c, \u0110i\u1ec1m He, L\u1ed9c B\u00ecnh, \u00d4n Ch\u00e2u, Tho\u00e1t L\u00e3ng, Tr\u00e0ng \u0110\u1ecbnh, V\u0103n Uy\u00ean.\u00a0<\/em><\/p>\n<h2><span class=\"ez-toc-section\" id=\"1_Cau_tao_luoi_det_kim_Mono_Dai_Loan\"><\/span><strong>1. C\u1ea5u t\u1ea1o l\u01b0\u1edbi d\u1ec7t kim Mono \u0110\u00e0i Loan<\/strong><span class=\"ez-toc-section-end\"><\/span><\/h2>\n<p><span style=\"font-size: 14pt;\"><a href=\"https:\/\/tongkholuoihanoi.com\/luoi-che-nang-dai-loan\/\" rel=\"noopener\"><strong>L\u01b0\u1edbi che n\u1eafng \u0110\u00e0i Loan<\/strong><\/a>\u00a0Mono s\u1ee3i tr\u00f2n l\u00e0 d\u00f2ng l\u01b0\u1edbi nh\u1eadp kh\u1ea9u ch\u00ednh h\u00e3ng t\u1eeb \u0110\u00e0i Loan. L\u01b0\u1edbi \u0111\u01b0\u1ee3c s\u1ea3n xu\u1ea5t t\u1eeb c\u00e1c h\u1ea1t nh\u1ef1a nguy\u00ean sinh HDPE n\u00ean r\u1ea5t dai v\u00e0 b\u1ec1n. V\u1edbi \u0111i\u1ec1u ki\u1ec7n th\u1eddi ti\u1ebft v\u00e0 kh\u00ed h\u1eadu c\u1ee7a Vi\u1ec7t Nam, th\u1eddi gian s\u1eed d\u1ee5ng c\u1ee7a d\u00f2ng l\u01b0\u1edbi n\u00e0y c\u00f3 th\u1ec3 l\u00ean \u0111\u1ebfn 10 n\u0103m.<\/span><\/p>\n<p><span style=\"font-size: 14pt;\">Ngo\u00e0i che n\u1eafng, l\u01b0\u1edbi c\u00f2n \u0111\u01b0\u1ee3c d\u00f9ng \u0111\u1ec3 ch\u1eafn n\u00f3ng, c\u1ea3n n\u01b0\u1edbc m\u01b0a, ch\u1eafn c\u00f4n tr\u00f9ng, c\u1ea3n v\u1eadt r\u01a1i, che ch\u1eafn b\u1ee5i\u2026\u00a0<strong>L\u01b0\u1edbi \u0110\u00e0i Loan<\/strong>\u00a0s\u1ee3i tr\u00f2n l\u00e0 l\u1ef1a ch\u1ecdn s\u1ed1 1 cho c\u00e1c v\u01b0\u1eddn hoa phong lan, che th\u00f9ng xe ch\u1edf h\u00e0ng v\u1eadt li\u1ec7u.<\/span><\/p>\n<h2><span class=\"ez-toc-section\" id=\"2_Do_che_phu_cua_luoi_det_kim_Mono\"><\/span><strong>2. \u0110\u1ed9 che ph\u1ee7 c\u1ee7a l\u01b0\u1edbi d\u1ec7t kim Mono<\/strong><span class=\"ez-toc-section-end\"><\/span><\/h2>\n<p><span style=\"font-size: 14pt;\">L\u01b0\u1edbi \u0110\u00e0i c\u00f3 nhi\u1ec1u lo\u1ea1i v\u1edbi \u0111\u1ed9 che ph\u1ee7 (\u0111\u1ed9 c\u1eaft n\u1eafng) dao \u0111\u1ed9ng t\u1eeb 50% \u0111\u1ebfn 80%. \u0110\u1ed9 che ph\u1ee7 c\u00e0ng cao th\u00ec c\u1eaft n\u1eafng c\u00e0ng nhi\u1ec1u, t\u1ee9c che \u0111\u01b0\u1ee3c c\u00e0ng nhi\u1ec1u. T\u00f9y thu\u1ed9c v\u00e0o nhu c\u1ea7u s\u1eed d\u1ee5ng m\u00e0 ch\u00fang ta c\u00f3 s\u1ef1 l\u1ef1a ch\u1ecdn \u0111\u1ed9 che ph\u1ee7 cho ph\u00f9 h\u1ee3p.<\/span><\/p>\n<p><span style=\"font-size: 14pt;\"><strong><u>\u0110\u1ed1i v\u1edbi lo\u1ea1i 70%:<\/u><\/strong><\/span><\/p>\n<ul>\n<li><span style=\"font-size: 14pt;\">L\u01b0\u1edbi s\u1ebd cho 30% \u00e1nh n\u1eafng \u0111i qua, c\u00f2n 70% s\u1ebd b\u1ecb c\u1ea3n l\u1ea1i.<\/span><\/li>\n<li><span style=\"font-size: 14pt;\">M\u1eadt \u0111\u1ed9 s\u1ee3i l\u01b0\u1edbi d\u00e0y h\u01a1n so v\u1edbi lo\u1ea1i 60% v\u00e0 50%<\/span><\/li>\n<li><span style=\"font-size: 14pt;\">Trung b\u00ecnh tr\u00ean 1cm ch\u1ec9 g\u00e2n c\u00f3 kho\u1ea3ng 5 s\u1ee3i l\u01b0\u1edbi<\/span><\/li>\n<li><span style=\"font-size: 14pt;\">Th\u00edch h\u1ee3p s\u1eed d\u1ee5ng cho v\u01b0\u1eddn lan, v\u01b0\u1eddn rau n\u00f4ng nghi\u1ec7p hay che n\u1eafng cho c\u00e1c khu vui ch\u01a1i, s\u00e2n b\u00e3i,\u2026<\/span><\/li>\n<\/ul>\n<p><img loading=\"lazy\" decoding=\"async\" class=\"aligncenter wp-image-1001 size-full\" src=\"https:\/\/i2.wp.com\/remchelangson.com.vn\/wp-content\/uploads\/2023\/04\/luoi-det-kim-dai-loan-che-nang-tai-cam-pha.jpg?resize=750%2C700&#038;ssl=1\" alt=\"luoi-che-nang-che-bui-ben-dep-tai-lang-son\" width=\"750\" height=\"700\" title=\"\" srcset=\"https:\/\/i2.wp.com\/remchelangson.com.vn\/wp-content\/uploads\/2023\/04\/luoi-det-kim-dai-loan-che-nang-tai-cam-pha.jpg?w=750&amp;ssl=1 750w, https:\/\/i2.wp.com\/remchelangson.com.vn\/wp-content\/uploads\/2023\/04\/luoi-det-kim-dai-loan-che-nang-tai-cam-pha.jpg?resize=300%2C280&amp;ssl=1 300w, https:\/\/i2.wp.com\/remchelangson.com.vn\/wp-content\/uploads\/2023\/04\/luoi-det-kim-dai-loan-che-nang-tai-cam-pha.jpg?resize=200%2C187&amp;ssl=1 200w, https:\/\/i2.wp.com\/remchelangson.com.vn\/wp-content\/uploads\/2023\/04\/luoi-det-kim-dai-loan-che-nang-tai-cam-pha.jpg?resize=600%2C560&amp;ssl=1 600w\" sizes=\"auto, (max-width: 706px) 89vw, (max-width: 767px) 82vw, 740px\" data-recalc-dims=\"1\" \/><\/p>\n<p style=\"text-align: center;\">Cung c\u1ea5p, gia c\u00f4ng l\u01b0\u1edbi che d\u1ec7t kim b\u1ec1n \u0111\u1eb9p t\u1ea1i L\u1ea1ng S\u01a1n<\/p>\n<h2><span class=\"ez-toc-section\" id=\"3_Bao_gia_luoi_che_nang_che_bui_tai_Lang_Son\"><\/span><strong>3. B\u00e1o gi\u00e1 l\u01b0\u1edbi che n\u1eafng che b\u1ee5i t\u1ea1i L\u1ea1ng S\u01a1n<\/strong><span class=\"ez-toc-section-end\"><\/span><\/h2>\n<p><span style=\"font-size: 14pt;\"><strong>Gi\u00e1 l\u01b0\u1edbi che n\u1eafng \u0110\u00e0i Loan<\/strong>\u00a0ph\u1ee5 thu\u1ed9c v\u00e0o kh\u1ed5 l\u01b0\u1edbi, m\u00e0u s\u1eafc c\u0169ng nh\u01b0 \u0111\u1ed9 che ph\u1ee7 c\u1ee7a n\u00f3. L\u01b0\u1edbi 70% l\u00e0 lo\u1ea1i th\u00f4ng d\u1ee5ng v\u00e0 ph\u1ed5 bi\u1ebfn nh\u1ea5t tr\u00ean th\u1ecb tr\u01b0\u1eddng, c\u00f3 gi\u00e1 nh\u01b0 sau:<\/span><\/p>\n<ul>\n<li><span style=\"font-size: 14pt;\"><strong>L\u01b0\u1edbi m\u00e0u \u0111en kh\u1ed5 2mx50m<\/strong>\u00a0c\u00f3 gi\u00e1 kho\u1ea3ng 15.000 \u2013 18.000\u0111\/ m2 hay 30.000 \u2013 36.000\u0111\/ m\u00e9t d\u00e0i.<\/span><\/li>\n<li><span style=\"font-size: 14pt;\">N\u1ebfu mua c\u1ea3 cu\u1ed9n th\u00ec gi\u00e1 l\u00e0 1.250.000\u0111\/ cu\u1ed9n.<\/span><\/li>\n<li><span style=\"font-size: 14pt;\"><strong>L\u01b0\u1edbi che n\u1eafng \u0110\u00e0i Loan kh\u1ed5 4m\u00a0x 30m<\/strong>\u00a0c\u00f3 gi\u00e1 kho\u1ea3ng 15.000 \u2013 18.000\u0111\/ m2 hay 60.000 \u2013 72.000\u0111\/ m\u00e9t d\u00e0i \u0111\u1ed1i v\u1edbi m\u00e0u \u0111en.<\/span><\/li>\n<li><span style=\"font-size: 14pt;\">N\u1ebfu mua c\u1ea3 cu\u1ed9n th\u00ec gi\u00e1 l\u00e0 1.580.000\u0111\/ cu\u1ed9n.<\/span><\/li>\n<\/ul>\n<p><span style=\"font-size: 14pt;\">(Gi\u00e1 tr\u00ean l\u00e0 gi\u00e1 c\u1eaft l\u1ebb ho\u1eb7c b\u00e1n c\u1ea3 cu\u1ed9n theo nguy\u00ean kh\u1ed5)<\/span><\/p>\n<p><span style=\"font-size: 14pt;\">Ngo\u00e0i ra, x\u01b0\u1edfng ch\u00fang t\u00f4i c\u00f3 may theo k\u00edch c\u1ee1, may vi\u1ec1n \u0111\u00f3ng khuy\u00ean theo nhu c\u1ea7u Qu\u00fd Kh\u00e1ch. \u0110\u1ec3 bi\u1ebft th\u00eam chi ti\u1ebft vui l\u00f2ng g\u1ecdi:\u00a0<strong>0962.212.060<\/strong>\u00a0\u0111\u1ec3 \u0111\u01b0\u1ee3c bi\u1ebft th\u00eam chi ti\u1ebft.<\/span><\/p>\n<h2><span class=\"ez-toc-section\" id=\"4_Uu_diem_cua_luoi_det_kim_Dai_Loan\"><\/span><strong>4. \u01afu \u0111i\u1ec3m c\u1ee7a l\u01b0\u1edbi d\u1ec7t kim \u0110\u00e0i Loan<\/strong><span class=\"ez-toc-section-end\"><\/span><\/h2>\n<ul>\n<li><span style=\"font-size: 14pt;\">V\u1edbi k\u1ebft c\u1ea5u l\u01b0\u1edbi Mono s\u1ee3i tr\u00f2n gi\u00fap ch\u1eafn n\u1eafng, ch\u1eafn n\u00f3ng nh\u01b0ng l\u1ea1i tho\u00e1ng gi\u00f3. Nh\u1edd \u0111\u00f3 v\u01b0\u1eddn c\u00e2y c\u00f3 th\u1ec3 l\u01b0u th\u00f4ng \u0111\u01b0\u1ee3c kh\u00f4ng kh\u00ed. C\u00e2y tr\u1ed3ng h\u1ea5p th\u1ee5 \u0111\u1ee7 kh\u00ed v\u00e0 n\u1eafng =&gt; Sinh tr\u01b0\u1edfng t\u1ed1t.<\/span><\/li>\n<li><span style=\"font-size: 14pt;\">S\u1ee3i l\u01b0\u1edbi d\u00e0y d\u1eb7n, ch\u1eafc ch\u1eafn =&gt; Ch\u1ecbu l\u1ef1c t\u1ed1t \u0111\u1ed3ng th\u1eddi ch\u1ecbu \u0111\u01b0\u1ee3c \u1ea3nh h\u01b0\u1edfng c\u1ee7a th\u1eddi ti\u1ebft kh\u1eafc nghi\u1ec7t<\/span><\/li>\n<li><span style=\"font-size: 14pt;\">Tr\u1ecdng l\u01b0\u1ee3ng l\u01b0\u1edbi nh\u1eb9 =&gt; Thu\u1eadn ti\u1ec7n trong kh\u00e2u v\u1eadn chuy\u1ec3n<\/span><\/li>\n<li><span style=\"font-size: 14pt;\">L\u01b0\u1edbi d\u1ebbo dai =&gt; D\u1ec5 c\u0103ng. Thi c\u00f4ng, l\u1eafp \u0111\u1eb7t nhanh ch\u00f3ng =&gt; Ti\u1ebft ki\u1ec7m chi ph\u00ed nh\u00e2n c\u00f4ng<\/span><\/li>\n<li><span style=\"font-size: 14pt;\">S\u1ee3i l\u01b0\u1edbi tr\u00f2n th\u00f4ng gi\u00f3 =&gt; \u00cdt b\u1ecb \u1ea3nh h\u01b0\u1edfng b\u1edfi gi\u00f3 b\u00e3o<\/span><\/li>\n<li><span style=\"font-size: 14pt;\">\u0110\u1ed9 b\u1ec1n cao (t\u1eeb 7 \u0111\u1ebfn 10 n\u0103m \u2013 T\u00f9y \u0111i\u1ec1u ki\u1ec7n th\u1eddi ti\u1ebft n\u01a1i s\u1eed d\u1ee5ng)<\/span><\/li>\n<\/ul>\n<p><img loading=\"lazy\" decoding=\"async\" class=\"wp-image-1000 size-full aligncenter\" src=\"https:\/\/i1.wp.com\/remchelangson.com.vn\/wp-content\/uploads\/2023\/04\/ban-luoi-che-nang-che-thung-xe-dat-da-cam-pha-quang-ninh.jpg?resize=750%2C700&#038;ssl=1\" alt=\"luoi-che-nang-che-bui-ben-dep-tai-lang-son\" width=\"750\" height=\"700\" title=\"\" srcset=\"https:\/\/i1.wp.com\/remchelangson.com.vn\/wp-content\/uploads\/2023\/04\/ban-luoi-che-nang-che-thung-xe-dat-da-cam-pha-quang-ninh.jpg?w=750&amp;ssl=1 750w, https:\/\/i1.wp.com\/remchelangson.com.vn\/wp-content\/uploads\/2023\/04\/ban-luoi-che-nang-che-thung-xe-dat-da-cam-pha-quang-ninh.jpg?resize=300%2C280&amp;ssl=1 300w, https:\/\/i1.wp.com\/remchelangson.com.vn\/wp-content\/uploads\/2023\/04\/ban-luoi-che-nang-che-thung-xe-dat-da-cam-pha-quang-ninh.jpg?resize=200%2C187&amp;ssl=1 200w, https:\/\/i1.wp.com\/remchelangson.com.vn\/wp-content\/uploads\/2023\/04\/ban-luoi-che-nang-che-thung-xe-dat-da-cam-pha-quang-ninh.jpg?resize=600%2C560&amp;ssl=1 600w\" sizes=\"auto, (max-width: 706px) 89vw, (max-width: 767px) 82vw, 740px\" data-recalc-dims=\"1\" \/><\/p>\n<p style=\"text-align: center;\">Cung c\u1ea5p, gia c\u00f4ng l\u01b0\u1edbi che n\u1eafng che b\u1ee5i t\u1ea1i L\u1ea1ng S\u01a1n<\/p>\n<h2><span class=\"ez-toc-section\" id=\"5_Dia_chi_ban_luoi_che_nang_che_bui_tai_Lang_Son\"><\/span><strong>5. \u0110\u1ecba ch\u1ec9 b\u00e1n l\u01b0\u1edbi che n\u1eafng che b\u1ee5i t\u1ea1i L\u1ea1ng S\u01a1n<\/strong><span class=\"ez-toc-section-end\"><\/span><\/h2>\n<p><span style=\"font-size: 14pt;\">Chuy\u00ean cung c\u1ea5p, gia c\u00f4ng l\u01b0\u1edbi che n\u1eafng, l\u01b0\u1edbi che th\u00f9ng xe t\u1ea1i L\u1ea1ng S\u01a1n<\/span><\/p>\n<p><span style=\"font-size: 14pt;\">Li\u00ean h\u1ec7: 0962.212.060.\u00a0<\/span><\/p>\n<p>Tham kh\u1ea3o th\u00eam: <a href=\"https:\/\/remchelangson.com.vn\/?product=bat-che-xanh-cam-tai-lang-son\">B\u1ea1t xanh cam t\u1ea1i L\u1ea1ng S\u01a1n<\/a><\/p>\n","protected":false},"excerpt":{"rendered":"<p><a href=\"https:\/\/tongkholuoihanoi.com\/luoi-che-nang-dai-loan\/\"><strong>L\u01b0\u1edbi che n\u1eafng \u0110\u00e0i Loan<\/strong><\/a>\u00a0Mono s\u1ee3i tr\u00f2n l\u00e0 d\u00f2ng l\u01b0\u1edbi nh\u1eadp kh\u1ea9u ch\u00ednh h\u00e3ng t\u1eeb \u0110\u00e0i Loan. L\u01b0\u1edbi \u0111\u01b0\u1ee3c s\u1ea3n xu\u1ea5t t\u1eeb c\u00e1c h\u1ea1t nh\u1ef1a nguy\u00ean sinh HDPE n\u00ean r\u1ea5t dai v\u00e0 b\u1ec1n. V\u1edbi \u0111i\u1ec1u ki\u1ec7n th\u1eddi ti\u1ebft v\u00e0 kh\u00ed h\u1eadu c\u1ee7a Vi\u1ec7t Nam, th\u1eddi gian s\u1eed d\u1ee5ng c\u1ee7a d\u00f2ng l\u01b0\u1edbi n\u00e0y c\u00f3 th\u1ec3 l\u00ean \u0111\u1ebfn 10 n\u0103m.<\/p>\n<p>Ngo\u00e0i che n\u1eafng, l\u01b0\u1edbi c\u00f2n \u0111\u01b0\u1ee3c d\u00f9ng \u0111\u1ec3 ch\u1eafn n\u00f3ng, c\u1ea3n n\u01b0\u1edbc m\u01b0a, ch\u1eafn c\u00f4n tr\u00f9ng, c\u1ea3n v\u1eadt r\u01a1i, che ch\u1eafn b\u1ee5i\u2026\u00a0<strong>L\u01b0\u1edbi \u0110\u00e0i Loan<\/strong>\u00a0s\u1ee3i tr\u00f2n l\u00e0 l\u1ef1a ch\u1ecdn s\u1ed1 1 cho c\u00e1c v\u01b0\u1eddn hoa phong lan, che th\u00f9ng xe ch\u1edf h\u00e0ng v\u1eadt li\u1ec7u.<\/p>\n","protected":false},"featured_media":1002,"comment_status":"open","ping_status":"closed","template":"","meta":{"spay_email":""},"product_cat":[18],"product_tag":[],"class_list":{"0":"post-999","1":"product","2":"type-product","3":"status-publish","4":"has-post-thumbnail","6":"product_cat-bat-che","8":"first","9":"instock","10":"shipping-taxable","11":"product-type-simple"},"jetpack-related-posts":[{"id":1015,"url":"https:\/\/remchelangson.com.vn\/?product=luoi-det-kim-che-nang-lang-son","url_meta":{"origin":999,"position":0},"title":"L\u01af\u1edaI D\u1ec6T KIM CHE N\u1eaeNG L\u1ea0NG S\u01a0N","date":"18 Th\u00e1ng 5, 2023","format":false,"excerpt":"Chuy\u00ean cung c\u1ea5p, b\u00e1n l\u01b0\u1edbi d\u1ec7t kim che n\u1eafng L\u1ea1ng S\u01a1n.\u00a0 B\u00e1n, gia c\u00f4ng l\u01b0\u1edbi d\u1ec7t kim che n\u1eafng t\u1ea1i th\u00e0nh ph\u1ed1 L\u1ea1ng S\u01a1n, Chi L\u0103ng, L\u1ed9c B\u00ecnh, V\u0103n Quan, V\u0103n L\u00e3ng, B\u00ecnh Gia, \u0110\u00ecnh L\u1eadp, H\u1eefu L\u0169ng, Tr\u00e0ng \u0110\u1ecbnh\u2026.","rel":"","context":"Similar post","img":{"alt_text":"","src":"https:\/\/i1.wp.com\/remchelangson.com.vn\/wp-content\/uploads\/2023\/05\/cung-cap-ban-luoi-det-kim-ta-quang-ninh.jpg?fit=900%2C1200&ssl=1&resize=350%2C200","width":350,"height":200},"classes":[]},{"id":1006,"url":"https:\/\/remchelangson.com.vn\/?product=luoi-che-cong-trinh-xay-dung-ha-long","url_meta":{"origin":999,"position":1},"title":"L\u01af\u1edaI CHE C\u00d4NG TR\u00ccNH X\u00c2Y D\u1ef0NG H\u1ea0 LONG","date":"25 Th\u00e1ng 4, 2023","format":false,"excerpt":"Chuy\u00ean cung c\u1ea5p, b\u00e1n l\u01b0\u1edbi che c\u00f4ng tr\u00ecnh x\u00e2y d\u1ef1ng t\u1ea1i H\u1ea1 Long Qu\u1ea3ng Ninh. V\u00e0 c\u00e1c khu v\u1ef1c l\u00e2n c\u1eadn nh\u01b0 C\u1ea9m Ph\u1ea3, V\u00e2n \u0110\u1ed3n, Ti\u00ean Y\u00ean, U\u00f4ng B\u00ed, Qu\u1ea3ng Y\u00ean, \u0110\u00f4ng Tri\u1ec1u...","rel":"","context":"Similar post","img":{"alt_text":"","src":"https:\/\/i2.wp.com\/remchelangson.com.vn\/wp-content\/uploads\/2023\/04\/luoi-che-chan-cong-trinh-ha-long-quang-ninh.jpg?fit=700%2C750&ssl=1&resize=350%2C200","width":350,"height":200},"classes":[]},{"id":985,"url":"https:\/\/remchelangson.com.vn\/?product=bat-che-xanh-cam-tai-lang-son","url_meta":{"origin":999,"position":2},"title":"4. B\u1ea0T CHE XANH CAM T\u1ea0I L\u1ea0NG S\u01a0N","date":"7 Th\u00e1ng 3, 2023","format":false,"excerpt":"B\u1ea1t nh\u1ef1a l\u00e0 m\u1ed9t trong nh\u1eefng s\u1ea3n ph\u1ea9m r\u1ea5t th\u00f4ng d\u1ee5ng hi\u1ec7n nay. \u0110\u00e2y l\u00e0 d\u00f2ng s\u1ea3n ph\u1ea9m d\u00f9ng \u0111\u1ec3 che ch\u1eafn, l\u00f3t s\u00e0n,\u2026 trong nhi\u1ec1u ng\u00e0nh, l\u0129nh v\u1ef1c kh\u00e1c nhau, nh\u01b0 n\u00f4ng nghi\u1ec7p, c\u00f4ng nghi\u1ec7p, c\u01a1 kh\u00ed. B\u1ea1t hi\u1ec7n nay c\u00f3 nhi\u1ec1u lo\u1ea1i, v\u1edbi nhi\u1ec1u c\u00f4ng d\u1ee5ng kh\u00e1c nhau.\u2026","rel":"","context":"Similar post","img":{"alt_text":"","src":"https:\/\/i1.wp.com\/remchelangson.com.vn\/wp-content\/uploads\/2023\/03\/cung-cap-ban-bat-ke-soc-bat-xanh-cam-tai-lang-son-1.jpg?fit=750%2C600&ssl=1&resize=350%2C200","width":350,"height":200},"classes":[]},{"id":766,"url":"https:\/\/remchelangson.com.vn\/?product=lap-luoi-an-toan-tai-lang-son","url_meta":{"origin":999,"position":3},"title":"L\u1eaeP L\u01af\u1edaI AN TO\u00c0N T\u1ea0I L\u1ea0NG S\u01a0N","date":"13 Th\u00e1ng 4, 2022","format":false,"excerpt":"L\u1eaeP L\u01af\u1edaI AN TO\u00c0N T\u1ea0I L\u1ea0NG S\u01a0N R\u00e8m che Lang S\u01a1n - Chuy\u00ean cung c\u1ea5p, l\u1eafp l\u01b0\u1edbi an to\u00e0n t\u1ea1i L\u1ea1ng S\u01a1n uy t\u00edn, b\u1ec1n \u0111\u1eb9p. \u0110\u01a1n v\u1ecb l\u1eafp l\u01b0\u1edbi an to\u00e0n ban c\u00f4ng c\u1ea7u thang, c\u1eeda s\u1ed5 uy t\u00edn b\u1ec1n \u0111\u1eb9p t\u1ea1i Th\u00e0nh ph\u1ed1 L\u1ea1ng S\u01a1n v\u00e0 c\u00e1c khu\u2026","rel":"","context":"Similar post","img":{"alt_text":"","src":"https:\/\/i2.wp.com\/remchelangson.com.vn\/wp-content\/uploads\/2022\/04\/chuyen-cung-cap-thi-cong-lam-luoi-an-toan-nha-tre-truong-hoc-tai-lang-son-1.jpg?fit=700%2C700&ssl=1&resize=350%2C200","width":350,"height":200},"classes":[]},{"id":884,"url":"https:\/\/remchelangson.com.vn\/?product=luoi-an-toan-tai-cao-loc-lang-son","url_meta":{"origin":999,"position":4},"title":"L\u1eaeP L\u01af\u1edaI AN TO\u00c0N T\u1ea0I CAO L\u1ed8C L\u1ea0NG S\u01a0N","date":"26 Th\u00e1ng 7, 2022","format":false,"excerpt":"Chuy\u00ean cung c\u1ea5p thi c\u00f4ng, l\u1eafp \u0111\u1eb7t l\u01b0\u1edbi an to\u00e0n ban c\u00f4ng, c\u1ea7u thang nh\u00e0, tr\u01b0\u1eddng h\u1ecdc, tr\u01b0\u1eddng m\u1ea7m non t\u1ea1i Cao L\u1ed9c L\u1ea1ng S\u01a1n v\u00e0 c\u00e1c khu v\u1ef1c l\u00e2n c\u1eadn nh\u01b0 th\u00e0nh ph\u1ed1 L\u1ea1ng S\u01a1n, Chi L\u0103ng, L\u1ed9c B\u00ecnh, V\u0103n Quan, V\u0103n L\u00e3ng, B\u00ecnh Gia, \u0110\u00ecnh L\u1eadp, H\u1eefu L\u0169ng,\u2026","rel":"","context":"Similar post","img":{"alt_text":"","src":"https:\/\/i1.wp.com\/remchelangson.com.vn\/wp-content\/uploads\/2021\/11\/conten-luoi-an-toan-ban-cong-cua-so-tai-cam-pha-quang-ninh.jpg?fit=600%2C600&ssl=1&resize=350%2C200","width":350,"height":200},"classes":[]},{"id":614,"url":"https:\/\/remchelangson.com.vn\/?product=cua-luoi-chong-muoi-tu-cuon","url_meta":{"origin":999,"position":5},"title":"1. C\u1eecA L\u01af\u1edaI CH\u1ed0NG MU\u1ed6I T\u1ef0 CU\u1ed0N","date":"14 Th\u00e1ng 2, 2022","format":false,"excerpt":"C\u1eecA L\u01af\u1edaI CH\u1ed0NG MU\u1ed6I T\u1ef0 CU\u1ed0N R\u00e8m che L\u1ea1ng S\u01a1n - Chuy\u00ean cung c\u1ea5p, thi c\u00f4ng c\u1eeda l\u01b0\u1edbi ch\u1ed1ng mu\u1ed7i t\u1ef1 cu\u1ed1n t\u1ea1i Qu\u1ea3ng Ninh, L\u1ea1ng S\u01a1n. Mu\u1ed7i l\u00e0 lo\u1ea1i c\u00f4n tr\u00f9ng \u0111\u1eb7c bi\u1ec7t nguy hi\u1ec3m, chuy\u00ean h\u00fat m\u00e1u ng\u01b0\u1eddi v\u00e0 truy\u1ec1n b\u1ec7nh. Nh\u1ea5t l\u00e0 th\u1eddi \u0111i\u1ec3m giao m\u00f9a, th\u1eddi\u2026","rel":"","context":"Similar post","img":{"alt_text":"","src":"https:\/\/i2.wp.com\/remchelangson.com.vn\/wp-content\/uploads\/2022\/02\/cua-luoi-chong-muoi-tu-cuon-tai-quang-ninh-2.jpg?fit=700%2C700&ssl=1&resize=350%2C200","width":350,"height":200},"classes":[]}],"_links":{"self":[{"href":"https:\/\/remchelangson.com.vn\/index.php?rest_route=\/wp\/v2\/product\/999","targetHints":{"allow":["GET"]}}],"collection":[{"href":"https:\/\/remchelangson.com.vn\/index.php?rest_route=\/wp\/v2\/product"}],"about":[{"href":"https:\/\/remchelangson.com.vn\/index.php?rest_route=\/wp\/v2\/types\/product"}],"replies":[{"embeddable":true,"href":"https:\/\/remchelangson.com.vn\/index.php?rest_route=%2Fwp%2Fv2%2Fcomments&post=999"}],"version-history":[{"count":3,"href":"https:\/\/remchelangson.com.vn\/index.php?rest_route=\/wp\/v2\/product\/999\/revisions"}],"predecessor-version":[{"id":1005,"href":"https:\/\/remchelangson.com.vn\/index.php?rest_route=\/wp\/v2\/product\/999\/revisions\/1005"}],"wp:featuredmedia":[{"embeddable":true,"href":"https:\/\/remchelangson.com.vn\/index.php?rest_route=\/wp\/v2\/media\/1002"}],"wp:attachment":[{"href":"https:\/\/remchelangson.com.vn\/index.php?rest_route=%2Fwp%2Fv2%2Fmedia&parent=999"}],"wp:term":[{"taxonomy":"product_cat","embeddable":true,"href":"https:\/\/remchelangson.com.vn\/index.php?rest_route=%2Fwp%2Fv2%2Fproduct_cat&post=999"},{"taxonomy":"product_tag","embeddable":true,"href":"https:\/\/remchelangson.com.vn\/index.php?rest_route=%2Fwp%2Fv2%2Fproduct_tag&post=999"}],"curies":[{"name":"wp","href":"https:\/\/api.w.org\/{rel}","templated":true}]}}